{"id":24073,"date":"2023-12-21T11:50:30","date_gmt":"2023-12-21T16:50:30","guid":{"rendered":"https:\/\/web.givex.com\/?page_id=24073"},"modified":"2024-10-30T15:02:31","modified_gmt":"2024-10-30T19:02:31","slug":"contato","status":"publish","type":"page","link":"https:\/\/web.givex.com\/pt\/contato\/","title":{"rendered":"Contato"},"content":{"rendered":"<div id=\"block_ef9f210afb3d4dee4de561edfca8b0a6\" class=\"hero-full acf-block alignfull\">\n\n\t<figure class=\"hero-full__figure hero__figure--top\" data-background-mode=\"dark\" role=\"none\">\n\t\t<img loading=\"lazy\" decoding=\"async\" width=\"2300\" height=\"1023\" src=\"https:\/\/web.givex.com\/wp-content\/uploads\/2024\/03\/iStock-1221770030-hero.jpg\" class=\"attachment-full size-full\" alt=\"\" srcset=\"https:\/\/web.givex.com\/wp-content\/uploads\/2024\/03\/iStock-1221770030-hero.jpg 2300w, https:\/\/web.givex.com\/wp-content\/uploads\/2024\/03\/iStock-1221770030-hero-300x133.jpg 300w, https:\/\/web.givex.com\/wp-content\/uploads\/2024\/03\/iStock-1221770030-hero-1024x455.jpg 1024w, https:\/\/web.givex.com\/wp-content\/uploads\/2024\/03\/iStock-1221770030-hero-768x342.jpg 768w, https:\/\/web.givex.com\/wp-content\/uploads\/2024\/03\/iStock-1221770030-hero-1536x683.jpg 1536w, https:\/\/web.givex.com\/wp-content\/uploads\/2024\/03\/iStock-1221770030-hero-2048x911.jpg 2048w\" sizes=\"auto, (max-width: 2300px) 100vw, 2300px\" \/>\t<\/figure>\n\n\t<div class=\"hero-full__container\">\n\n\t\t<div class=\"hero-full__content\" data-background-mode=\"dark\">\n\n\t\t\t\n\t\t\t\t\t\t\t<h1 class=\"hero-full__title\">Fale com a gente!<\/h1>\n\t\t\t\n\t\t\t\t\t\t\t<div class=\"hero-full__body\"><p>Estamos aqui para ajudar com qualquer pergunta que voc\u00ea tenha! Nosso time de especialistas \u00e9 dedicado em prover alto n\u00edvel de suporte e satisfa\u00e7\u00e3o aos nossos clientes e parceiros.<\/p>\n<\/div>\n\t\t\t\n\t\t\t\n\t\t\t\t\t<\/div>\n\n\t\t\n\t<\/div>\n\n<\/div>\n\n\n<div class=\"wp-block-columns alignwide no-margin-top no-margin-bottom is-layout-flex wp-container-core-columns-is-layout-9d6595d7 wp-block-columns-is-layout-flex\">\n<div class=\"wp-block-column no-margin-top no-margin-bottom has-white-background-color has-background is-layout-flow wp-block-column-is-layout-flow\"><div id=\"block_07a3886bc149bc2786ff9e212fa6b3fe\" class=\"cta acf-block no-margin-top no-margin-bottom  alignwide\">\n\n<div class=\"cta__wrapper\">\n\n\t<div class=\"cta__container\">\n\n\t\t<div class=\"cta__content\">\n\n\t\t\t\t\t\t<h2 class=\"cta__title\">Suporte 24&#215;7<\/h2>\n\t\t\t\n\t\t\t\t\t\t<div class=\"cta__body\"><p style=\"text-align: center\">Nosso time dedicado de suporte est\u00e1 aqui para ajudar! Clique aqui para resolver qualquer problema t\u00e9cnico, ajuda com troubleshooting e\/ou qualquer outro assunto relacionado ao seu programa em produ\u00e7\u00e3o.<\/p>\n<\/div>\n\t\t\t\n\n\t\t\t\t\t\t<a class=\"button cta__link\" href=\"https:\/\/givex.odoo.com\/webform-portuguese-support\" target=\"_self\" >Abrir um chamado de suporte<\/a>\n\t\t\t\n\t\t<\/div>\n\n\t<\/div>\n\n\t<\/div>\n<\/div>\n<\/div>\n\n\n\n<div class=\"wp-block-column is-vertically-aligned-top no-margin-top no-margin-bottom has-white-background-color has-background is-layout-flow wp-block-column-is-layout-flow\"><div id=\"block_148439db59415bb3cac01e241bcbf368\" class=\"cta acf-block no-margin-top no-margin-bottom  alignwide\">\n\n<div class=\"cta__wrapper\">\n\n\t<div class=\"cta__container\">\n\n\t\t<div class=\"cta__content\">\n\n\t\t\t\t\t\t<h2 class=\"cta__title\">Comercial<\/h2>\n\t\t\t\n\t\t\t\t\t\t<div class=\"cta__body\"><p style=\"text-align: center\">Nosso time comercial est\u00e1 pronto para ajudar em qualquer necessidade! Clique aqui para explorar solu\u00e7\u00f5es espec\u00edficas para seu neg\u00f3cio e criar possibilidades de crescimento para sua empresa.<\/p>\n<\/div>\n\t\t\t\n\n\t\t\t\t\t\t<a class=\"button cta__link\" href=\"https:\/\/web.givex.com\/pt\/contato-comercial\/\" target=\"_self\" >Falar com o Comercial<\/a>\n\t\t\t\n\t\t<\/div>\n\n\t<\/div>\n\n\t<\/div>\n<\/div>\n<\/div>\n<\/div>\n\n\n<div id=\"block_3a865a5d54f1bab4e2167fe5f5266839\"\n  class=\"text-image text-image--right text-image--fullwidth text-image--shadow acf-block alignwide\">\n  <div class=\"text-image__container\">\n\n    <div class=\"text-image__content\">\n\n            <h2 class=\"text-image__title\">Escrit\u00f3rio Regional<\/h2>\n      \n            <div class=\"text-image__body\"><p>Avenida Marcos Penteado de Ulhoa Rodrigues N\u00ba 939, Andar 8\u00ba,<br \/>\nCompl.: Torre I &#8211; Ed. Jacarand\u00e1,<br \/>\nBairro: S\u00edtio Tambor\u00e9 Jubran &#8211; Barueri &#8211; SP.<\/p>\n<p><strong>E-mail:<\/strong> comercial@givex.com<br \/>\n<strong>Telefone:<\/strong> <a href=\"tel:+55 11 3443 7783\" target=\"_blank\" rel=\"noopener\">+55 (11) 2844 2574<\/a><\/p>\n<\/div>\n      \n      \n    <\/div>\n\n    <figure class=\"text-image__figure text-image__figure--center\" role=\"none\">\n      <img loading=\"lazy\" decoding=\"async\" width=\"1280\" height=\"853\" src=\"https:\/\/web.givex.com\/wp-content\/uploads\/2024\/01\/02.-iStock-1457011366-Large-e1704698324218.jpeg\" class=\"attachment-full size-full\" alt=\"\" \/>    <\/figure>\n\n  <\/div>\n\n<\/div>\n\n\n\n<section id=\"block_40439020675dc69a5cf1fa570f0b9071\"\n  class=\"locations acf-block alignfull\">\n  <div class=\"locations__header\">\n\n        <h2 class=\"locations__title h3\">Escrit\u00f3rios Globais<\/h2>\n    \n  <\/div>\n\n  <div class=\"locations__wrapper\">\n\n        <ul class=\"locations__list\">\n            <li class=\"locations__list-item\">\n        <div class=\"locations__flag\">\n          <figure class=\"locations__figure\" role=\"none\">\n            <img loading=\"lazy\" decoding=\"async\" width=\"1\" height=\"1\" src=\"https:\/\/web.givex.com\/wp-content\/uploads\/2022\/11\/Brazil.svg\" class=\"attachment-full size-full\" alt=\"\" \/>          <\/figure>\n          <h3 class=\"locations__city h6\">S\u00e3o Paulo<\/h3>\n          <h4 class=\"locations__country h6\">Brazil <\/h4>\n        <\/div>\n        <div class=\"locations__body\">\n          <p>Avenida Marcos Penteado de Ulhoa Rodrigues N\u00ba 939, Andar 8\u00ba,<br \/>\nCompl.: Torre I &#8211; Ed. Jacarand\u00e1,<br \/>\nBairro: S\u00edtio Tambor\u00e9 Jubran &#8211; Barueri &#8211; SP.<\/p>\n<p>P: <a href=\"tel:+55 11 3443 7783\" target=\"_blank\" rel=\"noopener\">+55 (11) 2844 2574<\/a><\/p>\n        <\/div>\n              <\/li>\n            <li class=\"locations__list-item\">\n        <div class=\"locations__flag\">\n          <figure class=\"locations__figure\" role=\"none\">\n            <img loading=\"lazy\" decoding=\"async\" width=\"1\" height=\"1\" src=\"https:\/\/web.givex.com\/wp-content\/uploads\/2022\/11\/Australia.svg\" class=\"attachment-full size-full\" alt=\"\" \/>          <\/figure>\n          <h3 class=\"locations__city h6\">Brisbane<\/h3>\n          <h4 class=\"locations__country h6\">Australia<\/h4>\n        <\/div>\n        <div class=\"locations__body\">\n          <p>U5, 50 Dacmar Road<br \/>\nCoolum Beach, QLD 4573<br \/>\nAustralia<\/p>\n<p>P: <a href=\"tel:+61753225360\" target=\"_blank\" rel=\"noopener\">+61 7 5322 5360<\/a><br \/>\nF: +61 3 8677 9007<\/p>\n        <\/div>\n              <\/li>\n            <li class=\"locations__list-item\">\n        <div class=\"locations__flag\">\n          <figure class=\"locations__figure\" role=\"none\">\n            <img loading=\"lazy\" decoding=\"async\" width=\"1\" height=\"1\" src=\"https:\/\/web.givex.com\/wp-content\/uploads\/2022\/11\/USA.svg\" class=\"attachment-full size-full\" alt=\"\" \/>          <\/figure>\n          <h3 class=\"locations__city h6\">Chicago<\/h3>\n          <h4 class=\"locations__country h6\">United States<\/h4>\n        <\/div>\n        <div class=\"locations__body\">\n          <p>1960 Swanson Court, Suite A<br \/>\nGurnee, IL<br \/>\n60031<\/p>\n<p>P: <a href=\"tel:+18473601092\" target=\"_blank\" rel=\"noopener\">+1 847 360 1092<\/a><\/p>\n        <\/div>\n              <\/li>\n            <li class=\"locations__list-item\">\n        <div class=\"locations__flag\">\n          <figure class=\"locations__figure\" role=\"none\">\n            <img loading=\"lazy\" decoding=\"async\" width=\"1\" height=\"1\" src=\"https:\/\/web.givex.com\/wp-content\/uploads\/2022\/11\/USA.svg\" class=\"attachment-full size-full\" alt=\"\" \/>          <\/figure>\n          <h3 class=\"locations__city h6\">Dallas<\/h3>\n          <h4 class=\"locations__country h6\">United States<\/h4>\n        <\/div>\n        <div class=\"locations__body\">\n          <p>2550 Pacific Avenue, Suite 824,<br \/>\nDallas, Texas 75226<\/p>\n<p>P: <a href=\"tel:+14693833493\" target=\"_blank\" rel=\"noopener\">+1 469 383 3493<\/a><\/p>\n        <\/div>\n              <\/li>\n            <li class=\"locations__list-item\">\n        <div class=\"locations__flag\">\n          <figure class=\"locations__figure\" role=\"none\">\n            <img loading=\"lazy\" decoding=\"async\" width=\"1\" height=\"1\" src=\"https:\/\/web.givex.com\/wp-content\/uploads\/2022\/11\/Switzerland.svg\" class=\"attachment-full size-full\" alt=\"\" \/>          <\/figure>\n          <h3 class=\"locations__city h6\">Geneva<\/h3>\n          <h4 class=\"locations__country h6\">Switzerland<\/h4>\n        <\/div>\n        <div class=\"locations__body\">\n          <p>Chemin du Vernay 14 A,<br \/>\n1196 Gland (VD)<\/p>\n<p>P: <a href=\"tel:+41218036161\" target=\"_blank\" rel=\"noopener\">+41 21 803 61 61<\/a><\/p>\n        <\/div>\n              <\/li>\n            <li class=\"locations__list-item\">\n        <div class=\"locations__flag\">\n          <figure class=\"locations__figure\" role=\"none\">\n            <img loading=\"lazy\" decoding=\"async\" width=\"1\" height=\"1\" src=\"https:\/\/web.givex.com\/wp-content\/uploads\/2022\/11\/China.svg\" class=\"attachment-full size-full\" alt=\"\" \/>          <\/figure>\n          <h3 class=\"locations__city h6\">Hong Kong<\/h3>\n          <h4 class=\"locations__country h6\">China<\/h4>\n        <\/div>\n        <div class=\"locations__body\">\n          <p>308-320 Des Voeux Road Central,<br \/>\nSheung Wan, Hong Kong SAR<\/p>\n<p>P: <a href=\"tel:+85228669668\" target=\"_blank\" rel=\"noopener\">+852 2866 9668<\/a><br \/>\nF: +852 2866 9800<\/p>\n        <\/div>\n              <\/li>\n            <li class=\"locations__list-item\">\n        <div class=\"locations__flag\">\n          <figure class=\"locations__figure\" role=\"none\">\n            <img loading=\"lazy\" decoding=\"async\" width=\"1\" height=\"1\" src=\"https:\/\/web.givex.com\/wp-content\/uploads\/2022\/11\/UK.svg\" class=\"attachment-full size-full\" alt=\"\" \/>          <\/figure>\n          <h3 class=\"locations__city h6\">London<\/h3>\n          <h4 class=\"locations__country h6\">United Kingdom<\/h4>\n        <\/div>\n        <div class=\"locations__body\">\n          <p>WeWork Aviation House<br \/>\n125 Kingsway<br \/>\nHolborn<br \/>\nLondon<br \/>\nWC2B 6NH<br \/>\nUnited Kingdom<\/p>\n<p>P: <a href=\"tel:+4402088653015\" target=\"_blank\" rel=\"noopener\">+44 (0) 20 8865 3015<\/a><br \/>\nF: +44 (0) 20 7691 7484<\/p>\n        <\/div>\n              <\/li>\n            <li class=\"locations__list-item\">\n        <div class=\"locations__flag\">\n          <figure class=\"locations__figure\" role=\"none\">\n            <img loading=\"lazy\" decoding=\"async\" width=\"1\" height=\"1\" src=\"https:\/\/web.givex.com\/wp-content\/uploads\/2022\/11\/Mexico.svg\" class=\"attachment-full size-full\" alt=\"\" \/>          <\/figure>\n          <h3 class=\"locations__city h6\">Mexico City<\/h3>\n          <h4 class=\"locations__country h6\">Mexico<\/h4>\n        <\/div>\n        <div class=\"locations__body\">\n          <p>Insurgentes Sur 476-505<br \/>\nCol. Roma Sur<br \/>\nCDMX<br \/>\nCP 06760<\/p>\n<p>P: <a href=\"tel:+525555846627\" target=\"_blank\" rel=\"noopener\">+52 55 5584 6627<\/a><\/p>\n        <\/div>\n              <\/li>\n            <li class=\"locations__list-item\">\n        <div class=\"locations__flag\">\n          <figure class=\"locations__figure\" role=\"none\">\n            <img loading=\"lazy\" decoding=\"async\" width=\"1\" height=\"1\" src=\"https:\/\/web.givex.com\/wp-content\/uploads\/2022\/11\/China.svg\" class=\"attachment-full size-full\" alt=\"\" \/>          <\/figure>\n          <h3 class=\"locations__city h6\">Shenzhen<\/h3>\n          <h4 class=\"locations__country h6\">China<\/h4>\n        <\/div>\n        <div class=\"locations__body\">\n          <p>Tianxiang Building, Block CD, Room 13C2,<br \/>\nTianan Digital City, Chegongmiao,<br \/>\nFutian District, Shenzhen<br \/>\nP: <a href=\"tel:+8675583038498\" target=\"_blank\" rel=\"noopener\">+86 755 83038498<\/a><\/p>\n        <\/div>\n              <\/li>\n            <li class=\"locations__list-item\">\n        <div class=\"locations__flag\">\n          <figure class=\"locations__figure\" role=\"none\">\n            <img loading=\"lazy\" decoding=\"async\" width=\"1\" height=\"1\" src=\"https:\/\/web.givex.com\/wp-content\/uploads\/2022\/11\/Singapore.svg\" class=\"attachment-full size-full\" alt=\"\" \/>          <\/figure>\n          <h3 class=\"locations__city h6\">Singapore<\/h3>\n          <h4 class=\"locations__country h6\">Asia<\/h4>\n        <\/div>\n        <div class=\"locations__body\">\n          <p>German Centre,<br \/>\n25 International Business Park Rd, #04-103A<br \/>\nSingapore<br \/>\n609916<\/p>\n<p>Toll free support: <a href=\"tel:8008523138\" target=\"_blank\" rel=\"noopener\">8008 523 138<\/a><\/p>\n        <\/div>\n              <\/li>\n            <li class=\"locations__list-item\">\n        <div class=\"locations__flag\">\n          <figure class=\"locations__figure\" role=\"none\">\n            <img loading=\"lazy\" decoding=\"async\" width=\"1\" height=\"1\" src=\"https:\/\/web.givex.com\/wp-content\/uploads\/2022\/11\/Canada.svg\" class=\"attachment-full size-full\" alt=\"\" \/>          <\/figure>\n          <h3 class=\"locations__city h6\">Toronto<\/h3>\n          <h4 class=\"locations__country h6\">Canada<\/h4>\n        <\/div>\n        <div class=\"locations__body\">\n          <p>134 Peter Street<br \/>\nSuite #1400<br \/>\nToronto, ON<br \/>\nM5V 2H2<\/p>\n<p>P: <a href=\"tel:+14163509660\" target=\"_blank\" rel=\"noopener\">+1 416 350 9660<\/a><br \/>\nF: +1 416 350 9661<\/p>\n        <\/div>\n              <\/li>\n            <li class=\"locations__list-item\">\n        <div class=\"locations__flag\">\n          <figure class=\"locations__figure\" role=\"none\">\n            <img loading=\"lazy\" decoding=\"async\" width=\"1\" height=\"1\" src=\"https:\/\/web.givex.com\/wp-content\/uploads\/2022\/11\/Canada.svg\" class=\"attachment-full size-full\" alt=\"\" \/>          <\/figure>\n          <h3 class=\"locations__city h6\">Vancouver<\/h3>\n          <h4 class=\"locations__country h6\">Canada<\/h4>\n        <\/div>\n        <div class=\"locations__body\">\n          <p>750 West Pender Street<br \/>\nSuite 820<br \/>\nVancouver,<br \/>\nBC V6C 2T8<\/p>\n<p>P: <a href=\"tel:7783796530\" target=\"_blank\" rel=\"noopener\">(778) 379-6530<\/a> \/31\/32\/33<\/p>\n        <\/div>\n              <\/li>\n          <\/ul>\n    \n  <\/div>\n\n<\/section>\n","protected":false},"excerpt":{"rendered":"","protected":false},"author":25,"featured_media":0,"parent":0,"menu_order":0,"comment_status":"closed","ping_status":"closed","template":"","meta":{"_acf_changed":false,"content-type":"","inline_featured_image":false,"footnotes":""},"class_list":["post-24073","page","type-page","status-publish","hentry"],"acf":[],"yoast_head":"<!-- This site is optimized with the Yoast SEO plugin v27.3 - https:\/\/yoast.com\/product\/yoast-seo-wordpress\/ -->\n<title>Shift4 Contato<\/title>\n<meta name=\"robots\" content=\"index, follow, max-snippet:-1, max-image-preview:large, max-video-preview:-1\" \/>\n<link rel=\"canonical\" href=\"https:\/\/web.givex.com\/pt\/contato\/\" \/>\n<meta property=\"og:locale\" content=\"pt_PT\" \/>\n<meta property=\"og:type\" content=\"article\" \/>\n<meta property=\"og:title\" content=\"Shift4 Contato\" \/>\n<meta property=\"og:url\" content=\"https:\/\/web.givex.com\/pt\/contato\/\" \/>\n<meta property=\"og:site_name\" content=\"Shift4\" \/>\n<meta property=\"article:modified_time\" content=\"2024-10-30T19:02:31+00:00\" \/>\n<meta name=\"twitter:card\" content=\"summary_large_image\" \/>\n<meta name=\"twitter:site\" content=\"@GivexCorp\" \/>\n<script type=\"application\/ld+json\" class=\"yoast-schema-graph\">{\"@context\":\"https:\\\/\\\/schema.org\",\"@graph\":[{\"@type\":\"WebPage\",\"@id\":\"https:\\\/\\\/web.givex.com\\\/pt\\\/contato\\\/\",\"url\":\"https:\\\/\\\/web.givex.com\\\/pt\\\/contato\\\/\",\"name\":\"Shift4 Contato\",\"isPartOf\":{\"@id\":\"https:\\\/\\\/web.givex.com\\\/pt\\\/#website\"},\"datePublished\":\"2023-12-21T16:50:30+00:00\",\"dateModified\":\"2024-10-30T19:02:31+00:00\",\"inLanguage\":\"pt\",\"potentialAction\":[{\"@type\":\"ReadAction\",\"target\":[\"https:\\\/\\\/web.givex.com\\\/pt\\\/contato\\\/\"]}]},{\"@type\":\"WebSite\",\"@id\":\"https:\\\/\\\/web.givex.com\\\/pt\\\/#website\",\"url\":\"https:\\\/\\\/web.givex.com\\\/pt\\\/\",\"name\":\"Givex\",\"description\":\"Integrate Payments and Commerce Technology\",\"publisher\":{\"@id\":\"https:\\\/\\\/web.givex.com\\\/pt\\\/#organization\"},\"potentialAction\":[{\"@type\":\"SearchAction\",\"target\":{\"@type\":\"EntryPoint\",\"urlTemplate\":\"https:\\\/\\\/web.givex.com\\\/pt\\\/?s={search_term_string}\"},\"query-input\":{\"@type\":\"PropertyValueSpecification\",\"valueRequired\":true,\"valueName\":\"search_term_string\"}}],\"inLanguage\":\"pt\"},{\"@type\":\"Organization\",\"@id\":\"https:\\\/\\\/web.givex.com\\\/pt\\\/#organization\",\"name\":\"Givex\",\"url\":\"https:\\\/\\\/web.givex.com\\\/pt\\\/\",\"logo\":{\"@type\":\"ImageObject\",\"inLanguage\":\"pt\",\"@id\":\"https:\\\/\\\/web.givex.com\\\/pt\\\/#\\\/schema\\\/logo\\\/image\\\/\",\"url\":\"https:\\\/\\\/web.givex.com\\\/wp-content\\\/uploads\\\/2024\\\/03\\\/givex-blue-bg.png\",\"contentUrl\":\"https:\\\/\\\/web.givex.com\\\/wp-content\\\/uploads\\\/2024\\\/03\\\/givex-blue-bg.png\",\"width\":1200,\"height\":1200,\"caption\":\"Givex\"},\"image\":{\"@id\":\"https:\\\/\\\/web.givex.com\\\/pt\\\/#\\\/schema\\\/logo\\\/image\\\/\"},\"sameAs\":[\"https:\\\/\\\/x.com\\\/GivexCorp\",\"https:\\\/\\\/www.linkedin.com\\\/company\\\/givex\\\/\",\"https:\\\/\\\/www.youtube.com\\\/@givexcorp6643\"]}]}<\/script>\n<!-- \/ Yoast SEO plugin. -->","yoast_head_json":{"title":"Shift4 Contato","robots":{"index":"index","follow":"follow","max-snippet":"max-snippet:-1","max-image-preview":"max-image-preview:large","max-video-preview":"max-video-preview:-1"},"canonical":"https:\/\/web.givex.com\/pt\/contato\/","og_locale":"pt_PT","og_type":"article","og_title":"Shift4 Contato","og_url":"https:\/\/web.givex.com\/pt\/contato\/","og_site_name":"Shift4","article_modified_time":"2024-10-30T19:02:31+00:00","twitter_card":"summary_large_image","twitter_site":"@GivexCorp","schema":{"@context":"https:\/\/schema.org","@graph":[{"@type":"WebPage","@id":"https:\/\/web.givex.com\/pt\/contato\/","url":"https:\/\/web.givex.com\/pt\/contato\/","name":"Shift4 Contato","isPartOf":{"@id":"https:\/\/web.givex.com\/pt\/#website"},"datePublished":"2023-12-21T16:50:30+00:00","dateModified":"2024-10-30T19:02:31+00:00","inLanguage":"pt","potentialAction":[{"@type":"ReadAction","target":["https:\/\/web.givex.com\/pt\/contato\/"]}]},{"@type":"WebSite","@id":"https:\/\/web.givex.com\/pt\/#website","url":"https:\/\/web.givex.com\/pt\/","name":"Givex","description":"Integrate Payments and Commerce Technology","publisher":{"@id":"https:\/\/web.givex.com\/pt\/#organization"},"potentialAction":[{"@type":"SearchAction","target":{"@type":"EntryPoint","urlTemplate":"https:\/\/web.givex.com\/pt\/?s={search_term_string}"},"query-input":{"@type":"PropertyValueSpecification","valueRequired":true,"valueName":"search_term_string"}}],"inLanguage":"pt"},{"@type":"Organization","@id":"https:\/\/web.givex.com\/pt\/#organization","name":"Givex","url":"https:\/\/web.givex.com\/pt\/","logo":{"@type":"ImageObject","inLanguage":"pt","@id":"https:\/\/web.givex.com\/pt\/#\/schema\/logo\/image\/","url":"https:\/\/web.givex.com\/wp-content\/uploads\/2024\/03\/givex-blue-bg.png","contentUrl":"https:\/\/web.givex.com\/wp-content\/uploads\/2024\/03\/givex-blue-bg.png","width":1200,"height":1200,"caption":"Givex"},"image":{"@id":"https:\/\/web.givex.com\/pt\/#\/schema\/logo\/image\/"},"sameAs":["https:\/\/x.com\/GivexCorp","https:\/\/www.linkedin.com\/company\/givex\/","https:\/\/www.youtube.com\/@givexcorp6643"]}]}},"_links":{"self":[{"href":"https:\/\/web.givex.com\/pt\/wp-json\/wp\/v2\/pages\/24073","targetHints":{"allow":["GET"]}}],"collection":[{"href":"https:\/\/web.givex.com\/pt\/wp-json\/wp\/v2\/pages"}],"about":[{"href":"https:\/\/web.givex.com\/pt\/wp-json\/wp\/v2\/types\/page"}],"author":[{"embeddable":true,"href":"https:\/\/web.givex.com\/pt\/wp-json\/wp\/v2\/users\/25"}],"replies":[{"embeddable":true,"href":"https:\/\/web.givex.com\/pt\/wp-json\/wp\/v2\/comments?post=24073"}],"version-history":[{"count":29,"href":"https:\/\/web.givex.com\/pt\/wp-json\/wp\/v2\/pages\/24073\/revisions"}],"predecessor-version":[{"id":30802,"href":"https:\/\/web.givex.com\/pt\/wp-json\/wp\/v2\/pages\/24073\/revisions\/30802"}],"wp:attachment":[{"href":"https:\/\/web.givex.com\/pt\/wp-json\/wp\/v2\/media?parent=24073"}],"curies":[{"name":"wp","href":"https:\/\/api.w.org\/{rel}","templated":true}]}}