{"id":23898,"date":"2023-12-21T11:50:34","date_gmt":"2023-12-21T16:50:34","guid":{"rendered":"https:\/\/web.givex.com\/?page_id=23898"},"modified":"2024-03-22T19:54:11","modified_gmt":"2024-03-22T23:54:11","slug":"loyalty","status":"publish","type":"page","link":"https:\/\/web.givex.com\/pt\/loyalty\/","title":{"rendered":"Loyalty"},"content":{"rendered":"<div id=\"block_61661bcd5e56f6c77d5650f7a84e0d81\" class=\"hero-full acf-block alignfull\">\n\n\t<figure class=\"hero-full__figure hero__figure--top\" data-background-mode=\"dark\" role=\"none\">\n\t\t<img loading=\"lazy\" decoding=\"async\" width=\"2470\" height=\"1200\" src=\"https:\/\/web.givex.com\/wp-content\/uploads\/2024\/03\/hero-image-loyalty2.jpg\" class=\"attachment-full size-full\" alt=\"\" srcset=\"https:\/\/web.givex.com\/wp-content\/uploads\/2024\/03\/hero-image-loyalty2.jpg 2470w, https:\/\/web.givex.com\/wp-content\/uploads\/2024\/03\/hero-image-loyalty2-300x146.jpg 300w, https:\/\/web.givex.com\/wp-content\/uploads\/2024\/03\/hero-image-loyalty2-1024x497.jpg 1024w, https:\/\/web.givex.com\/wp-content\/uploads\/2024\/03\/hero-image-loyalty2-768x373.jpg 768w, https:\/\/web.givex.com\/wp-content\/uploads\/2024\/03\/hero-image-loyalty2-1536x746.jpg 1536w, https:\/\/web.givex.com\/wp-content\/uploads\/2024\/03\/hero-image-loyalty2-2048x995.jpg 2048w\" sizes=\"auto, (max-width: 2470px) 100vw, 2470px\" \/>\t<\/figure>\n\n\t<div class=\"hero-full__container\">\n\n\t\t<div class=\"hero-full__content\" data-background-mode=\"dark\">\n\n\t\t\t\n\t\t\t\t\t\t\t<h1 class=\"hero-full__title\">Loyalty &amp; Omni Promo<\/h1>\n\t\t\t\n\t\t\t\t\t\t\t<div class=\"hero-full__body\"><p>Use a tecnologia Givex para aproximar sua marca dos seus clientes. Uma estrat\u00e9gia inovadora e capaz de aumentar seus lucros com a\u00e7\u00f5es e promo\u00e7\u00f5es de reconhecimento focadas em relacionamento e recorr\u00eancia.<\/p>\n<\/div>\n\t\t\t\n\t\t\t\n\t\t\t\t\t<\/div>\n\n\t\t\n\t<\/div>\n\n<\/div>\n\n\n<h4 class=\"wp-block-heading alignwide has-text-align-center\" id=\"h-inovacao-e-ter-um-unico-promo-system-capaz-de-gerenciar-todas-as-promocoes-e-suas-priorizacoes-em-seu-universo-omni\">Inova\u00e7\u00e3o \u00e9 ter um \u00fanico promo system, capaz de gerenciar todas as promo\u00e7\u00f5es e suas prioriza\u00e7\u00f5es em seu universo omni!<\/h4>\n\n\n<div id=\"block_67a2c767e3be4513171a682c3f5f8dc7\" class=\"card-grid acf-block alignwide\">\n  <div class=\"card-grid__container\">\n                    <ul class=\"card-grid__list\">\n            <li class=\"card-grid__item\">\n                <figure class=\"card-grid__figure\" role=\"none\">\n          <img loading=\"lazy\" decoding=\"async\" width=\"1\" height=\"1\" src=\"https:\/\/web.givex.com\/wp-content\/uploads\/2022\/09\/solutions-dark-163-2.svg\" class=\"attachment-full size-full\" alt=\"\" \/>        <\/figure>\n        \n                <h3 class=\"card-grid__card-title\">Facilidade<\/h3>\n        \n                <div class=\"card-grid__card-body\">\n          <p>J\u00e1 possui um programa de fidelidade e\/ou de promo\u00e7\u00f5es quer deixar ele ainda melhor? Temos todo o know-how para a importa\u00e7\u00e3o de programas em nossa plataforma.<\/p>\n        <\/div>\n        \n              <\/li>\n            <li class=\"card-grid__item\">\n                <figure class=\"card-grid__figure\" role=\"none\">\n          <img loading=\"lazy\" decoding=\"async\" width=\"1\" height=\"1\" src=\"https:\/\/web.givex.com\/wp-content\/uploads\/2024\/01\/app-upgrade-dark-163.svg\" class=\"attachment-full size-full\" alt=\"\" \/>        <\/figure>\n        \n                <h3 class=\"card-grid__card-title\">Agilidade<\/h3>\n        \n                <div class=\"card-grid__card-body\">\n          <p>Com ferramentas projetadas em parceria com clientes globais, seu programa pode ser lan\u00e7ado rapidamente sem a necessidade de um novo desenvolvimento.<\/p>\n        <\/div>\n        \n              <\/li>\n            <li class=\"card-grid__item\">\n                <figure class=\"card-grid__figure\" role=\"none\">\n          <img loading=\"lazy\" decoding=\"async\" width=\"1\" height=\"1\" src=\"https:\/\/web.givex.com\/wp-content\/uploads\/2024\/01\/givexpay-dark-163-1.svg\" class=\"attachment-full size-full\" alt=\"\" \/>        <\/figure>\n        \n                <h3 class=\"card-grid__card-title\">Atualiza\u00e7\u00e3o<\/h3>\n        \n                <div class=\"card-grid__card-body\">\n          <p>N\u00e3o perca as \u00faltimas tend\u00eancias. Com um time focado em desenvolvimento, voc\u00ea ter\u00e1 uma plataforma sempre com novidades \u00e0 frente do mercado.<\/p>\n        <\/div>\n        \n              <\/li>\n          <\/ul>\n      <\/div>\n<\/div>\n\n\n<div id=\"block_79df019361ddd78678733ed49ee5e57f\" class=\"card-alternate acf-block no-margin alignfull\">\n\t<div class=\"card-alternate__container\">\n\t\t\t\t<div class=\"swiper card-alternate__swiper js-card-alternate\">\n\t\t\t<ul class=\"swiper-wrapper card-alternate__wrapper\">\n\t\t\t\t\t\t\t<li class=\"swiper-slide card-alternate__slide\">\n\t\t\t\t\t\t\t\t\t\t\t\t\t\t\t\t\t\t<div class=\"card-alternate__card\" role=\"none\" style=\"background-image: linear-gradient(to bottom, rgba(255, 255, 255, 0), rgba(0, 0, 0, 0.98)), url(https:\/\/web.givex.com\/wp-content\/uploads\/2024\/01\/02.-AdobeStock_679752704-Large.jpeg); background-size: cover; background-position: center;\">\n\t\t\t\t\t\t\t\t\t\t\t\n\t\t\t\t\t\t<div class=\"card-alternate__card-title\">\n\t\t\t\t\t\t\t\t\t\t\t\t\t\t\t<h3>Experi\u00eancia<\/h3>\n\t\t\t\t\t\t\t\t\t\t\t\t\t<\/div>\n\t\t\t\t\t\t<div class=\"card-alternate__card-content\">\n\t\t\t\t\t\t\t\t\t\t\t\t\t\t\t\t\t\t\t\t\t\t\t\t\t<p>S\u00e3o mais de 23 anos trabalhando com programas de fidelidade e promo\u00e7\u00f5es inovadoras em todo<br \/>\no mundo.<\/p>\n\t\t\t\t\t\t\t\t\t\t\t\t\t<\/div>\n\t\t\t\t\t\t<div class=\"card-alternate__card-button\">\n\t\t\t\t\t\t\t\t\t\t\t\t\t<\/div>\n\t\t\t\t\t<\/div>\n\t\t\t\t<\/li>\n\t\t\t\t\t\t\t<li class=\"swiper-slide card-alternate__slide\">\n\t\t\t\t\t\t\t\t\t\t\t\t\t\t\t\t\t\t<div class=\"card-alternate__card\" role=\"none\" style=\"background-image: linear-gradient(to bottom, rgba(255, 255, 255, 0), rgba(0, 0, 0, 0.98)), url(https:\/\/web.givex.com\/wp-content\/uploads\/2024\/01\/03.-AdobeStock_142506955-Large-1.jpeg); background-size: cover; background-position: center;\">\n\t\t\t\t\t\t\t\t\t\t\t\n\t\t\t\t\t\t<div class=\"card-alternate__card-title\">\n\t\t\t\t\t\t\t\t\t\t\t\t\t\t\t<h3>M\u00e9tricas<\/h3>\n\t\t\t\t\t\t\t\t\t\t\t\t\t<\/div>\n\t\t\t\t\t\t<div class=\"card-alternate__card-content\">\n\t\t\t\t\t\t\t\t\t\t\t\t\t\t\t\t\t\t\t\t\t\t\t\t\t<p>Muito al\u00e9m do cashback, gere valor inteligente ao cliente atrav\u00e9s de promo SKUs, descontos e um motor inovador para suas a\u00e7\u00f5es.<\/p>\n\t\t\t\t\t\t\t\t\t\t\t\t\t<\/div>\n\t\t\t\t\t\t<div class=\"card-alternate__card-button\">\n\t\t\t\t\t\t\t\t\t\t\t\t\t<\/div>\n\t\t\t\t\t<\/div>\n\t\t\t\t<\/li>\n\t\t\t\t\t\t\t<li class=\"swiper-slide card-alternate__slide\">\n\t\t\t\t\t\t\t\t\t\t\t\t\t\t\t\t\t\t<div class=\"card-alternate__card\" role=\"none\" style=\"background-image: linear-gradient(to bottom, rgba(255, 255, 255, 0), rgba(0, 0, 0, 0.98)), url(https:\/\/web.givex.com\/wp-content\/uploads\/2024\/01\/04.-iStock-1187743109-Large.jpeg); background-size: cover; background-position: center;\">\n\t\t\t\t\t\t\t\t\t\t\t\n\t\t\t\t\t\t<div class=\"card-alternate__card-title\">\n\t\t\t\t\t\t\t\t\t\t\t\t\t\t\t<h3>Omnichannel &amp; Custom<\/h3>\n\t\t\t\t\t\t\t\t\t\t\t\t\t<\/div>\n\t\t\t\t\t\t<div class=\"card-alternate__card-content\">\n\t\t\t\t\t\t\t\t\t\t\t\t\t\t\t\t\t\t\t\t\t\t\t\t\t<p>Tenha seu motor, simples ou personalizado, presente em todos os canais da empresa.<\/p>\n\t\t\t\t\t\t\t\t\t\t\t\t\t<\/div>\n\t\t\t\t\t\t<div class=\"card-alternate__card-button\">\n\t\t\t\t\t\t\t\t\t\t\t\t\t<\/div>\n\t\t\t\t\t<\/div>\n\t\t\t\t<\/li>\n\t\t\t\t\t\t\t<li class=\"swiper-slide card-alternate__slide\">\n\t\t\t\t\t\t\t\t\t\t\t\t\t\t\t\t\t\t<div class=\"card-alternate__card\" role=\"none\" style=\"background-image: linear-gradient(to bottom, rgba(255, 255, 255, 0), rgba(0, 0, 0, 0.98)), url(https:\/\/web.givex.com\/wp-content\/uploads\/2024\/01\/05.-AdobeStock_606714633-Large.jpeg); background-size: cover; background-position: center;\">\n\t\t\t\t\t\t\t\t\t\t\t\n\t\t\t\t\t\t<div class=\"card-alternate__card-title\">\n\t\t\t\t\t\t\t\t\t\t\t\t\t\t\t<h3>Dados<\/h3>\n\t\t\t\t\t\t\t\t\t\t\t\t\t<\/div>\n\t\t\t\t\t\t<div class=\"card-alternate__card-content\">\n\t\t\t\t\t\t\t\t\t\t\t\t\t\t\t\t\t\t\t\t\t\t\t\t\t<p>Datalake, Analytics  e centenas de relat\u00f3rios em tempo real, dispon\u00edveis para o gerenciamento do programa e tomadas de decis\u00e3o.<\/p>\n\t\t\t\t\t\t\t\t\t\t\t\t\t<\/div>\n\t\t\t\t\t\t<div class=\"card-alternate__card-button\">\n\t\t\t\t\t\t\t\t\t\t\t\t\t<\/div>\n\t\t\t\t\t<\/div>\n\t\t\t\t<\/li>\n\t\t\t\t\t\t<\/ul>\n\t\t\t<div class=\"swiper-scrollbar card-alternate__scrollbar\"><\/div>\n\t\t<\/div>\n\t\t<\/div>\n<\/div>\n\n\n\n<section id=\"block_3255043d8d766931ebc8f060738b47b9\" class=\"background background--pear acf-block alignfull\">\n\t<div class=\"background__container\">\n\t\t<div class=\"wp-content\">\n\t\t\t\n\n<h3 class=\"wp-block-heading alignwide has-text-align-center\" id=\"h-o-inovador-motor-promocional-omnichannel-com-ou-sem-loyalty-foi-desenvolvido-para-fortalecer-o-relacionamento-das-marcas-com-seus-clientes-ele-permite-uma-compreensao-profunda-sobre-o-perfil-as-preferencias-e-o-comportamento-de-compras-de-seus-consumidores\">O inovador motor promocional omnichannel com ou sem loyalty, foi desenvolvido para fortalecer o relacionamento das marcas com seus clientes. Ele permite uma compreens\u00e3o profunda sobre o perfil, as prefer\u00eancias e o comportamento de compras de seus consumidores.<\/h3>\n\n\n\t\t<\/div>\n\t<\/div>\n<\/section>\n\n\n\n<div class=\"wp-block-group alignwide\"><div class=\"wp-block-group__inner-container is-layout-constrained wp-block-group-is-layout-constrained\"><div id=\"block_36e4b5fe2c3a99bb2b9c21187f60d1b1\"\n  class=\"text-image text-image--left text-image--fullwidth text-image--shadow acf-block alignwide\">\n  <div class=\"text-image__container\">\n\n    <div class=\"text-image__content\">\n\n            <h2 class=\"text-image__title\">Portal Givex<\/h2>\n      \n            <div class=\"text-image__body\"><p>Uma plataforma robusta, intuitiva e onde acontece o gerenciamento anal\u00edtico de dados.  o title ao inves de plataformas dispon\u00edveis, pode ser Portal Givex.<\/p>\n<\/div>\n      \n      \n    <\/div>\n\n    <figure class=\"text-image__figure text-image__figure--left\" role=\"none\">\n      <img loading=\"lazy\" decoding=\"async\" width=\"2300\" height=\"1374\" src=\"https:\/\/web.givex.com\/wp-content\/uploads\/2024\/03\/06.-iStock-1499388495-new2.jpg\" class=\"attachment-full size-full\" alt=\"\" srcset=\"https:\/\/web.givex.com\/wp-content\/uploads\/2024\/03\/06.-iStock-1499388495-new2.jpg 2300w, https:\/\/web.givex.com\/wp-content\/uploads\/2024\/03\/06.-iStock-1499388495-new2-300x179.jpg 300w, https:\/\/web.givex.com\/wp-content\/uploads\/2024\/03\/06.-iStock-1499388495-new2-1024x612.jpg 1024w, https:\/\/web.givex.com\/wp-content\/uploads\/2024\/03\/06.-iStock-1499388495-new2-768x459.jpg 768w, https:\/\/web.givex.com\/wp-content\/uploads\/2024\/03\/06.-iStock-1499388495-new2-1536x918.jpg 1536w, https:\/\/web.givex.com\/wp-content\/uploads\/2024\/03\/06.-iStock-1499388495-new2-2048x1223.jpg 2048w\" sizes=\"auto, (max-width: 2300px) 100vw, 2300px\" \/>    <\/figure>\n\n  <\/div>\n\n<\/div>\n<\/div><\/div>\n\n\n<div id=\"block_92ac61d55f0f6f0bbb22243adf80d110\"\n  class=\"text-image text-image--right text-image--contained acf-block alignwide\">\n  <div class=\"text-image__container\">\n\n    <div class=\"text-image__content\">\n\n            <h2 class=\"text-image__title\">Integra\u00e7\u00e3o Inteligente<\/h2>\n      \n            <div class=\"text-image__body\"><p>A plataforma Givex funciona atrav\u00e9s de centenas de APIs e possui integra\u00e7\u00e3o com os principais sistemas do Brasil, por meio de um processo \u00fanico com certifica\u00e7\u00e3o e testes liderados por especialistas.<\/p>\n<ul>\n<li>Ambiente de homologa\u00e7\u00e3o apartado e pr\u00f3prio<\/li>\n<li>Integra\u00e7\u00e3o com total seguran\u00e7a e facilidade<\/li>\n<\/ul>\n<\/div>\n      \n      \n    <\/div>\n\n    <figure class=\"text-image__figure text-image__figure--center\" role=\"none\">\n      <img loading=\"lazy\" decoding=\"async\" width=\"845\" height=\"913\" src=\"https:\/\/web.givex.com\/wp-content\/uploads\/2024\/01\/Website-logos-integrations3-last.png\" class=\"attachment-full size-full\" alt=\"\" srcset=\"https:\/\/web.givex.com\/wp-content\/uploads\/2024\/01\/Website-logos-integrations3-last.png 845w, https:\/\/web.givex.com\/wp-content\/uploads\/2024\/01\/Website-logos-integrations3-last-278x300.png 278w, https:\/\/web.givex.com\/wp-content\/uploads\/2024\/01\/Website-logos-integrations3-last-768x830.png 768w\" sizes=\"auto, (max-width: 845px) 100vw, 845px\" \/>    <\/figure>\n\n  <\/div>\n\n<\/div>\n\n\n<div id=\"block_651a5b23d10695385fb64ac2dc6e8519\"\n  class=\"text-image text-image--left text-image--fullwidth text-image--shadow acf-block alignwide\">\n  <div class=\"text-image__container\">\n\n    <div class=\"text-image__content\">\n\n            <h2 class=\"text-image__title\">Vamos conversar?<\/h2>\n      \n            <div class=\"text-image__body\"><p>Agende uma demonstra\u00e7\u00e3o gratuita com um de nossos especialistas e veja como as solu\u00e7\u00f5es Givex podem transformar o seu neg\u00f3cio.<\/p>\n<\/div>\n      \n            <a class=\"button button--arrow\" href=\"https:\/\/web.givex.com\/pt\/contato-comercial\/\"\n        target=\"_self\" >Saiba mais<\/a>\n      \n    <\/div>\n\n    <figure class=\"text-image__figure text-image__figure--center\" role=\"none\">\n      <img loading=\"lazy\" decoding=\"async\" width=\"1820\" height=\"1091\" src=\"https:\/\/web.givex.com\/wp-content\/uploads\/2024\/01\/07.-african-american-businessman-speaking-by-phone-2021-12-21-20-25-09-utc-e1705096683372.jpg\" class=\"attachment-full size-full\" alt=\"\" srcset=\"https:\/\/web.givex.com\/wp-content\/uploads\/2024\/01\/07.-african-american-businessman-speaking-by-phone-2021-12-21-20-25-09-utc-e1705096683372.jpg 1820w, https:\/\/web.givex.com\/wp-content\/uploads\/2024\/01\/07.-african-american-businessman-speaking-by-phone-2021-12-21-20-25-09-utc-e1705096683372-300x180.jpg 300w, https:\/\/web.givex.com\/wp-content\/uploads\/2024\/01\/07.-african-american-businessman-speaking-by-phone-2021-12-21-20-25-09-utc-e1705096683372-1024x614.jpg 1024w, https:\/\/web.givex.com\/wp-content\/uploads\/2024\/01\/07.-african-american-businessman-speaking-by-phone-2021-12-21-20-25-09-utc-e1705096683372-768x460.jpg 768w, https:\/\/web.givex.com\/wp-content\/uploads\/2024\/01\/07.-african-american-businessman-speaking-by-phone-2021-12-21-20-25-09-utc-e1705096683372-1536x921.jpg 1536w\" sizes=\"auto, (max-width: 1820px) 100vw, 1820px\" \/>    <\/figure>\n\n  <\/div>\n\n<\/div>\n\n\n<div id=\"block_434cb09dfe19819f3e29aa4a31c9fcac\" class=\"card-alternate acf-block no-margin alignfull\">\n\t<div class=\"card-alternate__container\">\n\t\t\t<h2 class=\"card-alternate__title\">Outras solu\u00e7\u00f5es<\/h2>\n\t\t\t\t<div class=\"swiper card-alternate__swiper js-card-alternate\">\n\t\t\t<ul class=\"swiper-wrapper card-alternate__wrapper\">\n\t\t\t\t\t\t\t<li class=\"swiper-slide card-alternate__slide\">\n\t\t\t\t\t\t\t\t\t\t\t\t\t\t\t\t\t\t<div class=\"card-alternate__card\" role=\"none\" style=\"background-image: linear-gradient(to bottom, rgba(255, 255, 255, 0), rgba(0, 0, 0, 0.98)), url(https:\/\/web.givex.com\/wp-content\/uploads\/2024\/01\/02.-givex-pos-Large2-e1705096599968.jpeg); background-size: cover; background-position: center;\">\n\t\t\t\t\t\t\t\t\t\t\t\n\t\t\t\t\t\t<div class=\"card-alternate__card-title\">\n\t\t\t\t\t\t\t\t\t\t\t\t\t\t\t<h3>GivexPOS<\/h3>\n\t\t\t\t\t\t\t\t\t\t\t\t\t<\/div>\n\t\t\t\t\t\t<div class=\"card-alternate__card-content\">\n\t\t\t\t\t\t\t\t\t\t\t\t\t\t\t\t\t\t\t\t\t\t\t\t\t<p>Solu\u00e7\u00e3o para PDV, pedido em mesa, KDS, pedidos online, pagamentos, back office, engajamento, autoatendimento e mais.<\/p>\n\t\t\t\t\t\t\t\t\t\t\t\t\t<\/div>\n\t\t\t\t\t\t<div class=\"card-alternate__card-button\">\n\t\t\t\t\t\t\t\t\t\t\t\t\t\t\t<div class=\"card-alternate__card-alternate-button\">\n\t\t\t\t\t\t\t\t\t\t\t\t\t\t\t\t\t\t<a class=\"card-alternate__card-alternate-button__link\" href=\"https:\/\/web.givex.com\/pt\/givexpos\/\" target=\"_self\" >Saiba mais<\/a>\n\t\t\t\t\t\t\t\t\t\t\t\t\t\t\t\t\t<\/div>\n\t\t\t\t\t\t\t\t\t\t\t\t\t<\/div>\n\t\t\t\t\t<\/div>\n\t\t\t\t<\/li>\n\t\t\t\t\t\t\t<li class=\"swiper-slide card-alternate__slide\">\n\t\t\t\t\t\t\t\t\t\t\t\t\t\t\t\t\t\t<div class=\"card-alternate__card\" role=\"none\" style=\"background-image: linear-gradient(to bottom, rgba(255, 255, 255, 0), rgba(0, 0, 0, 0.98)), url(https:\/\/web.givex.com\/wp-content\/uploads\/2024\/01\/09.-AdobeStock_595545805-Large-e1705096571162.jpeg); background-size: cover; background-position: center;\">\n\t\t\t\t\t\t\t\t\t\t\t\n\t\t\t\t\t\t<div class=\"card-alternate__card-title\">\n\t\t\t\t\t\t\t\t\t\t\t\t\t\t\t<h3>Vale Troca Omnichannel<\/h3>\n\t\t\t\t\t\t\t\t\t\t\t\t\t<\/div>\n\t\t\t\t\t\t<div class=\"card-alternate__card-content\">\n\t\t\t\t\t\t\t\t\t\t\t\t\t\t\t\t\t\t\t\t\t\t\t\t\t<p>Inove o processo de troca com uma solu\u00e7\u00e3o digital, inteligente e anal\u00edtica para operar em qualquer canal da sua empresa.<\/p>\n\t\t\t\t\t\t\t\t\t\t\t\t\t<\/div>\n\t\t\t\t\t\t<div class=\"card-alternate__card-button\">\n\t\t\t\t\t\t\t\t\t\t\t\t\t\t\t<div class=\"card-alternate__card-alternate-button\">\n\t\t\t\t\t\t\t\t\t\t\t\t\t\t\t\t\t\t<a class=\"card-alternate__card-alternate-button__link\" href=\"https:\/\/web.givex.com\/pt\/vale-trocas\/\" target=\"_self\" >Saiba mais<\/a>\n\t\t\t\t\t\t\t\t\t\t\t\t\t\t\t\t\t<\/div>\n\t\t\t\t\t\t\t\t\t\t\t\t\t<\/div>\n\t\t\t\t\t<\/div>\n\t\t\t\t<\/li>\n\t\t\t\t\t\t\t<li class=\"swiper-slide card-alternate__slide\">\n\t\t\t\t\t\t\t\t\t\t\t\t\t\t\t\t\t\t<div class=\"card-alternate__card\" role=\"none\" style=\"background-image: linear-gradient(to bottom, rgba(255, 255, 255, 0), rgba(0, 0, 0, 0.98)), url(https:\/\/web.givex.com\/wp-content\/uploads\/2024\/01\/10.-AdobeStock_557735795-Large-e1705096551774.jpeg); background-size: cover; background-position: center;\">\n\t\t\t\t\t\t\t\t\t\t\t\n\t\t\t\t\t\t<div class=\"card-alternate__card-title\">\n\t\t\t\t\t\t\t\t\t\t\t\t\t\t\t<h3>Smart Gift Card<\/h3>\n\t\t\t\t\t\t\t\t\t\t\t\t\t<\/div>\n\t\t\t\t\t\t<div class=\"card-alternate__card-content\">\n\t\t\t\t\t\t\t\t\t\t\t\t\t\t\t\t\t\t\t\t\t\t\t\t\t<p>Aumente suas vendas, conquiste novos clientes e divulgue a sua marca em diversos canais no B2C e B2B.<\/p>\n\t\t\t\t\t\t\t\t\t\t\t\t\t<\/div>\n\t\t\t\t\t\t<div class=\"card-alternate__card-button\">\n\t\t\t\t\t\t\t\t\t\t\t\t\t\t\t<div class=\"card-alternate__card-alternate-button\">\n\t\t\t\t\t\t\t\t\t\t\t\t\t\t\t\t\t\t<a class=\"card-alternate__card-alternate-button__link\" href=\"https:\/\/web.givex.com\/pt\/gift-card\/\" target=\"_self\" >Saiba Mais<\/a>\n\t\t\t\t\t\t\t\t\t\t\t\t\t\t\t\t\t<\/div>\n\t\t\t\t\t\t\t\t\t\t\t\t\t<\/div>\n\t\t\t\t\t<\/div>\n\t\t\t\t<\/li>\n\t\t\t\t\t\t<\/ul>\n\t\t\t<div class=\"swiper-scrollbar card-alternate__scrollbar\"><\/div>\n\t\t<\/div>\n\t\t<\/div>\n<\/div>\n","protected":false},"excerpt":{"rendered":"<p>Inova\u00e7\u00e3o \u00e9 ter um \u00fanico promo system, capaz de gerenciar todas as promo\u00e7\u00f5es e suas prioriza\u00e7\u00f5es em seu universo omni!<\/p>\n","protected":false},"author":25,"featured_media":0,"parent":0,"menu_order":0,"comment_status":"closed","ping_status":"closed","template":"","meta":{"_acf_changed":false,"content-type":"","inline_featured_image":false,"footnotes":""},"class_list":["post-23898","page","type-page","status-publish","hentry"],"acf":[],"yoast_head":"<!-- This site is optimized with the Yoast SEO plugin v27.3 - https:\/\/yoast.com\/product\/yoast-seo-wordpress\/ -->\n<title>Shift4 Loyalty<\/title>\n<meta name=\"robots\" content=\"index, follow, max-snippet:-1, max-image-preview:large, max-video-preview:-1\" \/>\n<link rel=\"canonical\" href=\"https:\/\/web.givex.com\/pt\/loyalty\/\" \/>\n<meta property=\"og:locale\" content=\"pt_PT\" \/>\n<meta property=\"og:type\" content=\"article\" \/>\n<meta property=\"og:title\" content=\"Shift4 Loyalty\" \/>\n<meta property=\"og:description\" content=\"Inova\u00e7\u00e3o \u00e9 ter um \u00fanico promo system, capaz de gerenciar todas as promo\u00e7\u00f5es e suas prioriza\u00e7\u00f5es em seu universo omni!\" \/>\n<meta property=\"og:url\" content=\"https:\/\/web.givex.com\/pt\/loyalty\/\" \/>\n<meta property=\"og:site_name\" content=\"Shift4\" \/>\n<meta property=\"article:modified_time\" content=\"2024-03-22T23:54:11+00:00\" \/>\n<meta name=\"twitter:card\" content=\"summary_large_image\" \/>\n<meta name=\"twitter:site\" content=\"@GivexCorp\" \/>\n<script type=\"application\/ld+json\" class=\"yoast-schema-graph\">{\"@context\":\"https:\\\/\\\/schema.org\",\"@graph\":[{\"@type\":\"WebPage\",\"@id\":\"https:\\\/\\\/web.givex.com\\\/pt\\\/loyalty\\\/\",\"url\":\"https:\\\/\\\/web.givex.com\\\/pt\\\/loyalty\\\/\",\"name\":\"Shift4 Loyalty\",\"isPartOf\":{\"@id\":\"https:\\\/\\\/web.givex.com\\\/pt\\\/#website\"},\"datePublished\":\"2023-12-21T16:50:34+00:00\",\"dateModified\":\"2024-03-22T23:54:11+00:00\",\"inLanguage\":\"pt\",\"potentialAction\":[{\"@type\":\"ReadAction\",\"target\":[\"https:\\\/\\\/web.givex.com\\\/pt\\\/loyalty\\\/\"]}]},{\"@type\":\"WebSite\",\"@id\":\"https:\\\/\\\/web.givex.com\\\/pt\\\/#website\",\"url\":\"https:\\\/\\\/web.givex.com\\\/pt\\\/\",\"name\":\"Givex\",\"description\":\"Integrate Payments and Commerce Technology\",\"publisher\":{\"@id\":\"https:\\\/\\\/web.givex.com\\\/pt\\\/#organization\"},\"potentialAction\":[{\"@type\":\"SearchAction\",\"target\":{\"@type\":\"EntryPoint\",\"urlTemplate\":\"https:\\\/\\\/web.givex.com\\\/pt\\\/?s={search_term_string}\"},\"query-input\":{\"@type\":\"PropertyValueSpecification\",\"valueRequired\":true,\"valueName\":\"search_term_string\"}}],\"inLanguage\":\"pt\"},{\"@type\":\"Organization\",\"@id\":\"https:\\\/\\\/web.givex.com\\\/pt\\\/#organization\",\"name\":\"Givex\",\"url\":\"https:\\\/\\\/web.givex.com\\\/pt\\\/\",\"logo\":{\"@type\":\"ImageObject\",\"inLanguage\":\"pt\",\"@id\":\"https:\\\/\\\/web.givex.com\\\/pt\\\/#\\\/schema\\\/logo\\\/image\\\/\",\"url\":\"https:\\\/\\\/web.givex.com\\\/wp-content\\\/uploads\\\/2024\\\/03\\\/givex-blue-bg.png\",\"contentUrl\":\"https:\\\/\\\/web.givex.com\\\/wp-content\\\/uploads\\\/2024\\\/03\\\/givex-blue-bg.png\",\"width\":1200,\"height\":1200,\"caption\":\"Givex\"},\"image\":{\"@id\":\"https:\\\/\\\/web.givex.com\\\/pt\\\/#\\\/schema\\\/logo\\\/image\\\/\"},\"sameAs\":[\"https:\\\/\\\/x.com\\\/GivexCorp\",\"https:\\\/\\\/www.linkedin.com\\\/company\\\/givex\\\/\",\"https:\\\/\\\/www.youtube.com\\\/@givexcorp6643\"]}]}<\/script>\n<!-- \/ Yoast SEO plugin. -->","yoast_head_json":{"title":"Shift4 Loyalty","robots":{"index":"index","follow":"follow","max-snippet":"max-snippet:-1","max-image-preview":"max-image-preview:large","max-video-preview":"max-video-preview:-1"},"canonical":"https:\/\/web.givex.com\/pt\/loyalty\/","og_locale":"pt_PT","og_type":"article","og_title":"Shift4 Loyalty","og_description":"Inova\u00e7\u00e3o \u00e9 ter um \u00fanico promo system, capaz de gerenciar todas as promo\u00e7\u00f5es e suas prioriza\u00e7\u00f5es em seu universo omni!","og_url":"https:\/\/web.givex.com\/pt\/loyalty\/","og_site_name":"Shift4","article_modified_time":"2024-03-22T23:54:11+00:00","twitter_card":"summary_large_image","twitter_site":"@GivexCorp","schema":{"@context":"https:\/\/schema.org","@graph":[{"@type":"WebPage","@id":"https:\/\/web.givex.com\/pt\/loyalty\/","url":"https:\/\/web.givex.com\/pt\/loyalty\/","name":"Shift4 Loyalty","isPartOf":{"@id":"https:\/\/web.givex.com\/pt\/#website"},"datePublished":"2023-12-21T16:50:34+00:00","dateModified":"2024-03-22T23:54:11+00:00","inLanguage":"pt","potentialAction":[{"@type":"ReadAction","target":["https:\/\/web.givex.com\/pt\/loyalty\/"]}]},{"@type":"WebSite","@id":"https:\/\/web.givex.com\/pt\/#website","url":"https:\/\/web.givex.com\/pt\/","name":"Givex","description":"Integrate Payments and Commerce Technology","publisher":{"@id":"https:\/\/web.givex.com\/pt\/#organization"},"potentialAction":[{"@type":"SearchAction","target":{"@type":"EntryPoint","urlTemplate":"https:\/\/web.givex.com\/pt\/?s={search_term_string}"},"query-input":{"@type":"PropertyValueSpecification","valueRequired":true,"valueName":"search_term_string"}}],"inLanguage":"pt"},{"@type":"Organization","@id":"https:\/\/web.givex.com\/pt\/#organization","name":"Givex","url":"https:\/\/web.givex.com\/pt\/","logo":{"@type":"ImageObject","inLanguage":"pt","@id":"https:\/\/web.givex.com\/pt\/#\/schema\/logo\/image\/","url":"https:\/\/web.givex.com\/wp-content\/uploads\/2024\/03\/givex-blue-bg.png","contentUrl":"https:\/\/web.givex.com\/wp-content\/uploads\/2024\/03\/givex-blue-bg.png","width":1200,"height":1200,"caption":"Givex"},"image":{"@id":"https:\/\/web.givex.com\/pt\/#\/schema\/logo\/image\/"},"sameAs":["https:\/\/x.com\/GivexCorp","https:\/\/www.linkedin.com\/company\/givex\/","https:\/\/www.youtube.com\/@givexcorp6643"]}]}},"_links":{"self":[{"href":"https:\/\/web.givex.com\/pt\/wp-json\/wp\/v2\/pages\/23898","targetHints":{"allow":["GET"]}}],"collection":[{"href":"https:\/\/web.givex.com\/pt\/wp-json\/wp\/v2\/pages"}],"about":[{"href":"https:\/\/web.givex.com\/pt\/wp-json\/wp\/v2\/types\/page"}],"author":[{"embeddable":true,"href":"https:\/\/web.givex.com\/pt\/wp-json\/wp\/v2\/users\/25"}],"replies":[{"embeddable":true,"href":"https:\/\/web.givex.com\/pt\/wp-json\/wp\/v2\/comments?post=23898"}],"version-history":[{"count":37,"href":"https:\/\/web.givex.com\/pt\/wp-json\/wp\/v2\/pages\/23898\/revisions"}],"predecessor-version":[{"id":27387,"href":"https:\/\/web.givex.com\/pt\/wp-json\/wp\/v2\/pages\/23898\/revisions\/27387"}],"wp:attachment":[{"href":"https:\/\/web.givex.com\/pt\/wp-json\/wp\/v2\/media?parent=23898"}],"curies":[{"name":"wp","href":"https:\/\/api.w.org\/{rel}","templated":true}]}}