{"id":23857,"date":"2023-12-21T11:50:39","date_gmt":"2023-12-21T16:50:39","guid":{"rendered":"https:\/\/web.givex.com\/?page_id=23857"},"modified":"2024-12-30T22:18:46","modified_gmt":"2024-12-31T03:18:46","slug":"vale-trocas","status":"publish","type":"page","link":"https:\/\/web.givex.com\/pt\/vale-trocas\/","title":{"rendered":"Vale Trocas"},"content":{"rendered":"<div id=\"block_08813212b3dfca3a9017a3e07bf4036a\" class=\"hero-full acf-block alignfull\">\n\n\t<figure class=\"hero-full__figure hero__figure--top\" data-background-mode=\"dark\" role=\"none\">\n\t\t<img loading=\"lazy\" decoding=\"async\" width=\"2300\" height=\"1116\" src=\"https:\/\/web.givex.com\/wp-content\/uploads\/2024\/03\/01.-AdobeStock_560700880-1.jpg\" class=\"attachment-full size-full\" alt=\"\" srcset=\"https:\/\/web.givex.com\/wp-content\/uploads\/2024\/03\/01.-AdobeStock_560700880-1.jpg 2300w, https:\/\/web.givex.com\/wp-content\/uploads\/2024\/03\/01.-AdobeStock_560700880-1-300x146.jpg 300w, https:\/\/web.givex.com\/wp-content\/uploads\/2024\/03\/01.-AdobeStock_560700880-1-1024x497.jpg 1024w, https:\/\/web.givex.com\/wp-content\/uploads\/2024\/03\/01.-AdobeStock_560700880-1-768x373.jpg 768w, https:\/\/web.givex.com\/wp-content\/uploads\/2024\/03\/01.-AdobeStock_560700880-1-1536x745.jpg 1536w, https:\/\/web.givex.com\/wp-content\/uploads\/2024\/03\/01.-AdobeStock_560700880-1-2048x994.jpg 2048w\" sizes=\"auto, (max-width: 2300px) 100vw, 2300px\" \/>\t<\/figure>\n\n\t<div class=\"hero-full__container\">\n\n\t\t<div class=\"hero-full__content\" data-background-mode=\"dark\">\n\n\t\t\t\n\t\t\t\t\t\t\t<h1 class=\"hero-full__title\">Vale Troca Omnichannel<\/h1>\n\t\t\t\n\t\t\t\t\t\t\t<div class=\"hero-full__body\"><p>Solu\u00e7\u00e3o \u00fanica, omnichannel, sem papel e que permite usar o CPF como chave \u00fanica na API para armazenamento de todos os dados operacionais do processo de troca com intelig\u00eancia e gerenciamento de dados.<\/p>\n<\/div>\n\t\t\t\n\t\t\t\n\t\t\t\t\t<\/div>\n\n\t\t\n\t<\/div>\n\n<\/div>\n\n\n<div class=\"wp-block-group alignfull\"><div class=\"wp-block-group__inner-container is-layout-constrained wp-block-group-is-layout-constrained\"><div id=\"block_3f71d0784439bc014b59fa67121a0ebf\" class=\"card-carousel acf-block alignfull\">\n\t<div class=\"card-carousel__container\">\n\t\t\t<h2 class=\"card-carousel__title\">Inove sua opera\u00e7\u00e3o com um Vale Troca omnichannel e inteligente!<\/h2>\n\t\t\t\t<div class=\"swiper card-carousel__swiper js-card-carousel\">\n\t\t\t<ul class=\"swiper-wrapper card-carousel__wrapper\">\n\t\t\t\t\t\t\t<li class=\"swiper-slide card-carousel__slide\">\n\t\t\t\t\t<div class=\"card-carousel__card\">\n\t\t\t\t\t\t\t\t\t\t\t\t<figure class=\"card-carousel__figure\" role=\"none\">\n\t\t\t\t\t\t\t<img loading=\"lazy\" decoding=\"async\" width=\"160\" height=\"160\" src=\"https:\/\/web.givex.com\/wp-content\/uploads\/2024\/12\/Check-Circle-Open.png\" class=\"attachment-full size-full\" alt=\"\" srcset=\"https:\/\/web.givex.com\/wp-content\/uploads\/2024\/12\/Check-Circle-Open.png 160w, https:\/\/web.givex.com\/wp-content\/uploads\/2024\/12\/Check-Circle-Open-150x150.png 150w\" sizes=\"auto, (max-width: 160px) 100vw, 160px\" \/>\t\t\t\t\t\t<\/figure>\n\t\t\t\t\t\t\n\t\t\t\t\t\t\t\t\t\t\t\t<h3 class=\"card-carousel__card-title\">Facilidade<\/h3>\n\t\t\t\t\t\t\n\t\t\t\t\t\t\t\t\t\t\t\t<div class=\"card-carousel__card-body\">\n\t\t\t\t\t\t\t<p>O seu cliente n\u00e3o precisa guardar o cupom fiscal.<\/p>\n\t\t\t\t\t\t<\/div>\n\t\t\t\t\t\t\n\t\t\t\t\t\t\t\t\t\t\t<\/div>\n\t\t\t\t<\/li>\n\t\t\t\t\t\t\t<li class=\"swiper-slide card-carousel__slide\">\n\t\t\t\t\t<div class=\"card-carousel__card\">\n\t\t\t\t\t\t\t\t\t\t\t\t<figure class=\"card-carousel__figure\" role=\"none\">\n\t\t\t\t\t\t\t<img loading=\"lazy\" decoding=\"async\" width=\"160\" height=\"160\" src=\"https:\/\/web.givex.com\/wp-content\/uploads\/2024\/12\/Recurring-Payments-Alt.png\" class=\"attachment-full size-full\" alt=\"\" srcset=\"https:\/\/web.givex.com\/wp-content\/uploads\/2024\/12\/Recurring-Payments-Alt.png 160w, https:\/\/web.givex.com\/wp-content\/uploads\/2024\/12\/Recurring-Payments-Alt-150x150.png 150w\" sizes=\"auto, (max-width: 160px) 100vw, 160px\" \/>\t\t\t\t\t\t<\/figure>\n\t\t\t\t\t\t\n\t\t\t\t\t\t\t\t\t\t\t\t<h3 class=\"card-carousel__card-title\">Conveni\u00eancia<\/h3>\n\t\t\t\t\t\t\n\t\t\t\t\t\t\t\t\t\t\t\t<div class=\"card-carousel__card-body\">\n\t\t\t\t\t\t\t<p>O cr\u00e9dito \u00e9 gerado em qualquer canal para o consumidor fazer a troca quando e onde quiser.<\/p>\n\t\t\t\t\t\t<\/div>\n\t\t\t\t\t\t\n\t\t\t\t\t\t\t\t\t\t\t<\/div>\n\t\t\t\t<\/li>\n\t\t\t\t\t\t\t<li class=\"swiper-slide card-carousel__slide\">\n\t\t\t\t\t<div class=\"card-carousel__card\">\n\t\t\t\t\t\t\t\t\t\t\t\t<figure class=\"card-carousel__figure\" role=\"none\">\n\t\t\t\t\t\t\t<img loading=\"lazy\" decoding=\"async\" width=\"160\" height=\"160\" src=\"https:\/\/web.givex.com\/wp-content\/uploads\/2024\/12\/Global.png\" class=\"attachment-full size-full\" alt=\"\" srcset=\"https:\/\/web.givex.com\/wp-content\/uploads\/2024\/12\/Global.png 160w, https:\/\/web.givex.com\/wp-content\/uploads\/2024\/12\/Global-150x150.png 150w\" sizes=\"auto, (max-width: 160px) 100vw, 160px\" \/>\t\t\t\t\t\t<\/figure>\n\t\t\t\t\t\t\n\t\t\t\t\t\t\t\t\t\t\t\t<h3 class=\"card-carousel__card-title\">Opera\u00e7\u00e3o<\/h3>\n\t\t\t\t\t\t\n\t\t\t\t\t\t\t\t\t\t\t\t<div class=\"card-carousel__card-body\">\n\t\t\t\t\t\t\t<p>Dados para concilia\u00e7\u00e3o financeira, contabilidade e intelig\u00eancia de dados.<\/p>\n\t\t\t\t\t\t<\/div>\n\t\t\t\t\t\t\n\t\t\t\t\t\t\t\t\t\t\t<\/div>\n\t\t\t\t<\/li>\n\t\t\t\t\t\t\t<li class=\"swiper-slide card-carousel__slide\">\n\t\t\t\t\t<div class=\"card-carousel__card\">\n\t\t\t\t\t\t\t\t\t\t\t\t<figure class=\"card-carousel__figure\" role=\"none\">\n\t\t\t\t\t\t\t<img loading=\"lazy\" decoding=\"async\" width=\"160\" height=\"160\" src=\"https:\/\/web.givex.com\/wp-content\/uploads\/2024\/12\/UI-UX-Alt.png\" class=\"attachment-full size-full\" alt=\"\" srcset=\"https:\/\/web.givex.com\/wp-content\/uploads\/2024\/12\/UI-UX-Alt.png 160w, https:\/\/web.givex.com\/wp-content\/uploads\/2024\/12\/UI-UX-Alt-150x150.png 150w\" sizes=\"auto, (max-width: 160px) 100vw, 160px\" \/>\t\t\t\t\t\t<\/figure>\n\t\t\t\t\t\t\n\t\t\t\t\t\t\t\t\t\t\t\t<h3 class=\"card-carousel__card-title\">Usabilidade<\/h3>\n\t\t\t\t\t\t\n\t\t\t\t\t\t\t\t\t\t\t\t<div class=\"card-carousel__card-body\">\n\t\t\t\t\t\t\t<p>Ferramenta utilizada por l\u00edderes do mercado varejista para troca omnichannel e gera\u00e7\u00e3o de VT em casos de falta de estoque no e-com.<\/p>\n\t\t\t\t\t\t<\/div>\n\t\t\t\t\t\t\n\t\t\t\t\t\t\t\t\t\t\t<\/div>\n\t\t\t\t<\/li>\n\t\t\t\t\t\t<\/ul>\n\t\t\t<div class=\"swiper-scrollbar card-carousel__scrollbar\"><\/div>\n\t\t<\/div>\n\t\t<\/div>\n<\/div>\n<\/div><\/div>\n\n\n\n<div class=\"wp-block-group alignfull no-margin-left no-margin-right\"><div class=\"wp-block-group__inner-container is-layout-constrained wp-block-group-is-layout-constrained\"><div id=\"block_5486b6770827e92e653815027c04cc94\"\n  class=\"text-image text-image--left text-image--fullwidth text-image--shadow acf-block no-margin-left no-margin-right alignwide\">\n  <div class=\"text-image__container\">\n\n    <div class=\"text-image__content\">\n\n            <h2 class=\"text-image__title\">Portal Givex<\/h2>\n      \n            <div class=\"text-image__body\"><p>Uma plataforma robusta, SaaS, intuitiva e onde acontece o gerenciamento de dados de  todas as nossas solu\u00e7\u00f5es.<\/p>\n<\/div>\n      \n      \n    <\/div>\n\n    <figure class=\"text-image__figure text-image__figure--center\" role=\"none\">\n      <img loading=\"lazy\" decoding=\"async\" width=\"2300\" height=\"1374\" src=\"https:\/\/web.givex.com\/wp-content\/uploads\/2024\/03\/06.-iStock-1499388495-new2.jpg\" class=\"attachment-full size-full\" alt=\"\" srcset=\"https:\/\/web.givex.com\/wp-content\/uploads\/2024\/03\/06.-iStock-1499388495-new2.jpg 2300w, https:\/\/web.givex.com\/wp-content\/uploads\/2024\/03\/06.-iStock-1499388495-new2-300x179.jpg 300w, https:\/\/web.givex.com\/wp-content\/uploads\/2024\/03\/06.-iStock-1499388495-new2-1024x612.jpg 1024w, https:\/\/web.givex.com\/wp-content\/uploads\/2024\/03\/06.-iStock-1499388495-new2-768x459.jpg 768w, https:\/\/web.givex.com\/wp-content\/uploads\/2024\/03\/06.-iStock-1499388495-new2-1536x918.jpg 1536w, https:\/\/web.givex.com\/wp-content\/uploads\/2024\/03\/06.-iStock-1499388495-new2-2048x1223.jpg 2048w\" sizes=\"auto, (max-width: 2300px) 100vw, 2300px\" \/>    <\/figure>\n\n  <\/div>\n\n<\/div>\n<\/div><\/div>\n\n\n\n<div class=\"wp-block-group no-margin-top\"><div class=\"wp-block-group__inner-container is-layout-constrained wp-block-group-is-layout-constrained\"><div id=\"block_b267b0d53c67297e8d7c6937bd19fd77\" class=\"testimonials acf-block no-margin-top  alignfull\">\n\n\t\t\t<h2 class=\"testimonials__title\">O que os nossos clientes dizem<\/h2>\n\t\n\t<div class=\"swiper testimonials__swiper js-testimonials\">\n\t\t<ul class=\"swiper-wrapper testimonials__swiper-wrapper\">\n\t\t\t\t\t<li class=\"swiper-slide testimonials__slide\">\n\t\t\t\t<div class=\"testimonials__card\">\n\t\t\t\t\t\t\t\t\t\t<blockquote class=\"testimonials__quote\"><p>Buscamos sempre parceiros que contribuam com a inova\u00e7\u00e3o e pioneirismo da nossa opera\u00e7\u00e3o. Contar com a Givex como parceiro de tecnologia na evolu\u00e7\u00e3o do iFood Card foi fundamental para chegarmos nos resultados e continuamos esse trabalho de sucesso.<\/p>\n<\/blockquote>\n\t\t\t\t\t\t\t\t\t\t<p class=\"testimonials__company\">Paula Rabelo, Business Development Director no iFood<\/p>\n\t\t\t\t\t\t\t\t\t<\/div>\n\t\t\t<\/li>\n\t\t\t\t<\/ul>\n\t\t<div class=\"swiper-pagination testimonials__pagination\"><\/div>\n\t<\/div>\n\n<\/div>\n<\/div><\/div>\n\n\n<div id=\"block_fa9cb5738a6c8790ad8926a644bf0705\"\n  class=\"text-image text-image--left text-image--fullwidth text-image--shadow acf-block no-margin-bottom alignwide\">\n  <div class=\"text-image__container\">\n\n    <div class=\"text-image__content\">\n\n            <h2 class=\"text-image__title\">Vamos conversar?<\/h2>\n      \n            <div class=\"text-image__body\"><p>Agende uma demonstra\u00e7\u00e3o gratuita com um de nossos especialistas e veja como as solu\u00e7\u00f5es Givex podem transformar o seu neg\u00f3cio.<\/p>\n<\/div>\n      \n            <a class=\"button button--arrow\" href=\"https:\/\/web.givex.com\/pt\/contato-comercial\/\"\n        target=\"_self\" >Saiba mais<\/a>\n      \n    <\/div>\n\n    <figure class=\"text-image__figure text-image__figure--center\" role=\"none\">\n      <img loading=\"lazy\" decoding=\"async\" width=\"1820\" height=\"1091\" src=\"https:\/\/web.givex.com\/wp-content\/uploads\/2024\/01\/07.-african-american-businessman-speaking-by-phone-2021-12-21-20-25-09-utc-e1705096683372.jpg\" class=\"attachment-full size-full\" alt=\"\" srcset=\"https:\/\/web.givex.com\/wp-content\/uploads\/2024\/01\/07.-african-american-businessman-speaking-by-phone-2021-12-21-20-25-09-utc-e1705096683372.jpg 1820w, https:\/\/web.givex.com\/wp-content\/uploads\/2024\/01\/07.-african-american-businessman-speaking-by-phone-2021-12-21-20-25-09-utc-e1705096683372-300x180.jpg 300w, https:\/\/web.givex.com\/wp-content\/uploads\/2024\/01\/07.-african-american-businessman-speaking-by-phone-2021-12-21-20-25-09-utc-e1705096683372-1024x614.jpg 1024w, https:\/\/web.givex.com\/wp-content\/uploads\/2024\/01\/07.-african-american-businessman-speaking-by-phone-2021-12-21-20-25-09-utc-e1705096683372-768x460.jpg 768w, https:\/\/web.givex.com\/wp-content\/uploads\/2024\/01\/07.-african-american-businessman-speaking-by-phone-2021-12-21-20-25-09-utc-e1705096683372-1536x921.jpg 1536w\" sizes=\"auto, (max-width: 1820px) 100vw, 1820px\" \/>    <\/figure>\n\n  <\/div>\n\n<\/div>\n\n\n\n<div class=\"wp-block-group alignfull no-margin-bottom\"><div class=\"wp-block-group__inner-container is-layout-constrained wp-block-group-is-layout-constrained\"><div id=\"block_69b1ebccfb8d27ca70802e660489488f\" class=\"card-alternate acf-block no-margin-bottom alignfull\">\n\t<div class=\"card-alternate__container\">\n\t\t\t<h2 class=\"card-alternate__title\">Outras solu\u00e7\u00f5es<\/h2>\n\t\t\t\t<div class=\"swiper card-alternate__swiper js-card-alternate\">\n\t\t\t<ul class=\"swiper-wrapper card-alternate__wrapper\">\n\t\t\t\t\t\t\t<li class=\"swiper-slide card-alternate__slide\">\n\t\t\t\t\t\t\t\t\t\t\t\t\t\t\t\t\t\t<div class=\"card-alternate__card\" role=\"none\" style=\"background-image: linear-gradient(to bottom, rgba(255, 255, 255, 0), rgba(0, 0, 0, 0.98)), url(https:\/\/web.givex.com\/wp-content\/uploads\/2024\/01\/03.-ey-does-your-omnichannel-strategy-work-when-consumers-evolve-v2.jpg.rendition.1800.1200.jpg); background-size: cover; background-position: center;\">\n\t\t\t\t\t\t\t\t\t\t\t\n\t\t\t\t\t\t<div class=\"card-alternate__card-title\">\n\t\t\t\t\t\t\t\t\t\t\t\t\t\t\t<h3>Loyalty &amp; Omni Promo<\/h3>\n\t\t\t\t\t\t\t\t\t\t\t\t\t<\/div>\n\t\t\t\t\t\t<div class=\"card-alternate__card-content\">\n\t\t\t\t\t\t\t\t\t\t\t\t\t\t\t\t\t\t\t\t\t\t\t\t\t<p>Fa\u00e7a uma grande conex\u00e3o com seus clientes: dados, estrat\u00e9gias e a\u00e7\u00f5es de reconhecimento com foco em relacionamento e recorr\u00eancia.<\/p>\n\t\t\t\t\t\t\t\t\t\t\t\t\t<\/div>\n\t\t\t\t\t\t<div class=\"card-alternate__card-button\">\n\t\t\t\t\t\t\t\t\t\t\t\t\t\t\t<div class=\"card-alternate__card-alternate-button\">\n\t\t\t\t\t\t\t\t\t\t\t\t\t\t\t\t\t\t<a class=\"card-alternate__card-alternate-button__link\" href=\"https:\/\/web.givex.com\/pt\/loyalty\/\" target=\"_self\" >Saiba mais<\/a>\n\t\t\t\t\t\t\t\t\t\t\t\t\t\t\t\t\t<\/div>\n\t\t\t\t\t\t\t\t\t\t\t\t\t<\/div>\n\t\t\t\t\t<\/div>\n\t\t\t\t<\/li>\n\t\t\t\t\t\t\t<li class=\"swiper-slide card-alternate__slide\">\n\t\t\t\t\t\t\t\t\t\t\t\t\t\t\t\t\t\t<div class=\"card-alternate__card\" role=\"none\" style=\"background-image: linear-gradient(to bottom, rgba(255, 255, 255, 0), rgba(0, 0, 0, 0.98)), url(https:\/\/web.givex.com\/wp-content\/uploads\/2024\/01\/05.-givex-pos-Large.jpeg); background-size: cover; background-position: center;\">\n\t\t\t\t\t\t\t\t\t\t\t\n\t\t\t\t\t\t<div class=\"card-alternate__card-title\">\n\t\t\t\t\t\t\t\t\t\t\t\t\t\t\t<h3>GivexPOS<\/h3>\n\t\t\t\t\t\t\t\t\t\t\t\t\t<\/div>\n\t\t\t\t\t\t<div class=\"card-alternate__card-content\">\n\t\t\t\t\t\t\t\t\t\t\t\t\t\t\t\t\t\t\t\t\t\t\t\t\t<p>Solu\u00e7\u00e3o para PDV, pedido em mesa, KDS, pedidos online, pagamentos, back office, engajamento, autoatendimento e mais.<\/p>\n\t\t\t\t\t\t\t\t\t\t\t\t\t<\/div>\n\t\t\t\t\t\t<div class=\"card-alternate__card-button\">\n\t\t\t\t\t\t\t\t\t\t\t\t\t\t\t<div class=\"card-alternate__card-alternate-button\">\n\t\t\t\t\t\t\t\t\t\t\t\t\t\t\t\t\t\t<a class=\"card-alternate__card-alternate-button__link\" href=\"https:\/\/web.givex.com\/pt\/givexpos\/\" target=\"_self\" >Saiba mais<\/a>\n\t\t\t\t\t\t\t\t\t\t\t\t\t\t\t\t\t<\/div>\n\t\t\t\t\t\t\t\t\t\t\t\t\t<\/div>\n\t\t\t\t\t<\/div>\n\t\t\t\t<\/li>\n\t\t\t\t\t\t\t<li class=\"swiper-slide card-alternate__slide\">\n\t\t\t\t\t\t\t\t\t\t\t\t\t\t\t\t\t\t<div class=\"card-alternate__card\" role=\"none\" style=\"background-image: linear-gradient(to bottom, rgba(255, 255, 255, 0), rgba(0, 0, 0, 0.98)), url(https:\/\/web.givex.com\/wp-content\/uploads\/2024\/01\/10.-AdobeStock_557735795-Large-e1705096551774.jpeg); background-size: cover; background-position: center;\">\n\t\t\t\t\t\t\t\t\t\t\t\n\t\t\t\t\t\t<div class=\"card-alternate__card-title\">\n\t\t\t\t\t\t\t\t\t\t\t\t\t\t\t<h3>Smart Gift Card<\/h3>\n\t\t\t\t\t\t\t\t\t\t\t\t\t<\/div>\n\t\t\t\t\t\t<div class=\"card-alternate__card-content\">\n\t\t\t\t\t\t\t\t\t\t\t\t\t\t\t\t\t\t\t\t\t\t\t\t\t<p>Aumente suas vendas, conquiste novos clientes e divulgue a sua marca em diversos canais.<\/p>\n\t\t\t\t\t\t\t\t\t\t\t\t\t<\/div>\n\t\t\t\t\t\t<div class=\"card-alternate__card-button\">\n\t\t\t\t\t\t\t\t\t\t\t\t\t\t\t<div class=\"card-alternate__card-alternate-button\">\n\t\t\t\t\t\t\t\t\t\t\t\t\t\t\t\t\t\t<a class=\"card-alternate__card-alternate-button__link\" href=\"https:\/\/web.givex.com\/pt\/gift-card\/\" target=\"_self\" >Saiba mais<\/a>\n\t\t\t\t\t\t\t\t\t\t\t\t\t\t\t\t\t<\/div>\n\t\t\t\t\t\t\t\t\t\t\t\t\t<\/div>\n\t\t\t\t\t<\/div>\n\t\t\t\t<\/li>\n\t\t\t\t\t\t<\/ul>\n\t\t\t<div class=\"swiper-scrollbar card-alternate__scrollbar\"><\/div>\n\t\t<\/div>\n\t\t<\/div>\n<\/div>\n<\/div><\/div>\n","protected":false},"excerpt":{"rendered":"","protected":false},"author":25,"featured_media":0,"parent":0,"menu_order":0,"comment_status":"closed","ping_status":"closed","template":"","meta":{"_acf_changed":false,"content-type":"","inline_featured_image":false,"footnotes":""},"class_list":["post-23857","page","type-page","status-publish","hentry"],"acf":[],"yoast_head":"<!-- This site is optimized with the Yoast SEO plugin v27.3 - https:\/\/yoast.com\/product\/yoast-seo-wordpress\/ -->\n<title>Shift4 Vale Trocas<\/title>\n<meta name=\"robots\" content=\"index, follow, max-snippet:-1, max-image-preview:large, max-video-preview:-1\" \/>\n<link rel=\"canonical\" href=\"https:\/\/web.givex.com\/pt\/vale-trocas\/\" \/>\n<meta property=\"og:locale\" content=\"pt_PT\" \/>\n<meta property=\"og:type\" content=\"article\" \/>\n<meta property=\"og:title\" content=\"Shift4 Vale Trocas\" \/>\n<meta property=\"og:url\" content=\"https:\/\/web.givex.com\/pt\/vale-trocas\/\" \/>\n<meta property=\"og:site_name\" content=\"Shift4\" \/>\n<meta property=\"article:modified_time\" content=\"2024-12-31T03:18:46+00:00\" \/>\n<meta name=\"twitter:card\" content=\"summary_large_image\" \/>\n<meta name=\"twitter:site\" content=\"@GivexCorp\" \/>\n<script type=\"application\/ld+json\" class=\"yoast-schema-graph\">{\"@context\":\"https:\\\/\\\/schema.org\",\"@graph\":[{\"@type\":\"WebPage\",\"@id\":\"https:\\\/\\\/web.givex.com\\\/pt\\\/vale-trocas\\\/\",\"url\":\"https:\\\/\\\/web.givex.com\\\/pt\\\/vale-trocas\\\/\",\"name\":\"Shift4 Vale Trocas\",\"isPartOf\":{\"@id\":\"https:\\\/\\\/web.givex.com\\\/pt\\\/#website\"},\"datePublished\":\"2023-12-21T16:50:39+00:00\",\"dateModified\":\"2024-12-31T03:18:46+00:00\",\"inLanguage\":\"pt\",\"potentialAction\":[{\"@type\":\"ReadAction\",\"target\":[\"https:\\\/\\\/web.givex.com\\\/pt\\\/vale-trocas\\\/\"]}]},{\"@type\":\"WebSite\",\"@id\":\"https:\\\/\\\/web.givex.com\\\/pt\\\/#website\",\"url\":\"https:\\\/\\\/web.givex.com\\\/pt\\\/\",\"name\":\"Givex\",\"description\":\"Integrate Payments and Commerce Technology\",\"publisher\":{\"@id\":\"https:\\\/\\\/web.givex.com\\\/pt\\\/#organization\"},\"potentialAction\":[{\"@type\":\"SearchAction\",\"target\":{\"@type\":\"EntryPoint\",\"urlTemplate\":\"https:\\\/\\\/web.givex.com\\\/pt\\\/?s={search_term_string}\"},\"query-input\":{\"@type\":\"PropertyValueSpecification\",\"valueRequired\":true,\"valueName\":\"search_term_string\"}}],\"inLanguage\":\"pt\"},{\"@type\":\"Organization\",\"@id\":\"https:\\\/\\\/web.givex.com\\\/pt\\\/#organization\",\"name\":\"Givex\",\"url\":\"https:\\\/\\\/web.givex.com\\\/pt\\\/\",\"logo\":{\"@type\":\"ImageObject\",\"inLanguage\":\"pt\",\"@id\":\"https:\\\/\\\/web.givex.com\\\/pt\\\/#\\\/schema\\\/logo\\\/image\\\/\",\"url\":\"https:\\\/\\\/web.givex.com\\\/wp-content\\\/uploads\\\/2024\\\/03\\\/givex-blue-bg.png\",\"contentUrl\":\"https:\\\/\\\/web.givex.com\\\/wp-content\\\/uploads\\\/2024\\\/03\\\/givex-blue-bg.png\",\"width\":1200,\"height\":1200,\"caption\":\"Givex\"},\"image\":{\"@id\":\"https:\\\/\\\/web.givex.com\\\/pt\\\/#\\\/schema\\\/logo\\\/image\\\/\"},\"sameAs\":[\"https:\\\/\\\/x.com\\\/GivexCorp\",\"https:\\\/\\\/www.linkedin.com\\\/company\\\/givex\\\/\",\"https:\\\/\\\/www.youtube.com\\\/@givexcorp6643\"]}]}<\/script>\n<!-- \/ Yoast SEO plugin. -->","yoast_head_json":{"title":"Shift4 Vale Trocas","robots":{"index":"index","follow":"follow","max-snippet":"max-snippet:-1","max-image-preview":"max-image-preview:large","max-video-preview":"max-video-preview:-1"},"canonical":"https:\/\/web.givex.com\/pt\/vale-trocas\/","og_locale":"pt_PT","og_type":"article","og_title":"Shift4 Vale Trocas","og_url":"https:\/\/web.givex.com\/pt\/vale-trocas\/","og_site_name":"Shift4","article_modified_time":"2024-12-31T03:18:46+00:00","twitter_card":"summary_large_image","twitter_site":"@GivexCorp","schema":{"@context":"https:\/\/schema.org","@graph":[{"@type":"WebPage","@id":"https:\/\/web.givex.com\/pt\/vale-trocas\/","url":"https:\/\/web.givex.com\/pt\/vale-trocas\/","name":"Shift4 Vale Trocas","isPartOf":{"@id":"https:\/\/web.givex.com\/pt\/#website"},"datePublished":"2023-12-21T16:50:39+00:00","dateModified":"2024-12-31T03:18:46+00:00","inLanguage":"pt","potentialAction":[{"@type":"ReadAction","target":["https:\/\/web.givex.com\/pt\/vale-trocas\/"]}]},{"@type":"WebSite","@id":"https:\/\/web.givex.com\/pt\/#website","url":"https:\/\/web.givex.com\/pt\/","name":"Givex","description":"Integrate Payments and Commerce Technology","publisher":{"@id":"https:\/\/web.givex.com\/pt\/#organization"},"potentialAction":[{"@type":"SearchAction","target":{"@type":"EntryPoint","urlTemplate":"https:\/\/web.givex.com\/pt\/?s={search_term_string}"},"query-input":{"@type":"PropertyValueSpecification","valueRequired":true,"valueName":"search_term_string"}}],"inLanguage":"pt"},{"@type":"Organization","@id":"https:\/\/web.givex.com\/pt\/#organization","name":"Givex","url":"https:\/\/web.givex.com\/pt\/","logo":{"@type":"ImageObject","inLanguage":"pt","@id":"https:\/\/web.givex.com\/pt\/#\/schema\/logo\/image\/","url":"https:\/\/web.givex.com\/wp-content\/uploads\/2024\/03\/givex-blue-bg.png","contentUrl":"https:\/\/web.givex.com\/wp-content\/uploads\/2024\/03\/givex-blue-bg.png","width":1200,"height":1200,"caption":"Givex"},"image":{"@id":"https:\/\/web.givex.com\/pt\/#\/schema\/logo\/image\/"},"sameAs":["https:\/\/x.com\/GivexCorp","https:\/\/www.linkedin.com\/company\/givex\/","https:\/\/www.youtube.com\/@givexcorp6643"]}]}},"_links":{"self":[{"href":"https:\/\/web.givex.com\/pt\/wp-json\/wp\/v2\/pages\/23857","targetHints":{"allow":["GET"]}}],"collection":[{"href":"https:\/\/web.givex.com\/pt\/wp-json\/wp\/v2\/pages"}],"about":[{"href":"https:\/\/web.givex.com\/pt\/wp-json\/wp\/v2\/types\/page"}],"author":[{"embeddable":true,"href":"https:\/\/web.givex.com\/pt\/wp-json\/wp\/v2\/users\/25"}],"replies":[{"embeddable":true,"href":"https:\/\/web.givex.com\/pt\/wp-json\/wp\/v2\/comments?post=23857"}],"version-history":[{"count":252,"href":"https:\/\/web.givex.com\/pt\/wp-json\/wp\/v2\/pages\/23857\/revisions"}],"predecessor-version":[{"id":32954,"href":"https:\/\/web.givex.com\/pt\/wp-json\/wp\/v2\/pages\/23857\/revisions\/32954"}],"wp:attachment":[{"href":"https:\/\/web.givex.com\/pt\/wp-json\/wp\/v2\/media?parent=23857"}],"curies":[{"name":"wp","href":"https:\/\/api.w.org\/{rel}","templated":true}]}}