{"id":23780,"date":"2023-12-21T11:50:37","date_gmt":"2023-12-21T16:50:37","guid":{"rendered":"https:\/\/web.givex.com\/?page_id=23780"},"modified":"2024-03-22T20:31:49","modified_gmt":"2024-03-23T00:31:49","slug":"parceiros","status":"publish","type":"page","link":"https:\/\/web.givex.com\/pt\/parceiros\/","title":{"rendered":"Parceiros"},"content":{"rendered":"<div id=\"block_50f17fe8162106658244f2e64ec565ae\" class=\"hero-full acf-block alignfull\">\n\n\t<figure class=\"hero-full__figure hero__figure--center\" data-background-mode=\"dark\" role=\"none\">\n\t\t<img loading=\"lazy\" decoding=\"async\" width=\"2300\" height=\"996\" src=\"https:\/\/web.givex.com\/wp-content\/uploads\/2024\/03\/01.-AdobeStock_485888011-new3-e1711153445961.jpg\" class=\"attachment-full size-full\" alt=\"\" srcset=\"https:\/\/web.givex.com\/wp-content\/uploads\/2024\/03\/01.-AdobeStock_485888011-new3-e1711153445961.jpg 2300w, https:\/\/web.givex.com\/wp-content\/uploads\/2024\/03\/01.-AdobeStock_485888011-new3-e1711153445961-300x130.jpg 300w, https:\/\/web.givex.com\/wp-content\/uploads\/2024\/03\/01.-AdobeStock_485888011-new3-e1711153445961-1024x443.jpg 1024w, https:\/\/web.givex.com\/wp-content\/uploads\/2024\/03\/01.-AdobeStock_485888011-new3-e1711153445961-768x333.jpg 768w, https:\/\/web.givex.com\/wp-content\/uploads\/2024\/03\/01.-AdobeStock_485888011-new3-e1711153445961-1536x665.jpg 1536w, https:\/\/web.givex.com\/wp-content\/uploads\/2024\/03\/01.-AdobeStock_485888011-new3-e1711153445961-2048x887.jpg 2048w\" sizes=\"auto, (max-width: 2300px) 100vw, 2300px\" \/>\t<\/figure>\n\n\t<div class=\"hero-full__container\">\n\n\t\t<div class=\"hero-full__content\" data-background-mode=\"dark\">\n\n\t\t\t\n\t\t\t\t\t\t\t<h1 class=\"hero-full__title\">Programa de parceiros Givex<\/h1>\n\t\t\t\n\t\t\t\t\t\t\t<div class=\"hero-full__body\"><p>A Givex est\u00e1 sempre em busca de novos desafios. Quer ser um parceiro, um cliente ou quer indicar algu\u00e9m? Aqui \u00e9 o lugar certo pra isso.<\/p>\n<\/div>\n\t\t\t\n\t\t\t\n\t\t\t\t\t<\/div>\n\n\t\t\n\t<\/div>\n\n<\/div>\n\n<div id=\"block_7a7ae75a186aa65522306978bc1a78cc\" class=\"text-image-rectangle text-image-rectangle--right text-image-rectangle--contained text-image-rectangle--shadow acf-block alignwide\">\n\t<div class=\"text-image-rectangle__container\">\n\n\t\t<div class=\"text-image-rectangle__content\">\n\n\t\t\t\t\t\t\t<h2 class=\"text-image-rectangle__title\">Givex Sellers Partners<\/h2>\n\t\t\t\n\t\t\t\t\t\t\t<div class=\"text-image-rectangle__body\"><p>Se voc\u00ea deseja indicar um projeto para a Givex ou se tornar um parceiro do nosso neg\u00f3cio, conhe\u00e7a o modelo e seja um Givex Seller clicando no bot\u00e3o abaixo.<\/p>\n<\/div>\n\t\t\t\n\t\t\t\t\t\t\t<a class=\"button button--arrow\" href=\"https:\/\/web.givex.com\/pt\/seja-um-parceiro\/\" target=\"_self\" >Fa\u00e7a uma indica\u00e7\u00e3o<\/a>\n\t\t\t\n\t\t<\/div>\n\n\t\t<figure class=\"text-image-rectangle__figure text-image-rectangle__figure--center\" role=\"none\">\n\t\t\t<img loading=\"lazy\" decoding=\"async\" width=\"2000\" height=\"1384\" src=\"https:\/\/web.givex.com\/wp-content\/uploads\/2024\/03\/02.-AdobeStock_384753031-new.jpg\" class=\"attachment-full size-full\" alt=\"\" srcset=\"https:\/\/web.givex.com\/wp-content\/uploads\/2024\/03\/02.-AdobeStock_384753031-new.jpg 2000w, https:\/\/web.givex.com\/wp-content\/uploads\/2024\/03\/02.-AdobeStock_384753031-new-300x208.jpg 300w, https:\/\/web.givex.com\/wp-content\/uploads\/2024\/03\/02.-AdobeStock_384753031-new-1024x709.jpg 1024w, https:\/\/web.givex.com\/wp-content\/uploads\/2024\/03\/02.-AdobeStock_384753031-new-768x531.jpg 768w, https:\/\/web.givex.com\/wp-content\/uploads\/2024\/03\/02.-AdobeStock_384753031-new-1536x1063.jpg 1536w\" sizes=\"auto, (max-width: 2000px) 100vw, 2000px\" \/>\t\t<\/figure>\n\n\t<\/div>\n\n<\/div>\n\n<div id=\"block_fdbf19e1b60d8a6be1af45384e4bf17a\"\n  class=\"text-image text-image--left text-image--fullwidth text-image--shadow acf-block alignwide\">\n  <div class=\"text-image__container\">\n\n    <div class=\"text-image__content\">\n\n            <h2 class=\"text-image__title\">Vamos conversar?<\/h2>\n      \n            <div class=\"text-image__body\"><p>Agende uma demonstra\u00e7\u00e3o gratuita com um de nossos especialistas e veja como as solu\u00e7\u00f5es Givex podem transformar o seu neg\u00f3cio.<\/p>\n<\/div>\n      \n            <a class=\"button button--arrow\" href=\"https:\/\/web.givex.com\/pt\/contato-comercial\/\"\n        target=\"_self\" >Saiba mais<\/a>\n      \n    <\/div>\n\n    <figure class=\"text-image__figure text-image__figure--center\" role=\"none\">\n      <img loading=\"lazy\" decoding=\"async\" width=\"1820\" height=\"1091\" src=\"https:\/\/web.givex.com\/wp-content\/uploads\/2024\/01\/07.-african-american-businessman-speaking-by-phone-2021-12-21-20-25-09-utc-e1705096683372.jpg\" class=\"attachment-full size-full\" alt=\"\" srcset=\"https:\/\/web.givex.com\/wp-content\/uploads\/2024\/01\/07.-african-american-businessman-speaking-by-phone-2021-12-21-20-25-09-utc-e1705096683372.jpg 1820w, https:\/\/web.givex.com\/wp-content\/uploads\/2024\/01\/07.-african-american-businessman-speaking-by-phone-2021-12-21-20-25-09-utc-e1705096683372-300x180.jpg 300w, https:\/\/web.givex.com\/wp-content\/uploads\/2024\/01\/07.-african-american-businessman-speaking-by-phone-2021-12-21-20-25-09-utc-e1705096683372-1024x614.jpg 1024w, https:\/\/web.givex.com\/wp-content\/uploads\/2024\/01\/07.-african-american-businessman-speaking-by-phone-2021-12-21-20-25-09-utc-e1705096683372-768x460.jpg 768w, https:\/\/web.givex.com\/wp-content\/uploads\/2024\/01\/07.-african-american-businessman-speaking-by-phone-2021-12-21-20-25-09-utc-e1705096683372-1536x921.jpg 1536w\" sizes=\"auto, (max-width: 1820px) 100vw, 1820px\" \/>    <\/figure>\n\n  <\/div>\n\n<\/div>\n","protected":false},"excerpt":{"rendered":"","protected":false},"author":25,"featured_media":0,"parent":0,"menu_order":0,"comment_status":"closed","ping_status":"closed","template":"","meta":{"_acf_changed":false,"content-type":"","inline_featured_image":false,"footnotes":""},"class_list":["post-23780","page","type-page","status-publish","hentry"],"acf":[],"yoast_head":"<!-- This site is optimized with the Yoast SEO plugin v27.3 - https:\/\/yoast.com\/product\/yoast-seo-wordpress\/ -->\n<title>Shift4 Parceiros<\/title>\n<meta name=\"robots\" content=\"index, follow, max-snippet:-1, max-image-preview:large, max-video-preview:-1\" \/>\n<link rel=\"canonical\" href=\"https:\/\/web.givex.com\/pt\/parceiros\/\" \/>\n<meta property=\"og:locale\" content=\"pt_PT\" \/>\n<meta property=\"og:type\" content=\"article\" \/>\n<meta property=\"og:title\" content=\"Shift4 Parceiros\" \/>\n<meta property=\"og:url\" content=\"https:\/\/web.givex.com\/pt\/parceiros\/\" \/>\n<meta property=\"og:site_name\" content=\"Shift4\" \/>\n<meta property=\"article:modified_time\" content=\"2024-03-23T00:31:49+00:00\" \/>\n<meta name=\"twitter:card\" content=\"summary_large_image\" \/>\n<meta name=\"twitter:site\" content=\"@GivexCorp\" \/>\n<script type=\"application\/ld+json\" class=\"yoast-schema-graph\">{\"@context\":\"https:\\\/\\\/schema.org\",\"@graph\":[{\"@type\":\"WebPage\",\"@id\":\"https:\\\/\\\/web.givex.com\\\/pt\\\/parceiros\\\/\",\"url\":\"https:\\\/\\\/web.givex.com\\\/pt\\\/parceiros\\\/\",\"name\":\"Shift4 Parceiros\",\"isPartOf\":{\"@id\":\"https:\\\/\\\/web.givex.com\\\/pt\\\/#website\"},\"datePublished\":\"2023-12-21T16:50:37+00:00\",\"dateModified\":\"2024-03-23T00:31:49+00:00\",\"inLanguage\":\"pt\",\"potentialAction\":[{\"@type\":\"ReadAction\",\"target\":[\"https:\\\/\\\/web.givex.com\\\/pt\\\/parceiros\\\/\"]}]},{\"@type\":\"WebSite\",\"@id\":\"https:\\\/\\\/web.givex.com\\\/pt\\\/#website\",\"url\":\"https:\\\/\\\/web.givex.com\\\/pt\\\/\",\"name\":\"Givex\",\"description\":\"Integrate Payments and Commerce Technology\",\"publisher\":{\"@id\":\"https:\\\/\\\/web.givex.com\\\/pt\\\/#organization\"},\"potentialAction\":[{\"@type\":\"SearchAction\",\"target\":{\"@type\":\"EntryPoint\",\"urlTemplate\":\"https:\\\/\\\/web.givex.com\\\/pt\\\/?s={search_term_string}\"},\"query-input\":{\"@type\":\"PropertyValueSpecification\",\"valueRequired\":true,\"valueName\":\"search_term_string\"}}],\"inLanguage\":\"pt\"},{\"@type\":\"Organization\",\"@id\":\"https:\\\/\\\/web.givex.com\\\/pt\\\/#organization\",\"name\":\"Givex\",\"url\":\"https:\\\/\\\/web.givex.com\\\/pt\\\/\",\"logo\":{\"@type\":\"ImageObject\",\"inLanguage\":\"pt\",\"@id\":\"https:\\\/\\\/web.givex.com\\\/pt\\\/#\\\/schema\\\/logo\\\/image\\\/\",\"url\":\"https:\\\/\\\/web.givex.com\\\/wp-content\\\/uploads\\\/2024\\\/03\\\/givex-blue-bg.png\",\"contentUrl\":\"https:\\\/\\\/web.givex.com\\\/wp-content\\\/uploads\\\/2024\\\/03\\\/givex-blue-bg.png\",\"width\":1200,\"height\":1200,\"caption\":\"Givex\"},\"image\":{\"@id\":\"https:\\\/\\\/web.givex.com\\\/pt\\\/#\\\/schema\\\/logo\\\/image\\\/\"},\"sameAs\":[\"https:\\\/\\\/x.com\\\/GivexCorp\",\"https:\\\/\\\/www.linkedin.com\\\/company\\\/givex\\\/\",\"https:\\\/\\\/www.youtube.com\\\/@givexcorp6643\"]}]}<\/script>\n<!-- \/ Yoast SEO plugin. -->","yoast_head_json":{"title":"Shift4 Parceiros","robots":{"index":"index","follow":"follow","max-snippet":"max-snippet:-1","max-image-preview":"max-image-preview:large","max-video-preview":"max-video-preview:-1"},"canonical":"https:\/\/web.givex.com\/pt\/parceiros\/","og_locale":"pt_PT","og_type":"article","og_title":"Shift4 Parceiros","og_url":"https:\/\/web.givex.com\/pt\/parceiros\/","og_site_name":"Shift4","article_modified_time":"2024-03-23T00:31:49+00:00","twitter_card":"summary_large_image","twitter_site":"@GivexCorp","schema":{"@context":"https:\/\/schema.org","@graph":[{"@type":"WebPage","@id":"https:\/\/web.givex.com\/pt\/parceiros\/","url":"https:\/\/web.givex.com\/pt\/parceiros\/","name":"Shift4 Parceiros","isPartOf":{"@id":"https:\/\/web.givex.com\/pt\/#website"},"datePublished":"2023-12-21T16:50:37+00:00","dateModified":"2024-03-23T00:31:49+00:00","inLanguage":"pt","potentialAction":[{"@type":"ReadAction","target":["https:\/\/web.givex.com\/pt\/parceiros\/"]}]},{"@type":"WebSite","@id":"https:\/\/web.givex.com\/pt\/#website","url":"https:\/\/web.givex.com\/pt\/","name":"Givex","description":"Integrate Payments and Commerce Technology","publisher":{"@id":"https:\/\/web.givex.com\/pt\/#organization"},"potentialAction":[{"@type":"SearchAction","target":{"@type":"EntryPoint","urlTemplate":"https:\/\/web.givex.com\/pt\/?s={search_term_string}"},"query-input":{"@type":"PropertyValueSpecification","valueRequired":true,"valueName":"search_term_string"}}],"inLanguage":"pt"},{"@type":"Organization","@id":"https:\/\/web.givex.com\/pt\/#organization","name":"Givex","url":"https:\/\/web.givex.com\/pt\/","logo":{"@type":"ImageObject","inLanguage":"pt","@id":"https:\/\/web.givex.com\/pt\/#\/schema\/logo\/image\/","url":"https:\/\/web.givex.com\/wp-content\/uploads\/2024\/03\/givex-blue-bg.png","contentUrl":"https:\/\/web.givex.com\/wp-content\/uploads\/2024\/03\/givex-blue-bg.png","width":1200,"height":1200,"caption":"Givex"},"image":{"@id":"https:\/\/web.givex.com\/pt\/#\/schema\/logo\/image\/"},"sameAs":["https:\/\/x.com\/GivexCorp","https:\/\/www.linkedin.com\/company\/givex\/","https:\/\/www.youtube.com\/@givexcorp6643"]}]}},"_links":{"self":[{"href":"https:\/\/web.givex.com\/pt\/wp-json\/wp\/v2\/pages\/23780","targetHints":{"allow":["GET"]}}],"collection":[{"href":"https:\/\/web.givex.com\/pt\/wp-json\/wp\/v2\/pages"}],"about":[{"href":"https:\/\/web.givex.com\/pt\/wp-json\/wp\/v2\/types\/page"}],"author":[{"embeddable":true,"href":"https:\/\/web.givex.com\/pt\/wp-json\/wp\/v2\/users\/25"}],"replies":[{"embeddable":true,"href":"https:\/\/web.givex.com\/pt\/wp-json\/wp\/v2\/comments?post=23780"}],"version-history":[{"count":32,"href":"https:\/\/web.givex.com\/pt\/wp-json\/wp\/v2\/pages\/23780\/revisions"}],"predecessor-version":[{"id":27446,"href":"https:\/\/web.givex.com\/pt\/wp-json\/wp\/v2\/pages\/23780\/revisions\/27446"}],"wp:attachment":[{"href":"https:\/\/web.givex.com\/pt\/wp-json\/wp\/v2\/media?parent=23780"}],"curies":[{"name":"wp","href":"https:\/\/api.w.org\/{rel}","templated":true}]}}