{"id":23711,"date":"2023-12-21T11:50:35","date_gmt":"2023-12-21T16:50:35","guid":{"rendered":"https:\/\/web.givex.com\/?page_id=23711"},"modified":"2024-03-22T20:11:42","modified_gmt":"2024-03-23T00:11:42","slug":"nossa-tecnologia","status":"publish","type":"page","link":"https:\/\/web.givex.com\/pt\/nossa-tecnologia\/","title":{"rendered":"Nossa tecnologia"},"content":{"rendered":"<div id=\"block_e3e08d2ff2ab997149d5bc1648d10f0c\" class=\"hero-full acf-block alignfull\">\n\n\t<figure class=\"hero-full__figure hero__figure--top\" data-background-mode=\"dark\" role=\"none\">\n\t\t<img loading=\"lazy\" decoding=\"async\" width=\"2400\" height=\"1075\" src=\"https:\/\/web.givex.com\/wp-content\/uploads\/2024\/03\/01.-AdobeStock_240701590-hero.jpg\" class=\"attachment-full size-full\" alt=\"\" srcset=\"https:\/\/web.givex.com\/wp-content\/uploads\/2024\/03\/01.-AdobeStock_240701590-hero.jpg 2400w, https:\/\/web.givex.com\/wp-content\/uploads\/2024\/03\/01.-AdobeStock_240701590-hero-300x134.jpg 300w, https:\/\/web.givex.com\/wp-content\/uploads\/2024\/03\/01.-AdobeStock_240701590-hero-1024x459.jpg 1024w, https:\/\/web.givex.com\/wp-content\/uploads\/2024\/03\/01.-AdobeStock_240701590-hero-768x344.jpg 768w, https:\/\/web.givex.com\/wp-content\/uploads\/2024\/03\/01.-AdobeStock_240701590-hero-1536x688.jpg 1536w, https:\/\/web.givex.com\/wp-content\/uploads\/2024\/03\/01.-AdobeStock_240701590-hero-2048x917.jpg 2048w\" sizes=\"auto, (max-width: 2400px) 100vw, 2400px\" \/>\t<\/figure>\n\n\t<div class=\"hero-full__container\">\n\n\t\t<div class=\"hero-full__content\" data-background-mode=\"dark\">\n\n\t\t\t\n\t\t\t\t\t\t\t<h1 class=\"hero-full__title\">Nossa tecnologia<\/h1>\n\t\t\t\n\t\t\t\t\t\t\t<div class=\"hero-full__body\"><p>A Givex oferece solu\u00e7\u00f5es omnichannel de Loyalty, Gift Cards, Vale Troca e PDV que impulsionam as vendas e ajudam os clientes a tomarem as melhores decis\u00f5es.<\/p>\n<\/div>\n\t\t\t\n\t\t\t\n\t\t\t\t\t<\/div>\n\n\t\t\n\t<\/div>\n\n<\/div>\n\n\n<section id=\"block_997a5127850dd212685ac9f54d9d68d3\" class=\"stats acf-block alignfull\">\n\n\t<div class=\"stats__container\">\n\n\t\t<ul class=\"stats__list\" data-grid-columns=\"full\">\n\t\t\t\t<li class=\"stats__list-item\">\n\t\t\t<h3 class=\"stats__score h1\">\n\t\t\t\t15\t\t\t\t<span class=\"stats__title h6\">\n\t\t\t\t\tdata centers\t\t\t\t<\/span>\n\t\t\t<\/h3>\n\t\t\t<p class=\"stats__body\">Nossa tecnologia exclusiva replica dados em tempo real em data centers diferentes, garantindo um processamento de transa\u00e7\u00f5es sempre dispon\u00edvel<\/p>\n\t\t<\/li>\n\t\t\t\t<li class=\"stats__list-item\">\n\t\t\t<h3 class=\"stats__score h1\">\n\t\t\t\t99%\t\t\t\t<span class=\"stats__title h6\">\n\t\t\t\t\tde disponibilidade\t\t\t\t<\/span>\n\t\t\t<\/h3>\n\t\t\t<p class=\"stats__body\">Oferecemos para clientes em todo o mundo 99,9% de disponibilidade de sistema, usando uma tecnologia de recupera\u00e7\u00e3o de falha.<\/p>\n\t\t<\/li>\n\t\t\t\t<li class=\"stats__list-item\">\n\t\t\t<h3 class=\"stats__score h1\">\n\t\t\t\t24\/7\t\t\t\t<span class=\"stats__title h6\">\n\t\t\t\t\t\t\t\t\t<\/span>\n\t\t\t<\/h3>\n\t\t\t<p class=\"stats__body\">Essa \u00e9 a disponibilidade do suporte da Givex Brasil.<\/p>\n\t\t<\/li>\n\t\t\t\t<li class=\"stats__list-item\">\n\t\t\t<h3 class=\"stats__score h1\">\n\t\t\t\t1100+\t\t\t\t<span class=\"stats__title h6\">\n\t\t\t\t\tintegra\u00e7\u00f5es\t\t\t\t<\/span>\n\t\t\t<\/h3>\n\t\t\t<p class=\"stats__body\">Este \u00e9 o n\u00famero das integra\u00e7\u00f5es j\u00e1 realizadas com diversos sistemas de mercado. E estamos prontos para integrar nossa plataforma com qualquer sistema novo.<\/p>\n\t\t<\/li>\n\t\t\t<\/ul>\n\t\n\t<\/div>\n\n<\/section>\n\n\n<div id=\"block_cb4d046ed4709819129dca09f862c8ff\" class=\"card-alternate acf-block alignfull\">\n\t<div class=\"card-alternate__container\">\n\t\t\t\t<div class=\"swiper card-alternate__swiper js-card-alternate\">\n\t\t\t<ul class=\"swiper-wrapper card-alternate__wrapper\">\n\t\t\t\t\t\t\t<li class=\"swiper-slide card-alternate__slide\">\n\t\t\t\t\t\t\t\t\t\t\t\t\t\t\t\t\t\t<div class=\"card-alternate__card\" role=\"none\" style=\"background-image: linear-gradient(to bottom, rgba(255, 255, 255, 0), rgba(0, 0, 0, 0.98)), url(https:\/\/web.givex.com\/wp-content\/uploads\/2024\/01\/02.-iStock-1310561502-Large-Medium.jpeg); background-size: cover; background-position: center;\">\n\t\t\t\t\t\t\t\t\t\t\t\n\t\t\t\t\t\t<div class=\"card-alternate__card-title\">\n\t\t\t\t\t\t\t\t\t\t\t\t\t\t\t<h3>Seguran\u00e7a Integrada<\/h3>\n\t\t\t\t\t\t\t\t\t\t\t\t\t<\/div>\n\t\t\t\t\t\t<div class=\"card-alternate__card-content\">\n\t\t\t\t\t\t\t\t\t\t\t\t\t\t\t\t\t\t\t\t\t\t\t\t\t<p>A Givex fornece uma plataforma segura, PCI, com forte investimento na prote\u00e7\u00e3o de dos seus dados, backup e replica\u00e7\u00e3o de dados 24&#215;7.<\/p>\n\t\t\t\t\t\t\t\t\t\t\t\t\t<\/div>\n\t\t\t\t\t\t<div class=\"card-alternate__card-button\">\n\t\t\t\t\t\t\t\t\t\t\t\t\t<\/div>\n\t\t\t\t\t<\/div>\n\t\t\t\t<\/li>\n\t\t\t\t\t\t\t<li class=\"swiper-slide card-alternate__slide\">\n\t\t\t\t\t\t\t\t\t\t\t\t\t\t\t\t\t\t<div class=\"card-alternate__card\" role=\"none\" style=\"background-image: linear-gradient(to bottom, rgba(255, 255, 255, 0), rgba(0, 0, 0, 0.98)), url(https:\/\/web.givex.com\/wp-content\/uploads\/2024\/01\/03.-AdobeStock_470116066-resized.jpg); background-size: cover; background-position: center;\">\n\t\t\t\t\t\t\t\t\t\t\t\n\t\t\t\t\t\t<div class=\"card-alternate__card-title\">\n\t\t\t\t\t\t\t\t\t\t\t\t\t\t\t<h3>Cloud Based desde 1999<\/h3>\n\t\t\t\t\t\t\t\t\t\t\t\t\t<\/div>\n\t\t\t\t\t\t<div class=\"card-alternate__card-content\">\n\t\t\t\t\t\t\t\t\t\t\t\t\t\t\t\t\t\t\t\t\t\t\t\t\t<p>A Givex \u00e9 uma plataforma global que oferece dados, insights, transa\u00e7\u00f5es, ferramentas de engajamento e portal de gerenciamento de campanhas e de dados em tempo real.<\/p>\n\t\t\t\t\t\t\t\t\t\t\t\t\t<\/div>\n\t\t\t\t\t\t<div class=\"card-alternate__card-button\">\n\t\t\t\t\t\t\t\t\t\t\t\t\t<\/div>\n\t\t\t\t\t<\/div>\n\t\t\t\t<\/li>\n\t\t\t\t\t\t\t<li class=\"swiper-slide card-alternate__slide\">\n\t\t\t\t\t\t\t\t\t\t\t\t\t\t\t\t\t\t<div class=\"card-alternate__card\" role=\"none\" style=\"background-image: linear-gradient(to bottom, rgba(255, 255, 255, 0), rgba(0, 0, 0, 0.98)), url(https:\/\/web.givex.com\/wp-content\/uploads\/2024\/01\/04.-AdobeStock_651039485-Large-e1704828552541.jpeg); background-size: cover; background-position: center;\">\n\t\t\t\t\t\t\t\t\t\t\t\n\t\t\t\t\t\t<div class=\"card-alternate__card-title\">\n\t\t\t\t\t\t\t\t\t\t\t\t\t\t\t<h3>An\u00e1lises eficientes<\/h3>\n\t\t\t\t\t\t\t\t\t\t\t\t\t<\/div>\n\t\t\t\t\t\t<div class=\"card-alternate__card-content\">\n\t\t\t\t\t\t\t\t\t\t\t\t\t\t\t\t\t\t\t\t\t\t\t\t\t<p>A an\u00e1lise operacional e gerencial de dados e em tempo real oferece informa\u00e7\u00f5es essenciais para guiar as melhores decis\u00f5es de neg\u00f3cios.<\/p>\n\t\t\t\t\t\t\t\t\t\t\t\t\t<\/div>\n\t\t\t\t\t\t<div class=\"card-alternate__card-button\">\n\t\t\t\t\t\t\t\t\t\t\t\t\t<\/div>\n\t\t\t\t\t<\/div>\n\t\t\t\t<\/li>\n\t\t\t\t\t\t<\/ul>\n\t\t\t<div class=\"swiper-scrollbar card-alternate__scrollbar\"><\/div>\n\t\t<\/div>\n\t\t<\/div>\n<\/div>\n\n\n\n<section id=\"block_89a4d6297984c042050e653604dde627\" class=\"background background--ebony acf-block alignfull\">\n\t<div class=\"background__container\">\n\t\t<div class=\"wp-content\">\n\t\t\t\n\n<h2 class=\"wp-block-heading has-text-align-center\" id=\"h-connecting-powerful-transactions\"><strong>Connecting Powerful Transactions<\/strong><\/h2>\n\n\n\n<figure class=\"wp-block-embed aligncenter is-type-video is-provider-vimeo wp-block-embed-vimeo wp-embed-aspect-16-9 wp-has-aspect-ratio\"><div class=\"wp-block-embed__wrapper\">\n<iframe loading=\"lazy\" title=\"Givex - Conectando Transa\u00e7\u00f5es Poderosas\" src=\"https:\/\/player.vimeo.com\/video\/875768229?dnt=1&amp;app_id=122963\" width=\"500\" height=\"281\" frameborder=\"0\" allow=\"autoplay; fullscreen; picture-in-picture; clipboard-write\"><\/iframe>\n<\/div><\/figure>\n\n\n\t\t<\/div>\n\t<\/div>\n<\/section>\n\n\n<div id=\"block_d1c31b7a842d2566f241b031f2c83714\"\n  class=\"text-image text-image--right text-image--fullwidth text-image--shadow acf-block alignwide\">\n  <div class=\"text-image__container\">\n\n    <div class=\"text-image__content\">\n\n            <h2 class=\"text-image__title\">Inova\u00e7\u00e3o \u00e9 Givex<\/h2>\n      \n            <div class=\"text-image__body\"><p>Atrav\u00e9s dos diferentes releases anuais, a Givex tem orgulho de oferecer constantes inova\u00e7\u00f5es de nossos produtos aos nossos clientes e parceiros<\/p>\n<\/div>\n      \n      \n    <\/div>\n\n    <figure class=\"text-image__figure text-image__figure--left\" role=\"none\">\n      <img loading=\"lazy\" decoding=\"async\" width=\"2200\" height=\"1426\" src=\"https:\/\/web.givex.com\/wp-content\/uploads\/2024\/03\/05.-AdobeStock_494618834-new.jpg\" class=\"attachment-full size-full\" alt=\"\" srcset=\"https:\/\/web.givex.com\/wp-content\/uploads\/2024\/03\/05.-AdobeStock_494618834-new.jpg 2200w, https:\/\/web.givex.com\/wp-content\/uploads\/2024\/03\/05.-AdobeStock_494618834-new-300x194.jpg 300w, https:\/\/web.givex.com\/wp-content\/uploads\/2024\/03\/05.-AdobeStock_494618834-new-1024x664.jpg 1024w, https:\/\/web.givex.com\/wp-content\/uploads\/2024\/03\/05.-AdobeStock_494618834-new-768x498.jpg 768w, https:\/\/web.givex.com\/wp-content\/uploads\/2024\/03\/05.-AdobeStock_494618834-new-1536x996.jpg 1536w, https:\/\/web.givex.com\/wp-content\/uploads\/2024\/03\/05.-AdobeStock_494618834-new-2048x1327.jpg 2048w\" sizes=\"auto, (max-width: 2200px) 100vw, 2200px\" \/>    <\/figure>\n\n  <\/div>\n\n<\/div>\n\n\n<div id=\"block_694884b8577284738e2f4a900b8c1566\" class=\"card-alternate acf-block no-margin alignfull\">\n\t<div class=\"card-alternate__container\">\n\t\t\t<h2 class=\"card-alternate__title\">Solu\u00e7\u00f5es inovadoras para todos os neg\u00f3cios<\/h2>\n\t\t\t\t<div class=\"swiper card-alternate__swiper js-card-alternate\">\n\t\t\t<ul class=\"swiper-wrapper card-alternate__wrapper\">\n\t\t\t\t\t\t\t<li class=\"swiper-slide card-alternate__slide\">\n\t\t\t\t\t\t\t\t\t\t\t\t\t\t\t\t\t\t<div class=\"card-alternate__card\" role=\"none\" style=\"background-image: linear-gradient(to bottom, rgba(255, 255, 255, 0), rgba(0, 0, 0, 0.98)), url(https:\/\/web.givex.com\/wp-content\/uploads\/2024\/01\/10.-AdobeStock_557735795-Large-e1705096551774.jpeg); background-size: cover; background-position: center;\">\n\t\t\t\t\t\t\t\t\t\t\t\n\t\t\t\t\t\t<div class=\"card-alternate__card-title\">\n\t\t\t\t\t\t\t\t\t\t\t\t\t\t\t<h3>Smart Gift Card<\/h3>\n\t\t\t\t\t\t\t\t\t\t\t\t\t<\/div>\n\t\t\t\t\t\t<div class=\"card-alternate__card-content\">\n\t\t\t\t\t\t\t\t\t\t\t\t\t\t\t\t\t\t\t\t\t\t\t\t\t<p>Aumente suas vendas, conquiste novos clientes e divulgue a sua marca em diversos canais no B2C e B2B.<\/p>\n\t\t\t\t\t\t\t\t\t\t\t\t\t<\/div>\n\t\t\t\t\t\t<div class=\"card-alternate__card-button\">\n\t\t\t\t\t\t\t\t\t\t\t\t\t\t\t<div class=\"card-alternate__card-alternate-button\">\n\t\t\t\t\t\t\t\t\t\t\t\t\t\t\t\t\t\t<a class=\"card-alternate__card-alternate-button__link\" href=\"https:\/\/web.givex.com\/pt\/gift-card\/\" target=\"_self\" >Saiba Mais<\/a>\n\t\t\t\t\t\t\t\t\t\t\t\t\t\t\t\t\t<\/div>\n\t\t\t\t\t\t\t\t\t\t\t\t\t<\/div>\n\t\t\t\t\t<\/div>\n\t\t\t\t<\/li>\n\t\t\t\t\t\t\t<li class=\"swiper-slide card-alternate__slide\">\n\t\t\t\t\t\t\t\t\t\t\t\t\t\t\t\t\t\t<div class=\"card-alternate__card\" role=\"none\" style=\"background-image: linear-gradient(to bottom, rgba(255, 255, 255, 0), rgba(0, 0, 0, 0.98)), url(https:\/\/web.givex.com\/wp-content\/uploads\/2024\/01\/03.-ey-does-your-omnichannel-strategy-work-when-consumers-evolve-v2.jpg.rendition.1800.1200.jpg); background-size: cover; background-position: center;\">\n\t\t\t\t\t\t\t\t\t\t\t\n\t\t\t\t\t\t<div class=\"card-alternate__card-title\">\n\t\t\t\t\t\t\t\t\t\t\t\t\t\t\t<h3>Loyalty &amp; Omni Promo<\/h3>\n\t\t\t\t\t\t\t\t\t\t\t\t\t<\/div>\n\t\t\t\t\t\t<div class=\"card-alternate__card-content\">\n\t\t\t\t\t\t\t\t\t\t\t\t\t\t\t\t\t\t\t\t\t\t\t\t\t<p>Conecte sua marca aos clientes com promo\u00e7\u00f5es omni, dados, estrat\u00e9gias e a\u00e7\u00f5es para relacionamento e recorr\u00eancia.<\/p>\n\t\t\t\t\t\t\t\t\t\t\t\t\t<\/div>\n\t\t\t\t\t\t<div class=\"card-alternate__card-button\">\n\t\t\t\t\t\t\t\t\t\t\t\t\t\t\t<div class=\"card-alternate__card-alternate-button\">\n\t\t\t\t\t\t\t\t\t\t\t\t\t\t\t\t\t\t<a class=\"card-alternate__card-alternate-button__link\" href=\"https:\/\/web.givex.com\/pt\/loyalty\/\" target=\"_self\" >Saiba mais<\/a>\n\t\t\t\t\t\t\t\t\t\t\t\t\t\t\t\t\t<\/div>\n\t\t\t\t\t\t\t\t\t\t\t\t\t<\/div>\n\t\t\t\t\t<\/div>\n\t\t\t\t<\/li>\n\t\t\t\t\t\t\t<li class=\"swiper-slide card-alternate__slide\">\n\t\t\t\t\t\t\t\t\t\t\t\t\t\t\t\t\t\t<div class=\"card-alternate__card\" role=\"none\" style=\"background-image: linear-gradient(to bottom, rgba(255, 255, 255, 0), rgba(0, 0, 0, 0.98)), url(https:\/\/web.givex.com\/wp-content\/uploads\/2024\/01\/09.-AdobeStock_595545805-Large-e1705096571162.jpeg); background-size: cover; background-position: center;\">\n\t\t\t\t\t\t\t\t\t\t\t\n\t\t\t\t\t\t<div class=\"card-alternate__card-title\">\n\t\t\t\t\t\t\t\t\t\t\t\t\t\t\t<h3>Vale Troca Omnichannel<\/h3>\n\t\t\t\t\t\t\t\t\t\t\t\t\t<\/div>\n\t\t\t\t\t\t<div class=\"card-alternate__card-content\">\n\t\t\t\t\t\t\t\t\t\t\t\t\t\t\t\t\t\t\t\t\t\t\t\t\t<p>Inove o processo de troca com uma solu\u00e7\u00e3o digital, inteligente e anal\u00edtica para operar em qualquer canal da sua empresa.<\/p>\n\t\t\t\t\t\t\t\t\t\t\t\t\t<\/div>\n\t\t\t\t\t\t<div class=\"card-alternate__card-button\">\n\t\t\t\t\t\t\t\t\t\t\t\t\t\t\t<div class=\"card-alternate__card-alternate-button\">\n\t\t\t\t\t\t\t\t\t\t\t\t\t\t\t\t\t\t<a class=\"card-alternate__card-alternate-button__link\" href=\"https:\/\/web.givex.com\/pt\/vale-trocas\/\" target=\"_self\" >Saiba mais<\/a>\n\t\t\t\t\t\t\t\t\t\t\t\t\t\t\t\t\t<\/div>\n\t\t\t\t\t\t\t\t\t\t\t\t\t<\/div>\n\t\t\t\t\t<\/div>\n\t\t\t\t<\/li>\n\t\t\t\t\t\t\t<li class=\"swiper-slide card-alternate__slide\">\n\t\t\t\t\t\t\t\t\t\t\t\t\t\t\t\t\t\t<div class=\"card-alternate__card\" role=\"none\" style=\"background-image: linear-gradient(to bottom, rgba(255, 255, 255, 0), rgba(0, 0, 0, 0.98)), url(https:\/\/web.givex.com\/wp-content\/uploads\/2024\/01\/02.-givex-pos-Large2-e1705096599968.jpeg); background-size: cover; background-position: center;\">\n\t\t\t\t\t\t\t\t\t\t\t\n\t\t\t\t\t\t<div class=\"card-alternate__card-title\">\n\t\t\t\t\t\t\t\t\t\t\t\t\t\t\t<h3>Givex POS<\/h3>\n\t\t\t\t\t\t\t\t\t\t\t\t\t<\/div>\n\t\t\t\t\t\t<div class=\"card-alternate__card-content\">\n\t\t\t\t\t\t\t\t\t\t\t\t\t\t\t\t\t\t\t\t\t\t\t\t\t<p>Solu\u00e7\u00e3o para PDV, pedido em mesa, KDS, pedidos online, pagamentos, back office, engajamento, autoatendimento e mais.<\/p>\n\t\t\t\t\t\t\t\t\t\t\t\t\t<\/div>\n\t\t\t\t\t\t<div class=\"card-alternate__card-button\">\n\t\t\t\t\t\t\t\t\t\t\t\t\t\t\t<div class=\"card-alternate__card-alternate-button\">\n\t\t\t\t\t\t\t\t\t\t\t\t\t\t\t\t\t\t<a class=\"card-alternate__card-alternate-button__link\" href=\"https:\/\/web.givex.com\/pt\/givexpos\/\" target=\"_self\" >Saiba mais<\/a>\n\t\t\t\t\t\t\t\t\t\t\t\t\t\t\t\t\t<\/div>\n\t\t\t\t\t\t\t\t\t\t\t\t\t<\/div>\n\t\t\t\t\t<\/div>\n\t\t\t\t<\/li>\n\t\t\t\t\t\t<\/ul>\n\t\t\t<div class=\"swiper-scrollbar card-alternate__scrollbar\"><\/div>\n\t\t<\/div>\n\t\t<\/div>\n<\/div>\n\n\n<div id=\"block_c66318cfc9d84914cae7a43efebbc07a\"\n  class=\"text-image text-image--left text-image--fullwidth text-image--shadow acf-block alignwide\">\n  <div class=\"text-image__container\">\n\n    <div class=\"text-image__content\">\n\n            <h2 class=\"text-image__title\">Vamos conversar?<\/h2>\n      \n            <div class=\"text-image__body\"><p>Agende uma demonstra\u00e7\u00e3o gratuita com um de nossos especialistas e veja como as solu\u00e7\u00f5es Givex podem transformar o seu neg\u00f3cio.<\/p>\n<\/div>\n      \n            <a class=\"button button--arrow\" href=\"https:\/\/web.givex.com\/pt\/contato-comercial\/\"\n        target=\"_self\" >Saiba mais<\/a>\n      \n    <\/div>\n\n    <figure class=\"text-image__figure text-image__figure--center\" role=\"none\">\n      <img loading=\"lazy\" decoding=\"async\" width=\"1820\" height=\"1091\" src=\"https:\/\/web.givex.com\/wp-content\/uploads\/2024\/01\/07.-african-american-businessman-speaking-by-phone-2021-12-21-20-25-09-utc-e1705096683372.jpg\" class=\"attachment-full size-full\" alt=\"\" srcset=\"https:\/\/web.givex.com\/wp-content\/uploads\/2024\/01\/07.-african-american-businessman-speaking-by-phone-2021-12-21-20-25-09-utc-e1705096683372.jpg 1820w, https:\/\/web.givex.com\/wp-content\/uploads\/2024\/01\/07.-african-american-businessman-speaking-by-phone-2021-12-21-20-25-09-utc-e1705096683372-300x180.jpg 300w, https:\/\/web.givex.com\/wp-content\/uploads\/2024\/01\/07.-african-american-businessman-speaking-by-phone-2021-12-21-20-25-09-utc-e1705096683372-1024x614.jpg 1024w, https:\/\/web.givex.com\/wp-content\/uploads\/2024\/01\/07.-african-american-businessman-speaking-by-phone-2021-12-21-20-25-09-utc-e1705096683372-768x460.jpg 768w, https:\/\/web.givex.com\/wp-content\/uploads\/2024\/01\/07.-african-american-businessman-speaking-by-phone-2021-12-21-20-25-09-utc-e1705096683372-1536x921.jpg 1536w\" sizes=\"auto, (max-width: 1820px) 100vw, 1820px\" \/>    <\/figure>\n\n  <\/div>\n\n<\/div>\n","protected":false},"excerpt":{"rendered":"","protected":false},"author":25,"featured_media":0,"parent":0,"menu_order":0,"comment_status":"closed","ping_status":"closed","template":"","meta":{"_acf_changed":false,"content-type":"","inline_featured_image":false,"footnotes":""},"class_list":["post-23711","page","type-page","status-publish","hentry"],"acf":[],"yoast_head":"<!-- This site is optimized with the Yoast SEO plugin v27.4 - https:\/\/yoast.com\/product\/yoast-seo-wordpress\/ -->\n<title>Shift4 Nossa tecnologia<\/title>\n<meta name=\"robots\" content=\"index, follow, max-snippet:-1, max-image-preview:large, max-video-preview:-1\" \/>\n<link rel=\"canonical\" href=\"https:\/\/web.givex.com\/pt\/nossa-tecnologia\/\" \/>\n<meta property=\"og:locale\" content=\"pt_PT\" \/>\n<meta property=\"og:type\" content=\"article\" \/>\n<meta property=\"og:title\" content=\"Shift4 Nossa tecnologia\" \/>\n<meta property=\"og:url\" content=\"https:\/\/web.givex.com\/pt\/nossa-tecnologia\/\" \/>\n<meta property=\"og:site_name\" content=\"Shift4\" \/>\n<meta property=\"article:modified_time\" content=\"2024-03-23T00:11:42+00:00\" \/>\n<meta name=\"twitter:card\" content=\"summary_large_image\" \/>\n<meta name=\"twitter:site\" content=\"@GivexCorp\" \/>\n<script type=\"application\/ld+json\" class=\"yoast-schema-graph\">{\"@context\":\"https:\\\/\\\/schema.org\",\"@graph\":[{\"@type\":\"WebPage\",\"@id\":\"https:\\\/\\\/web.givex.com\\\/pt\\\/nossa-tecnologia\\\/\",\"url\":\"https:\\\/\\\/web.givex.com\\\/pt\\\/nossa-tecnologia\\\/\",\"name\":\"Shift4 Nossa tecnologia\",\"isPartOf\":{\"@id\":\"https:\\\/\\\/web.givex.com\\\/pt\\\/#website\"},\"datePublished\":\"2023-12-21T16:50:35+00:00\",\"dateModified\":\"2024-03-23T00:11:42+00:00\",\"inLanguage\":\"pt\",\"potentialAction\":[{\"@type\":\"ReadAction\",\"target\":[\"https:\\\/\\\/web.givex.com\\\/pt\\\/nossa-tecnologia\\\/\"]}]},{\"@type\":\"WebSite\",\"@id\":\"https:\\\/\\\/web.givex.com\\\/pt\\\/#website\",\"url\":\"https:\\\/\\\/web.givex.com\\\/pt\\\/\",\"name\":\"Givex\",\"description\":\"Integrate Payments and Commerce Technology\",\"publisher\":{\"@id\":\"https:\\\/\\\/web.givex.com\\\/pt\\\/#organization\"},\"potentialAction\":[{\"@type\":\"SearchAction\",\"target\":{\"@type\":\"EntryPoint\",\"urlTemplate\":\"https:\\\/\\\/web.givex.com\\\/pt\\\/?s={search_term_string}\"},\"query-input\":{\"@type\":\"PropertyValueSpecification\",\"valueRequired\":true,\"valueName\":\"search_term_string\"}}],\"inLanguage\":\"pt\"},{\"@type\":\"Organization\",\"@id\":\"https:\\\/\\\/web.givex.com\\\/pt\\\/#organization\",\"name\":\"Givex\",\"url\":\"https:\\\/\\\/web.givex.com\\\/pt\\\/\",\"logo\":{\"@type\":\"ImageObject\",\"inLanguage\":\"pt\",\"@id\":\"https:\\\/\\\/web.givex.com\\\/pt\\\/#\\\/schema\\\/logo\\\/image\\\/\",\"url\":\"https:\\\/\\\/web.givex.com\\\/wp-content\\\/uploads\\\/2024\\\/03\\\/givex-blue-bg.png\",\"contentUrl\":\"https:\\\/\\\/web.givex.com\\\/wp-content\\\/uploads\\\/2024\\\/03\\\/givex-blue-bg.png\",\"width\":1200,\"height\":1200,\"caption\":\"Givex\"},\"image\":{\"@id\":\"https:\\\/\\\/web.givex.com\\\/pt\\\/#\\\/schema\\\/logo\\\/image\\\/\"},\"sameAs\":[\"https:\\\/\\\/x.com\\\/GivexCorp\",\"https:\\\/\\\/www.linkedin.com\\\/company\\\/givex\\\/\",\"https:\\\/\\\/www.youtube.com\\\/@givexcorp6643\"]}]}<\/script>\n<!-- \/ Yoast SEO plugin. -->","yoast_head_json":{"title":"Shift4 Nossa tecnologia","robots":{"index":"index","follow":"follow","max-snippet":"max-snippet:-1","max-image-preview":"max-image-preview:large","max-video-preview":"max-video-preview:-1"},"canonical":"https:\/\/web.givex.com\/pt\/nossa-tecnologia\/","og_locale":"pt_PT","og_type":"article","og_title":"Shift4 Nossa tecnologia","og_url":"https:\/\/web.givex.com\/pt\/nossa-tecnologia\/","og_site_name":"Shift4","article_modified_time":"2024-03-23T00:11:42+00:00","twitter_card":"summary_large_image","twitter_site":"@GivexCorp","schema":{"@context":"https:\/\/schema.org","@graph":[{"@type":"WebPage","@id":"https:\/\/web.givex.com\/pt\/nossa-tecnologia\/","url":"https:\/\/web.givex.com\/pt\/nossa-tecnologia\/","name":"Shift4 Nossa tecnologia","isPartOf":{"@id":"https:\/\/web.givex.com\/pt\/#website"},"datePublished":"2023-12-21T16:50:35+00:00","dateModified":"2024-03-23T00:11:42+00:00","inLanguage":"pt","potentialAction":[{"@type":"ReadAction","target":["https:\/\/web.givex.com\/pt\/nossa-tecnologia\/"]}]},{"@type":"WebSite","@id":"https:\/\/web.givex.com\/pt\/#website","url":"https:\/\/web.givex.com\/pt\/","name":"Givex","description":"Integrate Payments and Commerce Technology","publisher":{"@id":"https:\/\/web.givex.com\/pt\/#organization"},"potentialAction":[{"@type":"SearchAction","target":{"@type":"EntryPoint","urlTemplate":"https:\/\/web.givex.com\/pt\/?s={search_term_string}"},"query-input":{"@type":"PropertyValueSpecification","valueRequired":true,"valueName":"search_term_string"}}],"inLanguage":"pt"},{"@type":"Organization","@id":"https:\/\/web.givex.com\/pt\/#organization","name":"Givex","url":"https:\/\/web.givex.com\/pt\/","logo":{"@type":"ImageObject","inLanguage":"pt","@id":"https:\/\/web.givex.com\/pt\/#\/schema\/logo\/image\/","url":"https:\/\/web.givex.com\/wp-content\/uploads\/2024\/03\/givex-blue-bg.png","contentUrl":"https:\/\/web.givex.com\/wp-content\/uploads\/2024\/03\/givex-blue-bg.png","width":1200,"height":1200,"caption":"Givex"},"image":{"@id":"https:\/\/web.givex.com\/pt\/#\/schema\/logo\/image\/"},"sameAs":["https:\/\/x.com\/GivexCorp","https:\/\/www.linkedin.com\/company\/givex\/","https:\/\/www.youtube.com\/@givexcorp6643"]}]}},"_links":{"self":[{"href":"https:\/\/web.givex.com\/pt\/wp-json\/wp\/v2\/pages\/23711","targetHints":{"allow":["GET"]}}],"collection":[{"href":"https:\/\/web.givex.com\/pt\/wp-json\/wp\/v2\/pages"}],"about":[{"href":"https:\/\/web.givex.com\/pt\/wp-json\/wp\/v2\/types\/page"}],"author":[{"embeddable":true,"href":"https:\/\/web.givex.com\/pt\/wp-json\/wp\/v2\/users\/25"}],"replies":[{"embeddable":true,"href":"https:\/\/web.givex.com\/pt\/wp-json\/wp\/v2\/comments?post=23711"}],"version-history":[{"count":74,"href":"https:\/\/web.givex.com\/pt\/wp-json\/wp\/v2\/pages\/23711\/revisions"}],"predecessor-version":[{"id":27407,"href":"https:\/\/web.givex.com\/pt\/wp-json\/wp\/v2\/pages\/23711\/revisions\/27407"}],"wp:attachment":[{"href":"https:\/\/web.givex.com\/pt\/wp-json\/wp\/v2\/media?parent=23711"}],"curies":[{"name":"wp","href":"https:\/\/api.w.org\/{rel}","templated":true}]}}