{"id":23664,"date":"2023-12-21T11:50:39","date_gmt":"2023-12-21T16:50:39","guid":{"rendered":"https:\/\/web.givex.com\/?page_id=23664"},"modified":"2024-12-30T22:17:21","modified_gmt":"2024-12-31T03:17:21","slug":"sobre-nos","status":"publish","type":"page","link":"https:\/\/web.givex.com\/pt\/sobre-nos\/","title":{"rendered":"Sobre nos"},"content":{"rendered":"<div id=\"block_004562e3cc11f6d1141c0578b75c2094\" class=\"hero-full acf-block alignfull\">\n\n\t<figure class=\"hero-full__figure hero__figure--center\" data-background-mode=\"dark\" role=\"none\">\n\t\t<img loading=\"lazy\" decoding=\"async\" width=\"2500\" height=\"1271\" src=\"https:\/\/web.givex.com\/wp-content\/uploads\/2024\/03\/AdobeStock-323550912-hero.jpg\" class=\"attachment-full size-full\" alt=\"\" srcset=\"https:\/\/web.givex.com\/wp-content\/uploads\/2024\/03\/AdobeStock-323550912-hero.jpg 2500w, https:\/\/web.givex.com\/wp-content\/uploads\/2024\/03\/AdobeStock-323550912-hero-300x153.jpg 300w, https:\/\/web.givex.com\/wp-content\/uploads\/2024\/03\/AdobeStock-323550912-hero-1024x521.jpg 1024w, https:\/\/web.givex.com\/wp-content\/uploads\/2024\/03\/AdobeStock-323550912-hero-768x390.jpg 768w, https:\/\/web.givex.com\/wp-content\/uploads\/2024\/03\/AdobeStock-323550912-hero-1536x781.jpg 1536w, https:\/\/web.givex.com\/wp-content\/uploads\/2024\/03\/AdobeStock-323550912-hero-2048x1041.jpg 2048w\" sizes=\"auto, (max-width: 2500px) 100vw, 2500px\" \/>\t<\/figure>\n\n\t<div class=\"hero-full__container\">\n\n\t\t<div class=\"hero-full__content\" data-background-mode=\"dark\">\n\n\t\t\t\n\t\t\t\t\t\t\t<h1 class=\"hero-full__title\">Por tr\u00e1s de toda transa\u00e7\u00e3o <br>h\u00e1 uma hist\u00f3ria<\/h1>\n\t\t\t\n\t\t\t\t\t\t\t<div class=\"hero-full__body\"><p>A Givex \u00e9 a solu\u00e7\u00e3o que une tecnologia e estrat\u00e9gia para impulsionar as vendas e potencializar a rela\u00e7\u00e3o entre marcas e consumidores, enxergando significado a cada transa\u00e7\u00e3o.<\/p>\n<\/div>\n\t\t\t\n\t\t\t\n\t\t\t\t\t<\/div>\n\n\t\t\n\t<\/div>\n\n<\/div>\n\n<div id=\"block_6e4134c6a7ddaba544967de2144fcc71\"\n  class=\"text-image text-image--left text-image--fullwidth text-image--shadow acf-block alignwide\">\n  <div class=\"text-image__container\">\n\n    <div class=\"text-image__content\">\n\n            <h2 class=\"text-image__title\">A tecnologia Givex<\/h2>\n      \n            <div class=\"text-image__body\"><p>Cloud Based desde 1999, a Givex \u00e9 reconhecida no mercado global como uma parceira de tecnologia que oferece estabilidade e confian\u00e7a para clientes em mais de 100 pa\u00edses.<\/p>\n<\/div>\n      \n            <a class=\"button button--arrow\" href=\"https:\/\/web.givex.com\/pt\/nossa-tecnologia\/\"\n        target=\"_self\" >Conhe\u00e7a nossa plataforma<\/a>\n      \n    <\/div>\n\n    <figure class=\"text-image__figure text-image__figure--left\" role=\"none\">\n      <img loading=\"lazy\" decoding=\"async\" width=\"2000\" height=\"1167\" src=\"https:\/\/web.givex.com\/wp-content\/uploads\/2024\/03\/02.-AdobeStock_607398812-2.jpg\" class=\"attachment-full size-full\" alt=\"\" srcset=\"https:\/\/web.givex.com\/wp-content\/uploads\/2024\/03\/02.-AdobeStock_607398812-2.jpg 2000w, https:\/\/web.givex.com\/wp-content\/uploads\/2024\/03\/02.-AdobeStock_607398812-2-300x175.jpg 300w, https:\/\/web.givex.com\/wp-content\/uploads\/2024\/03\/02.-AdobeStock_607398812-2-1024x598.jpg 1024w, https:\/\/web.givex.com\/wp-content\/uploads\/2024\/03\/02.-AdobeStock_607398812-2-768x448.jpg 768w, https:\/\/web.givex.com\/wp-content\/uploads\/2024\/03\/02.-AdobeStock_607398812-2-1536x896.jpg 1536w\" sizes=\"auto, (max-width: 2000px) 100vw, 2000px\" \/>    <\/figure>\n\n  <\/div>\n\n<\/div>\n\n\n<div id=\"block_c871b28755d35588984e84379b769e55\" class=\"card-grid acf-block alignwide\">\n  <div class=\"card-grid__container\">\n        <h2 class=\"card-grid__title\">Nossos pilares<\/h2>\n                    <ul class=\"card-grid__list\">\n            <li class=\"card-grid__item\">\n                <figure class=\"card-grid__figure\" role=\"none\">\n          <img loading=\"lazy\" decoding=\"async\" width=\"160\" height=\"160\" src=\"https:\/\/web.givex.com\/wp-content\/uploads\/2024\/12\/Check-Circle-Open.png\" class=\"attachment-full size-full\" alt=\"\" srcset=\"https:\/\/web.givex.com\/wp-content\/uploads\/2024\/12\/Check-Circle-Open.png 160w, https:\/\/web.givex.com\/wp-content\/uploads\/2024\/12\/Check-Circle-Open-150x150.png 150w\" sizes=\"auto, (max-width: 160px) 100vw, 160px\" \/>        <\/figure>\n        \n                <h3 class=\"card-grid__card-title\">Solu\u00e7\u00e3o<\/h3>\n        \n                <div class=\"card-grid__card-body\">\n          <p>Oferecemos solu\u00e7\u00f5es inteligentes, seguras e confi\u00e1veis que conectam marcas e pessoas atrav\u00e9s de transa\u00e7\u00f5es que impulsionam o crescimento dos neg\u00f3cios.<\/p>\n        <\/div>\n        \n              <\/li>\n            <li class=\"card-grid__item\">\n                <figure class=\"card-grid__figure\" role=\"none\">\n          <img loading=\"lazy\" decoding=\"async\" width=\"160\" height=\"160\" src=\"https:\/\/web.givex.com\/wp-content\/uploads\/2024\/12\/Marketplace.png\" class=\"attachment-full size-full\" alt=\"\" srcset=\"https:\/\/web.givex.com\/wp-content\/uploads\/2024\/12\/Marketplace.png 160w, https:\/\/web.givex.com\/wp-content\/uploads\/2024\/12\/Marketplace-150x150.png 150w\" sizes=\"auto, (max-width: 160px) 100vw, 160px\" \/>        <\/figure>\n        \n                <h3 class=\"card-grid__card-title\">Conex\u00e3o<\/h3>\n        \n                <div class=\"card-grid__card-body\">\n          <p>Do gift card ao GivexPOS, oferecemos um conjunto de solu\u00e7\u00f5es que geram insights valiosos para empresas de todos os tamanhos.<\/p>\n        <\/div>\n        \n              <\/li>\n            <li class=\"card-grid__item\">\n                <figure class=\"card-grid__figure\" role=\"none\">\n          <img loading=\"lazy\" decoding=\"async\" width=\"160\" height=\"160\" src=\"https:\/\/web.givex.com\/wp-content\/uploads\/2024\/12\/Support-Alt.png\" class=\"attachment-full size-full\" alt=\"\" srcset=\"https:\/\/web.givex.com\/wp-content\/uploads\/2024\/12\/Support-Alt.png 160w, https:\/\/web.givex.com\/wp-content\/uploads\/2024\/12\/Support-Alt-150x150.png 150w\" sizes=\"auto, (max-width: 160px) 100vw, 160px\" \/>        <\/figure>\n        \n                <h3 class=\"card-grid__card-title\">Suporte<\/h3>\n        \n                <div class=\"card-grid__card-body\">\n          <p>Com novas solu\u00e7\u00f5es ou com assist\u00eancia cont\u00ednua, aqui os clientes contam com uma equipe engajada e um suporte eficiente.<\/p>\n        <\/div>\n        \n              <\/li>\n          <\/ul>\n      <\/div>\n<\/div>\n\n\n\n<div class=\"wp-block-columns alignwide are-vertically-aligned-center no-margin-top no-margin-bottom is-layout-flex wp-container-core-columns-is-layout-9d6595d7 wp-block-columns-is-layout-flex\">\n<div class=\"wp-block-column is-vertically-aligned-center no-margin-top no-margin-bottom is-layout-flow wp-block-column-is-layout-flow\">\n<h2 class=\"wp-block-heading\" id=\"h-a-givex-tem-muito-orgulho-de-fazer-parte-da-historia-do-mercado-de-cartoes-pre-pagos-e-programas-de-fidelidade-no-brasil\">A Givex tem muito orgulho de fazer parte da hist\u00f3ria do mercado de cart\u00f5es pr\u00e9-pagos e programas de fidelidade no Brasil.<\/h2>\n<\/div>\n\n\n\n<div class=\"wp-block-column is-vertically-aligned-center is-layout-flow wp-block-column-is-layout-flow\" style=\"flex-basis:5%\"><\/div>\n\n\n\n<div class=\"wp-block-column is-vertically-aligned-center no-margin-top no-margin-bottom is-layout-flow wp-block-column-is-layout-flow\">\n<p>A nossa trajet\u00f3ria por aqui come\u00e7ou em 2009, quando o mercado local tinha poucos cases de sucesso no setor. A nossa decis\u00e3o, portanto, foi expandir a opera\u00e7\u00e3o global de Givex e trazer toda nossa tecnologia e conhecimento para o Brasil, com opera\u00e7\u00e3o local em S\u00e3o Paulo.<br><br>A uni\u00e3o de oportunidades com insights e experi\u00eancia nos permitiu construir n\u00e3o apenas cases de sucesso, mas parcerias de longa data, inovando e evoluindo a cada projeto conclu\u00eddo.<br><br>Assim se consolidou a Givex Brasil. E com foco sempre no cliente e na qualidade das nossas entregas, batemos a marca de R$14 bilh\u00f5es transacionados em nossa plataforma. Uma conquista que comprova a nossa dedica\u00e7\u00e3o e a nossa vontade de fazer acontecer.<br><br>Vem com a gente construir a sua hist\u00f3ria!<\/p>\n<\/div>\n<\/div>\n\n\n\n<h2 class=\"wp-block-heading has-text-align-center\" id=\"h-subsidiarias-operacionais\">Subsidi\u00e1rias operacionais<\/h2>\n\n\n\n<div class=\"geot-ajax geot-filter\" data-action=\"country_filter\" data-filter=\"\" data-region=\"africa, antarctica, asia, europe, north-america, oceania, south-america\" data-ex_filter=\"\" data-ex_region=\"\"><section id=\"block_36e462583510b4aa148d5358ea1776aa\"\n  class=\"logo-text acf-block alignwide\">\n  <div class=\"logo-text__container\">\n    \n    <div class=\"logo-text__content\">\n            <h2 class=\"logo-text__title h4\">Kalex<\/h2>\n      <div class=\"logo-text__body medium\">\n        <p>Kalex \u00e9 uma empresa de servi\u00e7os e consultoria de TI especializada em capacita\u00e7\u00e3o para o varejo f\u00edsico e digital. Possui mais de 15.000, incluindo marcas l\u00edderes como Burger King, KFC, Pizza Hut, Rexall e Taco Bell.<\/p>\n      <\/div>\n          <\/div>\n  <\/div>\n<\/section>\n<\/div>\n\n\n\n<div class=\"geot-ajax geot-filter\" data-action=\"country_filter\" data-filter=\"\" data-region=\"africa, antarctica, asia, europe, north-america, oceania, south-america\" data-ex_filter=\"\" data-ex_region=\"\"><section id=\"block_0062b2a2e9d6a1d4245b39e3620c5f1d\"\n  class=\"logo-text acf-block alignwide\">\n  <div class=\"logo-text__container\">\n    \n    <div class=\"logo-text__content\">\n            <h2 class=\"logo-text__title h4\">Loyalty Lane<\/h2>\n      <div class=\"logo-text__body medium\">\n        <p>Loyalty Lane \u00e9 uma empresa de tecnologia de marketing com 15 anos de atua\u00e7\u00e3o e que fornece uma solu\u00e7\u00e3o de CRM robusta. A Loyalty Lane atende mais de 2.000 mercearias, representando 14.000 caixas e bombas de combust\u00edvel, al\u00e9m de mais de 6 milh\u00f5es de consumidores cadastrados.<\/p>\n      <\/div>\n          <\/div>\n  <\/div>\n<\/section>\n<\/div>\n\n\n\n<div class=\"geot-ajax geot-filter\" data-action=\"country_filter\" data-filter=\"\" data-region=\"africa, antarctica, asia, europe, north-america, oceania, south-america\" data-ex_filter=\"\" data-ex_region=\"\"><section id=\"block_b4dad9192690448edd157a5f1892e587\"\n  class=\"logo-text acf-block alignwide\">\n  <div class=\"logo-text__container\">\n    \n    <div class=\"logo-text__content\">\n            <h2 class=\"logo-text__title h4\">Easy Information Solutions<\/h2>\n      <div class=\"logo-text__body medium\">\n        <p>Easy Information Solutions \u00e9 uma distribuidora e revendedora de PDV, sistemas cont\u00e1beis e administrativos para marcas de hot\u00e9is e restaurantes no M\u00e9xico h\u00e1 mais de 20 anos. \u00c9 conhecida por sua experi\u00eancia na representa\u00e7\u00e3o de marcas internacionais de tecnologia no mercado mexicano.<\/p>\n      <\/div>\n          <\/div>\n  <\/div>\n<\/section>\n<\/div>\n\n\n\n<div class=\"geot-ajax geot-filter\" data-action=\"country_filter\" data-filter=\"\" data-region=\"africa, antarctica, asia, europe, north-america, oceania, south-america\" data-ex_filter=\"\" data-ex_region=\"\"><section id=\"block_826b2c6f6064b58fa7e12cc16484b82a\"\n  class=\"logo-text acf-block alignwide\">\n  <div class=\"logo-text__container\">\n    \n    <div class=\"logo-text__content\">\n            <h2 class=\"logo-text__title h4\">Owen Business Systems<\/h2>\n      <div class=\"logo-text__body medium\">\n        <p>Por mais de 50 anos, a Owen Business Systems se especializou no atendimento aos setores de hospitalidade e varejo, fornecendo solu\u00e7\u00f5es de PDV aos restaurantes, mercearias, hot\u00e9is e varejo de roupas.<\/p>\n      <\/div>\n          <\/div>\n  <\/div>\n<\/section>\n<\/div>\n\n\n\n<div class=\"geot-ajax geot-filter\" data-action=\"country_filter\" data-filter=\"\" data-region=\"africa, antarctica, asia, europe, north-america, oceania, south-america\" data-ex_filter=\"\" data-ex_region=\"\"><section id=\"block_aa1c766cee99ac5cba74cb699b9237fa\"\n  class=\"logo-text acf-block alignwide\">\n  <div class=\"logo-text__container\">\n    \n    <div class=\"logo-text__content\">\n            <h2 class=\"logo-text__title h4\">Pi Cash Systeme<\/h2>\n      <div class=\"logo-text__body medium\">\n        <p>Pi Cash Systeme \u00e9 uma fornecedora su\u00ed\u00e7a l\u00edder de sistemas de ponto de venda, troca autom\u00e1tica de moedas e terminais de carregamento de selos. Ela fornece solu\u00e7\u00f5es de pagamento seguras e f\u00e1ceis de usar para hot\u00e9is, restaurantes e varejistas h\u00e1 mais de 20 anos.<\/p>\n      <\/div>\n          <\/div>\n  <\/div>\n<\/section>\n<\/div>\n\n\n\n<div class=\"geot-ajax geot-filter\" data-action=\"country_filter\" data-filter=\"\" data-region=\"africa, antarctica, asia, europe, north-america, oceania, south-america\" data-ex_filter=\"\" data-ex_region=\"\"><section id=\"block_4baee41dda0f95fd30dba5689e4fc94b\"\n  class=\"logo-text acf-block alignwide\">\n  <div class=\"logo-text__container\">\n    \n    <div class=\"logo-text__content\">\n            <h2 class=\"logo-text__title h4\">ValuAccess<\/h2>\n      <div class=\"logo-text__body medium\">\n        <p>ValuAccess Hong Kong Limited \u00e9 uma fornecedora de servi\u00e7os completos de Cart\u00f5es-Presente de marca e programas de fidelidade na regi\u00e3o da \u00c1sia-Pac\u00edfico. Foi criada em 2005 em Hong Kong. Ela opera programas de Cart\u00f5es-Presente na Mal\u00e1sia, Cingapura, China e Hong Kong.<\/p>\n      <\/div>\n          <\/div>\n  <\/div>\n<\/section>\n<\/div>\n","protected":false},"excerpt":{"rendered":"<p>A Givex tem muito orgulho de fazer parte da hist\u00f3ria do mercado de cart\u00f5es pr\u00e9-pagos e programas de fidelidade no Brasil. A nossa trajet\u00f3ria por aqui come\u00e7ou em 2009, quando o mercado local tinha poucos cases de sucesso no setor. A nossa decis\u00e3o, portanto, foi expandir a opera\u00e7\u00e3o global de Givex e trazer toda nossa [&hellip;]<\/p>\n","protected":false},"author":25,"featured_media":0,"parent":0,"menu_order":0,"comment_status":"closed","ping_status":"closed","template":"","meta":{"_acf_changed":false,"content-type":"","inline_featured_image":false,"footnotes":""},"class_list":["post-23664","page","type-page","status-publish","hentry"],"acf":[],"yoast_head":"<!-- This site is optimized with the Yoast SEO plugin v27.3 - https:\/\/yoast.com\/product\/yoast-seo-wordpress\/ -->\n<title>Shift4 | Sobre nos<\/title>\n<meta name=\"robots\" content=\"index, follow, max-snippet:-1, max-image-preview:large, max-video-preview:-1\" \/>\n<link rel=\"canonical\" href=\"https:\/\/web.givex.com\/pt\/sobre-nos\/\" \/>\n<meta property=\"og:locale\" content=\"pt_PT\" \/>\n<meta property=\"og:type\" content=\"article\" \/>\n<meta property=\"og:title\" content=\"Shift4 | Sobre nos\" \/>\n<meta property=\"og:description\" content=\"A Givex tem muito orgulho de fazer parte da hist\u00f3ria do mercado de cart\u00f5es pr\u00e9-pagos e programas de fidelidade no Brasil. A nossa trajet\u00f3ria por aqui come\u00e7ou em 2009, quando o mercado local tinha poucos cases de sucesso no setor. A nossa decis\u00e3o, portanto, foi expandir a opera\u00e7\u00e3o global de Givex e trazer toda nossa [&hellip;]\" \/>\n<meta property=\"og:url\" content=\"https:\/\/web.givex.com\/pt\/sobre-nos\/\" \/>\n<meta property=\"og:site_name\" content=\"Shift4\" \/>\n<meta property=\"article:modified_time\" content=\"2024-12-31T03:17:21+00:00\" \/>\n<meta name=\"twitter:card\" content=\"summary_large_image\" \/>\n<meta name=\"twitter:site\" content=\"@GivexCorp\" \/>\n<script type=\"application\/ld+json\" class=\"yoast-schema-graph\">{\"@context\":\"https:\\\/\\\/schema.org\",\"@graph\":[{\"@type\":\"WebPage\",\"@id\":\"https:\\\/\\\/web.givex.com\\\/pt\\\/sobre-nos\\\/\",\"url\":\"https:\\\/\\\/web.givex.com\\\/pt\\\/sobre-nos\\\/\",\"name\":\"Shift4 | Sobre nos\",\"isPartOf\":{\"@id\":\"https:\\\/\\\/web.givex.com\\\/pt\\\/#website\"},\"datePublished\":\"2023-12-21T16:50:39+00:00\",\"dateModified\":\"2024-12-31T03:17:21+00:00\",\"inLanguage\":\"pt\",\"potentialAction\":[{\"@type\":\"ReadAction\",\"target\":[\"https:\\\/\\\/web.givex.com\\\/pt\\\/sobre-nos\\\/\"]}]},{\"@type\":\"WebSite\",\"@id\":\"https:\\\/\\\/web.givex.com\\\/pt\\\/#website\",\"url\":\"https:\\\/\\\/web.givex.com\\\/pt\\\/\",\"name\":\"Givex\",\"description\":\"Integrate Payments and Commerce Technology\",\"publisher\":{\"@id\":\"https:\\\/\\\/web.givex.com\\\/pt\\\/#organization\"},\"potentialAction\":[{\"@type\":\"SearchAction\",\"target\":{\"@type\":\"EntryPoint\",\"urlTemplate\":\"https:\\\/\\\/web.givex.com\\\/pt\\\/?s={search_term_string}\"},\"query-input\":{\"@type\":\"PropertyValueSpecification\",\"valueRequired\":true,\"valueName\":\"search_term_string\"}}],\"inLanguage\":\"pt\"},{\"@type\":\"Organization\",\"@id\":\"https:\\\/\\\/web.givex.com\\\/pt\\\/#organization\",\"name\":\"Givex\",\"url\":\"https:\\\/\\\/web.givex.com\\\/pt\\\/\",\"logo\":{\"@type\":\"ImageObject\",\"inLanguage\":\"pt\",\"@id\":\"https:\\\/\\\/web.givex.com\\\/pt\\\/#\\\/schema\\\/logo\\\/image\\\/\",\"url\":\"https:\\\/\\\/web.givex.com\\\/wp-content\\\/uploads\\\/2024\\\/03\\\/givex-blue-bg.png\",\"contentUrl\":\"https:\\\/\\\/web.givex.com\\\/wp-content\\\/uploads\\\/2024\\\/03\\\/givex-blue-bg.png\",\"width\":1200,\"height\":1200,\"caption\":\"Givex\"},\"image\":{\"@id\":\"https:\\\/\\\/web.givex.com\\\/pt\\\/#\\\/schema\\\/logo\\\/image\\\/\"},\"sameAs\":[\"https:\\\/\\\/x.com\\\/GivexCorp\",\"https:\\\/\\\/www.linkedin.com\\\/company\\\/givex\\\/\",\"https:\\\/\\\/www.youtube.com\\\/@givexcorp6643\"]}]}<\/script>\n<!-- \/ Yoast SEO plugin. -->","yoast_head_json":{"title":"Shift4 | Sobre nos","robots":{"index":"index","follow":"follow","max-snippet":"max-snippet:-1","max-image-preview":"max-image-preview:large","max-video-preview":"max-video-preview:-1"},"canonical":"https:\/\/web.givex.com\/pt\/sobre-nos\/","og_locale":"pt_PT","og_type":"article","og_title":"Shift4 | Sobre nos","og_description":"A Givex tem muito orgulho de fazer parte da hist\u00f3ria do mercado de cart\u00f5es pr\u00e9-pagos e programas de fidelidade no Brasil. A nossa trajet\u00f3ria por aqui come\u00e7ou em 2009, quando o mercado local tinha poucos cases de sucesso no setor. A nossa decis\u00e3o, portanto, foi expandir a opera\u00e7\u00e3o global de Givex e trazer toda nossa [&hellip;]","og_url":"https:\/\/web.givex.com\/pt\/sobre-nos\/","og_site_name":"Shift4","article_modified_time":"2024-12-31T03:17:21+00:00","twitter_card":"summary_large_image","twitter_site":"@GivexCorp","schema":{"@context":"https:\/\/schema.org","@graph":[{"@type":"WebPage","@id":"https:\/\/web.givex.com\/pt\/sobre-nos\/","url":"https:\/\/web.givex.com\/pt\/sobre-nos\/","name":"Shift4 | Sobre nos","isPartOf":{"@id":"https:\/\/web.givex.com\/pt\/#website"},"datePublished":"2023-12-21T16:50:39+00:00","dateModified":"2024-12-31T03:17:21+00:00","inLanguage":"pt","potentialAction":[{"@type":"ReadAction","target":["https:\/\/web.givex.com\/pt\/sobre-nos\/"]}]},{"@type":"WebSite","@id":"https:\/\/web.givex.com\/pt\/#website","url":"https:\/\/web.givex.com\/pt\/","name":"Givex","description":"Integrate Payments and Commerce Technology","publisher":{"@id":"https:\/\/web.givex.com\/pt\/#organization"},"potentialAction":[{"@type":"SearchAction","target":{"@type":"EntryPoint","urlTemplate":"https:\/\/web.givex.com\/pt\/?s={search_term_string}"},"query-input":{"@type":"PropertyValueSpecification","valueRequired":true,"valueName":"search_term_string"}}],"inLanguage":"pt"},{"@type":"Organization","@id":"https:\/\/web.givex.com\/pt\/#organization","name":"Givex","url":"https:\/\/web.givex.com\/pt\/","logo":{"@type":"ImageObject","inLanguage":"pt","@id":"https:\/\/web.givex.com\/pt\/#\/schema\/logo\/image\/","url":"https:\/\/web.givex.com\/wp-content\/uploads\/2024\/03\/givex-blue-bg.png","contentUrl":"https:\/\/web.givex.com\/wp-content\/uploads\/2024\/03\/givex-blue-bg.png","width":1200,"height":1200,"caption":"Givex"},"image":{"@id":"https:\/\/web.givex.com\/pt\/#\/schema\/logo\/image\/"},"sameAs":["https:\/\/x.com\/GivexCorp","https:\/\/www.linkedin.com\/company\/givex\/","https:\/\/www.youtube.com\/@givexcorp6643"]}]}},"_links":{"self":[{"href":"https:\/\/web.givex.com\/pt\/wp-json\/wp\/v2\/pages\/23664","targetHints":{"allow":["GET"]}}],"collection":[{"href":"https:\/\/web.givex.com\/pt\/wp-json\/wp\/v2\/pages"}],"about":[{"href":"https:\/\/web.givex.com\/pt\/wp-json\/wp\/v2\/types\/page"}],"author":[{"embeddable":true,"href":"https:\/\/web.givex.com\/pt\/wp-json\/wp\/v2\/users\/25"}],"replies":[{"embeddable":true,"href":"https:\/\/web.givex.com\/pt\/wp-json\/wp\/v2\/comments?post=23664"}],"version-history":[{"count":72,"href":"https:\/\/web.givex.com\/pt\/wp-json\/wp\/v2\/pages\/23664\/revisions"}],"predecessor-version":[{"id":32952,"href":"https:\/\/web.givex.com\/pt\/wp-json\/wp\/v2\/pages\/23664\/revisions\/32952"}],"wp:attachment":[{"href":"https:\/\/web.givex.com\/pt\/wp-json\/wp\/v2\/media?parent=23664"}],"curies":[{"name":"wp","href":"https:\/\/api.w.org\/{rel}","templated":true}]}}