{"id":12730,"date":"2023-12-21T12:25:54","date_gmt":"2023-12-21T17:25:54","guid":{"rendered":"https:\/\/web.givex.com\/politica-de-privacidade\/"},"modified":"2025-03-06T10:36:44","modified_gmt":"2025-03-06T15:36:44","slug":"politica-de-privacidade","status":"publish","type":"page","link":"https:\/\/web.givex.com\/pt\/politica-de-privacidade\/","title":{"rendered":"Privacy Policy"},"content":{"rendered":"<div id=\"block_f8b71d6200bd2e1840c13872f96c56de\" class=\"hero-full acf-block no-margin-bottom alignfull\">\n\n\t<figure class=\"hero-full__figure hero__figure--center\" data-background-mode=\"transparent\" role=\"none\">\n\t\t<img loading=\"lazy\" decoding=\"async\" width=\"2200\" height=\"1042\" src=\"https:\/\/web.givex.com\/wp-content\/uploads\/2024\/03\/AdobeStock_565929543-hero.jpg\" class=\"attachment-full size-full\" alt=\"\" srcset=\"https:\/\/web.givex.com\/wp-content\/uploads\/2024\/03\/AdobeStock_565929543-hero.jpg 2200w, https:\/\/web.givex.com\/wp-content\/uploads\/2024\/03\/AdobeStock_565929543-hero-300x142.jpg 300w, https:\/\/web.givex.com\/wp-content\/uploads\/2024\/03\/AdobeStock_565929543-hero-1024x485.jpg 1024w, https:\/\/web.givex.com\/wp-content\/uploads\/2024\/03\/AdobeStock_565929543-hero-768x364.jpg 768w, https:\/\/web.givex.com\/wp-content\/uploads\/2024\/03\/AdobeStock_565929543-hero-1536x728.jpg 1536w, https:\/\/web.givex.com\/wp-content\/uploads\/2024\/03\/AdobeStock_565929543-hero-2048x970.jpg 2048w\" sizes=\"auto, (max-width: 2200px) 100vw, 2200px\" \/>\t<\/figure>\n\n\t<div class=\"hero-full__container\">\n\n\t\t<div class=\"hero-full__content\" data-background-mode=\"transparent\">\n\n\t\t\t\n\t\t\t\t\t\t\t<h1 class=\"hero-full__title\">Pol\u00edtica de Privacidade<\/h1>\n\t\t\t\n\t\t\t\t\t\t\t<div class=\"hero-full__body\"><p>A prote\u00e7\u00e3o da privacidade e o Tratamento de Dados Pessoais de forma transparente, \u00e9tica, segura e respons\u00e1vel s\u00e3o valores essenciais para n\u00f3s.<\/p>\n<\/div>\n\t\t\t\n\t\t\t\n\t\t\t\t\t<\/div>\n\n\t\t\n\t<\/div>\n\n<\/div>\n\n\n<section id=\"block_b1fcb28bed55d5b73a892681b04634da\" class=\"background background--white acf-block no-margin-top alignfull\">\n\t<div class=\"background__container\">\n\t\t<div class=\"wp-content\">\n\t\t\t\n\n<p>Esta Pol\u00edtica de Privacidade e Cookies (\u201cPol\u00edtica\u201d) esclarece como a Givex coleta, usa, compartilha e\/ou trata informa\u00e7\u00f5es e Dados Pessoais de pessoas f\u00edsicas, inclusive de clientes e de terceiros, para o desempenho de nossas atividades, incluindo em nossos Sites e Aplicativos.<\/p>\n\n\n\n<p>Aqui voc\u00ea tamb\u00e9m encontra informa\u00e7\u00f5es sobre o exerc\u00edcio dos direitos assegurados pela LGPD &#8211; Lei Geral de Prote\u00e7\u00e3o de Dados pessoais (Lei n\u00ba 13.709\/18) e demais legisla\u00e7\u00f5es aplic\u00e1veis.<\/p>\n\n\n\n<h3 class=\"wp-block-heading\" id=\"h-definicao-de-dados-pessoais\"><strong><strong>Defini\u00e7\u00e3o de Dados Pessoais<\/strong><\/strong><\/h3>\n\n\n\n<p>Conforme utilizado nesta Pol\u00edtica de Privacidade, \u201cDados Pessoais\u201d significa informa\u00e7\u00f5es pessoalmente identific\u00e1veis, incluindo, sem limita\u00e7\u00e3o, seu nome, endere\u00e7o, n\u00famero de telefone, nome de usu\u00e1rio e endere\u00e7o de e-mail.<\/p>\n\n\n\n<h3 class=\"wp-block-heading\" id=\"h-finalidade-da-coleta-de-dados-pessoais\"><strong><strong>Finalidade da Coleta de Dados Pessoais<\/strong><\/strong><\/h3>\n\n\n\n<p>Quando voc\u00ea fornece Dados Pessoais neste site, a Givex os usar\u00e1 para o prop\u00f3sito espec\u00edfico para o qual foram fornecidos (por exemplo, para inscrev\u00ea-lo em um concurso ou para lhe enviar informa\u00e7\u00f5es).<\/p>\n\n\n\n<p>Em nosso site, voc\u00ea pode ser solicitado a fornecer Informa\u00e7\u00f5es Pessoais para que possa se registrar em um servi\u00e7o, enviar cart\u00f5es presentes virtuais, solicitar informa\u00e7\u00f5es ou mala direta, comprar um produto ou servi\u00e7o, preencher uma pesquisa ou por v\u00e1rios outros motivos. &nbsp;<\/p>\n\n\n\n<p>Os dados pessoais coletados desta forma s\u00e3o (i)dados cadastrais, tais como nome e sobrenome, data de nascimento, CPF e g\u00eanero; (ii) dados de contato, tais como telefone e e-mail; (iii) dados referentes \u00e0s transa\u00e7\u00f5es realizadas em nosso site, tais como data, valor da transa\u00e7\u00e3o e forma de pagamento.<\/p>\n\n\n\n<p>Voc\u00ea tamb\u00e9m pode ser solicitado a fornecer Dados &nbsp;Pessoais sobre terceiros (por exemplo, quando voc\u00ea envia um cart\u00e3o presente virtual para algu\u00e9m, precisaremos que voc\u00ea forne\u00e7a o nome e o endere\u00e7o de e-mail ou endere\u00e7o postal do destinat\u00e1rio). Observe que usamos essas informa\u00e7\u00f5es apenas para a finalidade especificada (por exemplo, para enviar o cart\u00e3o presente virtual) e n\u00e3o entraremos em contato novamente com esse terceiro por nenhum meio, a menos que e at\u00e9 que o terceiro entre em contato conosco.<br><\/p>\n\n\n\n<h3 class=\"wp-block-heading\" id=\"h-outras-informacoes-que-podemos-coletar-automaticamente-ao-navegar-em-nosso-site\"><strong><strong>Outras informa\u00e7\u00f5es que podemos coletar automaticamente ao navegar em nosso site<\/strong><\/strong><\/h3>\n\n\n\n<p>A Givex pode coletar automaticamente outras informa\u00e7\u00f5es sobre voc\u00ea durante sua visita ao nosso site, mas essas informa\u00e7\u00f5es n\u00e3o ser\u00e3o vinculadas aos seus Dados Pessoais (isto \u00e9, s\u00e3o coletadas apenas de forma agregada em rela\u00e7\u00e3o a todos os usu\u00e1rios do nosso site e n\u00e3o ser\u00e3o vinculadas a voc\u00ea pessoalmente). Essas informa\u00e7\u00f5es podem incluir:<\/p>\n\n\n\n<ul class=\"wp-block-list\">\n<li>Informa\u00e7\u00f5es sobre os produtos ou servi\u00e7os que voc\u00ea compra atrav\u00e9s do nosso site.<\/li>\n\n\n\n<li>Informa\u00e7\u00f5es sobre seu computador, como seu endere\u00e7o IP (um n\u00famero atribu\u00eddo ao seu computador sempre que voc\u00ea usa a Internet), o tipo de navegador de Internet que voc\u00ea est\u00e1 usando, o tipo de sistema operacional do seu computador e o nome do dom\u00ednio do site a partir do qual voc\u00ea acessou nosso site;<\/li>\n\n\n\n<li>Informa\u00e7\u00f5es sobre as \u00e1reas que voc\u00ea visita em nosso site;<\/li>\n<\/ul>\n\n\n\n<h3 class=\"wp-block-heading\" id=\"h-cookies\"><strong><strong>Cookies<\/strong><\/strong><\/h3>\n\n\n\n<p>Cookies s\u00e3o arquivos ou fragmentos de informa\u00e7\u00f5es que podem ser armazenados no disco r\u00edgido do seu computador quando voc\u00ea visita um site. A Givex pode usar cookies para entender como e quando um usu\u00e1rio visita \u00e1reas dentro do nosso site, para que possamos identificar quais \u00e1reas s\u00e3o populares e quais podem precisar de melhorias. Tamb\u00e9m usamos cookies para acelerar suas futuras atividades em nosso site, pois o computador lembrar\u00e1 que voc\u00ea j\u00e1 forneceu Informa\u00e7\u00f5es Pessoais para n\u00f3s. A Givex n\u00e3o compartilha Informa\u00e7\u00f5es Pessoais obtidas por meio de cookies com terceiros.<\/p>\n\n\n\n<p>A maioria dos navegadores est\u00e1 inicialmente configurada para aceitar cookies. Se preferir, voc\u00ea pode configurar o seu navegador para recus\u00e1-los ou para alert\u00e1-lo quando os cookies estiverem sendo enviados.<\/p>\n\n\n\n<h3 class=\"wp-block-heading\" id=\"h-compartilhamento-de-dados-pessoais-com-terceiros\"><strong><strong>Compartilhamento de Dados Pessoais com terceiros<\/strong><\/strong><\/h3>\n\n\n\n<p>A Givex n\u00e3o compartilha nenhum Dado Pessoal com terceiros, exceto conforme disposto nesta Pol\u00edtica.<\/p>\n\n\n\n<p>\u00c0s vezes, podemos contratar terceiros para atuar como nossos agentes para analisar os dados coletados em nossos sites, incluindo Dados Pessoais, exclusivamente para nos ajudar a melhorar nossos produtos e nossos sites (por exemplo, se voc\u00ea solicitar uma amostra, uma empresa de pesquisa de mercado contratada por n\u00f3s pode entrar em contato com voc\u00ea para saber sobre sua experi\u00eancia com o produto). Al\u00e9m disso, se voc\u00ea solicitar um produto ou servi\u00e7o de n\u00f3s, podemos compartilhar Dados Pessoais com fornecedores e outros terceiros para permitir a entrega desse produto ou servi\u00e7o. Esses fornecedores e terceiros n\u00e3o est\u00e3o autorizados por n\u00f3s a usar suas Dados Pessoais de qualquer outra forma. Nesse caso, esses fornecedores e\/ou terceiros assumir\u00e3o a qualidade de operadores nos termos da legisla\u00e7\u00e3o vigente e ter\u00e3o se comprometido por escrito a tratar os Dados Pessoais exclusivamente de acordo com nossas instru\u00e7\u00f5es l\u00edcitas, al\u00e9m de trat\u00e1-los com sigilo.<\/p>\n\n\n\n<p>Por fim, observe que divulgaremos Dados Pessoais se formos obrigados a faz\u00ea-lo por lei ou regulamento governamental, ou por ordem emanada pelo Poder Judici\u00e1rio, pela Autoridade Nacional de Prote\u00e7\u00e3o de Dados Pessoais (ANPD), pelo Minist\u00e9rio P\u00fablico ou por autoridade policial ou administrativa.<\/p>\n\n\n\n<h3 class=\"wp-block-heading\" id=\"h-envio-de-correspondencias-e-outros-contatos\"><strong><strong>Envio de correspond\u00eancias e outros contatos<\/strong><\/strong><\/h3>\n\n\n\n<p>A Givex n\u00e3o usar\u00e1 seus Dados Pessoais para enviar correspond\u00eancias ou contat\u00e1-lo de qualquer outra forma, a menos que voc\u00ea tenha expressamente nos autorizado a faz\u00ea-lo. Al\u00e9m disso, a qualquer momento, voc\u00ea pode nos informar que deseja interromper o recebimento dessas correspond\u00eancias ou contatos (veja \u201cQuem Contatar\u201d abaixo). wish to discontinue such mailings or contact (see \u201cWho to Contact\u201d below).<\/p>\n\n\n\n<h3 class=\"wp-block-heading\" id=\"h-criancas\"><strong><strong>Crian\u00e7as<\/strong><\/strong><\/h3>\n\n\n\n<p>A Givex est\u00e1 comprometida em proteger a privacidade online das crian\u00e7as, incluindo adolescentes, e em tornar a Internet segura para nossos usu\u00e1rios. Para esse fim, nenhuma informa\u00e7\u00e3o deve ser enviada ou postada neste site por crian\u00e7as menores de 18 anos sem a permiss\u00e3o de seus pais ou respons\u00e1veis. Al\u00e9m disso, se um usu\u00e1rio menor de 18 anos desejar nos enviar Informa\u00e7\u00f5es Pessoais, ele ou ela deve primeiro fornecer o endere\u00e7o de e-mail de seus pais ou respons\u00e1veis para que possamos obter sua permiss\u00e3o. Nenhuma Informa\u00e7\u00e3o Pessoal ser\u00e1 aceita de uma crian\u00e7a menor de 18 anos antes que essa permiss\u00e3o seja obtida.<\/p>\n\n\n\n<p>Se seu filho j\u00e1 nos forneceu Informa\u00e7\u00f5es Pessoais, voc\u00ea pode solicitar acesso a essas informa\u00e7\u00f5es para corrigi-las ou solicitar que as excluamos completamente de nossos registros (veja \u201cQuem Contatar\u201d abaixo).<\/p>\n\n\n\n<h3 class=\"wp-block-heading\" id=\"h-seguranca-das-informacoes\"><strong><strong>Seguran\u00e7a das informa\u00e7\u00f5es<\/strong><\/strong><\/h3>\n\n\n\n<p>Utilizamos tecnologia de ponta para manter suas Informa\u00e7\u00f5es Pessoais o mais seguras poss\u00edvel. O acesso \u00e0s suas Informa\u00e7\u00f5es Pessoais \u00e9 permitido entre nossos funcion\u00e1rios apenas com base na necessidade de conhecimento, e qualquer contratante externo com acesso a essas informa\u00e7\u00f5es deve primeiro assinar um contrato de confidencialidade conosco.<\/p>\n\n\n\n<h3 class=\"wp-block-heading\" id=\"h-direitos-dos-titulares-de-dados-pessoais\"><strong><strong>Direitos dos Titulares de Dados Pessoais<\/strong><\/strong><\/h3>\n\n\n\n<p>Na qualidade de titular de Dados Pessoais, voc\u00ea poder\u00e1 entrar em contato conosco para exercer determinados direitos, de modo a requerer: (i) a confirma\u00e7\u00e3o da exist\u00eancia de tratamento de seus Dados Pessoais; (ii) o acesso aos seus dados; (iii) a corre\u00e7\u00e3o de seus dados incompletos, inexatos ou desatualizados; (iv) a anonimiza\u00e7\u00e3o, bloqueio ou elimina\u00e7\u00e3o de seus dados que sejam desnecess\u00e1rios, excessivos, ou tratados em desconformidade com o disposto na legisla\u00e7\u00e3o aplic\u00e1vel; (v) a portabilidade dos seus dados a outro fornecedor de servi\u00e7o ou produto, de acordo com a regulamenta\u00e7\u00e3o da ANPD, observados os segredos comercial e industrial; (vi) a elimina\u00e7\u00e3o dos seus dados pessoais, exceto nas hip\u00f3teses previstas na legisla\u00e7\u00e3o aplic\u00e1vel; (vii) a informa\u00e7\u00e3o das entidades p\u00fablicas e privadas com as quais compartilhamos seus dados; (viii) a informa\u00e7\u00e3o sobre a possibilidade de voc\u00ea n\u00e3o fornecer consentimento e sobre as consequ\u00eancias da sua negativa; (ix) a revoga\u00e7\u00e3o do seu consentimento, quando voc\u00ea tiver nos fornecido, resguardado o interesse p\u00fablico que possa justificar a continuidade do tratamento ou a exist\u00eancia de outra base legal que autorize; (x) oposi\u00e7\u00e3o a qualquer tratamento de dados pessoais com fundamento em uma das hip\u00f3teses em que seu consentimento \u00e9 dispensado, desde que tenha ocorrido o descumprimento ao disposto na legisla\u00e7\u00e3o aplic\u00e1vel e resguardado o interesse p\u00fablico que possa justificar a continuidade do tratamento; e (xi) a revis\u00e3o de decis\u00f5es tomadas unicamente com base em tratamento automatizado de dados pessoais que afetem seus interesses.<\/p>\n\n\n\n<p>O seu requerimento poder\u00e1 ser feito gratuitamente para o email ou endere\u00e7o indicado no item \u201cQuem Contatar\u201d a seguir.<\/p>\n\n\n\n<h3 class=\"wp-block-heading\" id=\"h-alteracoes-na-nossa-politica\"><strong><strong>Altera\u00e7\u00f5es na nossa pol\u00edtica<\/strong><\/strong><\/h3>\n\n\n\n<p>A Givex se reserva o direito de alterar ou remover esta Pol\u00edtica de Privacidade a seu crit\u00e9rio. Sempre que fizermos qualquer altera\u00e7\u00e3o nesta Pol\u00edtica de Privacidade, publicaremos as mudan\u00e7as aqui. Recomendamos que voc\u00ea visite esta \u00e1rea frequentemente para se manter informado.<\/p>\n\n\n\n<h3 class=\"wp-block-heading\" id=\"h-quem-contatar\"><strong>Quem contatar<\/strong><\/h3>\n\n\n\n<p>Por favor, nos escreva em&nbsp;<strong>privacy-officer@givex.com<\/strong>&nbsp;ou&nbsp;<strong>aos cuidados de: Maria Costa, Givex, &nbsp;Avenida Marcos Penteado de Ulhoa Rodrigues N\u00ba 939, Andar 8\u00ba, Compl.: Torre I \u2013 Ed.&nbsp;Jacarand\u00e1, Bairro: S\u00edtio Tambor\u00e9 Jubran, CEP 06460-040 \u2013&nbsp;Barueri\/S\u00e3o Paulo.&nbsp; Telefone: 0800 8920281&nbsp;<\/strong>caso tenha quaisquer coment\u00e1rios ou perguntas sobre esta Pol\u00edtica de Privacidade, ou para realizar qualquer uma das seguintes a\u00e7\u00f5es:<\/p>\n\n\n\n<ul class=\"wp-block-list\">\n<li>Ver as Informa\u00e7\u00f5es Pessoais que voc\u00ea j\u00e1 nos enviou para que possa corrigi-las ou atualiz\u00e1-las;<\/li>\n\n\n\n<li>Solicitar a remo\u00e7\u00e3o de suas Informa\u00e7\u00f5es Pessoais de nossos registros;<\/li>\n\n\n\n<li>Corrigir ou atualizar Informa\u00e7\u00f5es Pessoais que seu filho menor de 18 anos nos enviou;<\/li>\n\n\n\n<li>Solicitar a remo\u00e7\u00e3o dos nossos registros das Informa\u00e7\u00f5es Pessoais que seu filho menor de 13 anos nos enviou;<\/li>\n\n\n\n<li>Solicitar que n\u00e3o enviemos correspond\u00eancias ou entremos em contato com voc\u00ea;<\/li>\n\n\n\n<li>Relatar qualquer viola\u00e7\u00e3o desta Pol\u00edtica de Privacidade.<\/li>\n<\/ul>\n\n\n\n<p>A Givex est\u00e1 comprometida em proteger sua privacidade em rela\u00e7\u00e3o a este site. Por favor, n\u00e3o hesite em nos contatar caso tenha qualquer d\u00favida, coment\u00e1rio ou preocupa\u00e7\u00e3o sobre esta Pol\u00edtica de Privacidade.<\/p>\n\n\n\n<div style=\"height:5px\" aria-hidden=\"true\" class=\"wp-block-spacer\"><\/div>\n\n\n\t\t<\/div>\n\t<\/div>\n<\/section>\n","protected":false},"excerpt":{"rendered":"","protected":false},"author":35,"featured_media":0,"parent":0,"menu_order":0,"comment_status":"closed","ping_status":"closed","template":"","meta":{"_acf_changed":false,"content-type":"","inline_featured_image":false,"footnotes":""},"class_list":["post-12730","page","type-page","status-publish","hentry"],"acf":[],"yoast_head":"<!-- This site is optimized with the Yoast SEO plugin v27.1.1 - https:\/\/yoast.com\/product\/yoast-seo-wordpress\/ -->\n<title>Shift4 | Privacy Policy<\/title>\n<meta name=\"description\" content=\"By using this website, you agree to the collection and use of information in accordance with our Privacy Policy.\" \/>\n<meta name=\"robots\" content=\"index, follow, max-snippet:-1, max-image-preview:large, max-video-preview:-1\" \/>\n<link rel=\"canonical\" href=\"https:\/\/web.givex.com\/pt\/politica-de-privacidade\/\" \/>\n<meta property=\"og:locale\" content=\"pt_PT\" \/>\n<meta property=\"og:type\" content=\"article\" \/>\n<meta property=\"og:title\" content=\"Shift4 | Privacy Policy\" \/>\n<meta property=\"og:description\" content=\"By using this website, you agree to the collection and use of information in accordance with our Privacy Policy.\" \/>\n<meta property=\"og:url\" content=\"https:\/\/web.givex.com\/pt\/politica-de-privacidade\/\" \/>\n<meta property=\"og:site_name\" content=\"Shift4\" \/>\n<meta property=\"article:modified_time\" content=\"2025-03-06T15:36:44+00:00\" \/>\n<meta name=\"twitter:card\" content=\"summary_large_image\" \/>\n<meta name=\"twitter:site\" content=\"@GivexCorp\" \/>\n<script type=\"application\/ld+json\" class=\"yoast-schema-graph\">{\"@context\":\"https:\/\/schema.org\",\"@graph\":[{\"@type\":\"WebPage\",\"@id\":\"https:\/\/web.givex.com\/pt\/politica-de-privacidade\/\",\"url\":\"https:\/\/web.givex.com\/pt\/politica-de-privacidade\/\",\"name\":\"Shift4 | Privacy Policy\",\"isPartOf\":{\"@id\":\"https:\/\/web.givex.com\/pt\/#website\"},\"datePublished\":\"2023-12-21T17:25:54+00:00\",\"dateModified\":\"2025-03-06T15:36:44+00:00\",\"description\":\"By using this website, you agree to the collection and use of information in accordance with our Privacy Policy.\",\"inLanguage\":\"pt\",\"potentialAction\":[{\"@type\":\"ReadAction\",\"target\":[\"https:\/\/web.givex.com\/pt\/politica-de-privacidade\/\"]}]},{\"@type\":\"WebSite\",\"@id\":\"https:\/\/web.givex.com\/pt\/#website\",\"url\":\"https:\/\/web.givex.com\/pt\/\",\"name\":\"Givex\",\"description\":\"Integrate Payments and Commerce Technology\",\"publisher\":{\"@id\":\"https:\/\/web.givex.com\/pt\/#organization\"},\"potentialAction\":[{\"@type\":\"SearchAction\",\"target\":{\"@type\":\"EntryPoint\",\"urlTemplate\":\"https:\/\/web.givex.com\/pt\/?s={search_term_string}\"},\"query-input\":{\"@type\":\"PropertyValueSpecification\",\"valueRequired\":true,\"valueName\":\"search_term_string\"}}],\"inLanguage\":\"pt\"},{\"@type\":\"Organization\",\"@id\":\"https:\/\/web.givex.com\/pt\/#organization\",\"name\":\"Givex\",\"url\":\"https:\/\/web.givex.com\/pt\/\",\"logo\":{\"@type\":\"ImageObject\",\"inLanguage\":\"pt\",\"@id\":\"https:\/\/web.givex.com\/pt\/#\/schema\/logo\/image\/\",\"url\":\"https:\/\/web.givex.com\/wp-content\/uploads\/2024\/03\/givex-blue-bg.png\",\"contentUrl\":\"https:\/\/web.givex.com\/wp-content\/uploads\/2024\/03\/givex-blue-bg.png\",\"width\":1200,\"height\":1200,\"caption\":\"Givex\"},\"image\":{\"@id\":\"https:\/\/web.givex.com\/pt\/#\/schema\/logo\/image\/\"},\"sameAs\":[\"https:\/\/x.com\/GivexCorp\",\"https:\/\/www.linkedin.com\/company\/givex\/\",\"https:\/\/www.youtube.com\/@givexcorp6643\"]}]}<\/script>\n<!-- \/ Yoast SEO plugin. -->","yoast_head_json":{"title":"Shift4 | Privacy Policy","description":"By using this website, you agree to the collection and use of information in accordance with our Privacy Policy.","robots":{"index":"index","follow":"follow","max-snippet":"max-snippet:-1","max-image-preview":"max-image-preview:large","max-video-preview":"max-video-preview:-1"},"canonical":"https:\/\/web.givex.com\/pt\/politica-de-privacidade\/","og_locale":"pt_PT","og_type":"article","og_title":"Shift4 | Privacy Policy","og_description":"By using this website, you agree to the collection and use of information in accordance with our Privacy Policy.","og_url":"https:\/\/web.givex.com\/pt\/politica-de-privacidade\/","og_site_name":"Shift4","article_modified_time":"2025-03-06T15:36:44+00:00","twitter_card":"summary_large_image","twitter_site":"@GivexCorp","schema":{"@context":"https:\/\/schema.org","@graph":[{"@type":"WebPage","@id":"https:\/\/web.givex.com\/pt\/politica-de-privacidade\/","url":"https:\/\/web.givex.com\/pt\/politica-de-privacidade\/","name":"Shift4 | Privacy Policy","isPartOf":{"@id":"https:\/\/web.givex.com\/pt\/#website"},"datePublished":"2023-12-21T17:25:54+00:00","dateModified":"2025-03-06T15:36:44+00:00","description":"By using this website, you agree to the collection and use of information in accordance with our Privacy Policy.","inLanguage":"pt","potentialAction":[{"@type":"ReadAction","target":["https:\/\/web.givex.com\/pt\/politica-de-privacidade\/"]}]},{"@type":"WebSite","@id":"https:\/\/web.givex.com\/pt\/#website","url":"https:\/\/web.givex.com\/pt\/","name":"Givex","description":"Integrate Payments and Commerce Technology","publisher":{"@id":"https:\/\/web.givex.com\/pt\/#organization"},"potentialAction":[{"@type":"SearchAction","target":{"@type":"EntryPoint","urlTemplate":"https:\/\/web.givex.com\/pt\/?s={search_term_string}"},"query-input":{"@type":"PropertyValueSpecification","valueRequired":true,"valueName":"search_term_string"}}],"inLanguage":"pt"},{"@type":"Organization","@id":"https:\/\/web.givex.com\/pt\/#organization","name":"Givex","url":"https:\/\/web.givex.com\/pt\/","logo":{"@type":"ImageObject","inLanguage":"pt","@id":"https:\/\/web.givex.com\/pt\/#\/schema\/logo\/image\/","url":"https:\/\/web.givex.com\/wp-content\/uploads\/2024\/03\/givex-blue-bg.png","contentUrl":"https:\/\/web.givex.com\/wp-content\/uploads\/2024\/03\/givex-blue-bg.png","width":1200,"height":1200,"caption":"Givex"},"image":{"@id":"https:\/\/web.givex.com\/pt\/#\/schema\/logo\/image\/"},"sameAs":["https:\/\/x.com\/GivexCorp","https:\/\/www.linkedin.com\/company\/givex\/","https:\/\/www.youtube.com\/@givexcorp6643"]}]}},"_links":{"self":[{"href":"https:\/\/web.givex.com\/pt\/wp-json\/wp\/v2\/pages\/12730","targetHints":{"allow":["GET"]}}],"collection":[{"href":"https:\/\/web.givex.com\/pt\/wp-json\/wp\/v2\/pages"}],"about":[{"href":"https:\/\/web.givex.com\/pt\/wp-json\/wp\/v2\/types\/page"}],"author":[{"embeddable":true,"href":"https:\/\/web.givex.com\/pt\/wp-json\/wp\/v2\/users\/35"}],"replies":[{"embeddable":true,"href":"https:\/\/web.givex.com\/pt\/wp-json\/wp\/v2\/comments?post=12730"}],"version-history":[{"count":13,"href":"https:\/\/web.givex.com\/pt\/wp-json\/wp\/v2\/pages\/12730\/revisions"}],"predecessor-version":[{"id":33171,"href":"https:\/\/web.givex.com\/pt\/wp-json\/wp\/v2\/pages\/12730\/revisions\/33171"}],"wp:attachment":[{"href":"https:\/\/web.givex.com\/pt\/wp-json\/wp\/v2\/media?parent=12730"}],"curies":[{"name":"wp","href":"https:\/\/api.w.org\/{rel}","templated":true}]}}