{"id":12706,"date":"2023-12-21T12:25:53","date_gmt":"2023-12-21T17:25:53","guid":{"rendered":"https:\/\/web.givex.com\/politicos\/"},"modified":"2024-11-08T09:44:09","modified_gmt":"2024-11-08T14:44:09","slug":"policies","status":"publish","type":"page","link":"https:\/\/web.givex.com\/pt\/policies\/","title":{"rendered":"Policies"},"content":{"rendered":"<div id=\"block_5724b19d03c084078e317104c4871737\" class=\"hero-full acf-block no-margin-bottom alignfull\">\n\n\t<figure class=\"hero-full__figure hero__figure--center\" data-background-mode=\"dark\" role=\"none\">\n\t\t<img loading=\"lazy\" decoding=\"async\" width=\"2300\" height=\"1040\" src=\"https:\/\/web.givex.com\/wp-content\/uploads\/2024\/03\/AdobeStock_440299419-HERO.jpg\" class=\"attachment-full size-full\" alt=\"\" srcset=\"https:\/\/web.givex.com\/wp-content\/uploads\/2024\/03\/AdobeStock_440299419-HERO.jpg 2300w, https:\/\/web.givex.com\/wp-content\/uploads\/2024\/03\/AdobeStock_440299419-HERO-300x136.jpg 300w, https:\/\/web.givex.com\/wp-content\/uploads\/2024\/03\/AdobeStock_440299419-HERO-1024x463.jpg 1024w, https:\/\/web.givex.com\/wp-content\/uploads\/2024\/03\/AdobeStock_440299419-HERO-768x347.jpg 768w, https:\/\/web.givex.com\/wp-content\/uploads\/2024\/03\/AdobeStock_440299419-HERO-1536x695.jpg 1536w, https:\/\/web.givex.com\/wp-content\/uploads\/2024\/03\/AdobeStock_440299419-HERO-2048x926.jpg 2048w\" sizes=\"auto, (max-width: 2300px) 100vw, 2300px\" \/>\t<\/figure>\n\n\t<div class=\"hero-full__container\">\n\n\t\t<div class=\"hero-full__content\" data-background-mode=\"dark\">\n\n\t\t\t\n\t\t\t\t\t\t\t<h1 class=\"hero-full__title\">Policies<\/h1>\n\t\t\t\n\t\t\t\t\t\t\t<div class=\"hero-full__body\"><p>Our commitment to legal compliance ensures that your rights and privacy are protected while using Givex products and services.<\/p>\n<\/div>\n\t\t\t\n\t\t\t\n\t\t\t\t\t<\/div>\n\n\t\t\n\t<\/div>\n\n<\/div>\n\n\n<section id=\"block_8345995ddee8e93a6c093547e767acbf\" class=\"background background--ebony acf-block no-margin-top no-margin-bottom alignfull\">\n\t<div class=\"background__container\">\n\t\t<div class=\"wp-content\">\n\t\t\t\n\n<h2 class=\"wp-block-heading no-margin-top no-margin-bottom\" id=\"h-legal\">Legal<\/h2>\n\n\n\t\t<\/div>\n\t<\/div>\n<\/section>\n\n\n\n<figure class=\"wp-block-table\"><table><thead><tr><th class=\"has-text-align-left\" data-align=\"left\">PDF\u2019s<\/th><\/tr><\/thead><tbody><tr><td class=\"has-text-align-left\" data-align=\"left\"><a href=\"https:\/\/web.givex.com\/wp-content\/uploads\/2022\/08\/Givex-End-User-License-Agreement-Canada.pdf\" target=\"_blank\" rel=\"noreferrer noopener\">End User License Agreement<\/a><\/td><\/tr><tr><td class=\"has-text-align-left\" data-align=\"left\"><a href=\"https:\/\/web.givex.com\/wp-content\/uploads\/2022\/08\/Givex-Multi-Year-Accessibility-Plan.pdf\" target=\"_blank\" rel=\"noreferrer noopener\">Multi-Year Accessibility Plan<\/a><\/td><\/tr><\/tbody><\/table><\/figure>\n\n\n\n<h2 class=\"wp-block-heading\" id=\"h-accessibility\">Accessibility<\/h2>\n\n\n\n<p><strong><strong>Our Commitment at Givex<\/strong><\/strong><\/p>\n\n\n\n<p>Givex is dedicated to our \u201cExperience. Excellence.\u201d promise. In fulfilling our promise, Givex strives to provide our products and services in a manner that respects the dignity and independence of people with disabilities, while also making our environment accessible and inclusive. The objective is to ensure that Givex\u2019s policies, procedures and practices are compliant with the Accessibility Standards for Customer Service, Regulation 429\/07 (\u201cASCS\u201d) made under the Accessibility for Ontarians with Disabilities Act, 2005. Copies of Givex\u2019s documents developed pursuant to the ASCS are available upon request.<\/p>\n\n\n\n<p><strong><strong>Provide Us with Your Feedback<\/strong><\/strong><\/p>\n\n\n\n<p>We welcome your comments. If you would like to request copies of our accessibility documents or provide us with your feedback regarding the way Givex provides products and services to people with disabilities, please contact us:<\/p>\n\n\n\n<p><strong>Attention: Human Resources<\/strong><br>Su\u00edte 1400<br>134 Peter Street<br>Toronto, ON<br>M5V 2H2<\/p>\n\n\n\n<p>Phone: <a href=\"tel:18774787733\" target=\"_blank\" rel=\"noreferrer noopener\">1-877-478-7733<\/a><br>Email: <a href=\"mailto:accessibility@givex.com\" target=\"_blank\" rel=\"noreferrer noopener\">accessibility@givex.com<\/a><\/p>\n","protected":false},"excerpt":{"rendered":"<p>PDF\u2019s End User License Agreement Multi-Year Accessibility Plan Accessibility Our Commitment at Givex Givex is dedicated to our \u201cExperience. Excellence.\u201d promise. In fulfilling our promise, Givex strives to provide our products and services in a manner that respects the dignity and independence of people with disabilities, while also making our environment accessible and inclusive. The [&hellip;]<\/p>\n","protected":false},"author":35,"featured_media":0,"parent":0,"menu_order":0,"comment_status":"closed","ping_status":"closed","template":"","meta":{"_acf_changed":false,"content-type":"","inline_featured_image":false,"footnotes":""},"class_list":["post-12706","page","type-page","status-publish","hentry"],"acf":[],"yoast_head":"<!-- This site is optimized with the Yoast SEO plugin v27.4 - https:\/\/yoast.com\/product\/yoast-seo-wordpress\/ -->\n<title>Shift4 | Policies<\/title>\n<meta name=\"description\" content=\"As pol\u00edticas, procedimentos e pr\u00e1ticas da Givex est\u00e3o em conformidade com os Padr\u00f5es de Acessibilidade para Atendimento ao Cliente, Regulamento 429\/07 (\u201cASCS\u201d) feito sob AODA 2005\" \/>\n<meta name=\"robots\" content=\"index, follow, max-snippet:-1, max-image-preview:large, max-video-preview:-1\" \/>\n<link rel=\"canonical\" href=\"https:\/\/web.givex.com\/pt\/policies\/\" \/>\n<meta property=\"og:locale\" content=\"pt_PT\" \/>\n<meta property=\"og:type\" content=\"article\" \/>\n<meta property=\"og:title\" content=\"Shift4 | Policies\" \/>\n<meta property=\"og:description\" content=\"As pol\u00edticas, procedimentos e pr\u00e1ticas da Givex est\u00e3o em conformidade com os Padr\u00f5es de Acessibilidade para Atendimento ao Cliente, Regulamento 429\/07 (\u201cASCS\u201d) feito sob AODA 2005\" \/>\n<meta property=\"og:url\" content=\"https:\/\/web.givex.com\/pt\/policies\/\" \/>\n<meta property=\"og:site_name\" content=\"Shift4\" \/>\n<meta property=\"article:modified_time\" content=\"2024-11-08T14:44:09+00:00\" \/>\n<meta name=\"twitter:card\" content=\"summary_large_image\" \/>\n<meta name=\"twitter:site\" content=\"@GivexCorp\" \/>\n<script type=\"application\/ld+json\" class=\"yoast-schema-graph\">{\"@context\":\"https:\\\/\\\/schema.org\",\"@graph\":[{\"@type\":\"WebPage\",\"@id\":\"https:\\\/\\\/web.givex.com\\\/pt\\\/policies\\\/\",\"url\":\"https:\\\/\\\/web.givex.com\\\/pt\\\/policies\\\/\",\"name\":\"Shift4 | Policies\",\"isPartOf\":{\"@id\":\"https:\\\/\\\/web.givex.com\\\/pt\\\/#website\"},\"datePublished\":\"2023-12-21T17:25:53+00:00\",\"dateModified\":\"2024-11-08T14:44:09+00:00\",\"description\":\"As pol\u00edticas, procedimentos e pr\u00e1ticas da Givex est\u00e3o em conformidade com os Padr\u00f5es de Acessibilidade para Atendimento ao Cliente, Regulamento 429\\\/07 (\u201cASCS\u201d) feito sob AODA 2005\",\"inLanguage\":\"pt\",\"potentialAction\":[{\"@type\":\"ReadAction\",\"target\":[\"https:\\\/\\\/web.givex.com\\\/pt\\\/policies\\\/\"]}]},{\"@type\":\"WebSite\",\"@id\":\"https:\\\/\\\/web.givex.com\\\/pt\\\/#website\",\"url\":\"https:\\\/\\\/web.givex.com\\\/pt\\\/\",\"name\":\"Givex\",\"description\":\"Integrate Payments and Commerce Technology\",\"publisher\":{\"@id\":\"https:\\\/\\\/web.givex.com\\\/pt\\\/#organization\"},\"potentialAction\":[{\"@type\":\"SearchAction\",\"target\":{\"@type\":\"EntryPoint\",\"urlTemplate\":\"https:\\\/\\\/web.givex.com\\\/pt\\\/?s={search_term_string}\"},\"query-input\":{\"@type\":\"PropertyValueSpecification\",\"valueRequired\":true,\"valueName\":\"search_term_string\"}}],\"inLanguage\":\"pt\"},{\"@type\":\"Organization\",\"@id\":\"https:\\\/\\\/web.givex.com\\\/pt\\\/#organization\",\"name\":\"Givex\",\"url\":\"https:\\\/\\\/web.givex.com\\\/pt\\\/\",\"logo\":{\"@type\":\"ImageObject\",\"inLanguage\":\"pt\",\"@id\":\"https:\\\/\\\/web.givex.com\\\/pt\\\/#\\\/schema\\\/logo\\\/image\\\/\",\"url\":\"https:\\\/\\\/web.givex.com\\\/wp-content\\\/uploads\\\/2024\\\/03\\\/givex-blue-bg.png\",\"contentUrl\":\"https:\\\/\\\/web.givex.com\\\/wp-content\\\/uploads\\\/2024\\\/03\\\/givex-blue-bg.png\",\"width\":1200,\"height\":1200,\"caption\":\"Givex\"},\"image\":{\"@id\":\"https:\\\/\\\/web.givex.com\\\/pt\\\/#\\\/schema\\\/logo\\\/image\\\/\"},\"sameAs\":[\"https:\\\/\\\/x.com\\\/GivexCorp\",\"https:\\\/\\\/www.linkedin.com\\\/company\\\/givex\\\/\",\"https:\\\/\\\/www.youtube.com\\\/@givexcorp6643\"]}]}<\/script>\n<!-- \/ Yoast SEO plugin. -->","yoast_head_json":{"title":"Shift4 | Policies","description":"As pol\u00edticas, procedimentos e pr\u00e1ticas da Givex est\u00e3o em conformidade com os Padr\u00f5es de Acessibilidade para Atendimento ao Cliente, Regulamento 429\/07 (\u201cASCS\u201d) feito sob AODA 2005","robots":{"index":"index","follow":"follow","max-snippet":"max-snippet:-1","max-image-preview":"max-image-preview:large","max-video-preview":"max-video-preview:-1"},"canonical":"https:\/\/web.givex.com\/pt\/policies\/","og_locale":"pt_PT","og_type":"article","og_title":"Shift4 | Policies","og_description":"As pol\u00edticas, procedimentos e pr\u00e1ticas da Givex est\u00e3o em conformidade com os Padr\u00f5es de Acessibilidade para Atendimento ao Cliente, Regulamento 429\/07 (\u201cASCS\u201d) feito sob AODA 2005","og_url":"https:\/\/web.givex.com\/pt\/policies\/","og_site_name":"Shift4","article_modified_time":"2024-11-08T14:44:09+00:00","twitter_card":"summary_large_image","twitter_site":"@GivexCorp","schema":{"@context":"https:\/\/schema.org","@graph":[{"@type":"WebPage","@id":"https:\/\/web.givex.com\/pt\/policies\/","url":"https:\/\/web.givex.com\/pt\/policies\/","name":"Shift4 | Policies","isPartOf":{"@id":"https:\/\/web.givex.com\/pt\/#website"},"datePublished":"2023-12-21T17:25:53+00:00","dateModified":"2024-11-08T14:44:09+00:00","description":"As pol\u00edticas, procedimentos e pr\u00e1ticas da Givex est\u00e3o em conformidade com os Padr\u00f5es de Acessibilidade para Atendimento ao Cliente, Regulamento 429\/07 (\u201cASCS\u201d) feito sob AODA 2005","inLanguage":"pt","potentialAction":[{"@type":"ReadAction","target":["https:\/\/web.givex.com\/pt\/policies\/"]}]},{"@type":"WebSite","@id":"https:\/\/web.givex.com\/pt\/#website","url":"https:\/\/web.givex.com\/pt\/","name":"Givex","description":"Integrate Payments and Commerce Technology","publisher":{"@id":"https:\/\/web.givex.com\/pt\/#organization"},"potentialAction":[{"@type":"SearchAction","target":{"@type":"EntryPoint","urlTemplate":"https:\/\/web.givex.com\/pt\/?s={search_term_string}"},"query-input":{"@type":"PropertyValueSpecification","valueRequired":true,"valueName":"search_term_string"}}],"inLanguage":"pt"},{"@type":"Organization","@id":"https:\/\/web.givex.com\/pt\/#organization","name":"Givex","url":"https:\/\/web.givex.com\/pt\/","logo":{"@type":"ImageObject","inLanguage":"pt","@id":"https:\/\/web.givex.com\/pt\/#\/schema\/logo\/image\/","url":"https:\/\/web.givex.com\/wp-content\/uploads\/2024\/03\/givex-blue-bg.png","contentUrl":"https:\/\/web.givex.com\/wp-content\/uploads\/2024\/03\/givex-blue-bg.png","width":1200,"height":1200,"caption":"Givex"},"image":{"@id":"https:\/\/web.givex.com\/pt\/#\/schema\/logo\/image\/"},"sameAs":["https:\/\/x.com\/GivexCorp","https:\/\/www.linkedin.com\/company\/givex\/","https:\/\/www.youtube.com\/@givexcorp6643"]}]}},"_links":{"self":[{"href":"https:\/\/web.givex.com\/pt\/wp-json\/wp\/v2\/pages\/12706","targetHints":{"allow":["GET"]}}],"collection":[{"href":"https:\/\/web.givex.com\/pt\/wp-json\/wp\/v2\/pages"}],"about":[{"href":"https:\/\/web.givex.com\/pt\/wp-json\/wp\/v2\/types\/page"}],"author":[{"embeddable":true,"href":"https:\/\/web.givex.com\/pt\/wp-json\/wp\/v2\/users\/35"}],"replies":[{"embeddable":true,"href":"https:\/\/web.givex.com\/pt\/wp-json\/wp\/v2\/comments?post=12706"}],"version-history":[{"count":17,"href":"https:\/\/web.givex.com\/pt\/wp-json\/wp\/v2\/pages\/12706\/revisions"}],"predecessor-version":[{"id":31558,"href":"https:\/\/web.givex.com\/pt\/wp-json\/wp\/v2\/pages\/12706\/revisions\/31558"}],"wp:attachment":[{"href":"https:\/\/web.givex.com\/pt\/wp-json\/wp\/v2\/media?parent=12706"}],"curies":[{"name":"wp","href":"https:\/\/api.w.org\/{rel}","templated":true}]}}