{"id":670,"date":"2023-12-21T12:25:06","date_gmt":"2023-12-21T17:25:06","guid":{"rendered":"https:\/\/web.givex.com\/a-propos-de-nous\/"},"modified":"2024-11-12T15:21:25","modified_gmt":"2024-11-12T20:21:25","slug":"a-propos-de-nous","status":"publish","type":"page","link":"https:\/\/web.givex.com\/fr\/a-propos-de-nous\/","title":{"rendered":"\u00c0 propos de nous"},"content":{"rendered":"<div id=\"block_1b05dbd3583b4c70571527d6c0079dc2\" class=\"hero acf-block alignfull\">\n\n\t\t<figure class=\"hero__figure hero__figure--center\" data-background-mode=\"transparent\" role=\"none\">\n\t\t\t<img loading=\"lazy\" decoding=\"async\" width=\"2048\" height=\"1365\" src=\"https:\/\/web.givex.com\/wp-content\/uploads\/2022\/09\/site-Corporate-business-team-and-manager-in-a-meeting-close-up-639467826_5184x3456-e1690983879360.jpg\" class=\"attachment-full size-full\" alt=\"\" \/>\t\t<\/figure>\n\n\t<div class=\"hero__container\">\n\n\t\t<div class=\"hero__content\" data-background-mode=\"transparent\">\n\n\t\t\t\t\t<p class=\"hero__eyebrow\">\u00c0 propos de nous<\/p>\n\t\t\n\t\t\t\t\t\t\t<h1 class=\"hero__title\">Notre plateforme. Notre histoire. Notre personnel.<\/h1>\n\t\t\t\n\t\t\t\t\t\t\t<div class=\"hero__body\"><p>Nous tenons nos promesses, quoi qu&rsquo;il arrive. Nos clients savent que si nous ne sommes pas \u00e0 la hauteur, nous en prendrons \u00e9galement la responsabilit\u00e9.<\/p>\n<\/div>\n\t\t\t\n\t\t\t\n\t\t\t\t\t<\/div>\n\n\t\t\n\t<\/div>\n\n<\/div>\n\n\n<div id=\"block_14e9c8bec1057591de3b49819f91a5c2\"\n  class=\"text-image text-image--left text-image--fullwidth text-image--shadow acf-block alignwide\">\n  <div class=\"text-image__container\">\n\n    <div class=\"text-image__content\">\n\n            <h2 class=\"text-image__title\">Notre technologie<\/h2>\n      \n            <div class=\"text-image__body\"><p>Tous les produits et services de Givex sont certifi\u00e9s PCI niveau 1 et enti\u00e8rement aliment\u00e9s par notre plateforme infonuagique pour un traitement en temps r\u00e9el et une analyse compl\u00e8te des donn\u00e9es. Notre technologie est au c\u0153ur de tout ce que nous faisons et est la source de la stabilit\u00e9 et de la fiabilit\u00e9 qui font la r\u00e9putation de Givex. <\/p>\n<\/div>\n      \n            <a class=\"button button--arrow\" href=\"https:\/\/web.givex.com\/how-it-works\/\"\n        target=\"_self\" >En savoir plus sur notre plateforme<\/a>\n      \n    <\/div>\n\n    <figure class=\"text-image__figure text-image__figure--\" role=\"none\">\n      <img loading=\"lazy\" decoding=\"async\" width=\"2048\" height=\"1512\" src=\"https:\/\/web.givex.com\/wp-content\/uploads\/2022\/09\/gift-cards-platforms-00001.jpg\" class=\"attachment-full size-full\" alt=\"\" srcset=\"https:\/\/web.givex.com\/wp-content\/uploads\/2022\/09\/gift-cards-platforms-00001.jpg 2048w, https:\/\/web.givex.com\/wp-content\/uploads\/2022\/09\/gift-cards-platforms-00001-300x221.jpg 300w, https:\/\/web.givex.com\/wp-content\/uploads\/2022\/09\/gift-cards-platforms-00001-1024x756.jpg 1024w, https:\/\/web.givex.com\/wp-content\/uploads\/2022\/09\/gift-cards-platforms-00001-768x567.jpg 768w, https:\/\/web.givex.com\/wp-content\/uploads\/2022\/09\/gift-cards-platforms-00001-1536x1134.jpg 1536w\" sizes=\"auto, (max-width: 2048px) 100vw, 2048px\" \/>    <\/figure>\n\n  <\/div>\n\n<\/div>\n\n\n\n<section id=\"block_cf09f1a7d7af6e92efd5fdad48719390\" class=\"background background--grid acf-block alignfull\">\n\t<div class=\"background__container\">\n\t\t<div class=\"wp-content\">\n\t\t\t\n<div id=\"block_f009db2879d7ef9cf7186ada7ea03b5f\" class=\"card-grid acf-block alignwide\">\n  <div class=\"card-grid__container\">\n        <h2 class=\"card-grid__title\">Nos valeurs<\/h2>\n                    <ul class=\"card-grid__list\">\n            <li class=\"card-grid__item\">\n                <figure class=\"card-grid__figure\" role=\"none\">\n          <img loading=\"lazy\" decoding=\"async\" width=\"1\" height=\"1\" src=\"https:\/\/web.givex.com\/wp-content\/uploads\/2022\/09\/solutions-dark-163-2.svg\" class=\"attachment-full size-full\" alt=\"\" \/>        <\/figure>\n        \n                <h3 class=\"card-grid__card-title\">Solutions<\/h3>\n        \n                <div class=\"card-grid__card-body\">\n          <p>Givex fournit aux commer\u00e7ants des informations sur les donn\u00e9es et des solutions dans trois domaines cruciaux : l&rsquo;engagement client, le point de vente et le paiement.<\/p>\n        <\/div>\n        \n              <\/li>\n            <li class=\"card-grid__item\">\n                <figure class=\"card-grid__figure\" role=\"none\">\n          <img loading=\"lazy\" decoding=\"async\" width=\"163\" height=\"163\" src=\"https:\/\/web.givex.com\/wp-content\/uploads\/2022\/09\/growth-dark-163-2.svg\" class=\"attachment-full size-full\" alt=\"\" \/>        <\/figure>\n        \n                <h3 class=\"card-grid__card-title\">Croissance<\/h3>\n        \n                <div class=\"card-grid__card-body\">\n          <p>Givex offre une rare combinaison de forte croissance future de notre base de marchands et de rentabilit\u00e9 actuelle<\/p>\n        <\/div>\n        \n              <\/li>\n            <li class=\"card-grid__item\">\n                <figure class=\"card-grid__figure\" role=\"none\">\n          <img loading=\"lazy\" decoding=\"async\" width=\"163\" height=\"163\" src=\"https:\/\/web.givex.com\/wp-content\/uploads\/2022\/09\/global-dark-163-1.svg\" class=\"attachment-full size-full\" alt=\"\" \/>        <\/figure>\n        \n                <h3 class=\"card-grid__card-title\">Durabiliit\u00e9<\/h3>\n        \n                <div class=\"card-grid__card-body\">\n          <p>Nous sommes fiers d&rsquo;offrir \u00e0 nos clients des options de produits respectueux de l&rsquo;environnement pour contribuer \u00e0 un changement positif dans la fabrication<\/p>\n        <\/div>\n        \n              <\/li>\n          <\/ul>\n      <\/div>\n<\/div>\n\n\n\t\t<\/div>\n\t<\/div>\n<\/section>\n\n\n\n<h2 class=\"wp-block-heading has-text-align-center\" id=\"h-filiales-operationnelles\"><strong>Filiales op\u00e9rationnelles<\/strong><\/h2>\n\n\n\n<div class=\"geot-ajax geot-filter\" data-action=\"country_filter\" data-filter=\"\" data-region=\"africa, antarctica, asia, europe, north-america, oceania, south-america\" data-ex_filter=\"\" data-ex_region=\"\"><section id=\"block_9767a087c2d6a8f385a8ef179c5d2d3c\"\n  class=\"logo-text acf-block alignwide\">\n  <div class=\"logo-text__container\">\n    \n    <div class=\"logo-text__content\">\n            <h2 class=\"logo-text__title h4\">Kalex<\/h2>\n      <div class=\"logo-text__body medium\">\n        <p>Kalex est une entreprise de services informatiques et de conseil sp\u00e9cialis\u00e9e dans l&rsquo;activation de la vente au d\u00e9tail physique et num\u00e9rique. Elle compte plus de 15 000 emplacements clients dans tous les secteurs au Canada, y compris des marques de premier plan telles que Burger King, KFC, Pizza Hut, Rexall et Taco Bell.  <\/p>\n      <\/div>\n          <\/div>\n  <\/div>\n<\/section>\n<\/div>\n\n\n\n<div class=\"geot-ajax geot-filter\" data-action=\"country_filter\" data-filter=\"\" data-region=\"africa, antarctica, asia, europe, north-america, oceania, south-america\" data-ex_filter=\"\" data-ex_region=\"\"><section id=\"block_472765eb87d569e8541f5743cb2460fc\"\n  class=\"logo-text acf-block alignwide\">\n  <div class=\"logo-text__container\">\n    \n    <div class=\"logo-text__content\">\n            <h2 class=\"logo-text__title h4\">Loyalty Lane<\/h2>\n      <div class=\"logo-text__body medium\">\n        <p>Loyalty Lane est une soci\u00e9t\u00e9 de technologie marketing cr\u00e9\u00e9e il y a 15 ans et qui propose une solution CRM robuste. Loyalty Lane dessert plus de 2 000 \u00e9piciers repr\u00e9sentant 14 000 caisses et pompes \u00e0 essence, en plus de plus de 6 millions de consommateurs enregistr\u00e9s. <\/p>\n      <\/div>\n          <\/div>\n  <\/div>\n<\/section>\n<\/div>\n\n\n\n<div class=\"geot-ajax geot-filter\" data-action=\"country_filter\" data-filter=\"\" data-region=\"africa, antarctica, asia, europe, north-america, oceania, south-america\" data-ex_filter=\"\" data-ex_region=\"\"><section id=\"block_c86aa7be2c97dd975a5d36a2b13a0aaf\"\n  class=\"logo-text acf-block alignwide\">\n  <div class=\"logo-text__container\">\n    \n    <div class=\"logo-text__content\">\n            <h2 class=\"logo-text__title h4\">Owen Business Systems<\/h2>\n      <div class=\"logo-text__body medium\">\n        <p>Depuis plus de 50 ans, Owen Business Systems se sp\u00e9cialise dans les services aux secteurs de l&rsquo;h\u00f4tellerie et de la vente au d\u00e9tail, en fournissant aux entreprises de restauration, d&rsquo;\u00e9picerie, d&rsquo;h\u00f4tellerie et de vente au d\u00e9tail de v\u00eatements des solutions de point de vente qui r\u00e9pondent \u00e0 leurs besoins.<\/p>\n      <\/div>\n          <\/div>\n  <\/div>\n<\/section>\n<\/div>\n\n\n\n<div class=\"geot-ajax geot-filter\" data-action=\"country_filter\" data-filter=\"\" data-region=\"africa, antarctica, asia, europe, north-america, oceania, south-america\" data-ex_filter=\"\" data-ex_region=\"\"><section id=\"block_a0127593ba384f321d09c3844d98bc2c\"\n  class=\"logo-text acf-block alignwide\">\n  <div class=\"logo-text__container\">\n    \n    <div class=\"logo-text__content\">\n            <h2 class=\"logo-text__title h4\">Pi Cash Systeme<\/h2>\n      <div class=\"logo-text__body medium\">\n        <p>Pi Cash Systeme est l&rsquo;un des principaux fournisseurs suisses de syst\u00e8mes de point de vente, de monnayeurs automatiques et de terminaux de chargement de badges. Il fournit des solutions de paiement s\u00e9curis\u00e9es et conviviales pour les h\u00f4tels, les restaurants et les d\u00e9taillants depuis plus de 20 ans. <\/p>\n      <\/div>\n          <\/div>\n  <\/div>\n<\/section>\n<\/div>\n\n\n\n<div class=\"geot-ajax geot-filter\" data-action=\"country_filter\" data-filter=\"\" data-region=\"africa, antarctica, asia, europe, north-america, oceania, south-america\" data-ex_filter=\"\" data-ex_region=\"\"><section id=\"block_4c5e70a45bace712d464c783624deaaa\"\n  class=\"logo-text acf-block alignwide\">\n  <div class=\"logo-text__container\">\n    \n    <div class=\"logo-text__content\">\n            <h2 class=\"logo-text__title h4\">Easy Information Solutions<\/h2>\n      <div class=\"logo-text__body medium\">\n        <p>Easy Information Solutions est un distributeur et revendeur de syst\u00e8mes de point de vente, comptables et administratifs pour les marques d&rsquo;h\u00f4tels et de restaurants au Mexique depuis plus de 20 ans. Elle est connue pour son exp\u00e9rience dans la repr\u00e9sentation de marques technologiques internationales sur le march\u00e9 mexicain. <\/p>\n      <\/div>\n          <\/div>\n  <\/div>\n<\/section>\n<\/div>\n\n\n\n<div class=\"geot-ajax geot-filter\" data-action=\"country_filter\" data-filter=\"\" data-region=\"africa, antarctica, asia, europe, north-america, oceania, south-america\" data-ex_filter=\"\" data-ex_region=\"\"><section id=\"block_ca7e68b3f31f0d519262e07651f3dd82\"\n  class=\"logo-text acf-block alignwide\">\n  <div class=\"logo-text__container\">\n    \n    <div class=\"logo-text__content\">\n            <h2 class=\"logo-text__title h4\">ValuAccess<\/h2>\n      <div class=\"logo-text__body medium\">\n        <p>ValuAccess Hong Kong Limited est un fournisseur de services complets de cartes-cadeaux de marque et de programmes de fid\u00e9lit\u00e9 dans la r\u00e9gion Asie-Pacifique. Il a \u00e9t\u00e9 cr\u00e9\u00e9 en 2005 \u00e0 Hong Kong. Elle g\u00e8re des programmes de cartes-cadeaux en Malaisie, \u00e0 Singapour, en Chine et \u00e0 Hong Kong.  <\/p>\n      <\/div>\n          <\/div>\n  <\/div>\n<\/section>\n<\/div>\n\n\n\n<div class=\"geot-ajax geot-filter\" data-action=\"country_filter\" data-filter=\"\" data-region=\"africa, antarctica, asia, europe, north-america, oceania, south-america\" data-ex_filter=\"\" data-ex_region=\"\"><section id=\"block_4e700670d7d8933aefec8bbde0bc5cb0\"\n  class=\"logo-text acf-block alignwide\">\n  <div class=\"logo-text__container\">\n    \n    <div class=\"logo-text__content\">\n            <h2 class=\"logo-text__title h4\">Counter Solutions<\/h2>\n      <div class=\"logo-text__body medium\">\n        <p>Notre plateforme de vente au d\u00e9tail sans surveillance WAY2PAY fournit des bornes de commande automatique, des r\u00e9frig\u00e9rateurs intelligents et d&rsquo;autres solutions de caisse automatique qui aident les marques \u00e0 am\u00e9liorer leur parcours client et \u00e0 r\u00e9aliser des gains de productivit\u00e9.<\/p>\n      <\/div>\n          <\/div>\n  <\/div>\n<\/section>\n<\/div>\n\n\n\n<div class=\"geot-ajax geot-filter\" data-action=\"country_filter\" data-filter=\"\" data-region=\"asia\" data-ex_filter=\"\" data-ex_region=\"\"><section id=\"block_6013646ff8457bba49e97faeeb25eced\"\n  class=\"logo-text acf-block alignwide\">\n  <div class=\"logo-text__container\">\n    \n    <div class=\"logo-text__content\">\n            <h2 class=\"logo-text__title h4\">Netrix Solutions<\/h2>\n      <div class=\"logo-text__body medium\">\n        <p>Netrix Solutions is a one-stop-solution provider focusing on quality customer service for IT hardware installation and support in Hong Kong and mainland China. We provide a highly flexible service for our client&rsquo;s custom requirements and leverage our strategic partnerships with hardware vendors and service providers. We specialize in China\/HK cross border communication solutions, telephone systems, networking equipment, networking services, structured cabling, Email systems, CCTV equipment\/software, and more.<\/p>\n      <\/div>\n          <\/div>\n  <\/div>\n<\/section>\n<\/div>\n","protected":false},"excerpt":{"rendered":"<p>Filiales op\u00e9rationnelles<\/p>\n","protected":false},"author":25,"featured_media":0,"parent":0,"menu_order":0,"comment_status":"closed","ping_status":"closed","template":"","meta":{"_acf_changed":false,"content-type":"","inline_featured_image":false,"footnotes":""},"class_list":["post-670","page","type-page","status-publish","hentry"],"acf":[],"yoast_head":"<!-- This site is optimized with the Yoast SEO plugin v27.3 - https:\/\/yoast.com\/product\/yoast-seo-wordpress\/ -->\n<title>Shift4 | \u00c0 propos de nous | Engagement des clients, points de vente et paiements<\/title>\n<meta name=\"description\" content=\"Chez Givex, notre technologie est au c\u0153ur de tout ce que nous faisons et est \u00e0 l&#039;origine de la stabilit\u00e9 et de la fiabilit\u00e9 qui font la r\u00e9putation de Givex. D\u00e9couvrez la diff\u00e9rence Givex.\" \/>\n<meta name=\"robots\" content=\"index, follow, max-snippet:-1, max-image-preview:large, max-video-preview:-1\" \/>\n<link rel=\"canonical\" href=\"https:\/\/web.givex.com\/fr\/a-propos-de-nous\/\" \/>\n<meta property=\"og:locale\" content=\"fr_FR\" \/>\n<meta property=\"og:type\" content=\"article\" \/>\n<meta property=\"og:title\" content=\"Shift4 | \u00c0 propos de nous | Engagement des clients, points de vente et paiements\" \/>\n<meta property=\"og:description\" content=\"Chez Givex, notre technologie est au c\u0153ur de tout ce que nous faisons et est \u00e0 l&#039;origine de la stabilit\u00e9 et de la fiabilit\u00e9 qui font la r\u00e9putation de Givex. D\u00e9couvrez la diff\u00e9rence Givex.\" \/>\n<meta property=\"og:url\" content=\"https:\/\/web.givex.com\/fr\/a-propos-de-nous\/\" \/>\n<meta property=\"og:site_name\" content=\"Shift4\" \/>\n<meta property=\"article:modified_time\" content=\"2024-11-12T20:21:25+00:00\" \/>\n<meta name=\"twitter:card\" content=\"summary_large_image\" \/>\n<meta name=\"twitter:site\" content=\"@GivexCorp\" \/>\n<script type=\"application\/ld+json\" class=\"yoast-schema-graph\">{\"@context\":\"https:\\\/\\\/schema.org\",\"@graph\":[{\"@type\":\"WebPage\",\"@id\":\"https:\\\/\\\/web.givex.com\\\/fr\\\/a-propos-de-nous\\\/\",\"url\":\"https:\\\/\\\/web.givex.com\\\/fr\\\/a-propos-de-nous\\\/\",\"name\":\"Shift4 | \u00c0 propos de nous | Engagement des clients, points de vente et paiements\",\"isPartOf\":{\"@id\":\"https:\\\/\\\/web.givex.com\\\/fr\\\/#website\"},\"datePublished\":\"2023-12-21T17:25:06+00:00\",\"dateModified\":\"2024-11-12T20:21:25+00:00\",\"description\":\"Chez Givex, notre technologie est au c\u0153ur de tout ce que nous faisons et est \u00e0 l'origine de la stabilit\u00e9 et de la fiabilit\u00e9 qui font la r\u00e9putation de Givex. D\u00e9couvrez la diff\u00e9rence Givex.\",\"inLanguage\":\"fr-FR\",\"potentialAction\":[{\"@type\":\"ReadAction\",\"target\":[\"https:\\\/\\\/web.givex.com\\\/fr\\\/a-propos-de-nous\\\/\"]}]},{\"@type\":\"WebSite\",\"@id\":\"https:\\\/\\\/web.givex.com\\\/fr\\\/#website\",\"url\":\"https:\\\/\\\/web.givex.com\\\/fr\\\/\",\"name\":\"Givex\",\"description\":\"Integrate Payments and Commerce Technology\",\"publisher\":{\"@id\":\"https:\\\/\\\/web.givex.com\\\/fr\\\/#organization\"},\"potentialAction\":[{\"@type\":\"SearchAction\",\"target\":{\"@type\":\"EntryPoint\",\"urlTemplate\":\"https:\\\/\\\/web.givex.com\\\/fr\\\/?s={search_term_string}\"},\"query-input\":{\"@type\":\"PropertyValueSpecification\",\"valueRequired\":true,\"valueName\":\"search_term_string\"}}],\"inLanguage\":\"fr-FR\"},{\"@type\":\"Organization\",\"@id\":\"https:\\\/\\\/web.givex.com\\\/fr\\\/#organization\",\"name\":\"Givex\",\"url\":\"https:\\\/\\\/web.givex.com\\\/fr\\\/\",\"logo\":{\"@type\":\"ImageObject\",\"inLanguage\":\"fr-FR\",\"@id\":\"https:\\\/\\\/web.givex.com\\\/fr\\\/#\\\/schema\\\/logo\\\/image\\\/\",\"url\":\"https:\\\/\\\/web.givex.com\\\/wp-content\\\/uploads\\\/2024\\\/03\\\/givex-blue-bg.png\",\"contentUrl\":\"https:\\\/\\\/web.givex.com\\\/wp-content\\\/uploads\\\/2024\\\/03\\\/givex-blue-bg.png\",\"width\":1200,\"height\":1200,\"caption\":\"Givex\"},\"image\":{\"@id\":\"https:\\\/\\\/web.givex.com\\\/fr\\\/#\\\/schema\\\/logo\\\/image\\\/\"},\"sameAs\":[\"https:\\\/\\\/x.com\\\/GivexCorp\",\"https:\\\/\\\/www.linkedin.com\\\/company\\\/givex\\\/\",\"https:\\\/\\\/www.youtube.com\\\/@givexcorp6643\"]}]}<\/script>\n<!-- \/ Yoast SEO plugin. -->","yoast_head_json":{"title":"Shift4 | \u00c0 propos de nous | Engagement des clients, points de vente et paiements","description":"Chez Givex, notre technologie est au c\u0153ur de tout ce que nous faisons et est \u00e0 l'origine de la stabilit\u00e9 et de la fiabilit\u00e9 qui font la r\u00e9putation de Givex. D\u00e9couvrez la diff\u00e9rence Givex.","robots":{"index":"index","follow":"follow","max-snippet":"max-snippet:-1","max-image-preview":"max-image-preview:large","max-video-preview":"max-video-preview:-1"},"canonical":"https:\/\/web.givex.com\/fr\/a-propos-de-nous\/","og_locale":"fr_FR","og_type":"article","og_title":"Shift4 | \u00c0 propos de nous | Engagement des clients, points de vente et paiements","og_description":"Chez Givex, notre technologie est au c\u0153ur de tout ce que nous faisons et est \u00e0 l'origine de la stabilit\u00e9 et de la fiabilit\u00e9 qui font la r\u00e9putation de Givex. D\u00e9couvrez la diff\u00e9rence Givex.","og_url":"https:\/\/web.givex.com\/fr\/a-propos-de-nous\/","og_site_name":"Shift4","article_modified_time":"2024-11-12T20:21:25+00:00","twitter_card":"summary_large_image","twitter_site":"@GivexCorp","schema":{"@context":"https:\/\/schema.org","@graph":[{"@type":"WebPage","@id":"https:\/\/web.givex.com\/fr\/a-propos-de-nous\/","url":"https:\/\/web.givex.com\/fr\/a-propos-de-nous\/","name":"Shift4 | \u00c0 propos de nous | Engagement des clients, points de vente et paiements","isPartOf":{"@id":"https:\/\/web.givex.com\/fr\/#website"},"datePublished":"2023-12-21T17:25:06+00:00","dateModified":"2024-11-12T20:21:25+00:00","description":"Chez Givex, notre technologie est au c\u0153ur de tout ce que nous faisons et est \u00e0 l'origine de la stabilit\u00e9 et de la fiabilit\u00e9 qui font la r\u00e9putation de Givex. D\u00e9couvrez la diff\u00e9rence Givex.","inLanguage":"fr-FR","potentialAction":[{"@type":"ReadAction","target":["https:\/\/web.givex.com\/fr\/a-propos-de-nous\/"]}]},{"@type":"WebSite","@id":"https:\/\/web.givex.com\/fr\/#website","url":"https:\/\/web.givex.com\/fr\/","name":"Givex","description":"Integrate Payments and Commerce Technology","publisher":{"@id":"https:\/\/web.givex.com\/fr\/#organization"},"potentialAction":[{"@type":"SearchAction","target":{"@type":"EntryPoint","urlTemplate":"https:\/\/web.givex.com\/fr\/?s={search_term_string}"},"query-input":{"@type":"PropertyValueSpecification","valueRequired":true,"valueName":"search_term_string"}}],"inLanguage":"fr-FR"},{"@type":"Organization","@id":"https:\/\/web.givex.com\/fr\/#organization","name":"Givex","url":"https:\/\/web.givex.com\/fr\/","logo":{"@type":"ImageObject","inLanguage":"fr-FR","@id":"https:\/\/web.givex.com\/fr\/#\/schema\/logo\/image\/","url":"https:\/\/web.givex.com\/wp-content\/uploads\/2024\/03\/givex-blue-bg.png","contentUrl":"https:\/\/web.givex.com\/wp-content\/uploads\/2024\/03\/givex-blue-bg.png","width":1200,"height":1200,"caption":"Givex"},"image":{"@id":"https:\/\/web.givex.com\/fr\/#\/schema\/logo\/image\/"},"sameAs":["https:\/\/x.com\/GivexCorp","https:\/\/www.linkedin.com\/company\/givex\/","https:\/\/www.youtube.com\/@givexcorp6643"]}]}},"_links":{"self":[{"href":"https:\/\/web.givex.com\/fr\/wp-json\/wp\/v2\/pages\/670","targetHints":{"allow":["GET"]}}],"collection":[{"href":"https:\/\/web.givex.com\/fr\/wp-json\/wp\/v2\/pages"}],"about":[{"href":"https:\/\/web.givex.com\/fr\/wp-json\/wp\/v2\/types\/page"}],"author":[{"embeddable":true,"href":"https:\/\/web.givex.com\/fr\/wp-json\/wp\/v2\/users\/25"}],"replies":[{"embeddable":true,"href":"https:\/\/web.givex.com\/fr\/wp-json\/wp\/v2\/comments?post=670"}],"version-history":[{"count":28,"href":"https:\/\/web.givex.com\/fr\/wp-json\/wp\/v2\/pages\/670\/revisions"}],"predecessor-version":[{"id":31633,"href":"https:\/\/web.givex.com\/fr\/wp-json\/wp\/v2\/pages\/670\/revisions\/31633"}],"wp:attachment":[{"href":"https:\/\/web.givex.com\/fr\/wp-json\/wp\/v2\/media?parent=670"}],"curies":[{"name":"wp","href":"https:\/\/api.w.org\/{rel}","templated":true}]}}