{"id":643,"date":"2023-12-21T12:25:52","date_gmt":"2023-12-21T17:25:52","guid":{"rendered":"https:\/\/web.givex.com\/third-party-support-for-pos\/"},"modified":"2022-11-30T20:38:27","modified_gmt":"2022-11-30T20:38:27","slug":"prise-en-charge-de-tiers-pour-les-points-de-vente","status":"publish","type":"page","link":"https:\/\/web.givex.com\/fr\/programme-de-partenariat\/prise-en-charge-de-tiers-pour-les-points-de-vente\/","title":{"rendered":"Prise en charge de tiers pour les points de vente"},"content":{"rendered":"<div id=\"block_c5c9aeedde15b827ff657c84edad8aa4\" class=\"hero acf-block alignfull\">\n\n\t\t<figure class=\"hero__figure hero__figure--center\" data-background-mode=\"transparent\" role=\"none\">\n\t\t\t<img loading=\"lazy\" decoding=\"async\" width=\"2048\" height=\"1366\" src=\"https:\/\/web.givex.com\/wp-content\/uploads\/2022\/09\/partner-program-third-party-00001.jpg\" class=\"attachment-full size-full\" alt=\"\" srcset=\"https:\/\/web.givex.com\/wp-content\/uploads\/2022\/09\/partner-program-third-party-00001.jpg 2048w, https:\/\/web.givex.com\/wp-content\/uploads\/2022\/09\/partner-program-third-party-00001-300x200.jpg 300w, https:\/\/web.givex.com\/wp-content\/uploads\/2022\/09\/partner-program-third-party-00001-1024x683.jpg 1024w, https:\/\/web.givex.com\/wp-content\/uploads\/2022\/09\/partner-program-third-party-00001-768x512.jpg 768w, https:\/\/web.givex.com\/wp-content\/uploads\/2022\/09\/partner-program-third-party-00001-1536x1025.jpg 1536w\" sizes=\"auto, (max-width: 2048px) 100vw, 2048px\" \/>\t\t<\/figure>\n\n\t<div class=\"hero__container\">\n\n\t\t<div class=\"hero__content\" data-background-mode=\"transparent\">\n\n\t\t\t\t\t<p class=\"breadcrumbs hero__breadcrumbs\"><\/p>\t\t\n\t\t\t\t\t\t\t<h1 class=\"hero__title\">Produits Tiers<\/h1>\n\t\t\t\n\t\t\t\n\t\t\t\n\t\t\t\t\t<\/div>\n\n\t\t\n\t<\/div>\n\n<\/div>\n\n\n\n<div class=\"geot-ajax geot-filter\" data-action=\"country_filter\" data-filter=\"\" data-region=\"africa, europe\" data-ex_filter=\"\" data-ex_region=\"\"><section id=\"block_b3a361f49021e570dbfacd13495f2f9f\"\n  class=\"logo-text acf-block alignwide\">\n  <div class=\"logo-text__container\">\n        <div class=\"logo-text__logo\">\n      <figure class=\"logo-text__figure\" role=\"none\">\n        <img loading=\"lazy\" decoding=\"async\" width=\"1108\" height=\"624\" src=\"https:\/\/web.givex.com\/wp-content\/uploads\/2022\/09\/optimized-Jazz.png\" class=\"attachment-full size-full\" alt=\"\" srcset=\"https:\/\/web.givex.com\/wp-content\/uploads\/2022\/09\/optimized-Jazz.png 1108w, https:\/\/web.givex.com\/wp-content\/uploads\/2022\/09\/optimized-Jazz-300x169.png 300w, https:\/\/web.givex.com\/wp-content\/uploads\/2022\/09\/optimized-Jazz-1024x577.png 1024w, https:\/\/web.givex.com\/wp-content\/uploads\/2022\/09\/optimized-Jazz-768x433.png 768w\" sizes=\"auto, (max-width: 1108px) 100vw, 1108px\" \/>      <\/figure>\n    <\/div>\n    \n    <div class=\"logo-text__content\">\n            <h2 class=\"logo-text__title h4\">Jazz POS Hardware<\/h2>\n      <div class=\"logo-text__body medium\">\n        <p>Jazz offre une gamme de configurations pour s&rsquo;adapter \u00e0 n&rsquo;importe quel environnement. Il peut \u00eatre adapt\u00e9 pour servir de terminal de point de vente classique, de point de vente sur poteau ou de borne de paiement en libre-service. <\/p>\n      <\/div>\n          <\/div>\n  <\/div>\n<\/section>\n<\/div>\n\n\n\n<div class=\"geot-ajax geot-filter\" data-action=\"country_filter\" data-filter=\"\" data-region=\"africa, europe\" data-ex_filter=\"\" data-ex_region=\"\"><section id=\"block_faea5702e71b6f7ecf203a361ea6a4ea\"\n  class=\"logo-text acf-block alignwide\">\n  <div class=\"logo-text__container\">\n        <div class=\"logo-text__logo\">\n      <figure class=\"logo-text__figure\" role=\"none\">\n        <img loading=\"lazy\" decoding=\"async\" width=\"600\" height=\"519\" src=\"https:\/\/web.givex.com\/wp-content\/uploads\/2022\/09\/optimized-Twist.png\" class=\"attachment-full size-full\" alt=\"\" srcset=\"https:\/\/web.givex.com\/wp-content\/uploads\/2022\/09\/optimized-Twist.png 600w, https:\/\/web.givex.com\/wp-content\/uploads\/2022\/09\/optimized-Twist-300x260.png 300w\" sizes=\"auto, (max-width: 600px) 100vw, 600px\" \/>      <\/figure>\n    <\/div>\n    \n    <div class=\"logo-text__content\">\n            <h2 class=\"logo-text__title h4\">Twist POS Hardware<\/h2>\n      <div class=\"logo-text__body medium\">\n        <p>Twist est un terminal de point de vente minimaliste et ultra-compact qui offre toutes les fonctionnalit\u00e9s de point de vente dans un faible encombrement lorsque l&rsquo;\u00e9conomie d&rsquo;espace est essentielle.<\/p>\n      <\/div>\n          <\/div>\n  <\/div>\n<\/section>\n<\/div>\n\n\n\n<div class=\"geot-ajax geot-filter\" data-action=\"country_filter\" data-filter=\"\" data-region=\"africa, europe\" data-ex_filter=\"\" data-ex_region=\"\"><section id=\"block_537135554fd64e6cbdb9e699d91092e0\"\n  class=\"logo-text acf-block alignwide\">\n  <div class=\"logo-text__container\">\n        <div class=\"logo-text__logo\">\n      <figure class=\"logo-text__figure\" role=\"none\">\n        <img loading=\"lazy\" decoding=\"async\" width=\"600\" height=\"615\" src=\"https:\/\/web.givex.com\/wp-content\/uploads\/2022\/09\/optimized-Sango.png\" class=\"attachment-full size-full\" alt=\"\" srcset=\"https:\/\/web.givex.com\/wp-content\/uploads\/2022\/09\/optimized-Sango.png 600w, https:\/\/web.givex.com\/wp-content\/uploads\/2022\/09\/optimized-Sango-293x300.png 293w\" sizes=\"auto, (max-width: 600px) 100vw, 600px\" \/>      <\/figure>\n    <\/div>\n    \n    <div class=\"logo-text__content\">\n            <h2 class=\"logo-text__title h4\">Sango POS Hardware<\/h2>\n      <div class=\"logo-text__body medium\">\n        <p>Sango est un syst\u00e8me de gestion de caisse tout-en-un con\u00e7u sans base ni support intrusif, lib\u00e9rant de l&rsquo;espace sous l&rsquo;\u00e9cran tactile de votre terminal.<\/p>\n      <\/div>\n          <\/div>\n  <\/div>\n<\/section>\n<\/div>\n\n\n\n<div class=\"geot-ajax geot-filter\" data-action=\"country_filter\" data-filter=\"\" data-region=\"africa, europe\" data-ex_filter=\"\" data-ex_region=\"\"><section id=\"block_933400eac2f1e8d45fca533cfcf8ffb9\"\n  class=\"logo-text acf-block alignwide\">\n  <div class=\"logo-text__container\">\n        <div class=\"logo-text__logo\">\n      <figure class=\"logo-text__figure\" role=\"none\">\n        <img loading=\"lazy\" decoding=\"async\" width=\"600\" height=\"568\" src=\"https:\/\/web.givex.com\/wp-content\/uploads\/2022\/09\/optimized-Yuno.png\" class=\"attachment-full size-full\" alt=\"\" srcset=\"https:\/\/web.givex.com\/wp-content\/uploads\/2022\/09\/optimized-Yuno.png 600w, https:\/\/web.givex.com\/wp-content\/uploads\/2022\/09\/optimized-Yuno-300x284.png 300w\" sizes=\"auto, (max-width: 600px) 100vw, 600px\" \/>      <\/figure>\n    <\/div>\n    \n    <div class=\"logo-text__content\">\n            <h2 class=\"logo-text__title h4\">Yuno POS Hardware<\/h2>\n      <div class=\"logo-text__body medium\">\n        <p>Yuno est un terminal robuste et \u00e9l\u00e9gant con\u00e7u pour s&rsquo;adapter \u00e0 de nombreux secteurs industriels diff\u00e9rents. Yuno est tr\u00e8s flexible et r\u00e9siste \u00e9galement \u00e0 la salet\u00e9, aux \u00e9claboussures et aux environnements difficiles dans les cuisines et les restaurants. <\/p>\n      <\/div>\n          <\/div>\n  <\/div>\n<\/section>\n<\/div>\n\n\n\n<div class=\"geot-ajax geot-filter\" data-action=\"country_filter\" data-filter=\"\" data-region=\"africa, europe\" data-ex_filter=\"\" data-ex_region=\"\"><section id=\"block_30708a498da4fc03a70bf52d76e4af6f\"\n  class=\"logo-text acf-block alignwide\">\n  <div class=\"logo-text__container\">\n        <div class=\"logo-text__logo\">\n      <figure class=\"logo-text__figure\" role=\"none\">\n        <img loading=\"lazy\" decoding=\"async\" width=\"600\" height=\"466\" src=\"https:\/\/web.givex.com\/wp-content\/uploads\/2022\/09\/optimized-Nino-2.png\" class=\"attachment-full size-full\" alt=\"\" srcset=\"https:\/\/web.givex.com\/wp-content\/uploads\/2022\/09\/optimized-Nino-2.png 600w, https:\/\/web.givex.com\/wp-content\/uploads\/2022\/09\/optimized-Nino-2-300x233.png 300w\" sizes=\"auto, (max-width: 600px) 100vw, 600px\" \/>      <\/figure>\n    <\/div>\n    \n    <div class=\"logo-text__content\">\n            <h2 class=\"logo-text__title h4\">Nino 2 POS Hardware<\/h2>\n      <div class=\"logo-text__body medium\">\n        <p>Nino 2 est ultra-compact, avec la capacit\u00e9 unique de se plier compl\u00e8tement \u00e0 plat. Le bras oscillant enti\u00e8rement flexible et r\u00e9glable de Nino 2 lui permet \u00e9galement d&rsquo;\u00eatre positionn\u00e9 pour n&rsquo;importe quel angle de vue. <\/p>\n      <\/div>\n          <\/div>\n  <\/div>\n<\/section>\n<\/div>\n\n\n\n<div class=\"geot-ajax geot-filter\" data-action=\"country_filter\" data-filter=\"\" data-region=\"africa, europe\" data-ex_filter=\"\" data-ex_region=\"\"><section id=\"block_42d964d3d8f7657f403c75081fdcd773\"\n  class=\"logo-text acf-block alignwide\">\n  <div class=\"logo-text__container\">\n        <div class=\"logo-text__logo\">\n      <figure class=\"logo-text__figure\" role=\"none\">\n        <img loading=\"lazy\" decoding=\"async\" width=\"960\" height=\"960\" src=\"https:\/\/web.givex.com\/wp-content\/uploads\/2022\/09\/optimized-Samsung-online-ordering.jpg\" class=\"attachment-full size-full\" alt=\"\" srcset=\"https:\/\/web.givex.com\/wp-content\/uploads\/2022\/09\/optimized-Samsung-online-ordering.jpg 960w, https:\/\/web.givex.com\/wp-content\/uploads\/2022\/09\/optimized-Samsung-online-ordering-300x300.jpg 300w, https:\/\/web.givex.com\/wp-content\/uploads\/2022\/09\/optimized-Samsung-online-ordering-150x150.jpg 150w, https:\/\/web.givex.com\/wp-content\/uploads\/2022\/09\/optimized-Samsung-online-ordering-768x768.jpg 768w, https:\/\/web.givex.com\/wp-content\/uploads\/2022\/09\/optimized-Samsung-online-ordering-600x600.jpg 600w\" sizes=\"auto, (max-width: 960px) 100vw, 960px\" \/>      <\/figure>\n    <\/div>\n    \n    <div class=\"logo-text__content\">\n            <h2 class=\"logo-text__title h4\">Samsung Devices<\/h2>\n      <div class=\"logo-text__body medium\">\n        <p>Avec la tablette portable Samsung S7 ou Samsung Tab, votre personnel peut prendre des commandes de n&rsquo;importe o\u00f9. Les commandes sont envoy\u00e9es directement \u00e0 la caisse et aux zones de production. L&rsquo;interface conviviale permet aux serveurs de commencer \u00e0 l&rsquo;utiliser imm\u00e9diatement.   <\/p>\n      <\/div>\n          <\/div>\n  <\/div>\n<\/section>\n<\/div>\n\n\n\n<div class=\"geot-ajax geot-filter\" data-action=\"country_filter\" data-filter=\"\" data-region=\"africa, europe\" data-ex_filter=\"\" data-ex_region=\"\"><section id=\"block_fc2f0264d8c99328315975aee9748a26\"\n  class=\"logo-text acf-block alignwide\">\n  <div class=\"logo-text__container\">\n    \n    <div class=\"logo-text__content\">\n            <h2 class=\"logo-text__title h4\">Automatic Payment<\/h2>\n      <div class=\"logo-text__body medium\">\n        <p>Les clients peuvent gagner du temps \u00e0 la caisse et les clients peuvent \u00e9liminer les probl\u00e8mes de s\u00e9curit\u00e9 li\u00e9s \u00e0 la manipulation des esp\u00e8ces par les employ\u00e9s. Les trois mod\u00e8les de caisses enregistreuses automatiques acceptent le paiement, rendent la monnaie et m\u00eame contr\u00f4lent la fausse monnaie, am\u00e9liorant les niveaux de service et r\u00e9duisant les co\u00fbts gr\u00e2ce \u00e0 des solutions d&rsquo;automatisation. <\/p>\n      <\/div>\n          <\/div>\n  <\/div>\n<\/section>\n<\/div>\n\n\n\n<div class=\"geot-ajax geot-filter\" data-action=\"country_filter\" data-filter=\"\" data-region=\"africa, europe\" data-ex_filter=\"\" data-ex_region=\"\"><section id=\"block_aa967e3a52955533ab0a424d4048051a\"\n  class=\"logo-text acf-block alignwide\">\n  <div class=\"logo-text__container\">\n    \n    <div class=\"logo-text__content\">\n            <h2 class=\"logo-text__title h4\">Badge Loading<\/h2>\n      <div class=\"logo-text__body medium\">\n        <p>These terminals enable users to reload badges or tickets themselves using cash or credit card. This decreases wait times and reduces risks associated with cash handling.  <\/p>\n      <\/div>\n          <\/div>\n  <\/div>\n<\/section>\n<\/div>\n\n\n\n<div class=\"geot-ajax geot-filter\" data-action=\"country_filter\" data-filter=\"\" data-region=\"africa, europe\" data-ex_filter=\"\" data-ex_region=\"\"><section id=\"block_574e395041d06522d3bd03664df42788\"\n  class=\"logo-text acf-block alignwide\">\n  <div class=\"logo-text__container\">\n    \n    <div class=\"logo-text__content\">\n            <h2 class=\"logo-text__title h4\">InfoPlus<\/h2>\n      <div class=\"logo-text__body medium\">\n        <p>InfoPlus vous permet de g\u00e9rer vos magasins \u00e0 distance depuis votre bureau. G\u00e9rez les \u00e9l\u00e9ments de menu, les comptes d&rsquo;utilisateurs, la planification des employ\u00e9s, les rapports, l&rsquo;inventaire et plus encore. Int\u00e9gr\u00e9 avec Cresus, Sage, Winbiz.  <\/p>\n      <\/div>\n          <\/div>\n  <\/div>\n<\/section>\n<\/div>\n\n\n\n<div class=\"geot-ajax geot-filter\" data-action=\"country_filter\" data-filter=\"\" data-region=\"south-america\" data-ex_filter=\"\" data-ex_region=\"\"><section id=\"block_9fd02b0718704bc4d6440e1fb21e17c4\"\n  class=\"logo-text acf-block alignwide\">\n  <div class=\"logo-text__container\">\n    \n    <div class=\"logo-text__content\">\n            <h2 class=\"logo-text__title h4\">Nubeis<\/h2>\n      <div class=\"logo-text__body medium\">\n        <p>La facturation fiscale automatique Nubeis est le syst\u00e8me de facturation \u00e9lectronique cloud le plus fiable et le plus facile \u00e0 utiliser pour g\u00e9n\u00e9rer automatiquement vos fichiers CFDI aux formats PDF et XML. C&rsquo;est simple, rapide, mobile et s\u00e9curis\u00e9. <\/p>\n      <\/div>\n          <\/div>\n  <\/div>\n<\/section>\n<\/div>\n\n\n<div id=\"block_0b334a3f3c3ea03b8abac0a92c665115\"\n  class=\"text-image text-image--left text-image--contained text-image--shadow text-image--graphic acf-block alignwide\">\n  <div class=\"text-image__container\">\n\n    <div class=\"text-image__content\">\n\n            <h2 class=\"text-image__title\">Contactez notre \u00e9quipe d&rsquo;assistance<\/h2>\n      \n      \n            <a class=\"button button--arrow\" href=\"https:\/\/web.givex.com\/fr\/soutien\/\"\n        target=\"_self\" >Obtenir aide<\/a>\n      \n    <\/div>\n\n    <figure class=\"text-image__figure text-image__figure--\" role=\"none\">\n      <img loading=\"lazy\" decoding=\"async\" width=\"2048\" height=\"1410\" src=\"https:\/\/web.givex.com\/wp-content\/uploads\/2022\/09\/site-Businesswoman-wearing-headset-while-using-computer-1141989891_7245x4989-e1663890635616.jpg\" class=\"attachment-full size-full\" alt=\"\" srcset=\"https:\/\/web.givex.com\/wp-content\/uploads\/2022\/09\/site-Businesswoman-wearing-headset-while-using-computer-1141989891_7245x4989-e1663890635616.jpg 2048w, https:\/\/web.givex.com\/wp-content\/uploads\/2022\/09\/site-Businesswoman-wearing-headset-while-using-computer-1141989891_7245x4989-e1663890635616-300x207.jpg 300w, https:\/\/web.givex.com\/wp-content\/uploads\/2022\/09\/site-Businesswoman-wearing-headset-while-using-computer-1141989891_7245x4989-e1663890635616-1024x705.jpg 1024w, https:\/\/web.givex.com\/wp-content\/uploads\/2022\/09\/site-Businesswoman-wearing-headset-while-using-computer-1141989891_7245x4989-e1663890635616-768x529.jpg 768w, https:\/\/web.givex.com\/wp-content\/uploads\/2022\/09\/site-Businesswoman-wearing-headset-while-using-computer-1141989891_7245x4989-e1663890635616-1536x1058.jpg 1536w\" sizes=\"auto, (max-width: 2048px) 100vw, 2048px\" \/>    <\/figure>\n\n  <\/div>\n\n<\/div>\n\n\n<div id=\"block_6bfda7b66b73901e8785f2bd7cc8d4c1\" class=\"cta acf-block alignwide\">\n\n<div class=\"cta__wrapper\">\n\n\t<div class=\"cta__container\">\n\n\t\t<div class=\"cta__content\">\n\n\t\t\t\t\t\t<h2 class=\"cta__title\">En savoir plus sur GivexPOS<\/h2>\n\t\t\t\n\t\t\t\t\t\t<div class=\"cta__body\"><p>Givex propose des solutions de point de vente intuitives, des cartes-cadeaux, des cartes de fid\u00e9lit\u00e9 et des tickets \u00e0 valeur stock\u00e9e qui stimulent les ventes de nos clients, les aidant \u00e0 mieux comprendre, r\u00e9compenser et attirer leurs clients et, en fin de compte, \u00e0 prendre des d\u00e9cisions commerciales plus \u00e9clair\u00e9es.<\/p>\n<\/div>\n\t\t\t\n\n\t\t\t\t\t\t<a class=\"button cta__link\" href=\"https:\/\/web.givex.com\/fr\/pos\/\" target=\"_self\" >En savoir plus<\/a>\n\t\t\t\n\t\t<\/div>\n\n\t<\/div>\n\n\t<\/div>\n<\/div>\n","protected":false},"excerpt":{"rendered":"","protected":false},"author":35,"featured_media":0,"parent":637,"menu_order":0,"comment_status":"closed","ping_status":"closed","template":"","meta":{"_acf_changed":false,"content-type":"","inline_featured_image":false,"footnotes":""},"class_list":["post-643","page","type-page","status-publish","hentry"],"acf":[],"yoast_head":"<!-- This site is optimized with the Yoast SEO plugin v27.3 - https:\/\/yoast.com\/product\/yoast-seo-wordpress\/ -->\n<title>Shift4 | Assistance et solutions tierces pour les points de vente<\/title>\n<meta name=\"description\" content=\"Givex propose des solutions de point de vente intuitives, des cartes-cadeaux, des cartes de fid\u00e9lit\u00e9 et des billets \u00e0 valeur stock\u00e9e qui stimulent les ventes de nos clients, les aidant \u00e0 r\u00e9compenser leurs clients.\" \/>\n<meta name=\"robots\" content=\"index, follow, max-snippet:-1, max-image-preview:large, max-video-preview:-1\" \/>\n<link rel=\"canonical\" href=\"https:\/\/web.givex.com\/fr\/programme-de-partenariat\/prise-en-charge-de-tiers-pour-les-points-de-vente\/\" \/>\n<meta property=\"og:locale\" content=\"fr_FR\" \/>\n<meta property=\"og:type\" content=\"article\" \/>\n<meta property=\"og:title\" content=\"Shift4 | Assistance et solutions tierces pour les points de vente\" \/>\n<meta property=\"og:description\" content=\"Givex propose des solutions de point de vente intuitives, des cartes-cadeaux, des cartes de fid\u00e9lit\u00e9 et des billets \u00e0 valeur stock\u00e9e qui stimulent les ventes de nos clients, les aidant \u00e0 r\u00e9compenser leurs clients.\" \/>\n<meta property=\"og:url\" content=\"https:\/\/web.givex.com\/fr\/programme-de-partenariat\/prise-en-charge-de-tiers-pour-les-points-de-vente\/\" \/>\n<meta property=\"og:site_name\" content=\"Shift4\" \/>\n<meta name=\"twitter:card\" content=\"summary_large_image\" \/>\n<meta name=\"twitter:site\" content=\"@GivexCorp\" \/>\n<script type=\"application\/ld+json\" class=\"yoast-schema-graph\">{\"@context\":\"https:\\\/\\\/schema.org\",\"@graph\":[{\"@type\":\"WebPage\",\"@id\":\"https:\\\/\\\/web.givex.com\\\/fr\\\/programme-de-partenariat\\\/prise-en-charge-de-tiers-pour-les-points-de-vente\\\/\",\"url\":\"https:\\\/\\\/web.givex.com\\\/fr\\\/programme-de-partenariat\\\/prise-en-charge-de-tiers-pour-les-points-de-vente\\\/\",\"name\":\"Shift4 | Assistance et solutions tierces pour les points de vente\",\"isPartOf\":{\"@id\":\"https:\\\/\\\/web.givex.com\\\/fr\\\/#website\"},\"datePublished\":\"2023-12-21T17:25:52+00:00\",\"description\":\"Givex propose des solutions de point de vente intuitives, des cartes-cadeaux, des cartes de fid\u00e9lit\u00e9 et des billets \u00e0 valeur stock\u00e9e qui stimulent les ventes de nos clients, les aidant \u00e0 r\u00e9compenser leurs clients.\",\"breadcrumb\":{\"@id\":\"https:\\\/\\\/web.givex.com\\\/fr\\\/programme-de-partenariat\\\/prise-en-charge-de-tiers-pour-les-points-de-vente\\\/#breadcrumb\"},\"inLanguage\":\"fr-FR\",\"potentialAction\":[{\"@type\":\"ReadAction\",\"target\":[\"https:\\\/\\\/web.givex.com\\\/fr\\\/programme-de-partenariat\\\/prise-en-charge-de-tiers-pour-les-points-de-vente\\\/\"]}]},{\"@type\":\"BreadcrumbList\",\"@id\":\"https:\\\/\\\/web.givex.com\\\/fr\\\/programme-de-partenariat\\\/prise-en-charge-de-tiers-pour-les-points-de-vente\\\/#breadcrumb\",\"itemListElement\":[{\"@type\":\"ListItem\",\"position\":1,\"name\":\"Programme de partenariat\",\"item\":\"https:\\\/\\\/web.givex.com\\\/fr\\\/programme-de-partenariat\\\/\"},{\"@type\":\"ListItem\",\"position\":2,\"name\":\"Prise en charge de tiers pour les points de vente\"}]},{\"@type\":\"WebSite\",\"@id\":\"https:\\\/\\\/web.givex.com\\\/fr\\\/#website\",\"url\":\"https:\\\/\\\/web.givex.com\\\/fr\\\/\",\"name\":\"Givex\",\"description\":\"Integrate Payments and Commerce Technology\",\"publisher\":{\"@id\":\"https:\\\/\\\/web.givex.com\\\/fr\\\/#organization\"},\"potentialAction\":[{\"@type\":\"SearchAction\",\"target\":{\"@type\":\"EntryPoint\",\"urlTemplate\":\"https:\\\/\\\/web.givex.com\\\/fr\\\/?s={search_term_string}\"},\"query-input\":{\"@type\":\"PropertyValueSpecification\",\"valueRequired\":true,\"valueName\":\"search_term_string\"}}],\"inLanguage\":\"fr-FR\"},{\"@type\":\"Organization\",\"@id\":\"https:\\\/\\\/web.givex.com\\\/fr\\\/#organization\",\"name\":\"Givex\",\"url\":\"https:\\\/\\\/web.givex.com\\\/fr\\\/\",\"logo\":{\"@type\":\"ImageObject\",\"inLanguage\":\"fr-FR\",\"@id\":\"https:\\\/\\\/web.givex.com\\\/fr\\\/#\\\/schema\\\/logo\\\/image\\\/\",\"url\":\"https:\\\/\\\/web.givex.com\\\/wp-content\\\/uploads\\\/2024\\\/03\\\/givex-blue-bg.png\",\"contentUrl\":\"https:\\\/\\\/web.givex.com\\\/wp-content\\\/uploads\\\/2024\\\/03\\\/givex-blue-bg.png\",\"width\":1200,\"height\":1200,\"caption\":\"Givex\"},\"image\":{\"@id\":\"https:\\\/\\\/web.givex.com\\\/fr\\\/#\\\/schema\\\/logo\\\/image\\\/\"},\"sameAs\":[\"https:\\\/\\\/x.com\\\/GivexCorp\",\"https:\\\/\\\/www.linkedin.com\\\/company\\\/givex\\\/\",\"https:\\\/\\\/www.youtube.com\\\/@givexcorp6643\"]}]}<\/script>\n<!-- \/ Yoast SEO plugin. -->","yoast_head_json":{"title":"Shift4 | Assistance et solutions tierces pour les points de vente","description":"Givex propose des solutions de point de vente intuitives, des cartes-cadeaux, des cartes de fid\u00e9lit\u00e9 et des billets \u00e0 valeur stock\u00e9e qui stimulent les ventes de nos clients, les aidant \u00e0 r\u00e9compenser leurs clients.","robots":{"index":"index","follow":"follow","max-snippet":"max-snippet:-1","max-image-preview":"max-image-preview:large","max-video-preview":"max-video-preview:-1"},"canonical":"https:\/\/web.givex.com\/fr\/programme-de-partenariat\/prise-en-charge-de-tiers-pour-les-points-de-vente\/","og_locale":"fr_FR","og_type":"article","og_title":"Shift4 | Assistance et solutions tierces pour les points de vente","og_description":"Givex propose des solutions de point de vente intuitives, des cartes-cadeaux, des cartes de fid\u00e9lit\u00e9 et des billets \u00e0 valeur stock\u00e9e qui stimulent les ventes de nos clients, les aidant \u00e0 r\u00e9compenser leurs clients.","og_url":"https:\/\/web.givex.com\/fr\/programme-de-partenariat\/prise-en-charge-de-tiers-pour-les-points-de-vente\/","og_site_name":"Shift4","twitter_card":"summary_large_image","twitter_site":"@GivexCorp","schema":{"@context":"https:\/\/schema.org","@graph":[{"@type":"WebPage","@id":"https:\/\/web.givex.com\/fr\/programme-de-partenariat\/prise-en-charge-de-tiers-pour-les-points-de-vente\/","url":"https:\/\/web.givex.com\/fr\/programme-de-partenariat\/prise-en-charge-de-tiers-pour-les-points-de-vente\/","name":"Shift4 | Assistance et solutions tierces pour les points de vente","isPartOf":{"@id":"https:\/\/web.givex.com\/fr\/#website"},"datePublished":"2023-12-21T17:25:52+00:00","description":"Givex propose des solutions de point de vente intuitives, des cartes-cadeaux, des cartes de fid\u00e9lit\u00e9 et des billets \u00e0 valeur stock\u00e9e qui stimulent les ventes de nos clients, les aidant \u00e0 r\u00e9compenser leurs clients.","breadcrumb":{"@id":"https:\/\/web.givex.com\/fr\/programme-de-partenariat\/prise-en-charge-de-tiers-pour-les-points-de-vente\/#breadcrumb"},"inLanguage":"fr-FR","potentialAction":[{"@type":"ReadAction","target":["https:\/\/web.givex.com\/fr\/programme-de-partenariat\/prise-en-charge-de-tiers-pour-les-points-de-vente\/"]}]},{"@type":"BreadcrumbList","@id":"https:\/\/web.givex.com\/fr\/programme-de-partenariat\/prise-en-charge-de-tiers-pour-les-points-de-vente\/#breadcrumb","itemListElement":[{"@type":"ListItem","position":1,"name":"Programme de partenariat","item":"https:\/\/web.givex.com\/fr\/programme-de-partenariat\/"},{"@type":"ListItem","position":2,"name":"Prise en charge de tiers pour les points de vente"}]},{"@type":"WebSite","@id":"https:\/\/web.givex.com\/fr\/#website","url":"https:\/\/web.givex.com\/fr\/","name":"Givex","description":"Integrate Payments and Commerce Technology","publisher":{"@id":"https:\/\/web.givex.com\/fr\/#organization"},"potentialAction":[{"@type":"SearchAction","target":{"@type":"EntryPoint","urlTemplate":"https:\/\/web.givex.com\/fr\/?s={search_term_string}"},"query-input":{"@type":"PropertyValueSpecification","valueRequired":true,"valueName":"search_term_string"}}],"inLanguage":"fr-FR"},{"@type":"Organization","@id":"https:\/\/web.givex.com\/fr\/#organization","name":"Givex","url":"https:\/\/web.givex.com\/fr\/","logo":{"@type":"ImageObject","inLanguage":"fr-FR","@id":"https:\/\/web.givex.com\/fr\/#\/schema\/logo\/image\/","url":"https:\/\/web.givex.com\/wp-content\/uploads\/2024\/03\/givex-blue-bg.png","contentUrl":"https:\/\/web.givex.com\/wp-content\/uploads\/2024\/03\/givex-blue-bg.png","width":1200,"height":1200,"caption":"Givex"},"image":{"@id":"https:\/\/web.givex.com\/fr\/#\/schema\/logo\/image\/"},"sameAs":["https:\/\/x.com\/GivexCorp","https:\/\/www.linkedin.com\/company\/givex\/","https:\/\/www.youtube.com\/@givexcorp6643"]}]}},"_links":{"self":[{"href":"https:\/\/web.givex.com\/fr\/wp-json\/wp\/v2\/pages\/643","targetHints":{"allow":["GET"]}}],"collection":[{"href":"https:\/\/web.givex.com\/fr\/wp-json\/wp\/v2\/pages"}],"about":[{"href":"https:\/\/web.givex.com\/fr\/wp-json\/wp\/v2\/types\/page"}],"author":[{"embeddable":true,"href":"https:\/\/web.givex.com\/fr\/wp-json\/wp\/v2\/users\/35"}],"replies":[{"embeddable":true,"href":"https:\/\/web.givex.com\/fr\/wp-json\/wp\/v2\/comments?post=643"}],"version-history":[{"count":17,"href":"https:\/\/web.givex.com\/fr\/wp-json\/wp\/v2\/pages\/643\/revisions"}],"predecessor-version":[{"id":14021,"href":"https:\/\/web.givex.com\/fr\/wp-json\/wp\/v2\/pages\/643\/revisions\/14021"}],"up":[{"embeddable":true,"href":"https:\/\/web.givex.com\/fr\/wp-json\/wp\/v2\/pages\/637"}],"wp:attachment":[{"href":"https:\/\/web.givex.com\/fr\/wp-json\/wp\/v2\/media?parent=643"}],"curies":[{"name":"wp","href":"https:\/\/api.w.org\/{rel}","templated":true}]}}