{"id":639,"date":"2023-12-21T12:25:53","date_gmt":"2023-12-21T17:25:53","guid":{"rendered":"https:\/\/web.givex.com\/conditions-generales\/"},"modified":"2025-08-07T13:26:14","modified_gmt":"2025-08-07T17:26:14","slug":"conditions-generales","status":"publish","type":"page","link":"https:\/\/web.givex.com\/fr\/conditions-generales\/","title":{"rendered":"Conditions g\u00e9n\u00e9rales des partenaires"},"content":{"rendered":"<div id=\"block_1ccb29bec700c38d5b87c9bc445bf184\" class=\"hero acf-block alignfull\">\n\n\t\t<figure class=\"hero__figure hero__figure--center\" data-background-mode=\"transparent\" role=\"none\">\n\t\t\t<img loading=\"lazy\" decoding=\"async\" width=\"1920\" height=\"660\" src=\"https:\/\/web.givex.com\/wp-content\/uploads\/2022\/08\/How-it-Works.jpg\" class=\"attachment-full size-full\" alt=\"\" srcset=\"https:\/\/web.givex.com\/wp-content\/uploads\/2022\/08\/How-it-Works.jpg 1920w, https:\/\/web.givex.com\/wp-content\/uploads\/2022\/08\/How-it-Works-300x103.jpg 300w, https:\/\/web.givex.com\/wp-content\/uploads\/2022\/08\/How-it-Works-1024x352.jpg 1024w, https:\/\/web.givex.com\/wp-content\/uploads\/2022\/08\/How-it-Works-768x264.jpg 768w, https:\/\/web.givex.com\/wp-content\/uploads\/2022\/08\/How-it-Works-1536x528.jpg 1536w\" sizes=\"auto, (max-width: 1920px) 100vw, 1920px\" \/>\t\t<\/figure>\n\n\t<div class=\"hero__container\">\n\n\t\t<div class=\"hero__content\" data-background-mode=\"transparent\">\n\n\t\t\n\t\t\t\t\t\t\t<h1 class=\"hero__title\">Conditions g\u00e9n\u00e9rales des partenaires<\/h1>\n\t\t\t\n\t\t\t\n\t\t\t\n\t\t\t\t\t<\/div>\n\n\t\t\n\t<\/div>\n\n<\/div>\n\n<h2 class=\"wp-block-heading\">Partenaires r\u00e9f\u00e9rents uniquement<\/h2>\n\n<p>Le personnel de vente de Givex vendra directement au client potentiel. Le personnel de vente de Givex vendra directement au client potentiel. Le partenaire r\u00e9f\u00e9rent Givex est \u00e9ligible pour devenir un revendeur\/distributeur Givex \u00e0 tout moment. Veuillez contacter Givex pour plus de d\u00e9tails sur notre programme revendeur\/concessionnaire. Vous, le partenaire r\u00e9f\u00e9rent Givex, avez droit \u00e0 5 % des frais de service et des frais d&rsquo;installation une fois que les \u00e9l\u00e9ments suivants ont \u00e9t\u00e9 remplis et re\u00e7us au si\u00e8ge social de Givex : Formulaire de commande sign\u00e9Accord de marchand sign\u00e9Paiement int\u00e9gral Le droit sera pay\u00e9 le mois suivant apr\u00e8s r\u00e9ception de tous les \u00e9l\u00e9ments requis \u00e9num\u00e9r\u00e9s ci-dessus.<\/p>\n\n<h2 class=\"wp-block-heading\">Litiges de r\u00e9f\u00e9rence<\/h2>\n\n<p>\u00c9tant donn\u00e9 qu&rsquo;il peut y avoir plus d&rsquo;un partenaire de r\u00e9f\u00e9rence dans une zone g\u00e9ographique repr\u00e9sentant un syst\u00e8me de point de vente unique ou offrant un autre type de services de traitement des paiements \u00e0 l&rsquo;aide de terminaux, il est important de r\u00e9soudre les litiges potentiels car Givex paiera une commission de r\u00e9f\u00e9rence \u00e0 une seule partie uniquement. Dans le cas o\u00f9 (a) deux parties ont enregistr\u00e9 le m\u00eame client sur le site Web de Givex et les parties proposent la m\u00eame solution, la partie qui enregistre la r\u00e9f\u00e9rence du marchand en premier recevra les frais de r\u00e9f\u00e9rence ; (b) deux parties ou plus ont enregistr\u00e9 le m\u00eame marchand sur le site Web de Givex et utilisent des solutions diff\u00e9rentes, alors la partie dont la solution globale est choisie et Givex fait partie de cette solution sera la partie qui recevra la commission de r\u00e9f\u00e9rence ; (c) deux ou plusieurs parties ont enregistr\u00e9 le m\u00eame marchand sur le site Web de Givex et que le marchand choisit une vari\u00e9t\u00e9 de solutions et n&rsquo;utilise pas une solution unifi\u00e9e pour tous les emplacements, alors la commission de recommandation sera attribu\u00e9e en fonction du pourcentage d&#8217;emplacements fournis par le partenaire r\u00e9f\u00e9rent sur le nombre total d&#8217;emplacements autoris\u00e9s \u00e0 ex\u00e9cuter le syst\u00e8me Givex ; (d) un partenaire r\u00e9f\u00e9rent ne vend pas de mat\u00e9riel ou de logiciel ou de services de traitement des paiements que Givex peut avoir besoin d&rsquo;int\u00e9grer ou de se tenir \u00e0 c\u00f4t\u00e9 d&rsquo;un terminal pour fournir les services Givex au marchand, alors le partenaire r\u00e9f\u00e9rent ne recevra une commission que si le traitement partie, fournisseur ISO ou point de vente que Givex doit int\u00e9grer \u00e0 notre stand \u00e0 c\u00f4t\u00e9, n&rsquo;est pas un revendeur Givex enregistr\u00e9 ou un partenaire r\u00e9f\u00e9rent et n&rsquo;a pas sign\u00e9 d&rsquo;accord de r\u00e9f\u00e9rence Givex. Givex fera de son mieux pour r\u00e9soudre les conflits entre les parties de mani\u00e8re \u00e9quitable, mais n&rsquo;est pas tenu de payer des frais de recommandation en double et n&rsquo;est tenu de payer qu&rsquo;un seul frais de recommandation. En cas de conflit, Givex d\u00e9terminera de la mani\u00e8re la plus \u00e9quitable sur la base des crit\u00e8res \u00e9nonc\u00e9s ci-dessus dans le paragraphe pr\u00e9c\u00e9dent qui recevra les honoraires de recommandation et les parties conviennent que la d\u00e9cision de Givex lie toutes les parties au conflit qui ont sign\u00e9 un accord de parrainage Givex.       <\/p>\n\n<div style=\"height:70px\" aria-hidden=\"true\" class=\"wp-block-spacer\"><\/div>\n","protected":false},"excerpt":{"rendered":"<p>Partenaires r\u00e9f\u00e9rents uniquement Le personnel de vente de Givex vendra directement au client potentiel. Le personnel de vente de Givex vendra directement au client potentiel. Le partenaire r\u00e9f\u00e9rent Givex est \u00e9ligible pour devenir un revendeur\/distributeur Givex \u00e0 tout moment. Veuillez contacter Givex pour plus de d\u00e9tails sur notre programme revendeur\/concessionnaire. Vous, le partenaire r\u00e9f\u00e9rent Givex, [&hellip;]<\/p>\n","protected":false},"author":35,"featured_media":0,"parent":0,"menu_order":0,"comment_status":"closed","ping_status":"closed","template":"","meta":{"_acf_changed":false,"content-type":"","inline_featured_image":false,"footnotes":""},"class_list":["post-639","page","type-page","status-publish","hentry"],"acf":[],"yoast_head":"<!-- This site is optimized with the Yoast SEO plugin v27.3 - https:\/\/yoast.com\/product\/yoast-seo-wordpress\/ -->\n<title>Shift4 | Conditions g\u00e9n\u00e9rales des partenaires<\/title>\n<meta name=\"description\" content=\"Le partenaire r\u00e9f\u00e9rent Givex est \u00e9ligible pour devenir un revendeur\/distributeur Givex \u00e0 tout moment. Veuillez contacter Givex pour plus de d\u00e9tails sur notre programme revendeur\/concessionnaire.\" \/>\n<meta name=\"robots\" content=\"index, follow, max-snippet:-1, max-image-preview:large, max-video-preview:-1\" \/>\n<link rel=\"canonical\" href=\"https:\/\/web.givex.com\/fr\/conditions-generales\/\" \/>\n<meta property=\"og:locale\" content=\"fr_FR\" \/>\n<meta property=\"og:type\" content=\"article\" \/>\n<meta property=\"og:title\" content=\"Shift4 | Conditions g\u00e9n\u00e9rales des partenaires\" \/>\n<meta property=\"og:description\" content=\"Le partenaire r\u00e9f\u00e9rent Givex est \u00e9ligible pour devenir un revendeur\/distributeur Givex \u00e0 tout moment. Veuillez contacter Givex pour plus de d\u00e9tails sur notre programme revendeur\/concessionnaire.\" \/>\n<meta property=\"og:url\" content=\"https:\/\/web.givex.com\/fr\/conditions-generales\/\" \/>\n<meta property=\"og:site_name\" content=\"Shift4\" \/>\n<meta property=\"article:modified_time\" content=\"2025-08-07T17:26:14+00:00\" \/>\n<meta name=\"twitter:card\" content=\"summary_large_image\" \/>\n<meta name=\"twitter:site\" content=\"@GivexCorp\" \/>\n<script type=\"application\/ld+json\" class=\"yoast-schema-graph\">{\"@context\":\"https:\\\/\\\/schema.org\",\"@graph\":[{\"@type\":\"WebPage\",\"@id\":\"https:\\\/\\\/web.givex.com\\\/fr\\\/conditions-generales\\\/\",\"url\":\"https:\\\/\\\/web.givex.com\\\/fr\\\/conditions-generales\\\/\",\"name\":\"Shift4 | Conditions g\u00e9n\u00e9rales des partenaires\",\"isPartOf\":{\"@id\":\"https:\\\/\\\/web.givex.com\\\/fr\\\/#website\"},\"datePublished\":\"2023-12-21T17:25:53+00:00\",\"dateModified\":\"2025-08-07T17:26:14+00:00\",\"description\":\"Le partenaire r\u00e9f\u00e9rent Givex est \u00e9ligible pour devenir un revendeur\\\/distributeur Givex \u00e0 tout moment. Veuillez contacter Givex pour plus de d\u00e9tails sur notre programme revendeur\\\/concessionnaire.\",\"inLanguage\":\"fr-FR\",\"potentialAction\":[{\"@type\":\"ReadAction\",\"target\":[\"https:\\\/\\\/web.givex.com\\\/fr\\\/conditions-generales\\\/\"]}]},{\"@type\":\"WebSite\",\"@id\":\"https:\\\/\\\/web.givex.com\\\/fr\\\/#website\",\"url\":\"https:\\\/\\\/web.givex.com\\\/fr\\\/\",\"name\":\"Givex\",\"description\":\"Integrate Payments and Commerce Technology\",\"publisher\":{\"@id\":\"https:\\\/\\\/web.givex.com\\\/fr\\\/#organization\"},\"potentialAction\":[{\"@type\":\"SearchAction\",\"target\":{\"@type\":\"EntryPoint\",\"urlTemplate\":\"https:\\\/\\\/web.givex.com\\\/fr\\\/?s={search_term_string}\"},\"query-input\":{\"@type\":\"PropertyValueSpecification\",\"valueRequired\":true,\"valueName\":\"search_term_string\"}}],\"inLanguage\":\"fr-FR\"},{\"@type\":\"Organization\",\"@id\":\"https:\\\/\\\/web.givex.com\\\/fr\\\/#organization\",\"name\":\"Givex\",\"url\":\"https:\\\/\\\/web.givex.com\\\/fr\\\/\",\"logo\":{\"@type\":\"ImageObject\",\"inLanguage\":\"fr-FR\",\"@id\":\"https:\\\/\\\/web.givex.com\\\/fr\\\/#\\\/schema\\\/logo\\\/image\\\/\",\"url\":\"https:\\\/\\\/web.givex.com\\\/wp-content\\\/uploads\\\/2024\\\/03\\\/givex-blue-bg.png\",\"contentUrl\":\"https:\\\/\\\/web.givex.com\\\/wp-content\\\/uploads\\\/2024\\\/03\\\/givex-blue-bg.png\",\"width\":1200,\"height\":1200,\"caption\":\"Givex\"},\"image\":{\"@id\":\"https:\\\/\\\/web.givex.com\\\/fr\\\/#\\\/schema\\\/logo\\\/image\\\/\"},\"sameAs\":[\"https:\\\/\\\/x.com\\\/GivexCorp\",\"https:\\\/\\\/www.linkedin.com\\\/company\\\/givex\\\/\",\"https:\\\/\\\/www.youtube.com\\\/@givexcorp6643\"]}]}<\/script>\n<!-- \/ Yoast SEO plugin. -->","yoast_head_json":{"title":"Shift4 | Conditions g\u00e9n\u00e9rales des partenaires","description":"Le partenaire r\u00e9f\u00e9rent Givex est \u00e9ligible pour devenir un revendeur\/distributeur Givex \u00e0 tout moment. Veuillez contacter Givex pour plus de d\u00e9tails sur notre programme revendeur\/concessionnaire.","robots":{"index":"index","follow":"follow","max-snippet":"max-snippet:-1","max-image-preview":"max-image-preview:large","max-video-preview":"max-video-preview:-1"},"canonical":"https:\/\/web.givex.com\/fr\/conditions-generales\/","og_locale":"fr_FR","og_type":"article","og_title":"Shift4 | Conditions g\u00e9n\u00e9rales des partenaires","og_description":"Le partenaire r\u00e9f\u00e9rent Givex est \u00e9ligible pour devenir un revendeur\/distributeur Givex \u00e0 tout moment. Veuillez contacter Givex pour plus de d\u00e9tails sur notre programme revendeur\/concessionnaire.","og_url":"https:\/\/web.givex.com\/fr\/conditions-generales\/","og_site_name":"Shift4","article_modified_time":"2025-08-07T17:26:14+00:00","twitter_card":"summary_large_image","twitter_site":"@GivexCorp","schema":{"@context":"https:\/\/schema.org","@graph":[{"@type":"WebPage","@id":"https:\/\/web.givex.com\/fr\/conditions-generales\/","url":"https:\/\/web.givex.com\/fr\/conditions-generales\/","name":"Shift4 | Conditions g\u00e9n\u00e9rales des partenaires","isPartOf":{"@id":"https:\/\/web.givex.com\/fr\/#website"},"datePublished":"2023-12-21T17:25:53+00:00","dateModified":"2025-08-07T17:26:14+00:00","description":"Le partenaire r\u00e9f\u00e9rent Givex est \u00e9ligible pour devenir un revendeur\/distributeur Givex \u00e0 tout moment. Veuillez contacter Givex pour plus de d\u00e9tails sur notre programme revendeur\/concessionnaire.","inLanguage":"fr-FR","potentialAction":[{"@type":"ReadAction","target":["https:\/\/web.givex.com\/fr\/conditions-generales\/"]}]},{"@type":"WebSite","@id":"https:\/\/web.givex.com\/fr\/#website","url":"https:\/\/web.givex.com\/fr\/","name":"Givex","description":"Integrate Payments and Commerce Technology","publisher":{"@id":"https:\/\/web.givex.com\/fr\/#organization"},"potentialAction":[{"@type":"SearchAction","target":{"@type":"EntryPoint","urlTemplate":"https:\/\/web.givex.com\/fr\/?s={search_term_string}"},"query-input":{"@type":"PropertyValueSpecification","valueRequired":true,"valueName":"search_term_string"}}],"inLanguage":"fr-FR"},{"@type":"Organization","@id":"https:\/\/web.givex.com\/fr\/#organization","name":"Givex","url":"https:\/\/web.givex.com\/fr\/","logo":{"@type":"ImageObject","inLanguage":"fr-FR","@id":"https:\/\/web.givex.com\/fr\/#\/schema\/logo\/image\/","url":"https:\/\/web.givex.com\/wp-content\/uploads\/2024\/03\/givex-blue-bg.png","contentUrl":"https:\/\/web.givex.com\/wp-content\/uploads\/2024\/03\/givex-blue-bg.png","width":1200,"height":1200,"caption":"Givex"},"image":{"@id":"https:\/\/web.givex.com\/fr\/#\/schema\/logo\/image\/"},"sameAs":["https:\/\/x.com\/GivexCorp","https:\/\/www.linkedin.com\/company\/givex\/","https:\/\/www.youtube.com\/@givexcorp6643"]}]}},"_links":{"self":[{"href":"https:\/\/web.givex.com\/fr\/wp-json\/wp\/v2\/pages\/639","targetHints":{"allow":["GET"]}}],"collection":[{"href":"https:\/\/web.givex.com\/fr\/wp-json\/wp\/v2\/pages"}],"about":[{"href":"https:\/\/web.givex.com\/fr\/wp-json\/wp\/v2\/types\/page"}],"author":[{"embeddable":true,"href":"https:\/\/web.givex.com\/fr\/wp-json\/wp\/v2\/users\/35"}],"replies":[{"embeddable":true,"href":"https:\/\/web.givex.com\/fr\/wp-json\/wp\/v2\/comments?post=639"}],"version-history":[{"count":4,"href":"https:\/\/web.givex.com\/fr\/wp-json\/wp\/v2\/pages\/639\/revisions"}],"predecessor-version":[{"id":13461,"href":"https:\/\/web.givex.com\/fr\/wp-json\/wp\/v2\/pages\/639\/revisions\/13461"}],"wp:attachment":[{"href":"https:\/\/web.givex.com\/fr\/wp-json\/wp\/v2\/media?parent=639"}],"curies":[{"name":"wp","href":"https:\/\/api.w.org\/{rel}","templated":true}]}}