{"id":637,"date":"2023-12-21T12:25:50","date_gmt":"2023-12-21T17:25:50","guid":{"rendered":"https:\/\/web.givex.com\/programme-de-partenariat\/"},"modified":"2025-08-07T13:26:11","modified_gmt":"2025-08-07T17:26:11","slug":"programme-de-partenariat","status":"publish","type":"page","link":"https:\/\/web.givex.com\/fr\/programme-de-partenariat\/","title":{"rendered":"Programme de partenariat"},"content":{"rendered":"<div id=\"block_f14cbfe0c3131c17e32456d38b53cea1\" class=\"hero acf-block alignfull\">\n\n\t\t<figure class=\"hero__figure hero__figure--top\" data-background-mode=\"transparent\" role=\"none\">\n\t\t\t<img loading=\"lazy\" decoding=\"async\" width=\"1920\" height=\"1131\" src=\"https:\/\/web.givex.com\/wp-content\/uploads\/2022\/11\/partner-program-00001-1.jpeg\" class=\"attachment-full size-full\" alt=\"\" srcset=\"https:\/\/web.givex.com\/wp-content\/uploads\/2022\/11\/partner-program-00001-1.jpeg 1920w, https:\/\/web.givex.com\/wp-content\/uploads\/2022\/11\/partner-program-00001-1-300x177.jpeg 300w, https:\/\/web.givex.com\/wp-content\/uploads\/2022\/11\/partner-program-00001-1-1024x603.jpeg 1024w, https:\/\/web.givex.com\/wp-content\/uploads\/2022\/11\/partner-program-00001-1-768x452.jpeg 768w, https:\/\/web.givex.com\/wp-content\/uploads\/2022\/11\/partner-program-00001-1-1536x905.jpeg 1536w\" sizes=\"auto, (max-width: 1920px) 100vw, 1920px\" \/>\t\t<\/figure>\n\n\t<div class=\"hero__container\">\n\n\t\t<div class=\"hero__content\" data-background-mode=\"transparent\">\n\n\t\t\t\t\t<p class=\"hero__eyebrow\">Notre plateforme<\/p>\n\t\t\n\t\t\t\t\t\t\t<h1 class=\"hero__title\">Programme de partenariat Givex<\/h1>\n\t\t\t\n\t\t\t\n\t\t\t\n\t\t\t\t\t<\/div>\n\n\t\t\n\t<\/div>\n\n<\/div>\n<div id=\"block_d1ffebe0531ebc1cf9bddbc60f2611cd\"\n  class=\"text-image text-image--left text-image--fullwidth text-image--shadow acf-block alignwide\">\n  <div class=\"text-image__container\">\n\n    <div class=\"text-image__content\">\n\n            <h2 class=\"text-image__title\">Partenaire Revendeur Certifi\u00e9<\/h2>\n      \n            <div class=\"text-image__body\"><p>Riche et \u00e9volutif, GivexPOS offre les fonctionnalit\u00e9s dont vos clients ont besoin pour g\u00e9rer toutes les facettes de leur activit\u00e9.<\/p>\n<ul>\n<li>Mises \u00e0 jour logicielles et mat\u00e9rielles r\u00e9guli\u00e8res sans frais suppl\u00e9mentaires<\/li>\n<li>Les revendeurs re\u00e7oivent des r\u00e9sidus mensuels sur le tarif mensuel et le mat\u00e9riel<\/li>\n<li>Givex fournit une assistance de premier niveau 24h\/24, 7j\/7 et 365j\/an<\/li>\n<li>Mod\u00e8le d&rsquo;achat ou de location<\/li>\n<\/ul>\n<\/div>\n      \n            <a class=\"button button--arrow\" href=\"https:\/\/web.givex.com\/fr\/programme-de-partenariat\/devenir-revendeur\/\"\n        target=\"_self\" >Devenir revendeur<\/a>\n      \n    <\/div>\n\n    <figure class=\"text-image__figure text-image__figure--\" role=\"none\">\n      <img loading=\"lazy\" decoding=\"async\" width=\"2048\" height=\"1365\" src=\"https:\/\/web.givex.com\/wp-content\/uploads\/2022\/09\/partner-program-cert-reseller-00001.jpg\" class=\"attachment-full size-full\" alt=\"\" srcset=\"https:\/\/web.givex.com\/wp-content\/uploads\/2022\/09\/partner-program-cert-reseller-00001.jpg 2048w, https:\/\/web.givex.com\/wp-content\/uploads\/2022\/09\/partner-program-cert-reseller-00001-300x200.jpg 300w, https:\/\/web.givex.com\/wp-content\/uploads\/2022\/09\/partner-program-cert-reseller-00001-1024x683.jpg 1024w, https:\/\/web.givex.com\/wp-content\/uploads\/2022\/09\/partner-program-cert-reseller-00001-768x512.jpg 768w, https:\/\/web.givex.com\/wp-content\/uploads\/2022\/09\/partner-program-cert-reseller-00001-1536x1024.jpg 1536w\" sizes=\"auto, (max-width: 2048px) 100vw, 2048px\" \/>    <\/figure>\n\n  <\/div>\n\n<\/div>\n\n<section id=\"block_b40ba3cd3aa0841b6b4697170428a285\" class=\"background background--white acf-block alignfull\">\n\t<div class=\"background__container\">\n\t\t<div class=\"wp-content\">\n\t\t\t\n<div id=\"block_f52affb351a95fb111b9c2395c7a12ba\"\n  class=\"text-image text-image--right text-image--contained text-image--shadow text-image--graphic acf-block alignwide\">\n  <div class=\"text-image__container\">\n\n    <div class=\"text-image__content\">\n\n            <h2 class=\"text-image__title\">Partenaires de r\u00e9f\u00e9rence<\/h2>\n      \n            <div class=\"text-image__body\"><p>Si vous connaissez une entreprise ou un client qui b\u00e9n\u00e9ficierait des produits et services de Givex, remplissez et soumettez un formulaire de recommandation de prospect et gagnez une commission pour les opportunit\u00e9s cl\u00f4tur\u00e9es avec succ\u00e8s.<\/p>\n<\/div>\n      \n            <a class=\"button button--arrow\" href=\"https:\/\/web.givex.com\/fr\/programme-de-partenariat\/referez-un-prospect\/\"\n        target=\"_self\" >R\u00e9f\u00e9rez un prospect<\/a>\n      \n    <\/div>\n\n    <figure class=\"text-image__figure text-image__figure--\" role=\"none\">\n      <img loading=\"lazy\" decoding=\"async\" width=\"2048\" height=\"1365\" src=\"https:\/\/web.givex.com\/wp-content\/uploads\/2022\/09\/partner-program-refer-00001.jpg\" class=\"attachment-full size-full\" alt=\"\" srcset=\"https:\/\/web.givex.com\/wp-content\/uploads\/2022\/09\/partner-program-refer-00001.jpg 2048w, https:\/\/web.givex.com\/wp-content\/uploads\/2022\/09\/partner-program-refer-00001-300x200.jpg 300w, https:\/\/web.givex.com\/wp-content\/uploads\/2022\/09\/partner-program-refer-00001-1024x683.jpg 1024w, https:\/\/web.givex.com\/wp-content\/uploads\/2022\/09\/partner-program-refer-00001-768x512.jpg 768w, https:\/\/web.givex.com\/wp-content\/uploads\/2022\/09\/partner-program-refer-00001-1536x1024.jpg 1536w\" sizes=\"auto, (max-width: 2048px) 100vw, 2048px\" \/>    <\/figure>\n\n  <\/div>\n\n<\/div>\n\n\n\t\t<\/div>\n\t<\/div>\n<\/section>\n<div id=\"block_60b7e22b2a3f174e6c64258ec509ea03\" class=\"cta acf-block alignwide\">\n\n<div class=\"cta__wrapper\">\n\n\t<div class=\"cta__container\">\n\n\t\t<div class=\"cta__content\">\n\n\t\t\t\t\t\t<h2 class=\"cta__title\">Vous n&rsquo;\u00eates pas encore client de Givex ?<\/h2>\n\t\t\t\n\t\t\t\t\t\t<div class=\"cta__body\"><div class=\"cta__body\">\n<p>R\u00e9servez une d\u00e9mo gratuite, sans obligation avec l&rsquo;un de nos experts pour voir si Givex r\u00e9pond \u00e0 vos besoins.<\/p>\n<\/div>\n<\/div>\n\t\t\t\n\n\t\t\t\t\t\t<a class=\"button cta__link\" href=\"https:\/\/web.givex.com\/fr\/reserver-une-demo\/\" target=\"_self\" >R\u00c9SERVER UNE D\u00c9MO<\/a>\n\t\t\t\n\t\t<\/div>\n\n\t<\/div>\n\n\t<\/div>\n<\/div>\n","protected":false},"excerpt":{"rendered":"","protected":false},"author":35,"featured_media":0,"parent":0,"menu_order":0,"comment_status":"closed","ping_status":"closed","template":"","meta":{"_acf_changed":false,"content-type":"","inline_featured_image":false,"footnotes":""},"class_list":["post-637","page","type-page","status-publish","hentry"],"acf":[],"yoast_head":"<!-- This site is optimized with the Yoast SEO plugin v27.3 - https:\/\/yoast.com\/product\/yoast-seo-wordpress\/ -->\n<title>Programme de partenariat de Givex pour | revendeurs certifi\u00e9s et les r\u00e9f\u00e9rences.<\/title>\n<meta name=\"description\" content=\"Vous connaissez quelqu&#039;un qui pourrait utiliser des cartes-cadeaux, GivexPOS ou un programme de fid\u00e9lit\u00e9 ? Recommandez-leur Givex et nous vous r\u00e9compenserons lorsque nous aurons conclu l&#039;affaire. Cliquez ici pour postuler.\" \/>\n<meta name=\"robots\" content=\"index, follow, max-snippet:-1, max-image-preview:large, max-video-preview:-1\" \/>\n<link rel=\"canonical\" href=\"https:\/\/web.givex.com\/fr\/programme-de-partenariat\/\" \/>\n<meta property=\"og:locale\" content=\"fr_FR\" \/>\n<meta property=\"og:type\" content=\"article\" \/>\n<meta property=\"og:title\" content=\"Programme de partenariat de Givex pour | revendeurs certifi\u00e9s et les r\u00e9f\u00e9rences.\" \/>\n<meta property=\"og:description\" content=\"Vous connaissez quelqu&#039;un qui pourrait utiliser des cartes-cadeaux, GivexPOS ou un programme de fid\u00e9lit\u00e9 ? Recommandez-leur Givex et nous vous r\u00e9compenserons lorsque nous aurons conclu l&#039;affaire. Cliquez ici pour postuler.\" \/>\n<meta property=\"og:url\" content=\"https:\/\/web.givex.com\/fr\/programme-de-partenariat\/\" \/>\n<meta property=\"og:site_name\" content=\"Shift4\" \/>\n<meta property=\"article:modified_time\" content=\"2025-08-07T17:26:11+00:00\" \/>\n<meta name=\"twitter:card\" content=\"summary_large_image\" \/>\n<meta name=\"twitter:site\" content=\"@GivexCorp\" \/>\n<script type=\"application\/ld+json\" class=\"yoast-schema-graph\">{\"@context\":\"https:\\\/\\\/schema.org\",\"@graph\":[{\"@type\":\"WebPage\",\"@id\":\"https:\\\/\\\/web.givex.com\\\/fr\\\/programme-de-partenariat\\\/\",\"url\":\"https:\\\/\\\/web.givex.com\\\/fr\\\/programme-de-partenariat\\\/\",\"name\":\"Programme de partenariat de Givex pour | revendeurs certifi\u00e9s et les r\u00e9f\u00e9rences.\",\"isPartOf\":{\"@id\":\"https:\\\/\\\/web.givex.com\\\/fr\\\/#website\"},\"datePublished\":\"2023-12-21T17:25:50+00:00\",\"dateModified\":\"2025-08-07T17:26:11+00:00\",\"description\":\"Vous connaissez quelqu'un qui pourrait utiliser des cartes-cadeaux, GivexPOS ou un programme de fid\u00e9lit\u00e9 ? Recommandez-leur Givex et nous vous r\u00e9compenserons lorsque nous aurons conclu l'affaire. Cliquez ici pour postuler.\",\"inLanguage\":\"fr-FR\",\"potentialAction\":[{\"@type\":\"ReadAction\",\"target\":[\"https:\\\/\\\/web.givex.com\\\/fr\\\/programme-de-partenariat\\\/\"]}]},{\"@type\":\"WebSite\",\"@id\":\"https:\\\/\\\/web.givex.com\\\/fr\\\/#website\",\"url\":\"https:\\\/\\\/web.givex.com\\\/fr\\\/\",\"name\":\"Givex\",\"description\":\"Integrate Payments and Commerce Technology\",\"publisher\":{\"@id\":\"https:\\\/\\\/web.givex.com\\\/fr\\\/#organization\"},\"potentialAction\":[{\"@type\":\"SearchAction\",\"target\":{\"@type\":\"EntryPoint\",\"urlTemplate\":\"https:\\\/\\\/web.givex.com\\\/fr\\\/?s={search_term_string}\"},\"query-input\":{\"@type\":\"PropertyValueSpecification\",\"valueRequired\":true,\"valueName\":\"search_term_string\"}}],\"inLanguage\":\"fr-FR\"},{\"@type\":\"Organization\",\"@id\":\"https:\\\/\\\/web.givex.com\\\/fr\\\/#organization\",\"name\":\"Givex\",\"url\":\"https:\\\/\\\/web.givex.com\\\/fr\\\/\",\"logo\":{\"@type\":\"ImageObject\",\"inLanguage\":\"fr-FR\",\"@id\":\"https:\\\/\\\/web.givex.com\\\/fr\\\/#\\\/schema\\\/logo\\\/image\\\/\",\"url\":\"https:\\\/\\\/web.givex.com\\\/wp-content\\\/uploads\\\/2024\\\/03\\\/givex-blue-bg.png\",\"contentUrl\":\"https:\\\/\\\/web.givex.com\\\/wp-content\\\/uploads\\\/2024\\\/03\\\/givex-blue-bg.png\",\"width\":1200,\"height\":1200,\"caption\":\"Givex\"},\"image\":{\"@id\":\"https:\\\/\\\/web.givex.com\\\/fr\\\/#\\\/schema\\\/logo\\\/image\\\/\"},\"sameAs\":[\"https:\\\/\\\/x.com\\\/GivexCorp\",\"https:\\\/\\\/www.linkedin.com\\\/company\\\/givex\\\/\",\"https:\\\/\\\/www.youtube.com\\\/@givexcorp6643\"]}]}<\/script>\n<!-- \/ Yoast SEO plugin. -->","yoast_head_json":{"title":"Programme de partenariat de Givex pour | revendeurs certifi\u00e9s et les r\u00e9f\u00e9rences.","description":"Vous connaissez quelqu'un qui pourrait utiliser des cartes-cadeaux, GivexPOS ou un programme de fid\u00e9lit\u00e9 ? Recommandez-leur Givex et nous vous r\u00e9compenserons lorsque nous aurons conclu l'affaire. Cliquez ici pour postuler.","robots":{"index":"index","follow":"follow","max-snippet":"max-snippet:-1","max-image-preview":"max-image-preview:large","max-video-preview":"max-video-preview:-1"},"canonical":"https:\/\/web.givex.com\/fr\/programme-de-partenariat\/","og_locale":"fr_FR","og_type":"article","og_title":"Programme de partenariat de Givex pour | revendeurs certifi\u00e9s et les r\u00e9f\u00e9rences.","og_description":"Vous connaissez quelqu'un qui pourrait utiliser des cartes-cadeaux, GivexPOS ou un programme de fid\u00e9lit\u00e9 ? Recommandez-leur Givex et nous vous r\u00e9compenserons lorsque nous aurons conclu l'affaire. Cliquez ici pour postuler.","og_url":"https:\/\/web.givex.com\/fr\/programme-de-partenariat\/","og_site_name":"Shift4","article_modified_time":"2025-08-07T17:26:11+00:00","twitter_card":"summary_large_image","twitter_site":"@GivexCorp","schema":{"@context":"https:\/\/schema.org","@graph":[{"@type":"WebPage","@id":"https:\/\/web.givex.com\/fr\/programme-de-partenariat\/","url":"https:\/\/web.givex.com\/fr\/programme-de-partenariat\/","name":"Programme de partenariat de Givex pour | revendeurs certifi\u00e9s et les r\u00e9f\u00e9rences.","isPartOf":{"@id":"https:\/\/web.givex.com\/fr\/#website"},"datePublished":"2023-12-21T17:25:50+00:00","dateModified":"2025-08-07T17:26:11+00:00","description":"Vous connaissez quelqu'un qui pourrait utiliser des cartes-cadeaux, GivexPOS ou un programme de fid\u00e9lit\u00e9 ? Recommandez-leur Givex et nous vous r\u00e9compenserons lorsque nous aurons conclu l'affaire. Cliquez ici pour postuler.","inLanguage":"fr-FR","potentialAction":[{"@type":"ReadAction","target":["https:\/\/web.givex.com\/fr\/programme-de-partenariat\/"]}]},{"@type":"WebSite","@id":"https:\/\/web.givex.com\/fr\/#website","url":"https:\/\/web.givex.com\/fr\/","name":"Givex","description":"Integrate Payments and Commerce Technology","publisher":{"@id":"https:\/\/web.givex.com\/fr\/#organization"},"potentialAction":[{"@type":"SearchAction","target":{"@type":"EntryPoint","urlTemplate":"https:\/\/web.givex.com\/fr\/?s={search_term_string}"},"query-input":{"@type":"PropertyValueSpecification","valueRequired":true,"valueName":"search_term_string"}}],"inLanguage":"fr-FR"},{"@type":"Organization","@id":"https:\/\/web.givex.com\/fr\/#organization","name":"Givex","url":"https:\/\/web.givex.com\/fr\/","logo":{"@type":"ImageObject","inLanguage":"fr-FR","@id":"https:\/\/web.givex.com\/fr\/#\/schema\/logo\/image\/","url":"https:\/\/web.givex.com\/wp-content\/uploads\/2024\/03\/givex-blue-bg.png","contentUrl":"https:\/\/web.givex.com\/wp-content\/uploads\/2024\/03\/givex-blue-bg.png","width":1200,"height":1200,"caption":"Givex"},"image":{"@id":"https:\/\/web.givex.com\/fr\/#\/schema\/logo\/image\/"},"sameAs":["https:\/\/x.com\/GivexCorp","https:\/\/www.linkedin.com\/company\/givex\/","https:\/\/www.youtube.com\/@givexcorp6643"]}]}},"_links":{"self":[{"href":"https:\/\/web.givex.com\/fr\/wp-json\/wp\/v2\/pages\/637","targetHints":{"allow":["GET"]}}],"collection":[{"href":"https:\/\/web.givex.com\/fr\/wp-json\/wp\/v2\/pages"}],"about":[{"href":"https:\/\/web.givex.com\/fr\/wp-json\/wp\/v2\/types\/page"}],"author":[{"embeddable":true,"href":"https:\/\/web.givex.com\/fr\/wp-json\/wp\/v2\/users\/35"}],"replies":[{"embeddable":true,"href":"https:\/\/web.givex.com\/fr\/wp-json\/wp\/v2\/comments?post=637"}],"version-history":[{"count":10,"href":"https:\/\/web.givex.com\/fr\/wp-json\/wp\/v2\/pages\/637\/revisions"}],"predecessor-version":[{"id":33555,"href":"https:\/\/web.givex.com\/fr\/wp-json\/wp\/v2\/pages\/637\/revisions\/33555"}],"wp:attachment":[{"href":"https:\/\/web.givex.com\/fr\/wp-json\/wp\/v2\/media?parent=637"}],"curies":[{"name":"wp","href":"https:\/\/api.w.org\/{rel}","templated":true}]}}