{"id":635,"date":"2023-12-21T12:25:33","date_gmt":"2023-12-21T17:25:33","guid":{"rendered":"https:\/\/web.givex.com\/integrations\/"},"modified":"2024-10-30T15:52:45","modified_gmt":"2024-10-30T19:52:45","slug":"integrations","status":"publish","type":"page","link":"https:\/\/web.givex.com\/fr\/integrations\/","title":{"rendered":"Int\u00e9grations"},"content":{"rendered":"<div id=\"block_4b9b30a3d84fdf898e5318e4e101960c\" class=\"hero acf-block alignfull\">\n\n\t\t<figure class=\"hero__figure hero__figure--center\" data-background-mode=\"transparent\" role=\"none\">\n\t\t\t<img loading=\"lazy\" decoding=\"async\" width=\"2048\" height=\"1277\" src=\"https:\/\/web.givex.com\/wp-content\/uploads\/2022\/09\/integrations-hero-00001-e1669230333989.jpg\" class=\"attachment-full size-full\" alt=\"\" \/>\t\t<\/figure>\n\n\t<div class=\"hero__container\">\n\n\t\t<div class=\"hero__content\" data-background-mode=\"transparent\">\n\n\t\t\t\t\t<p class=\"hero__eyebrow\">Notre plateforme<\/p>\n\t\t\n\t\t\t\t\t\t\t<h1 class=\"hero__title\">Int\u00e9grations sans friction<\/h1>\n\t\t\t\n\t\t\t\t\t\t\t<div class=\"hero__body\"><p>Contrairement \u00e0 d&rsquo;autres plateformes, Givex offre la flexibilit\u00e9 de s&rsquo;int\u00e9grer sans effort et de mani\u00e8re transparente aux solutions tierces de votre choix.<\/p>\n<\/div>\n\t\t\t\n\t\t\t\n\t\t\t\t\t<\/div>\n\n\t\t\n\t<\/div>\n\n<\/div>\n\n<div id=\"block_cbcac99948f934e9837e8010d196da0f\" class=\"integration-partners acf-block alignwide\">\n\n\t<div class=\"filters__wrapper\">\n\t\t<div class=\"filters__container filters__container--large\">\n\t\t<h2 class=\"filters__title\">Integration Partners<\/h2>\n\t\t\t<div class=\"facetwp-facet facetwp-facet-products facetwp-type-radio\" data-name=\"products\" data-type=\"radio\"><\/div>\t\t\t<div class=\"facetwp-facet facetwp-facet-pos facetwp-type-fselect\" data-name=\"pos\" data-type=\"fselect\"><\/div>\t\t<\/div>\n\t<\/div>\n\n\t\n\t<ul class=\"integration-partners__list facetwp-template\">\n\n\t\t\t\t\t<li class=\"integration-partners__item\">\n\t\t\t\n<article id=\"post-30485\" class=\"integration-partner post-30485 type-integration-partner status-publish has-post-thumbnail hentry product-pos product-payments\">\n\n\t\t<figure class=\"integration-partner__figure\" role=\"none\">\n\t\t<img loading=\"lazy\" decoding=\"async\" width=\"360\" height=\"360\" src=\"https:\/\/web.givex.com\/wp-content\/uploads\/2024\/08\/paybilt-logo-360x360px.png\" class=\"attachment-full size-full wp-post-image\" alt=\"\" srcset=\"https:\/\/web.givex.com\/wp-content\/uploads\/2024\/08\/paybilt-logo-360x360px.png 360w, https:\/\/web.givex.com\/wp-content\/uploads\/2024\/08\/paybilt-logo-360x360px-300x300.png 300w, https:\/\/web.givex.com\/wp-content\/uploads\/2024\/08\/paybilt-logo-360x360px-150x150.png 150w\" sizes=\"auto, (max-width: 360px) 100vw, 360px\" \/>\t<\/figure>\n\t\n\t<h3 class=\"integration-partner__title\">\n\t\t\tPaybilt\t<\/h3>\n\n\t\n<\/article>\n\t\t\t<\/li>\n\t\t\t\t\t<li class=\"integration-partners__item\">\n\t\t\t\n<article id=\"post-30514\" class=\"integration-partner post-30514 type-integration-partner status-publish has-post-thumbnail hentry product-pos product-others\">\n\n\t\t<figure class=\"integration-partner__figure\" role=\"none\">\n\t\t<img loading=\"lazy\" decoding=\"async\" width=\"360\" height=\"360\" src=\"https:\/\/web.givex.com\/wp-content\/uploads\/2024\/08\/smg-logo-360x360px.png\" class=\"attachment-full size-full wp-post-image\" alt=\"\" srcset=\"https:\/\/web.givex.com\/wp-content\/uploads\/2024\/08\/smg-logo-360x360px.png 360w, https:\/\/web.givex.com\/wp-content\/uploads\/2024\/08\/smg-logo-360x360px-300x300.png 300w, https:\/\/web.givex.com\/wp-content\/uploads\/2024\/08\/smg-logo-360x360px-150x150.png 150w\" sizes=\"auto, (max-width: 360px) 100vw, 360px\" \/>\t<\/figure>\n\t\n\t<h3 class=\"integration-partner__title\">\n\t\t\tSMG\t<\/h3>\n\n\t\n<\/article>\n\t\t\t<\/li>\n\t\t\t\t\t<li class=\"integration-partners__item\">\n\t\t\t\n<article id=\"post-30516\" class=\"integration-partner post-30516 type-integration-partner status-publish has-post-thumbnail hentry product-pos product-online-ordering\">\n\n\t\t<figure class=\"integration-partner__figure\" role=\"none\">\n\t\t<img loading=\"lazy\" decoding=\"async\" width=\"360\" height=\"360\" src=\"https:\/\/web.givex.com\/wp-content\/uploads\/2024\/08\/just-eat-logo-360x360px.png\" class=\"attachment-full size-full wp-post-image\" alt=\"\" srcset=\"https:\/\/web.givex.com\/wp-content\/uploads\/2024\/08\/just-eat-logo-360x360px.png 360w, https:\/\/web.givex.com\/wp-content\/uploads\/2024\/08\/just-eat-logo-360x360px-300x300.png 300w, https:\/\/web.givex.com\/wp-content\/uploads\/2024\/08\/just-eat-logo-360x360px-150x150.png 150w\" sizes=\"auto, (max-width: 360px) 100vw, 360px\" \/>\t<\/figure>\n\t\n\t<h3 class=\"integration-partner__title\">\n\t\t\tJust Eat\t<\/h3>\n\n\t\n<\/article>\n\t\t\t<\/li>\n\t\t\t\t\t<li class=\"integration-partners__item\">\n\t\t\t\n<article id=\"post-30518\" class=\"integration-partner post-30518 type-integration-partner status-publish has-post-thumbnail hentry product-pos product-reservation-management\">\n\n\t\t<figure class=\"integration-partner__figure\" role=\"none\">\n\t\t<img loading=\"lazy\" decoding=\"async\" width=\"360\" height=\"360\" src=\"https:\/\/web.givex.com\/wp-content\/uploads\/2024\/08\/inline-logo-360x360px.png\" class=\"attachment-full size-full wp-post-image\" alt=\"\" srcset=\"https:\/\/web.givex.com\/wp-content\/uploads\/2024\/08\/inline-logo-360x360px.png 360w, https:\/\/web.givex.com\/wp-content\/uploads\/2024\/08\/inline-logo-360x360px-300x300.png 300w, https:\/\/web.givex.com\/wp-content\/uploads\/2024\/08\/inline-logo-360x360px-150x150.png 150w\" sizes=\"auto, (max-width: 360px) 100vw, 360px\" \/>\t<\/figure>\n\t\n\t<h3 class=\"integration-partner__title\">\n\t\t\tInline\t<\/h3>\n\n\t\n<\/article>\n\t\t\t<\/li>\n\t\t\t\t\t<li class=\"integration-partners__item\">\n\t\t\t\n<article id=\"post-21114\" class=\"integration-partner post-21114 type-integration-partner status-publish has-post-thumbnail hentry product-gift-card-loyalty product-pos\">\n\n\t\t<figure class=\"integration-partner__figure\" role=\"none\">\n\t\t<img loading=\"lazy\" decoding=\"async\" width=\"360\" height=\"360\" src=\"https:\/\/web.givex.com\/wp-content\/uploads\/2022\/09\/ip-180-gc-loyalty-GivexPOS@2x.png\" class=\"attachment-full size-full wp-post-image\" alt=\"\" srcset=\"https:\/\/web.givex.com\/wp-content\/uploads\/2022\/09\/ip-180-gc-loyalty-GivexPOS@2x.png 360w, https:\/\/web.givex.com\/wp-content\/uploads\/2022\/09\/ip-180-gc-loyalty-GivexPOS@2x-300x300.png 300w, https:\/\/web.givex.com\/wp-content\/uploads\/2022\/09\/ip-180-gc-loyalty-GivexPOS@2x-150x150.png 150w\" sizes=\"auto, (max-width: 360px) 100vw, 360px\" \/>\t<\/figure>\n\t\n\t<h3 class=\"integration-partner__title\">\n\t\t\tGivexPOS\t<\/h3>\n\n\t\n<\/article>\n\t\t\t<\/li>\n\t\t\t\t\t<li class=\"integration-partners__item\">\n\t\t\t\n<article id=\"post-23211\" class=\"integration-partner post-23211 type-integration-partner status-publish has-post-thumbnail hentry product-delivery product-pos\">\n\n\t\t<figure class=\"integration-partner__figure\" role=\"none\">\n\t\t<img loading=\"lazy\" decoding=\"async\" width=\"360\" height=\"360\" src=\"https:\/\/web.givex.com\/wp-content\/uploads\/2023\/11\/Artboard-956@2x.png\" class=\"attachment-full size-full wp-post-image\" alt=\"\" srcset=\"https:\/\/web.givex.com\/wp-content\/uploads\/2023\/11\/Artboard-956@2x.png 360w, https:\/\/web.givex.com\/wp-content\/uploads\/2023\/11\/Artboard-956@2x-300x300.png 300w, https:\/\/web.givex.com\/wp-content\/uploads\/2023\/11\/Artboard-956@2x-150x150.png 150w\" sizes=\"auto, (max-width: 360px) 100vw, 360px\" \/>\t<\/figure>\n\t\n\t<h3 class=\"integration-partner__title\">\n\t\t\tUber Direct\t<\/h3>\n\n\t\n<\/article>\n\t\t\t<\/li>\n\t\t\t\t\t<li class=\"integration-partners__item\">\n\t\t\t\n<article id=\"post-23230\" class=\"integration-partner post-23230 type-integration-partner status-publish has-post-thumbnail hentry product-pos product-others\">\n\n\t\t<figure class=\"integration-partner__figure\" role=\"none\">\n\t\t<img loading=\"lazy\" decoding=\"async\" width=\"360\" height=\"360\" src=\"https:\/\/web.givex.com\/wp-content\/uploads\/2023\/11\/Artboard-958@2x.png\" class=\"attachment-full size-full wp-post-image\" alt=\"\" srcset=\"https:\/\/web.givex.com\/wp-content\/uploads\/2023\/11\/Artboard-958@2x.png 360w, https:\/\/web.givex.com\/wp-content\/uploads\/2023\/11\/Artboard-958@2x-300x300.png 300w, https:\/\/web.givex.com\/wp-content\/uploads\/2023\/11\/Artboard-958@2x-150x150.png 150w\" sizes=\"auto, (max-width: 360px) 100vw, 360px\" \/>\t<\/figure>\n\t\n\t<h3 class=\"integration-partner__title\">\n\t\t\tChatter\t<\/h3>\n\n\t\n<\/article>\n\t\t\t<\/li>\n\t\t\t\t\t<li class=\"integration-partners__item\">\n\t\t\t\n<article id=\"post-23239\" class=\"integration-partner post-23239 type-integration-partner status-publish has-post-thumbnail hentry product-pos product-loyalty\">\n\n\t\t<figure class=\"integration-partner__figure\" role=\"none\">\n\t\t<img loading=\"lazy\" decoding=\"async\" width=\"360\" height=\"360\" src=\"https:\/\/web.givex.com\/wp-content\/uploads\/2023\/11\/Artboard-959@2x.png\" class=\"attachment-full size-full wp-post-image\" alt=\"\" srcset=\"https:\/\/web.givex.com\/wp-content\/uploads\/2023\/11\/Artboard-959@2x.png 360w, https:\/\/web.givex.com\/wp-content\/uploads\/2023\/11\/Artboard-959@2x-300x300.png 300w, https:\/\/web.givex.com\/wp-content\/uploads\/2023\/11\/Artboard-959@2x-150x150.png 150w\" sizes=\"auto, (max-width: 360px) 100vw, 360px\" \/>\t<\/figure>\n\t\n\t<h3 class=\"integration-partner__title\">\n\t\t\tAigens\t<\/h3>\n\n\t\n<\/article>\n\t\t\t<\/li>\n\t\t\t\t\t<li class=\"integration-partners__item\">\n\t\t\t\n<article id=\"post-23247\" class=\"integration-partner post-23247 type-integration-partner status-publish has-post-thumbnail hentry product-pos product-loyalty\">\n\n\t\t<figure class=\"integration-partner__figure\" role=\"none\">\n\t\t<img loading=\"lazy\" decoding=\"async\" width=\"360\" height=\"360\" src=\"https:\/\/web.givex.com\/wp-content\/uploads\/2023\/11\/Artboard-960@2x.png\" class=\"attachment-full size-full wp-post-image\" alt=\"\" srcset=\"https:\/\/web.givex.com\/wp-content\/uploads\/2023\/11\/Artboard-960@2x.png 360w, https:\/\/web.givex.com\/wp-content\/uploads\/2023\/11\/Artboard-960@2x-300x300.png 300w, https:\/\/web.givex.com\/wp-content\/uploads\/2023\/11\/Artboard-960@2x-150x150.png 150w\" sizes=\"auto, (max-width: 360px) 100vw, 360px\" \/>\t<\/figure>\n\t\n\t<h3 class=\"integration-partner__title\">\n\t\t\tPaytronix\t<\/h3>\n\n\t\n<\/article>\n\t\t\t<\/li>\n\t\t\t\t\t<li class=\"integration-partners__item\">\n\t\t\t\n<article id=\"post-23260\" class=\"integration-partner post-23260 type-integration-partner status-publish has-post-thumbnail hentry product-pos product-others\">\n\n\t\t<figure class=\"integration-partner__figure\" role=\"none\">\n\t\t<img loading=\"lazy\" decoding=\"async\" width=\"360\" height=\"360\" src=\"https:\/\/web.givex.com\/wp-content\/uploads\/2023\/11\/Nubeis-logo-mx.png\" class=\"attachment-full size-full wp-post-image\" alt=\"\" srcset=\"https:\/\/web.givex.com\/wp-content\/uploads\/2023\/11\/Nubeis-logo-mx.png 360w, https:\/\/web.givex.com\/wp-content\/uploads\/2023\/11\/Nubeis-logo-mx-300x300.png 300w, https:\/\/web.givex.com\/wp-content\/uploads\/2023\/11\/Nubeis-logo-mx-150x150.png 150w\" sizes=\"auto, (max-width: 360px) 100vw, 360px\" \/>\t<\/figure>\n\t\n\t<h3 class=\"integration-partner__title\">\n\t\t\tNubeis Sales Recording\t<\/h3>\n\n\t\n<\/article>\n\t\t\t<\/li>\n\t\t\t\t\t<li class=\"integration-partners__item\">\n\t\t\t\n<article id=\"post-16377\" class=\"integration-partner post-16377 type-integration-partner status-publish has-post-thumbnail hentry product-pos product-online-ordering\">\n\n\t\t<figure class=\"integration-partner__figure\" role=\"none\">\n\t\t<img loading=\"lazy\" decoding=\"async\" width=\"360\" height=\"360\" src=\"https:\/\/web.givex.com\/wp-content\/uploads\/2022\/09\/ip-180-pos-OLO@2x.png\" class=\"attachment-full size-full wp-post-image\" alt=\"\" srcset=\"https:\/\/web.givex.com\/wp-content\/uploads\/2022\/09\/ip-180-pos-OLO@2x.png 360w, https:\/\/web.givex.com\/wp-content\/uploads\/2022\/09\/ip-180-pos-OLO@2x-300x300.png 300w, https:\/\/web.givex.com\/wp-content\/uploads\/2022\/09\/ip-180-pos-OLO@2x-150x150.png 150w\" sizes=\"auto, (max-width: 360px) 100vw, 360px\" \/>\t<\/figure>\n\t\n\t<h3 class=\"integration-partner__title\">\n\t\t\tOLO\t<\/h3>\n\n\t\n<\/article>\n\t\t\t<\/li>\n\t\t\t\t\t<li class=\"integration-partners__item\">\n\t\t\t\n<article id=\"post-21053\" class=\"integration-partner post-21053 type-integration-partner status-publish has-post-thumbnail hentry product-gift-card-loyalty\">\n\n\t\t<figure class=\"integration-partner__figure\" role=\"none\">\n\t\t<img loading=\"lazy\" decoding=\"async\" width=\"540\" height=\"540\" src=\"https:\/\/web.givex.com\/wp-content\/uploads\/2023\/06\/Artboard-694@3x.png\" class=\"attachment-full size-full wp-post-image\" alt=\"\" srcset=\"https:\/\/web.givex.com\/wp-content\/uploads\/2023\/06\/Artboard-694@3x.png 540w, https:\/\/web.givex.com\/wp-content\/uploads\/2023\/06\/Artboard-694@3x-300x300.png 300w, https:\/\/web.givex.com\/wp-content\/uploads\/2023\/06\/Artboard-694@3x-150x150.png 150w\" sizes=\"auto, (max-width: 540px) 100vw, 540px\" \/>\t<\/figure>\n\t\n\t<h3 class=\"integration-partner__title\">\n\t\t\tToast\t<\/h3>\n\n\t\n<\/article>\n\t\t\t<\/li>\n\t\t\n\t<\/ul>\n\t\t\t\t<div class=\"facetwp-facet facetwp-facet-load_more facetwp-type-pager\" data-name=\"load_more\" data-type=\"pager\"><\/div>\t\n\n\n<\/div>\n","protected":false},"excerpt":{"rendered":"","protected":false},"author":35,"featured_media":0,"parent":0,"menu_order":0,"comment_status":"closed","ping_status":"closed","template":"","meta":{"_acf_changed":false,"content-type":"","inline_featured_image":false,"footnotes":""},"class_list":["post-635","page","type-page","status-publish","hentry"],"acf":[],"yoast_head":"<!-- This site is optimized with the Yoast SEO plugin v27.3 - https:\/\/yoast.com\/product\/yoast-seo-wordpress\/ -->\n<title>Shift4 | Solutions tout-en-un | Int\u00e9grations tierces<\/title>\n<meta name=\"description\" content=\"Givex offre \u00e0 ses clients la libert\u00e9 et la flexibilit\u00e9 d&#039;utiliser nos solutions ou de s&#039;int\u00e9grer sans effort et de mani\u00e8re transparente \u00e0 la solution tierce de votre choix.\" \/>\n<meta name=\"robots\" content=\"index, follow, max-snippet:-1, max-image-preview:large, max-video-preview:-1\" \/>\n<link rel=\"canonical\" href=\"https:\/\/web.givex.com\/fr\/integrations\/\" \/>\n<meta property=\"og:locale\" content=\"fr_FR\" \/>\n<meta property=\"og:type\" content=\"article\" \/>\n<meta property=\"og:title\" content=\"Shift4 | Solutions tout-en-un | Int\u00e9grations tierces\" \/>\n<meta property=\"og:description\" content=\"Givex offre \u00e0 ses clients la libert\u00e9 et la flexibilit\u00e9 d&#039;utiliser nos solutions ou de s&#039;int\u00e9grer sans effort et de mani\u00e8re transparente \u00e0 la solution tierce de votre choix.\" \/>\n<meta property=\"og:url\" content=\"https:\/\/web.givex.com\/fr\/integrations\/\" \/>\n<meta property=\"og:site_name\" content=\"Shift4\" \/>\n<meta property=\"article:modified_time\" content=\"2024-10-30T19:52:45+00:00\" \/>\n<meta name=\"twitter:card\" content=\"summary_large_image\" \/>\n<meta name=\"twitter:site\" content=\"@GivexCorp\" \/>\n<script type=\"application\/ld+json\" class=\"yoast-schema-graph\">{\"@context\":\"https:\\\/\\\/schema.org\",\"@graph\":[{\"@type\":\"WebPage\",\"@id\":\"https:\\\/\\\/web.givex.com\\\/fr\\\/integrations\\\/\",\"url\":\"https:\\\/\\\/web.givex.com\\\/fr\\\/integrations\\\/\",\"name\":\"Shift4 | Solutions tout-en-un | Int\u00e9grations tierces\",\"isPartOf\":{\"@id\":\"https:\\\/\\\/web.givex.com\\\/fr\\\/#website\"},\"datePublished\":\"2023-12-21T17:25:33+00:00\",\"dateModified\":\"2024-10-30T19:52:45+00:00\",\"description\":\"Givex offre \u00e0 ses clients la libert\u00e9 et la flexibilit\u00e9 d'utiliser nos solutions ou de s'int\u00e9grer sans effort et de mani\u00e8re transparente \u00e0 la solution tierce de votre choix.\",\"inLanguage\":\"fr-FR\",\"potentialAction\":[{\"@type\":\"ReadAction\",\"target\":[\"https:\\\/\\\/web.givex.com\\\/fr\\\/integrations\\\/\"]}]},{\"@type\":\"WebSite\",\"@id\":\"https:\\\/\\\/web.givex.com\\\/fr\\\/#website\",\"url\":\"https:\\\/\\\/web.givex.com\\\/fr\\\/\",\"name\":\"Givex\",\"description\":\"Integrate Payments and Commerce Technology\",\"publisher\":{\"@id\":\"https:\\\/\\\/web.givex.com\\\/fr\\\/#organization\"},\"potentialAction\":[{\"@type\":\"SearchAction\",\"target\":{\"@type\":\"EntryPoint\",\"urlTemplate\":\"https:\\\/\\\/web.givex.com\\\/fr\\\/?s={search_term_string}\"},\"query-input\":{\"@type\":\"PropertyValueSpecification\",\"valueRequired\":true,\"valueName\":\"search_term_string\"}}],\"inLanguage\":\"fr-FR\"},{\"@type\":\"Organization\",\"@id\":\"https:\\\/\\\/web.givex.com\\\/fr\\\/#organization\",\"name\":\"Givex\",\"url\":\"https:\\\/\\\/web.givex.com\\\/fr\\\/\",\"logo\":{\"@type\":\"ImageObject\",\"inLanguage\":\"fr-FR\",\"@id\":\"https:\\\/\\\/web.givex.com\\\/fr\\\/#\\\/schema\\\/logo\\\/image\\\/\",\"url\":\"https:\\\/\\\/web.givex.com\\\/wp-content\\\/uploads\\\/2024\\\/03\\\/givex-blue-bg.png\",\"contentUrl\":\"https:\\\/\\\/web.givex.com\\\/wp-content\\\/uploads\\\/2024\\\/03\\\/givex-blue-bg.png\",\"width\":1200,\"height\":1200,\"caption\":\"Givex\"},\"image\":{\"@id\":\"https:\\\/\\\/web.givex.com\\\/fr\\\/#\\\/schema\\\/logo\\\/image\\\/\"},\"sameAs\":[\"https:\\\/\\\/x.com\\\/GivexCorp\",\"https:\\\/\\\/www.linkedin.com\\\/company\\\/givex\\\/\",\"https:\\\/\\\/www.youtube.com\\\/@givexcorp6643\"]}]}<\/script>\n<!-- \/ Yoast SEO plugin. -->","yoast_head_json":{"title":"Shift4 | Solutions tout-en-un | Int\u00e9grations tierces","description":"Givex offre \u00e0 ses clients la libert\u00e9 et la flexibilit\u00e9 d'utiliser nos solutions ou de s'int\u00e9grer sans effort et de mani\u00e8re transparente \u00e0 la solution tierce de votre choix.","robots":{"index":"index","follow":"follow","max-snippet":"max-snippet:-1","max-image-preview":"max-image-preview:large","max-video-preview":"max-video-preview:-1"},"canonical":"https:\/\/web.givex.com\/fr\/integrations\/","og_locale":"fr_FR","og_type":"article","og_title":"Shift4 | Solutions tout-en-un | Int\u00e9grations tierces","og_description":"Givex offre \u00e0 ses clients la libert\u00e9 et la flexibilit\u00e9 d'utiliser nos solutions ou de s'int\u00e9grer sans effort et de mani\u00e8re transparente \u00e0 la solution tierce de votre choix.","og_url":"https:\/\/web.givex.com\/fr\/integrations\/","og_site_name":"Shift4","article_modified_time":"2024-10-30T19:52:45+00:00","twitter_card":"summary_large_image","twitter_site":"@GivexCorp","schema":{"@context":"https:\/\/schema.org","@graph":[{"@type":"WebPage","@id":"https:\/\/web.givex.com\/fr\/integrations\/","url":"https:\/\/web.givex.com\/fr\/integrations\/","name":"Shift4 | Solutions tout-en-un | Int\u00e9grations tierces","isPartOf":{"@id":"https:\/\/web.givex.com\/fr\/#website"},"datePublished":"2023-12-21T17:25:33+00:00","dateModified":"2024-10-30T19:52:45+00:00","description":"Givex offre \u00e0 ses clients la libert\u00e9 et la flexibilit\u00e9 d'utiliser nos solutions ou de s'int\u00e9grer sans effort et de mani\u00e8re transparente \u00e0 la solution tierce de votre choix.","inLanguage":"fr-FR","potentialAction":[{"@type":"ReadAction","target":["https:\/\/web.givex.com\/fr\/integrations\/"]}]},{"@type":"WebSite","@id":"https:\/\/web.givex.com\/fr\/#website","url":"https:\/\/web.givex.com\/fr\/","name":"Givex","description":"Integrate Payments and Commerce Technology","publisher":{"@id":"https:\/\/web.givex.com\/fr\/#organization"},"potentialAction":[{"@type":"SearchAction","target":{"@type":"EntryPoint","urlTemplate":"https:\/\/web.givex.com\/fr\/?s={search_term_string}"},"query-input":{"@type":"PropertyValueSpecification","valueRequired":true,"valueName":"search_term_string"}}],"inLanguage":"fr-FR"},{"@type":"Organization","@id":"https:\/\/web.givex.com\/fr\/#organization","name":"Givex","url":"https:\/\/web.givex.com\/fr\/","logo":{"@type":"ImageObject","inLanguage":"fr-FR","@id":"https:\/\/web.givex.com\/fr\/#\/schema\/logo\/image\/","url":"https:\/\/web.givex.com\/wp-content\/uploads\/2024\/03\/givex-blue-bg.png","contentUrl":"https:\/\/web.givex.com\/wp-content\/uploads\/2024\/03\/givex-blue-bg.png","width":1200,"height":1200,"caption":"Givex"},"image":{"@id":"https:\/\/web.givex.com\/fr\/#\/schema\/logo\/image\/"},"sameAs":["https:\/\/x.com\/GivexCorp","https:\/\/www.linkedin.com\/company\/givex\/","https:\/\/www.youtube.com\/@givexcorp6643"]}]}},"_links":{"self":[{"href":"https:\/\/web.givex.com\/fr\/wp-json\/wp\/v2\/pages\/635","targetHints":{"allow":["GET"]}}],"collection":[{"href":"https:\/\/web.givex.com\/fr\/wp-json\/wp\/v2\/pages"}],"about":[{"href":"https:\/\/web.givex.com\/fr\/wp-json\/wp\/v2\/types\/page"}],"author":[{"embeddable":true,"href":"https:\/\/web.givex.com\/fr\/wp-json\/wp\/v2\/users\/35"}],"replies":[{"embeddable":true,"href":"https:\/\/web.givex.com\/fr\/wp-json\/wp\/v2\/comments?post=635"}],"version-history":[{"count":11,"href":"https:\/\/web.givex.com\/fr\/wp-json\/wp\/v2\/pages\/635\/revisions"}],"predecessor-version":[{"id":13563,"href":"https:\/\/web.givex.com\/fr\/wp-json\/wp\/v2\/pages\/635\/revisions\/13563"}],"wp:attachment":[{"href":"https:\/\/web.givex.com\/fr\/wp-json\/wp\/v2\/media?parent=635"}],"curies":[{"name":"wp","href":"https:\/\/api.w.org\/{rel}","templated":true}]}}