{"id":633,"date":"2023-12-21T12:25:32","date_gmt":"2023-12-21T17:25:32","guid":{"rendered":"https:\/\/web.givex.com\/fonctionnement\/"},"modified":"2024-11-08T13:05:24","modified_gmt":"2024-11-08T18:05:24","slug":"fonctionnement","status":"publish","type":"page","link":"https:\/\/web.givex.com\/fr\/fonctionnement\/","title":{"rendered":"Fonctionnement"},"content":{"rendered":"<div id=\"block_0e9db41693b4a4d1c9729c1709dc8da4\" class=\"hero acf-block alignfull\">\n\n\t\t<figure class=\"hero__figure hero__figure--top\" data-background-mode=\"transparent\" role=\"none\">\n\t\t\t<img loading=\"lazy\" decoding=\"async\" width=\"1376\" height=\"489\" src=\"https:\/\/web.givex.com\/wp-content\/uploads\/2022\/10\/how-it-works-hero-givex.jpg\" class=\"attachment-full size-full\" alt=\"\" srcset=\"https:\/\/web.givex.com\/wp-content\/uploads\/2022\/10\/how-it-works-hero-givex.jpg 1376w, https:\/\/web.givex.com\/wp-content\/uploads\/2022\/10\/how-it-works-hero-givex-300x107.jpg 300w, https:\/\/web.givex.com\/wp-content\/uploads\/2022\/10\/how-it-works-hero-givex-1024x364.jpg 1024w, https:\/\/web.givex.com\/wp-content\/uploads\/2022\/10\/how-it-works-hero-givex-768x273.jpg 768w\" sizes=\"auto, (max-width: 1376px) 100vw, 1376px\" \/>\t\t<\/figure>\n\n\t<div class=\"hero__container\">\n\n\t\t<div class=\"hero__content\" data-background-mode=\"transparent\">\n\n\t\t\t\t\t<p class=\"hero__eyebrow\">Notre plateforme<\/p>\n\t\t\n\t\t\t\t\t\t\t<h1 class=\"hero__title\">Fonctionnement<\/h1>\n\t\t\t\n\t\t\t\t\t\t\t<div class=\"hero__body\"><p>Givex propose des solutions omnicanales de point de vente, de cartes-cadeaux, de fid\u00e9lit\u00e9 et de billetterie \u00e0 valeur stock\u00e9e pour stimuler les ventes et aider nos clients \u00e0 prendre des d\u00e9cisions commerciales plus \u00e9clair\u00e9es.<\/p>\n<\/div>\n\t\t\t\n\t\t\t\n\t\t\t\t\t<\/div>\n\n\t\t\n\t<\/div>\n\n<\/div>\n\n\n\n<section id=\"block_e1613aca41db2ddc4cf3955240968122\" class=\"stats acf-block alignfull\">\n\n\t<div class=\"stats__container\">\n\n\t\t<ul class=\"stats__list\" data-grid-columns=\"full\">\n\t\t\t\t<li class=\"stats__list-item\">\n\t\t\t<h3 class=\"stats__score h1\">\n\t\t\t\t11\t\t\t\t<span class=\"stats__title h6\">\n\t\t\t\t\tCentres de donn\u00e9es\t\t\t\t<\/span>\n\t\t\t<\/h3>\n\t\t\t<p class=\"stats__body\">Notre technologie exclusive r\u00e9plique les donn\u00e9es dans deux emplacements g\u00e9ographiques distincts pour garantir que le traitement des transactions est disponible \u00e0 tout moment.<\/p>\n\t\t<\/li>\n\t\t\t\t<li class=\"stats__list-item\">\n\t\t\t<h3 class=\"stats__score h1\">\n\t\t\t\t99%\t\t\t\t<span class=\"stats__title h6\">\n\t\t\t\t\tDisponibilit\u00e9\t\t\t\t<\/span>\n\t\t\t<\/h3>\n\t\t\t<p class=\"stats__body\">Notre technologie propri\u00e9taire nous permet de fournir une disponibilit\u00e9 de 99,9 % \u00e0 nos clients du monde entier en utilisant ce syst\u00e8me de basculement.<\/p>\n\t\t<\/li>\n\t\t\t\t<li class=\"stats__list-item\">\n\t\t\t<h3 class=\"stats__score h1\">\n\t\t\t\t&lt;20\t\t\t\t<span class=\"stats__title h6\">\n\t\t\t\t\tTemps d&rsquo;attente en secondes\t\t\t\t<\/span>\n\t\t\t<\/h3>\n\t\t\t<p class=\"stats__body\">Nous sommes fiers de la capacit\u00e9 de notre \u00e9quipe d&rsquo;assistance \u00e0 r\u00e9pondre aux demandes en moins de 20 secondes en moyenne.<\/p>\n\t\t<\/li>\n\t\t\t\t<li class=\"stats__list-item\">\n\t\t\t<h3 class=\"stats__score h1\">\n\t\t\t\t1000+\t\t\t\t<span class=\"stats__title h6\">\n\t\t\t\t\tInt\u00e9grations\t\t\t\t<\/span>\n\t\t\t<\/h3>\n\t\t\t<p class=\"stats__body\">Contrairement \u00e0 d&rsquo;autres plateformes, Givex offre la libert\u00e9 d&rsquo;utiliser nos solutions ou de s&rsquo;int\u00e9grer de mani\u00e8re transparente \u00e0 des solutions tierces.<\/p>\n\t\t<\/li>\n\t\t\t<\/ul>\n\t\n\t<\/div>\n\n<\/section>\n\n\n<div id=\"block_027787f88b8d1c71df2e42a586bba591\"\n  class=\"text-image text-image--right text-image--contained text-image--shadow acf-block alignwide\">\n  <div class=\"text-image__container\">\n\n    <div class=\"text-image__content\">\n\n            <h2 class=\"text-image__title\">Plate-forme technologique de bout en bout bas\u00e9e sur le cloud<\/h2>\n      \n            <div class=\"text-image__body\"><p>Givex est une plateforme mondiale d&rsquo;engagement client et d&rsquo;informations commerciales bas\u00e9e sur le cloud.<\/p>\n<\/div>\n      \n      \n    <\/div>\n\n    <figure class=\"text-image__figure text-image__figure--center\" role=\"none\">\n      <img loading=\"lazy\" decoding=\"async\" width=\"1553\" height=\"1553\" src=\"https:\/\/web.givex.com\/wp-content\/uploads\/2022\/11\/GVX_EcosystemGraphic-Final-r.jpg\" class=\"attachment-full size-full\" alt=\"\" srcset=\"https:\/\/web.givex.com\/wp-content\/uploads\/2022\/11\/GVX_EcosystemGraphic-Final-r.jpg 1553w, https:\/\/web.givex.com\/wp-content\/uploads\/2022\/11\/GVX_EcosystemGraphic-Final-r-300x300.jpg 300w, https:\/\/web.givex.com\/wp-content\/uploads\/2022\/11\/GVX_EcosystemGraphic-Final-r-1024x1024.jpg 1024w, https:\/\/web.givex.com\/wp-content\/uploads\/2022\/11\/GVX_EcosystemGraphic-Final-r-150x150.jpg 150w, https:\/\/web.givex.com\/wp-content\/uploads\/2022\/11\/GVX_EcosystemGraphic-Final-r-768x768.jpg 768w, https:\/\/web.givex.com\/wp-content\/uploads\/2022\/11\/GVX_EcosystemGraphic-Final-r-1536x1536.jpg 1536w, https:\/\/web.givex.com\/wp-content\/uploads\/2022\/11\/GVX_EcosystemGraphic-Final-r-600x600.jpg 600w\" sizes=\"auto, (max-width: 1553px) 100vw, 1553px\" \/>    <\/figure>\n\n  <\/div>\n\n<\/div>\n\n\n\n<section id=\"block_2b75085294272db8dfe612d8dbcaa51f\" class=\"background background--ebony acf-block alignfull\">\n\t<div class=\"background__container\">\n\t\t<div class=\"wp-content\">\n\t\t\t\n\n<p class=\"has-text-align-center\">Regardez cette vid\u00e9o pour en savoir plus sur les produits Givex et sur la fa\u00e7on dont ils fonctionnent ensemble pour aider nos clients du commerce de d\u00e9tail, de l&rsquo;h\u00f4tellerie et de la restauration \u00e0 g\u00e9rer efficacement leurs activit\u00e9s.<\/p>\n\n\n\n<figure class=\"wp-block-embed is-type-wp-embed is-provider-wistia-inc wp-block-embed-wistia-inc\"><div class=\"wp-block-embed__wrapper\">\n<iframe loading=\"lazy\" class=\"wp-embedded-content\" sandbox=\"allow-scripts\" security=\"restricted\" title=\"Givex - Explainer (EN) Video\" src=\"https:\/\/fast.wistia.net\/embed\/iframe\/2ib1htej4x?dnt=1#?secret=GLqbFZ8Mwo\" data-secret=\"GLqbFZ8Mwo\" frameborder=\"0\" scrolling=\"no\" width=\"500\" height=\"281\"><\/iframe>\n<\/div><\/figure>\n\n\n\t\t<\/div>\n\t<\/div>\n<\/section>\n\n\n<div id=\"block_d5ff931860ec29285285e041621604ef\"\n  class=\"text-image text-image--right text-image--contained text-image--shadow text-image--graphic acf-block alignwide\">\n  <div class=\"text-image__container\">\n\n    <div class=\"text-image__content\">\n\n            <h2 class=\"text-image__title\">S\u00e9curit\u00e9 int\u00e9gr\u00e9e<\/h2>\n      \n            <div class=\"text-image__body\"><p>Givex assure la conformit\u00e9 en mati\u00e8re de s\u00e9curit\u00e9 sans les tracas.<\/p>\n<ul>\n<li>Certifi\u00e9 PCI niveau 1<\/li>\n<li>Sauvegardes et r\u00e9plication quotidiennes des donn\u00e9es<\/li>\n<li>Surveillance des syst\u00e8mes 24h\/24 et 7j\/7<\/li>\n<\/ul>\n<\/div>\n      \n      \n    <\/div>\n\n    <figure class=\"text-image__figure text-image__figure--\" role=\"none\">\n      <img loading=\"lazy\" decoding=\"async\" width=\"2048\" height=\"1365\" src=\"https:\/\/web.givex.com\/wp-content\/uploads\/2022\/09\/how-it-works-security-00001.jpg\" class=\"attachment-full size-full\" alt=\"\" srcset=\"https:\/\/web.givex.com\/wp-content\/uploads\/2022\/09\/how-it-works-security-00001.jpg 2048w, https:\/\/web.givex.com\/wp-content\/uploads\/2022\/09\/how-it-works-security-00001-300x200.jpg 300w, https:\/\/web.givex.com\/wp-content\/uploads\/2022\/09\/how-it-works-security-00001-1024x683.jpg 1024w, https:\/\/web.givex.com\/wp-content\/uploads\/2022\/09\/how-it-works-security-00001-768x512.jpg 768w, https:\/\/web.givex.com\/wp-content\/uploads\/2022\/09\/how-it-works-security-00001-1536x1024.jpg 1536w\" sizes=\"auto, (max-width: 2048px) 100vw, 2048px\" \/>    <\/figure>\n\n  <\/div>\n\n<\/div>\n\n\n<div id=\"block_c38cb26fd702e0db79efbd0578812efe\"\n  class=\"text-image text-image--left text-image--fullwidth text-image--shadow acf-block alignwide\">\n  <div class=\"text-image__container\">\n\n    <div class=\"text-image__content\">\n\n            <h2 class=\"text-image__title\">Assistance 24\/7\/365<\/h2>\n      \n            <div class=\"text-image__body\"><p>Notre \u00e9quipe de service client est disponible 24h\/24, 7j\/7 et 365j\/an, par t\u00e9l\u00e9phone, chat en direct ou portail client.<\/p>\n<\/div>\n      \n            <a class=\"button button--arrow\" href=\"https:\/\/web.givex.com\/fr\/soutien\/\"\n        target=\"_self\" >En savoir plus<\/a>\n      \n    <\/div>\n\n    <figure class=\"text-image__figure text-image__figure--\" role=\"none\">\n      <img loading=\"lazy\" decoding=\"async\" width=\"2048\" height=\"1410\" src=\"https:\/\/web.givex.com\/wp-content\/uploads\/2022\/09\/site-Businesswoman-wearing-headset-while-using-computer-1141989891_7245x4989-e1663890635616.jpg\" class=\"attachment-full size-full\" alt=\"\" srcset=\"https:\/\/web.givex.com\/wp-content\/uploads\/2022\/09\/site-Businesswoman-wearing-headset-while-using-computer-1141989891_7245x4989-e1663890635616.jpg 2048w, https:\/\/web.givex.com\/wp-content\/uploads\/2022\/09\/site-Businesswoman-wearing-headset-while-using-computer-1141989891_7245x4989-e1663890635616-300x207.jpg 300w, https:\/\/web.givex.com\/wp-content\/uploads\/2022\/09\/site-Businesswoman-wearing-headset-while-using-computer-1141989891_7245x4989-e1663890635616-1024x705.jpg 1024w, https:\/\/web.givex.com\/wp-content\/uploads\/2022\/09\/site-Businesswoman-wearing-headset-while-using-computer-1141989891_7245x4989-e1663890635616-768x529.jpg 768w, https:\/\/web.givex.com\/wp-content\/uploads\/2022\/09\/site-Businesswoman-wearing-headset-while-using-computer-1141989891_7245x4989-e1663890635616-1536x1058.jpg 1536w\" sizes=\"auto, (max-width: 2048px) 100vw, 2048px\" \/>    <\/figure>\n\n  <\/div>\n\n<\/div>\n\n\n<div id=\"block_d16ff3457fd926134a1ab6b8c60e36e1\"\n  class=\"text-image text-image--right text-image--contained text-image--shadow text-image--graphic acf-block alignwide\">\n  <div class=\"text-image__container\">\n\n    <div class=\"text-image__content\">\n\n            <h2 class=\"text-image__title\">Analytique robuste<\/h2>\n      \n            <div class=\"text-image__body\"><p>Les analyses en temps r\u00e9el et pr\u00e9dictives offrent des informations uniques pour guider les d\u00e9cisions commerciales efficaces.<\/p>\n<\/div>\n      \n      \n    <\/div>\n\n    <figure class=\"text-image__figure text-image__figure--\" role=\"none\">\n      <img loading=\"lazy\" decoding=\"async\" width=\"2048\" height=\"1365\" src=\"https:\/\/web.givex.com\/wp-content\/uploads\/2022\/09\/how-it-works-analytics-00002.jpg\" class=\"attachment-full size-full\" alt=\"\" srcset=\"https:\/\/web.givex.com\/wp-content\/uploads\/2022\/09\/how-it-works-analytics-00002.jpg 2048w, https:\/\/web.givex.com\/wp-content\/uploads\/2022\/09\/how-it-works-analytics-00002-300x200.jpg 300w, https:\/\/web.givex.com\/wp-content\/uploads\/2022\/09\/how-it-works-analytics-00002-1024x683.jpg 1024w, https:\/\/web.givex.com\/wp-content\/uploads\/2022\/09\/how-it-works-analytics-00002-768x512.jpg 768w, https:\/\/web.givex.com\/wp-content\/uploads\/2022\/09\/how-it-works-analytics-00002-1536x1024.jpg 1536w\" sizes=\"auto, (max-width: 2048px) 100vw, 2048px\" \/>    <\/figure>\n\n  <\/div>\n\n<\/div>\n\n\n\n<section id=\"block_07f97d1c881bab0a4e54aa181aeeb62b\" class=\"background background--lavender-x acf-block alignfull\">\n\t<div class=\"background__container\">\n\t\t<div class=\"wp-content\">\n\t\t\t\n<div id=\"block_f830610e375705fb0a43d2ae5d9ed15a\" class=\"card-carousel acf-block alignfull\">\n\t<div class=\"card-carousel__container\">\n\t\t\t<h2 class=\"card-carousel__title\">Notre \u00e9cosyst\u00e8me technologique complet<\/h2>\n\t\t\t\t<div class=\"swiper card-carousel__swiper js-card-carousel\">\n\t\t\t<ul class=\"swiper-wrapper card-carousel__wrapper\">\n\t\t\t\t\t\t\t<li class=\"swiper-slide card-carousel__slide\">\n\t\t\t\t\t<div class=\"card-carousel__card\">\n\t\t\t\t\t\t\t\t\t\t\t\t<figure class=\"card-carousel__figure\" role=\"none\">\n\t\t\t\t\t\t\t<img loading=\"lazy\" decoding=\"async\" width=\"1\" height=\"1\" src=\"https:\/\/web.givex.com\/wp-content\/uploads\/2022\/09\/pos-nofill-96-1.svg\" class=\"attachment-full size-full\" alt=\"\" \/>\t\t\t\t\t\t<\/figure>\n\t\t\t\t\t\t\n\t\t\t\t\t\t\t\t\t\t\t\t<h3 class=\"card-carousel__card-title\">GivexPOS<\/h3>\n\t\t\t\t\t\t\n\t\t\t\t\t\t\t\t\t\t\t\t<div class=\"card-carousel__card-body\">\n\t\t\t\t\t\t\t<p>G\u00e9rez votre entreprise de bout en bout avec le contr\u00f4le des stocks, les commandes, les paiements, les outils d&rsquo;engagement et plus encore.<\/p>\n\t\t\t\t\t\t<\/div>\n\t\t\t\t\t\t\n\t\t\t\t\t\t\t\t\t\t\t\t<a class=\"card-carousel__link arrow-link\" href=\"https:\/\/web.givex.com\/fr\/pos\/\" target=\"_self\" >En savoir plus<\/a>\n\t\t\t\t\t\t\t\t\t\t\t<\/div>\n\t\t\t\t<\/li>\n\t\t\t\t\t\t\t<li class=\"swiper-slide card-carousel__slide\">\n\t\t\t\t\t<div class=\"card-carousel__card\">\n\t\t\t\t\t\t\t\t\t\t\t\t<figure class=\"card-carousel__figure\" role=\"none\">\n\t\t\t\t\t\t\t<img loading=\"lazy\" decoding=\"async\" width=\"1\" height=\"1\" src=\"https:\/\/web.givex.com\/wp-content\/uploads\/2022\/09\/gift-cards-nofill-96-1.svg\" class=\"attachment-full size-full\" alt=\"\" \/>\t\t\t\t\t\t<\/figure>\n\t\t\t\t\t\t\n\t\t\t\t\t\t\t\t\t\t\t\t<h3 class=\"card-carousel__card-title\">Cartes cadeaux<\/h3>\n\t\t\t\t\t\t\n\t\t\t\t\t\t\t\t\t\t\t\t<div class=\"card-carousel__card-body\">\n\t\t\t\t\t\t\t<p>Augmentez vos ventes, acqu\u00e9rez de nouveaux clients ou cr\u00e9ez votre propre portefeuille mobile de marque pour des paiements pratiques.<\/p>\n\t\t\t\t\t\t<\/div>\n\t\t\t\t\t\t\n\t\t\t\t\t\t\t\t\t\t\t\t<a class=\"card-carousel__link arrow-link\" href=\"https:\/\/web.givex.com\/fr\/carte-cadeau\/\" target=\"_self\" >En savoir plus<\/a>\n\t\t\t\t\t\t\t\t\t\t\t<\/div>\n\t\t\t\t<\/li>\n\t\t\t\t\t\t\t<li class=\"swiper-slide card-carousel__slide\">\n\t\t\t\t\t<div class=\"card-carousel__card\">\n\t\t\t\t\t\t\t\t\t\t\t\t<figure class=\"card-carousel__figure\" role=\"none\">\n\t\t\t\t\t\t\t<img loading=\"lazy\" decoding=\"async\" width=\"1\" height=\"1\" src=\"https:\/\/web.givex.com\/wp-content\/uploads\/2022\/09\/loyalty-nofill-96-1.svg\" class=\"attachment-full size-full\" alt=\"\" \/>\t\t\t\t\t\t<\/figure>\n\t\t\t\t\t\t\n\t\t\t\t\t\t\t\t\t\t\t\t<h3 class=\"card-carousel__card-title\">Programmes de fid\u00e9lit\u00e9<\/h3>\n\t\t\t\t\t\t\n\t\t\t\t\t\t\t\t\t\t\t\t<div class=\"card-carousel__card-body\">\n\t\t\t\t\t\t\t<p>Interagissez avec les clients o\u00f9 qu&rsquo;ils se trouvent gr\u00e2ce \u00e0 un programme de fid\u00e9lit\u00e9 personnalis\u00e9 dot\u00e9 de fonctionnalit\u00e9s robustes et d&rsquo;une int\u00e9gration transparente.<\/p>\n\t\t\t\t\t\t<\/div>\n\t\t\t\t\t\t\n\t\t\t\t\t\t\t\t\t\t\t\t<a class=\"card-carousel__link arrow-link\" href=\"https:\/\/web.givex.com\/fr\/programmes-de-fidelite\/\" target=\"_self\" >En savoir plus<\/a>\n\t\t\t\t\t\t\t\t\t\t\t<\/div>\n\t\t\t\t<\/li>\n\t\t\t\t\t\t\t<li class=\"swiper-slide card-carousel__slide\">\n\t\t\t\t\t<div class=\"card-carousel__card\">\n\t\t\t\t\t\t\t\t\t\t\t\t<figure class=\"card-carousel__figure\" role=\"none\">\n\t\t\t\t\t\t\t<img loading=\"lazy\" decoding=\"async\" width=\"1\" height=\"1\" src=\"https:\/\/web.givex.com\/wp-content\/uploads\/2022\/09\/ticket-nofill-96.svg\" class=\"attachment-full size-full\" alt=\"\" \/>\t\t\t\t\t\t<\/figure>\n\t\t\t\t\t\t\n\t\t\t\t\t\t\t\t\t\t\t\t<h3 class=\"card-carousel__card-title\">Billetterie Uptix\u2122<\/h3>\n\t\t\t\t\t\t\n\t\t\t\t\t\t\t\t\t\t\t\t<div class=\"card-carousel__card-body\">\n\t\t\t\t\t\t\t<p>Exploitez des analyses puissantes pour g\u00e9n\u00e9rer des revenus et am\u00e9liorer l&rsquo;exp\u00e9rience des fans avec des concessions sans num\u00e9raire et des promotions dans le jeu.<\/p>\n\t\t\t\t\t\t<\/div>\n\t\t\t\t\t\t\n\t\t\t\t\t\t\t\t\t\t\t\t<a class=\"card-carousel__link arrow-link\" href=\"https:\/\/web.givex.com\/fr\/billetterie-uptix\/\" target=\"_self\" >En savoir plus<\/a>\n\t\t\t\t\t\t\t\t\t\t\t<\/div>\n\t\t\t\t<\/li>\n\t\t\t\t\t\t<\/ul>\n\t\t\t<div class=\"swiper-scrollbar card-carousel__scrollbar\"><\/div>\n\t\t<\/div>\n\t\t<\/div>\n<\/div>\n\n\n\t\t<\/div>\n\t<\/div>\n<\/section>\n\n\n<div id=\"block_ed4c6498574b3c68f891bd3a445d0a62\" class=\"cta acf-block alignwide\">\n\n<div class=\"cta__wrapper\">\n\n\t<div class=\"cta__container\">\n\n\t\t<div class=\"cta__content\">\n\n\t\t\t\t\t\t<h2 class=\"cta__title\">Pr\u00eat \u00e0 commencer ?<\/h2>\n\t\t\t\n\t\t\t\t\t\t<div class=\"cta__body\"><p>R\u00e9servez une d\u00e9mo gratuite, sans obligation avec l&rsquo;un de nos experts pour voir si Givex r\u00e9pond \u00e0 vos besoins.<\/p>\n<\/div>\n\t\t\t\n\n\t\t\t\t\t\t<a class=\"button cta__link\" href=\"https:\/\/web.givex.com\/fr\/reserver-une-demo\/\" target=\"_self\" >R\u00e9server une d\u00e9mo<\/a>\n\t\t\t\n\t\t<\/div>\n\n\t<\/div>\n\n\t<\/div>\n<\/div>\n","protected":false},"excerpt":{"rendered":"","protected":false},"author":35,"featured_media":0,"parent":0,"menu_order":0,"comment_status":"closed","ping_status":"closed","template":"","meta":{"_acf_changed":false,"content-type":"","inline_featured_image":false,"footnotes":""},"class_list":["post-633","page","type-page","status-publish","hentry"],"acf":[],"yoast_head":"<!-- This site is optimized with the Yoast SEO plugin v27.3 - https:\/\/yoast.com\/product\/yoast-seo-wordpress\/ -->\n<title>Shift4 | Fonctionnement | Des solutions de billetterie qui stimulent les ventes<\/title>\n<meta name=\"description\" content=\"Givex propose des solutions omnicanales de point de vente, de cartes-cadeaux, de fid\u00e9lit\u00e9 et de billetterie \u00e0 valeur stock\u00e9e pour stimuler les ventes et aider nos clients \u00e0 prendre des d\u00e9cisions commerciales plus \u00e9clair\u00e9es.\" \/>\n<meta name=\"robots\" content=\"index, follow, max-snippet:-1, max-image-preview:large, max-video-preview:-1\" \/>\n<link rel=\"canonical\" href=\"https:\/\/web.givex.com\/fr\/fonctionnement\/\" \/>\n<meta property=\"og:locale\" content=\"fr_FR\" \/>\n<meta property=\"og:type\" content=\"article\" \/>\n<meta property=\"og:title\" content=\"Shift4 | Fonctionnement | Des solutions de billetterie qui stimulent les ventes\" \/>\n<meta property=\"og:description\" content=\"Givex propose des solutions omnicanales de point de vente, de cartes-cadeaux, de fid\u00e9lit\u00e9 et de billetterie \u00e0 valeur stock\u00e9e pour stimuler les ventes et aider nos clients \u00e0 prendre des d\u00e9cisions commerciales plus \u00e9clair\u00e9es.\" \/>\n<meta property=\"og:url\" content=\"https:\/\/web.givex.com\/fr\/fonctionnement\/\" \/>\n<meta property=\"og:site_name\" content=\"Shift4\" \/>\n<meta property=\"article:modified_time\" content=\"2024-11-08T18:05:24+00:00\" \/>\n<meta name=\"twitter:card\" content=\"summary_large_image\" \/>\n<meta name=\"twitter:site\" content=\"@GivexCorp\" \/>\n<script type=\"application\/ld+json\" class=\"yoast-schema-graph\">{\"@context\":\"https:\\\/\\\/schema.org\",\"@graph\":[{\"@type\":\"WebPage\",\"@id\":\"https:\\\/\\\/web.givex.com\\\/fr\\\/fonctionnement\\\/\",\"url\":\"https:\\\/\\\/web.givex.com\\\/fr\\\/fonctionnement\\\/\",\"name\":\"Shift4 | Fonctionnement | Des solutions de billetterie qui stimulent les ventes\",\"isPartOf\":{\"@id\":\"https:\\\/\\\/web.givex.com\\\/fr\\\/#website\"},\"datePublished\":\"2023-12-21T17:25:32+00:00\",\"dateModified\":\"2024-11-08T18:05:24+00:00\",\"description\":\"Givex propose des solutions omnicanales de point de vente, de cartes-cadeaux, de fid\u00e9lit\u00e9 et de billetterie \u00e0 valeur stock\u00e9e pour stimuler les ventes et aider nos clients \u00e0 prendre des d\u00e9cisions commerciales plus \u00e9clair\u00e9es.\",\"inLanguage\":\"fr-FR\",\"potentialAction\":[{\"@type\":\"ReadAction\",\"target\":[\"https:\\\/\\\/web.givex.com\\\/fr\\\/fonctionnement\\\/\"]}]},{\"@type\":\"WebSite\",\"@id\":\"https:\\\/\\\/web.givex.com\\\/fr\\\/#website\",\"url\":\"https:\\\/\\\/web.givex.com\\\/fr\\\/\",\"name\":\"Givex\",\"description\":\"Integrate Payments and Commerce Technology\",\"publisher\":{\"@id\":\"https:\\\/\\\/web.givex.com\\\/fr\\\/#organization\"},\"potentialAction\":[{\"@type\":\"SearchAction\",\"target\":{\"@type\":\"EntryPoint\",\"urlTemplate\":\"https:\\\/\\\/web.givex.com\\\/fr\\\/?s={search_term_string}\"},\"query-input\":{\"@type\":\"PropertyValueSpecification\",\"valueRequired\":true,\"valueName\":\"search_term_string\"}}],\"inLanguage\":\"fr-FR\"},{\"@type\":\"Organization\",\"@id\":\"https:\\\/\\\/web.givex.com\\\/fr\\\/#organization\",\"name\":\"Givex\",\"url\":\"https:\\\/\\\/web.givex.com\\\/fr\\\/\",\"logo\":{\"@type\":\"ImageObject\",\"inLanguage\":\"fr-FR\",\"@id\":\"https:\\\/\\\/web.givex.com\\\/fr\\\/#\\\/schema\\\/logo\\\/image\\\/\",\"url\":\"https:\\\/\\\/web.givex.com\\\/wp-content\\\/uploads\\\/2024\\\/03\\\/givex-blue-bg.png\",\"contentUrl\":\"https:\\\/\\\/web.givex.com\\\/wp-content\\\/uploads\\\/2024\\\/03\\\/givex-blue-bg.png\",\"width\":1200,\"height\":1200,\"caption\":\"Givex\"},\"image\":{\"@id\":\"https:\\\/\\\/web.givex.com\\\/fr\\\/#\\\/schema\\\/logo\\\/image\\\/\"},\"sameAs\":[\"https:\\\/\\\/x.com\\\/GivexCorp\",\"https:\\\/\\\/www.linkedin.com\\\/company\\\/givex\\\/\",\"https:\\\/\\\/www.youtube.com\\\/@givexcorp6643\"]}]}<\/script>\n<!-- \/ Yoast SEO plugin. -->","yoast_head_json":{"title":"Shift4 | Fonctionnement | Des solutions de billetterie qui stimulent les ventes","description":"Givex propose des solutions omnicanales de point de vente, de cartes-cadeaux, de fid\u00e9lit\u00e9 et de billetterie \u00e0 valeur stock\u00e9e pour stimuler les ventes et aider nos clients \u00e0 prendre des d\u00e9cisions commerciales plus \u00e9clair\u00e9es.","robots":{"index":"index","follow":"follow","max-snippet":"max-snippet:-1","max-image-preview":"max-image-preview:large","max-video-preview":"max-video-preview:-1"},"canonical":"https:\/\/web.givex.com\/fr\/fonctionnement\/","og_locale":"fr_FR","og_type":"article","og_title":"Shift4 | Fonctionnement | Des solutions de billetterie qui stimulent les ventes","og_description":"Givex propose des solutions omnicanales de point de vente, de cartes-cadeaux, de fid\u00e9lit\u00e9 et de billetterie \u00e0 valeur stock\u00e9e pour stimuler les ventes et aider nos clients \u00e0 prendre des d\u00e9cisions commerciales plus \u00e9clair\u00e9es.","og_url":"https:\/\/web.givex.com\/fr\/fonctionnement\/","og_site_name":"Shift4","article_modified_time":"2024-11-08T18:05:24+00:00","twitter_card":"summary_large_image","twitter_site":"@GivexCorp","schema":{"@context":"https:\/\/schema.org","@graph":[{"@type":"WebPage","@id":"https:\/\/web.givex.com\/fr\/fonctionnement\/","url":"https:\/\/web.givex.com\/fr\/fonctionnement\/","name":"Shift4 | Fonctionnement | Des solutions de billetterie qui stimulent les ventes","isPartOf":{"@id":"https:\/\/web.givex.com\/fr\/#website"},"datePublished":"2023-12-21T17:25:32+00:00","dateModified":"2024-11-08T18:05:24+00:00","description":"Givex propose des solutions omnicanales de point de vente, de cartes-cadeaux, de fid\u00e9lit\u00e9 et de billetterie \u00e0 valeur stock\u00e9e pour stimuler les ventes et aider nos clients \u00e0 prendre des d\u00e9cisions commerciales plus \u00e9clair\u00e9es.","inLanguage":"fr-FR","potentialAction":[{"@type":"ReadAction","target":["https:\/\/web.givex.com\/fr\/fonctionnement\/"]}]},{"@type":"WebSite","@id":"https:\/\/web.givex.com\/fr\/#website","url":"https:\/\/web.givex.com\/fr\/","name":"Givex","description":"Integrate Payments and Commerce Technology","publisher":{"@id":"https:\/\/web.givex.com\/fr\/#organization"},"potentialAction":[{"@type":"SearchAction","target":{"@type":"EntryPoint","urlTemplate":"https:\/\/web.givex.com\/fr\/?s={search_term_string}"},"query-input":{"@type":"PropertyValueSpecification","valueRequired":true,"valueName":"search_term_string"}}],"inLanguage":"fr-FR"},{"@type":"Organization","@id":"https:\/\/web.givex.com\/fr\/#organization","name":"Givex","url":"https:\/\/web.givex.com\/fr\/","logo":{"@type":"ImageObject","inLanguage":"fr-FR","@id":"https:\/\/web.givex.com\/fr\/#\/schema\/logo\/image\/","url":"https:\/\/web.givex.com\/wp-content\/uploads\/2024\/03\/givex-blue-bg.png","contentUrl":"https:\/\/web.givex.com\/wp-content\/uploads\/2024\/03\/givex-blue-bg.png","width":1200,"height":1200,"caption":"Givex"},"image":{"@id":"https:\/\/web.givex.com\/fr\/#\/schema\/logo\/image\/"},"sameAs":["https:\/\/x.com\/GivexCorp","https:\/\/www.linkedin.com\/company\/givex\/","https:\/\/www.youtube.com\/@givexcorp6643"]}]}},"_links":{"self":[{"href":"https:\/\/web.givex.com\/fr\/wp-json\/wp\/v2\/pages\/633","targetHints":{"allow":["GET"]}}],"collection":[{"href":"https:\/\/web.givex.com\/fr\/wp-json\/wp\/v2\/pages"}],"about":[{"href":"https:\/\/web.givex.com\/fr\/wp-json\/wp\/v2\/types\/page"}],"author":[{"embeddable":true,"href":"https:\/\/web.givex.com\/fr\/wp-json\/wp\/v2\/users\/35"}],"replies":[{"embeddable":true,"href":"https:\/\/web.givex.com\/fr\/wp-json\/wp\/v2\/comments?post=633"}],"version-history":[{"count":19,"href":"https:\/\/web.givex.com\/fr\/wp-json\/wp\/v2\/pages\/633\/revisions"}],"predecessor-version":[{"id":31569,"href":"https:\/\/web.givex.com\/fr\/wp-json\/wp\/v2\/pages\/633\/revisions\/31569"}],"wp:attachment":[{"href":"https:\/\/web.givex.com\/fr\/wp-json\/wp\/v2\/media?parent=633"}],"curies":[{"name":"wp","href":"https:\/\/api.w.org\/{rel}","templated":true}]}}