{"id":12728,"date":"2023-12-21T12:25:54","date_gmt":"2023-12-21T17:25:54","guid":{"rendered":"https:\/\/web.givex.com\/politique-de-confidentialite\/"},"modified":"2023-04-20T15:24:08","modified_gmt":"2023-04-20T15:24:08","slug":"politique-de-confidentialite","status":"publish","type":"page","link":"https:\/\/web.givex.com\/fr\/politique-de-confidentialite\/","title":{"rendered":"Politique de confidentialit\u00e9"},"content":{"rendered":"<div id=\"block_30aa10275606b5908a61d91ce033c7cc\" class=\"hero acf-block alignfull\">\n\n\t\t<figure class=\"hero__figure hero__figure--center\" data-background-mode=\"transparent\" role=\"none\">\n\t\t\t<img loading=\"lazy\" decoding=\"async\" width=\"2048\" height=\"1380\" src=\"https:\/\/web.givex.com\/wp-content\/uploads\/2022\/09\/home-featured-announcement-00003.jpg\" class=\"attachment-full size-full\" alt=\"\" srcset=\"https:\/\/web.givex.com\/wp-content\/uploads\/2022\/09\/home-featured-announcement-00003.jpg 2048w, https:\/\/web.givex.com\/wp-content\/uploads\/2022\/09\/home-featured-announcement-00003-300x202.jpg 300w, https:\/\/web.givex.com\/wp-content\/uploads\/2022\/09\/home-featured-announcement-00003-1024x690.jpg 1024w, https:\/\/web.givex.com\/wp-content\/uploads\/2022\/09\/home-featured-announcement-00003-768x518.jpg 768w, https:\/\/web.givex.com\/wp-content\/uploads\/2022\/09\/home-featured-announcement-00003-1536x1035.jpg 1536w\" sizes=\"auto, (max-width: 2048px) 100vw, 2048px\" \/>\t\t<\/figure>\n\n\t<div class=\"hero__container\">\n\n\t\t<div class=\"hero__content\" data-background-mode=\"transparent\">\n\n\t\t\n\t\t\t\t\t\t\t<h1 class=\"hero__title\">Politique de confidentialit\u00e9<\/h1>\n\t\t\t\n\t\t\t\n\t\t\t\n\t\t\t\t\t<\/div>\n\n\t\t\n\t<\/div>\n\n<\/div>\n\n<h2 class=\"wp-block-heading\">Votre consentement \u00e0 la pr\u00e9sente politique de confidentialit\u00e9<\/h2>\n\n<p>En utilisant notre site Web, vous signifiez que vous acceptez les termes de notre politique de confidentialit\u00e9 actuelle telle que publi\u00e9e dans cette zone du site. Si vous n&rsquo;\u00eates pas d&rsquo;accord avec l&rsquo;un des termes de cette politique, veuillez ne pas utiliser le site.<\/p>\n\n<h3 class=\"wp-block-heading\">Collecte de renseignements personnels<\/h3>\n\n<p>Tel qu&rsquo;utilis\u00e9 dans la pr\u00e9sente politique de confidentialit\u00e9, les \u00ab informations personnelles \u00bb d\u00e9signent les informations personnellement identifiables, y compris, sans s&rsquo;y limiter, votre nom, votre adresse postale, votre num\u00e9ro de t\u00e9l\u00e9phone, votre pseudonyme et votre adresse e-mail.<\/p>\n\n<p>Tout au long de ce site, des informations personnelles peuvent vous \u00eatre demand\u00e9es afin que vous puissiez vous inscrire \u00e0 un service, envoyer des ch\u00e8ques-cadeaux \u00e9lectroniques, demander des informations ou des envois postaux, acheter un produit ou un service chez nous, r\u00e9pondre \u00e0 un sondage ou pour diverses autres raisons. Soyez assur\u00e9 que Givex ne recueillera aucune information personnelle \u00e0 partir de ce site \u00e0 moins que et jusqu&rsquo;\u00e0 ce que vous nous fournissiez ces informations volontairement.<\/p>\n\n<p>Ce site peut \u00e9galement collecter des informations personnelles vous concernant sur un tiers (par exemple, lorsque vous envoyez un ch\u00e8que-cadeau \u00e9lectronique \u00e0 une personne, nous aurons besoin que vous fournissiez le nom et l&rsquo;adresse e-mail ou postale du destinataire). Veuillez noter que nous utilisons ces informations uniquement dans le but sp\u00e9cifi\u00e9 (par exemple, pour envoyer le ch\u00e8que-cadeau \u00e9lectronique) et nous ne recontacterons pas le tiers par e-mail \u00e0 moins que et jusqu&rsquo;\u00e0 ce que le tiers nous contacte.<\/p>\n\n<p>Si vous ne souhaitez pas que nous ayons acc\u00e8s \u00e0 vos informations personnelles, veuillez ne pas les fournir lorsque vous utilisez notre site. Lorsque vous nous fournissez des informations personnelles, vous nous autorisez \u00e0 utiliser ces informations conform\u00e9ment aux termes de la pr\u00e9sente politique de confidentialit\u00e9, y compris \u00e0 votre droit de limiter notre utilisation des informations personnelles (voir \u00ab Qui contacter \u00bb ci-dessous).<\/p>\n\n<h3 class=\"wp-block-heading\">Comment nous utilisons vos informations<\/h3>\n\n<p>Lorsque vous fournissez des informations personnelles sur ce site Web, Givex les utilisera aux fins expresses pour lesquelles elles ont \u00e9t\u00e9 collect\u00e9es (par exemple, pour vous inscrire \u00e0 un concours ou pour vous envoyer des informations).<\/p>\n\n<h3 class=\"wp-block-heading\">Autres informations que nous pouvons collecter<\/h3>\n\n<p>Givex peut collecter d&rsquo;autres informations vous concernant lors de votre visite sur notre site, mais ces informations ne seront pas li\u00e9es \u00e0 vos informations personnelles (c&rsquo;est-\u00e0-dire qu&rsquo;elles ne sont collect\u00e9es que dans l&rsquo;ensemble en relation avec tous les utilisateurs de notre site, et ne seront pas li\u00e9s \u00e0 vous personnellement.) Ces informations peuvent inclure:<\/p>\n\n<ul class=\"wp-block-list\">\n<li>des informations sur votre ordinateur, telles que votre adresse IP (un num\u00e9ro attribu\u00e9 \u00e0 votre ordinateur chaque fois que vous utilisez Internet), le type de navigateur Internet que vous utilisez, le type de syst\u00e8me d&rsquo;exploitation de l&rsquo;ordinateur que vous utilisez et le nom de domaine du Web site \u00e0 partir duquel vous avez acc\u00e9d\u00e9 \u00e0 notre site;<\/li>\n\n\n\n<li>des informations sur les zones que vous visitez sur notre site Web;<\/li>\n\n\n\n<li>des informations sur les produits ou services que vous achetez sur notre site Web.<\/li>\n<\/ul>\n\n<h3 class=\"wp-block-heading\">Cookies<\/h3>\n\n<p>Les cookies sont des fichiers ou des \u00e9l\u00e9ments d&rsquo;information qui peuvent \u00eatre stock\u00e9s sur le disque dur de votre ordinateur lorsque vous visitez un site Web. Givex peut utiliser des cookies pour montrer comment et quand un utilisateur visite des zones de notre site afin que nous puissions voir quelles zones sont populaires et lesquelles peuvent n\u00e9cessiter des am\u00e9liorations. Nous utilisons \u00e9galement des cookies pour acc\u00e9l\u00e9rer vos activit\u00e9s futures sur notre site, car l&rsquo;ordinateur se souviendra que vous nous avez d\u00e9j\u00e0 fourni des informations personnelles. Givex ne partage pas les informations personnelles obtenues par le biais de cookies avec des tiers.<\/p>\n\n<p>La plupart des navigateurs sont initialement configur\u00e9s pour accepter les cookies. Si vous pr\u00e9f\u00e9rez, vous pouvez configurer le v\u00f4tre pour refuser les cookies ou pour vous alerter lorsque des cookies sont envoy\u00e9s.<\/p>\n\n<h2 class=\"wp-block-heading\">Comment utilisons-nous vos informations personnelles<\/h2>\n\n<h3 class=\"wp-block-heading\">Nous ne partageons pas avec des tiers<\/h3>\n\n<p>Givex ne partage aucune information personnelle avec des tiers, sauf dans les cas pr\u00e9vus dans la pr\u00e9sente politique.<\/p>\n\n<p>Parfois, nous pouvons faire appel \u00e0 des tiers pour agir en tant qu&rsquo;agent pour analyser les donn\u00e9es que nous collectons sur nos sites Web, y compris les informations personnelles, uniquement pour nous aider \u00e0 am\u00e9liorer nos produits et nos sites Web (par exemple, si vous demandez un \u00e9chantillon, une soci\u00e9t\u00e9 d&rsquo;\u00e9tudes de march\u00e9 a embauch\u00e9 par nous, peut vous contacter concernant votre exp\u00e9rience avec le produit). De plus, si vous nous commandez un produit ou un service, nous pouvons partager des informations personnelles avec des fournisseurs et d&rsquo;autres tiers pour permettre la livraison de ce produit ou service. Ces fournisseurs et autres tiers ne sont pas autoris\u00e9s par nous \u00e0 utiliser vos informations personnelles d&rsquo;une autre mani\u00e8re.<\/p>\n\n<p>Enfin, veuillez noter que nous divulguerons des informations personnelles si, \u00e0 notre avis, nous sommes tenus ou autoris\u00e9s \u00e0 le faire par ou conform\u00e9ment \u00e0 la loi, ou par un mandat de perquisition, une citation \u00e0 compara\u00eetre, une ordonnance du tribunal ou une autre proc\u00e9dure judiciaire.<\/p>\n\n<h3 class=\"wp-block-heading\">Courriers et autres contacts<\/h3>\n\n<p>Givex n&rsquo;utilisera pas vos informations personnelles pour vous envoyer des courriers ou pour vous contacter autrement, sauf si vous nous avez express\u00e9ment autoris\u00e9s \u00e0 le faire. De plus, \u00e0 tout moment, vous pouvez nous faire savoir que vous souhaitez mettre fin \u00e0 ces envois ou contacts (voir \u00ab Qui contacter \u00bb ci-dessous).<\/p>\n\n<h3 class=\"wp-block-heading\">Enfants<\/h3>\n\n<p>Givex s&rsquo;engage \u00e0 prot\u00e9ger la confidentialit\u00e9 en ligne des enfants, y compris les jeunes adolescents, et \u00e0 rendre Internet s\u00fbr pour nos utilisateurs. \u00c0 cette fin, aucune information ne doit \u00eatre soumise ou publi\u00e9e sur ce site par des enfants de moins de 18 ans sans l&rsquo;autorisation de leurs parents ou de leur tuteur. De plus, si un utilisateur de moins de 18 ans souhaite nous envoyer des informations personnelles, il doit d&rsquo;abord nous fournir l&rsquo;adresse e-mail de son parent ou tuteur afin que nous puissions obtenir son autorisation. Aucune information personnelle ne sera sciemment accept\u00e9e d&rsquo;un enfant de moins de 18 ans avant l&rsquo;obtention de cette autorisation.<\/p>\n\n<p>Si votre enfant nous a d\u00e9j\u00e0 fourni des informations personnelles, vous pouvez demander \u00e0 voir ces informations dans le but de les corriger, ou nous demander de supprimer enti\u00e8rement ces informations de nos dossiers (voir \u00ab\u00a0Qui contacter\u00a0\u00bb ci-dessous.)\u00a0\u00bb<\/p>\n\n<h3 class=\"wp-block-heading\">Information de s\u00e9curit\u00e9<\/h3>\n\n<p>Nous utilisons une technologie de pointe pour garder vos informations personnelles aussi s\u00e9curis\u00e9es que possible. L&rsquo;acc\u00e8s \u00e0 vos informations personnelles est autoris\u00e9 parmi nos employ\u00e9s uniquement en cas de besoin, et tout sous-traitant ext\u00e9rieur ayant acc\u00e8s \u00e0 ces informations doit d&rsquo;abord signer un accord de confidentialit\u00e9 avec nous.<\/p>\n\n<h3 class=\"wp-block-heading\">Modifications de notre politique<\/h3>\n\n<p>Givex se r\u00e9serve le droit de modifier ou de supprimer cette politique de confidentialit\u00e9 \u00e0 sa discr\u00e9tion. Chaque fois que nous apportons une modification \u00e0 cette politique de confidentialit\u00e9, nous publierons les modifications ici. Nous vous encourageons \u00e0 visiter cette zone fr\u00e9quemment pour rester inform\u00e9.<\/p>\n\n<h3 class=\"wp-block-heading\">Qui contacter<\/h3>\n\n<p>Veuillez nous \u00e9crire \u00e0 l&rsquo;adresse <a href=\"mailto:privacy-officer@givex.com\" target=\"_blank\" rel=\"noreferrer noopener\">privacy-officer@givex.com<\/a> ou \u00e0 l&rsquo;attention de l&rsquo;agent de protection de la vie priv\u00e9e, Givex, 1400-134 Peter St : Agent de protection de la vie priv\u00e9e, Givex, 1400-134 Peter St., Toronto (Ontario) M5V 2H2, si vous avez des commentaires ou des questions sur la pr\u00e9sente politique de protection de la vie priv\u00e9e, ou pour faire l&rsquo;une des choses suivantes :<\/p>\n\n<ul class=\"wp-block-list\">\n<li>pour voir les informations personnelles que vous nous avez d\u00e9j\u00e0 envoy\u00e9es afin que vous puissiez les corriger ou les mettre \u00e0 jour ;<\/li>\n\n\n\n<li>pour demander que nous supprimions vos informations personnelles de nos dossiers;<\/li>\n\n\n\n<li>corriger ou mettre \u00e0 jour les informations personnelles que votre enfant de moins de 18 ans nous a envoy\u00e9es ;<\/li>\n\n\n\n<li>pour demander que nous supprimions de nos dossiers les Informations personnelles que votre enfant de moins de 13 ans nous a envoy\u00e9es;<\/li>\n\n\n\n<li>demander que nous ne vous envoyions pas de mailings ou que nous ne vous contactions pas;<\/li>\n\n\n\n<li>pour signaler toute violation de la politique de confidentialit\u00e9.<\/li>\n<\/ul>\n\n<p>Encore une fois, Givex s&rsquo;engage \u00e0 prot\u00e9ger votre vie priv\u00e9e en relation avec ce site Web. N&rsquo;h\u00e9sitez pas \u00e0 nous contacter si vous avez des questions, des commentaires ou des pr\u00e9occupations concernant cette politique de confidentialit\u00e9.<\/p>\n\n<div style=\"height:5px\" aria-hidden=\"true\" class=\"wp-block-spacer\"><\/div>\n","protected":false},"excerpt":{"rendered":"<p>Votre consentement \u00e0 la pr\u00e9sente politique de confidentialit\u00e9 En utilisant notre site Web, vous signifiez que vous acceptez les termes de notre politique de confidentialit\u00e9 actuelle telle que publi\u00e9e dans cette zone du site. Si vous n&rsquo;\u00eates pas d&rsquo;accord avec l&rsquo;un des termes de cette politique, veuillez ne pas utiliser le site. Collecte de renseignements [&hellip;]<\/p>\n","protected":false},"author":35,"featured_media":0,"parent":0,"menu_order":0,"comment_status":"closed","ping_status":"closed","template":"","meta":{"_acf_changed":false,"content-type":"","inline_featured_image":false,"footnotes":""},"class_list":["post-12728","page","type-page","status-publish","hentry"],"acf":[],"yoast_head":"<!-- This site is optimized with the Yoast SEO plugin v27.4 - https:\/\/yoast.com\/product\/yoast-seo-wordpress\/ -->\n<title>Shift4 | Politique de confidentialit\u00e9<\/title>\n<meta name=\"description\" content=\"En utilisant ce site Web, vous acceptez la collecte et l&#039;utilisation d&#039;informations conform\u00e9ment \u00e0 notre politique de confidentialit\u00e9.\" \/>\n<meta name=\"robots\" content=\"index, follow, max-snippet:-1, max-image-preview:large, max-video-preview:-1\" \/>\n<link rel=\"canonical\" href=\"https:\/\/web.givex.com\/fr\/politique-de-confidentialite\/\" \/>\n<meta property=\"og:locale\" content=\"fr_FR\" \/>\n<meta property=\"og:type\" content=\"article\" \/>\n<meta property=\"og:title\" content=\"Shift4 | Politique de confidentialit\u00e9\" \/>\n<meta property=\"og:description\" content=\"En utilisant ce site Web, vous acceptez la collecte et l&#039;utilisation d&#039;informations conform\u00e9ment \u00e0 notre politique de confidentialit\u00e9.\" \/>\n<meta property=\"og:url\" content=\"https:\/\/web.givex.com\/fr\/politique-de-confidentialite\/\" \/>\n<meta property=\"og:site_name\" content=\"Shift4\" \/>\n<meta name=\"twitter:card\" content=\"summary_large_image\" \/>\n<meta name=\"twitter:site\" content=\"@GivexCorp\" \/>\n<script type=\"application\/ld+json\" class=\"yoast-schema-graph\">{\"@context\":\"https:\\\/\\\/schema.org\",\"@graph\":[{\"@type\":\"WebPage\",\"@id\":\"https:\\\/\\\/web.givex.com\\\/fr\\\/politique-de-confidentialite\\\/\",\"url\":\"https:\\\/\\\/web.givex.com\\\/fr\\\/politique-de-confidentialite\\\/\",\"name\":\"Shift4 | Politique de confidentialit\u00e9\",\"isPartOf\":{\"@id\":\"https:\\\/\\\/web.givex.com\\\/fr\\\/#website\"},\"datePublished\":\"2023-12-21T17:25:54+00:00\",\"description\":\"En utilisant ce site Web, vous acceptez la collecte et l'utilisation d'informations conform\u00e9ment \u00e0 notre politique de confidentialit\u00e9.\",\"inLanguage\":\"fr-FR\",\"potentialAction\":[{\"@type\":\"ReadAction\",\"target\":[\"https:\\\/\\\/web.givex.com\\\/fr\\\/politique-de-confidentialite\\\/\"]}]},{\"@type\":\"WebSite\",\"@id\":\"https:\\\/\\\/web.givex.com\\\/fr\\\/#website\",\"url\":\"https:\\\/\\\/web.givex.com\\\/fr\\\/\",\"name\":\"Givex\",\"description\":\"Integrate Payments and Commerce Technology\",\"publisher\":{\"@id\":\"https:\\\/\\\/web.givex.com\\\/fr\\\/#organization\"},\"potentialAction\":[{\"@type\":\"SearchAction\",\"target\":{\"@type\":\"EntryPoint\",\"urlTemplate\":\"https:\\\/\\\/web.givex.com\\\/fr\\\/?s={search_term_string}\"},\"query-input\":{\"@type\":\"PropertyValueSpecification\",\"valueRequired\":true,\"valueName\":\"search_term_string\"}}],\"inLanguage\":\"fr-FR\"},{\"@type\":\"Organization\",\"@id\":\"https:\\\/\\\/web.givex.com\\\/fr\\\/#organization\",\"name\":\"Givex\",\"url\":\"https:\\\/\\\/web.givex.com\\\/fr\\\/\",\"logo\":{\"@type\":\"ImageObject\",\"inLanguage\":\"fr-FR\",\"@id\":\"https:\\\/\\\/web.givex.com\\\/fr\\\/#\\\/schema\\\/logo\\\/image\\\/\",\"url\":\"https:\\\/\\\/web.givex.com\\\/wp-content\\\/uploads\\\/2024\\\/03\\\/givex-blue-bg.png\",\"contentUrl\":\"https:\\\/\\\/web.givex.com\\\/wp-content\\\/uploads\\\/2024\\\/03\\\/givex-blue-bg.png\",\"width\":1200,\"height\":1200,\"caption\":\"Givex\"},\"image\":{\"@id\":\"https:\\\/\\\/web.givex.com\\\/fr\\\/#\\\/schema\\\/logo\\\/image\\\/\"},\"sameAs\":[\"https:\\\/\\\/x.com\\\/GivexCorp\",\"https:\\\/\\\/www.linkedin.com\\\/company\\\/givex\\\/\",\"https:\\\/\\\/www.youtube.com\\\/@givexcorp6643\"]}]}<\/script>\n<!-- \/ Yoast SEO plugin. -->","yoast_head_json":{"title":"Shift4 | Politique de confidentialit\u00e9","description":"En utilisant ce site Web, vous acceptez la collecte et l'utilisation d'informations conform\u00e9ment \u00e0 notre politique de confidentialit\u00e9.","robots":{"index":"index","follow":"follow","max-snippet":"max-snippet:-1","max-image-preview":"max-image-preview:large","max-video-preview":"max-video-preview:-1"},"canonical":"https:\/\/web.givex.com\/fr\/politique-de-confidentialite\/","og_locale":"fr_FR","og_type":"article","og_title":"Shift4 | Politique de confidentialit\u00e9","og_description":"En utilisant ce site Web, vous acceptez la collecte et l'utilisation d'informations conform\u00e9ment \u00e0 notre politique de confidentialit\u00e9.","og_url":"https:\/\/web.givex.com\/fr\/politique-de-confidentialite\/","og_site_name":"Shift4","twitter_card":"summary_large_image","twitter_site":"@GivexCorp","schema":{"@context":"https:\/\/schema.org","@graph":[{"@type":"WebPage","@id":"https:\/\/web.givex.com\/fr\/politique-de-confidentialite\/","url":"https:\/\/web.givex.com\/fr\/politique-de-confidentialite\/","name":"Shift4 | Politique de confidentialit\u00e9","isPartOf":{"@id":"https:\/\/web.givex.com\/fr\/#website"},"datePublished":"2023-12-21T17:25:54+00:00","description":"En utilisant ce site Web, vous acceptez la collecte et l'utilisation d'informations conform\u00e9ment \u00e0 notre politique de confidentialit\u00e9.","inLanguage":"fr-FR","potentialAction":[{"@type":"ReadAction","target":["https:\/\/web.givex.com\/fr\/politique-de-confidentialite\/"]}]},{"@type":"WebSite","@id":"https:\/\/web.givex.com\/fr\/#website","url":"https:\/\/web.givex.com\/fr\/","name":"Givex","description":"Integrate Payments and Commerce Technology","publisher":{"@id":"https:\/\/web.givex.com\/fr\/#organization"},"potentialAction":[{"@type":"SearchAction","target":{"@type":"EntryPoint","urlTemplate":"https:\/\/web.givex.com\/fr\/?s={search_term_string}"},"query-input":{"@type":"PropertyValueSpecification","valueRequired":true,"valueName":"search_term_string"}}],"inLanguage":"fr-FR"},{"@type":"Organization","@id":"https:\/\/web.givex.com\/fr\/#organization","name":"Givex","url":"https:\/\/web.givex.com\/fr\/","logo":{"@type":"ImageObject","inLanguage":"fr-FR","@id":"https:\/\/web.givex.com\/fr\/#\/schema\/logo\/image\/","url":"https:\/\/web.givex.com\/wp-content\/uploads\/2024\/03\/givex-blue-bg.png","contentUrl":"https:\/\/web.givex.com\/wp-content\/uploads\/2024\/03\/givex-blue-bg.png","width":1200,"height":1200,"caption":"Givex"},"image":{"@id":"https:\/\/web.givex.com\/fr\/#\/schema\/logo\/image\/"},"sameAs":["https:\/\/x.com\/GivexCorp","https:\/\/www.linkedin.com\/company\/givex\/","https:\/\/www.youtube.com\/@givexcorp6643"]}]}},"_links":{"self":[{"href":"https:\/\/web.givex.com\/fr\/wp-json\/wp\/v2\/pages\/12728","targetHints":{"allow":["GET"]}}],"collection":[{"href":"https:\/\/web.givex.com\/fr\/wp-json\/wp\/v2\/pages"}],"about":[{"href":"https:\/\/web.givex.com\/fr\/wp-json\/wp\/v2\/types\/page"}],"author":[{"embeddable":true,"href":"https:\/\/web.givex.com\/fr\/wp-json\/wp\/v2\/users\/35"}],"replies":[{"embeddable":true,"href":"https:\/\/web.givex.com\/fr\/wp-json\/wp\/v2\/comments?post=12728"}],"version-history":[{"count":2,"href":"https:\/\/web.givex.com\/fr\/wp-json\/wp\/v2\/pages\/12728\/revisions"}],"predecessor-version":[{"id":13452,"href":"https:\/\/web.givex.com\/fr\/wp-json\/wp\/v2\/pages\/12728\/revisions\/13452"}],"wp:attachment":[{"href":"https:\/\/web.givex.com\/fr\/wp-json\/wp\/v2\/media?parent=12728"}],"curies":[{"name":"wp","href":"https:\/\/api.w.org\/{rel}","templated":true}]}}