{"id":12722,"date":"2023-12-21T12:25:59","date_gmt":"2023-12-21T17:25:59","guid":{"rendered":"https:\/\/web.givex.com\/connexion-a-lassistance\/"},"modified":"2022-11-29T22:28:52","modified_gmt":"2022-11-29T22:28:52","slug":"connexion-a-lassistance","status":"publish","type":"page","link":"https:\/\/web.givex.com\/fr\/connexion-a-lassistance\/","title":{"rendered":"Connexion \u00e0 l&rsquo;assistance"},"content":{"rendered":"<div id=\"block_868cfc8813d9776b67de62992aef18f7\" class=\"hero acf-block alignfull\">\n\n\t\t<figure class=\"hero__figure hero__figure--center\" data-background-mode=\"transparent\" role=\"none\">\n\t\t\t<img loading=\"lazy\" decoding=\"async\" width=\"2048\" height=\"1410\" src=\"https:\/\/web.givex.com\/wp-content\/uploads\/2022\/09\/loyalty-programs-top-features-00002.jpg\" class=\"attachment-full size-full\" alt=\"\" srcset=\"https:\/\/web.givex.com\/wp-content\/uploads\/2022\/09\/loyalty-programs-top-features-00002.jpg 2048w, https:\/\/web.givex.com\/wp-content\/uploads\/2022\/09\/loyalty-programs-top-features-00002-300x207.jpg 300w, https:\/\/web.givex.com\/wp-content\/uploads\/2022\/09\/loyalty-programs-top-features-00002-1024x705.jpg 1024w, https:\/\/web.givex.com\/wp-content\/uploads\/2022\/09\/loyalty-programs-top-features-00002-768x529.jpg 768w, https:\/\/web.givex.com\/wp-content\/uploads\/2022\/09\/loyalty-programs-top-features-00002-1536x1058.jpg 1536w\" sizes=\"auto, (max-width: 2048px) 100vw, 2048px\" \/>\t\t<\/figure>\n\n\t<div class=\"hero__container\">\n\n\t\t<div class=\"hero__content\" data-background-mode=\"transparent\">\n\n\t\t\t\t\t<p class=\"hero__eyebrow\">Assistance 24\/7\/365<\/p>\n\t\t\n\t\t\t\t\t\t\t<h1 class=\"hero__title\">Portail d&rsquo;assistance \u00e0 distance en ligne<\/h1>\n\t\t\t\n\t\t\t\t\t\t\t<div class=\"hero__body\"><p>Ce qu&rsquo;un utilisateur obtiendra d&rsquo;une d\u00e9mo et une attente quant au moment o\u00f9 il recevra une r\u00e9ponse. S\u00e9par\u00e9s, ils vivent dans les signets \u00e0 droite S\u00e9par\u00e9s, ils vivent dans les signets sur la c\u00f4te.<\/p>\n<\/div>\n\t\t\t\n\t\t\t\n\t\t\t\t\t<\/div>\n\n\t\t\n\t<\/div>\n\n<\/div>\n\n\n\n<div class=\"wp-block-group\"><div class=\"wp-block-group__inner-container is-layout-flow wp-block-group-is-layout-flow\">\n<iframe src=\"https:\/\/givex.screenconnect.com\/\" style=\"width: 100%; height: 500px; border-width:0px;\"><\/iframe>\n<\/div><\/div>\n","protected":false},"excerpt":{"rendered":"","protected":false},"author":35,"featured_media":0,"parent":0,"menu_order":0,"comment_status":"closed","ping_status":"closed","template":"","meta":{"_acf_changed":false,"content-type":"","inline_featured_image":false,"footnotes":""},"class_list":["post-12722","page","type-page","status-publish","hentry"],"acf":[],"yoast_head":"<!-- This site is optimized with the Yoast SEO plugin v27.4 - https:\/\/yoast.com\/product\/yoast-seo-wordpress\/ -->\n<title>Shift4 | Connexion | Connexion au site administratif<\/title>\n<meta name=\"description\" content=\"Bienvenue sur le site Web administratif de Givex. Cliquez ici pour acc\u00e9der aux rapports Givex, traiter les transactions et g\u00e9rer les \u00e9l\u00e9ments de votre programme de cartes.\" \/>\n<meta name=\"robots\" content=\"index, follow, max-snippet:-1, max-image-preview:large, max-video-preview:-1\" \/>\n<link rel=\"canonical\" href=\"https:\/\/web.givex.com\/fr\/connexion-a-lassistance\/\" \/>\n<meta property=\"og:locale\" content=\"fr_FR\" \/>\n<meta property=\"og:type\" content=\"article\" \/>\n<meta property=\"og:title\" content=\"Shift4 | Connexion | Connexion au site administratif\" \/>\n<meta property=\"og:description\" content=\"Bienvenue sur le site Web administratif de Givex. Cliquez ici pour acc\u00e9der aux rapports Givex, traiter les transactions et g\u00e9rer les \u00e9l\u00e9ments de votre programme de cartes.\" \/>\n<meta property=\"og:url\" content=\"https:\/\/web.givex.com\/fr\/connexion-a-lassistance\/\" \/>\n<meta property=\"og:site_name\" content=\"Shift4\" \/>\n<meta name=\"twitter:card\" content=\"summary_large_image\" \/>\n<meta name=\"twitter:site\" content=\"@GivexCorp\" \/>\n<script type=\"application\/ld+json\" class=\"yoast-schema-graph\">{\"@context\":\"https:\\\/\\\/schema.org\",\"@graph\":[{\"@type\":\"WebPage\",\"@id\":\"https:\\\/\\\/web.givex.com\\\/fr\\\/connexion-a-lassistance\\\/\",\"url\":\"https:\\\/\\\/web.givex.com\\\/fr\\\/connexion-a-lassistance\\\/\",\"name\":\"Shift4 | Connexion | Connexion au site administratif\",\"isPartOf\":{\"@id\":\"https:\\\/\\\/web.givex.com\\\/fr\\\/#website\"},\"datePublished\":\"2023-12-21T17:25:59+00:00\",\"description\":\"Bienvenue sur le site Web administratif de Givex. Cliquez ici pour acc\u00e9der aux rapports Givex, traiter les transactions et g\u00e9rer les \u00e9l\u00e9ments de votre programme de cartes.\",\"inLanguage\":\"fr-FR\",\"potentialAction\":[{\"@type\":\"ReadAction\",\"target\":[\"https:\\\/\\\/web.givex.com\\\/fr\\\/connexion-a-lassistance\\\/\"]}]},{\"@type\":\"WebSite\",\"@id\":\"https:\\\/\\\/web.givex.com\\\/fr\\\/#website\",\"url\":\"https:\\\/\\\/web.givex.com\\\/fr\\\/\",\"name\":\"Givex\",\"description\":\"Integrate Payments and Commerce Technology\",\"publisher\":{\"@id\":\"https:\\\/\\\/web.givex.com\\\/fr\\\/#organization\"},\"potentialAction\":[{\"@type\":\"SearchAction\",\"target\":{\"@type\":\"EntryPoint\",\"urlTemplate\":\"https:\\\/\\\/web.givex.com\\\/fr\\\/?s={search_term_string}\"},\"query-input\":{\"@type\":\"PropertyValueSpecification\",\"valueRequired\":true,\"valueName\":\"search_term_string\"}}],\"inLanguage\":\"fr-FR\"},{\"@type\":\"Organization\",\"@id\":\"https:\\\/\\\/web.givex.com\\\/fr\\\/#organization\",\"name\":\"Givex\",\"url\":\"https:\\\/\\\/web.givex.com\\\/fr\\\/\",\"logo\":{\"@type\":\"ImageObject\",\"inLanguage\":\"fr-FR\",\"@id\":\"https:\\\/\\\/web.givex.com\\\/fr\\\/#\\\/schema\\\/logo\\\/image\\\/\",\"url\":\"https:\\\/\\\/web.givex.com\\\/wp-content\\\/uploads\\\/2024\\\/03\\\/givex-blue-bg.png\",\"contentUrl\":\"https:\\\/\\\/web.givex.com\\\/wp-content\\\/uploads\\\/2024\\\/03\\\/givex-blue-bg.png\",\"width\":1200,\"height\":1200,\"caption\":\"Givex\"},\"image\":{\"@id\":\"https:\\\/\\\/web.givex.com\\\/fr\\\/#\\\/schema\\\/logo\\\/image\\\/\"},\"sameAs\":[\"https:\\\/\\\/x.com\\\/GivexCorp\",\"https:\\\/\\\/www.linkedin.com\\\/company\\\/givex\\\/\",\"https:\\\/\\\/www.youtube.com\\\/@givexcorp6643\"]}]}<\/script>\n<!-- \/ Yoast SEO plugin. -->","yoast_head_json":{"title":"Shift4 | Connexion | Connexion au site administratif","description":"Bienvenue sur le site Web administratif de Givex. Cliquez ici pour acc\u00e9der aux rapports Givex, traiter les transactions et g\u00e9rer les \u00e9l\u00e9ments de votre programme de cartes.","robots":{"index":"index","follow":"follow","max-snippet":"max-snippet:-1","max-image-preview":"max-image-preview:large","max-video-preview":"max-video-preview:-1"},"canonical":"https:\/\/web.givex.com\/fr\/connexion-a-lassistance\/","og_locale":"fr_FR","og_type":"article","og_title":"Shift4 | Connexion | Connexion au site administratif","og_description":"Bienvenue sur le site Web administratif de Givex. Cliquez ici pour acc\u00e9der aux rapports Givex, traiter les transactions et g\u00e9rer les \u00e9l\u00e9ments de votre programme de cartes.","og_url":"https:\/\/web.givex.com\/fr\/connexion-a-lassistance\/","og_site_name":"Shift4","twitter_card":"summary_large_image","twitter_site":"@GivexCorp","schema":{"@context":"https:\/\/schema.org","@graph":[{"@type":"WebPage","@id":"https:\/\/web.givex.com\/fr\/connexion-a-lassistance\/","url":"https:\/\/web.givex.com\/fr\/connexion-a-lassistance\/","name":"Shift4 | Connexion | Connexion au site administratif","isPartOf":{"@id":"https:\/\/web.givex.com\/fr\/#website"},"datePublished":"2023-12-21T17:25:59+00:00","description":"Bienvenue sur le site Web administratif de Givex. Cliquez ici pour acc\u00e9der aux rapports Givex, traiter les transactions et g\u00e9rer les \u00e9l\u00e9ments de votre programme de cartes.","inLanguage":"fr-FR","potentialAction":[{"@type":"ReadAction","target":["https:\/\/web.givex.com\/fr\/connexion-a-lassistance\/"]}]},{"@type":"WebSite","@id":"https:\/\/web.givex.com\/fr\/#website","url":"https:\/\/web.givex.com\/fr\/","name":"Givex","description":"Integrate Payments and Commerce Technology","publisher":{"@id":"https:\/\/web.givex.com\/fr\/#organization"},"potentialAction":[{"@type":"SearchAction","target":{"@type":"EntryPoint","urlTemplate":"https:\/\/web.givex.com\/fr\/?s={search_term_string}"},"query-input":{"@type":"PropertyValueSpecification","valueRequired":true,"valueName":"search_term_string"}}],"inLanguage":"fr-FR"},{"@type":"Organization","@id":"https:\/\/web.givex.com\/fr\/#organization","name":"Givex","url":"https:\/\/web.givex.com\/fr\/","logo":{"@type":"ImageObject","inLanguage":"fr-FR","@id":"https:\/\/web.givex.com\/fr\/#\/schema\/logo\/image\/","url":"https:\/\/web.givex.com\/wp-content\/uploads\/2024\/03\/givex-blue-bg.png","contentUrl":"https:\/\/web.givex.com\/wp-content\/uploads\/2024\/03\/givex-blue-bg.png","width":1200,"height":1200,"caption":"Givex"},"image":{"@id":"https:\/\/web.givex.com\/fr\/#\/schema\/logo\/image\/"},"sameAs":["https:\/\/x.com\/GivexCorp","https:\/\/www.linkedin.com\/company\/givex\/","https:\/\/www.youtube.com\/@givexcorp6643"]}]}},"_links":{"self":[{"href":"https:\/\/web.givex.com\/fr\/wp-json\/wp\/v2\/pages\/12722","targetHints":{"allow":["GET"]}}],"collection":[{"href":"https:\/\/web.givex.com\/fr\/wp-json\/wp\/v2\/pages"}],"about":[{"href":"https:\/\/web.givex.com\/fr\/wp-json\/wp\/v2\/types\/page"}],"author":[{"embeddable":true,"href":"https:\/\/web.givex.com\/fr\/wp-json\/wp\/v2\/users\/35"}],"replies":[{"embeddable":true,"href":"https:\/\/web.givex.com\/fr\/wp-json\/wp\/v2\/comments?post=12722"}],"version-history":[{"count":5,"href":"https:\/\/web.givex.com\/fr\/wp-json\/wp\/v2\/pages\/12722\/revisions"}],"predecessor-version":[{"id":13949,"href":"https:\/\/web.givex.com\/fr\/wp-json\/wp\/v2\/pages\/12722\/revisions\/13949"}],"wp:attachment":[{"href":"https:\/\/web.givex.com\/fr\/wp-json\/wp\/v2\/media?parent=12722"}],"curies":[{"name":"wp","href":"https:\/\/api.w.org\/{rel}","templated":true}]}}