{"id":12679,"date":"2023-12-21T12:25:53","date_gmt":"2023-12-21T17:25:53","guid":{"rendered":"https:\/\/web.givex.com\/strategies\/"},"modified":"2024-11-08T13:33:04","modified_gmt":"2024-11-08T18:33:04","slug":"strategies","status":"publish","type":"page","link":"https:\/\/web.givex.com\/fr\/strategies\/","title":{"rendered":"Strat\u00e9gies"},"content":{"rendered":"<div id=\"block_1d035e4be199c9badcdeb0aa31b9ee52\" class=\"hero acf-block alignfull\">\n\n\t\t<figure class=\"hero__figure hero__figure--center\" data-background-mode=\"transparent\" role=\"none\">\n\t\t\t<img loading=\"lazy\" decoding=\"async\" width=\"1900\" height=\"770\" src=\"https:\/\/web.givex.com\/wp-content\/uploads\/2020\/08\/Corporate-business-team-and-manager-in-a-meeting-close-up-639467826_5184x3456.png\" class=\"attachment-full size-full\" alt=\"\" srcset=\"https:\/\/web.givex.com\/wp-content\/uploads\/2020\/08\/Corporate-business-team-and-manager-in-a-meeting-close-up-639467826_5184x3456.png 1900w, https:\/\/web.givex.com\/wp-content\/uploads\/2020\/08\/Corporate-business-team-and-manager-in-a-meeting-close-up-639467826_5184x3456-300x122.png 300w, https:\/\/web.givex.com\/wp-content\/uploads\/2020\/08\/Corporate-business-team-and-manager-in-a-meeting-close-up-639467826_5184x3456-1024x415.png 1024w, https:\/\/web.givex.com\/wp-content\/uploads\/2020\/08\/Corporate-business-team-and-manager-in-a-meeting-close-up-639467826_5184x3456-768x311.png 768w, https:\/\/web.givex.com\/wp-content\/uploads\/2020\/08\/Corporate-business-team-and-manager-in-a-meeting-close-up-639467826_5184x3456-1536x622.png 1536w\" sizes=\"auto, (max-width: 1900px) 100vw, 1900px\" \/>\t\t<\/figure>\n\n\t<div class=\"hero__container\">\n\n\t\t<div class=\"hero__content\" data-background-mode=\"transparent\">\n\n\t\t\n\t\t\t\t\t\t\t<h1 class=\"hero__title\">Strat\u00e9gies<\/h1>\n\t\t\t\n\t\t\t\n\t\t\t\n\t\t\t\t\t<\/div>\n\n\t\t\n\t<\/div>\n\n<\/div>\n\n\n\n<section id=\"block_e02efeafbfec8dd97ac9c1ce5f2ae349\" class=\"background background--ebony acf-block alignfull\">\n\t<div class=\"background__container\">\n\t\t<div class=\"wp-content\">\n\t\t\t\n\n<h2 class=\"wp-block-heading\" id=\"h-juridique\">Juridique<\/h2>\n\n\n\t\t<\/div>\n\t<\/div>\n<\/section>\n\n\n\n<figure class=\"wp-block-table\"><table><thead><tr><th class=\"has-text-align-left\" data-align=\"left\">PDF\u2019s<\/th><\/tr><\/thead><tbody><tr><td class=\"has-text-align-left\" data-align=\"left\"><a href=\"https:\/\/web.givex.com\/wp-content\/uploads\/2022\/08\/Givex-End-User-License-Agreement-Canada.pdf\" target=\"_blank\" rel=\"noreferrer noopener\">End User License Agreement<\/a><\/td><\/tr><tr><td class=\"has-text-align-left\" data-align=\"left\"><a href=\"https:\/\/web.givex.com\/wp-content\/uploads\/2022\/08\/Givex-Multi-Year-Accessibility-Plan.pdf\" target=\"_blank\" rel=\"noreferrer noopener\">Multi-Year Accessibility Plan<\/a><\/td><\/tr><\/tbody><\/table><\/figure>\n\n\n\n<h2 class=\"wp-block-heading\" id=\"h-accessibilite\">Accessibilit\u00e9<\/h2>\n\n\n\n<p><strong>Notre engagement chez Givex<\/strong><\/p>\n\n\n\n<p>Givex se consacre \u00e0 notre \u00ab Exp\u00e9rience. Excellence.\u00a0\u00bb promettre. En remplissant sa promesse, Givex s&rsquo;efforce de fournir ses produits et services d&rsquo;une mani\u00e8re qui respecte la dignit\u00e9 et l&rsquo;ind\u00e9pendance des personnes handicap\u00e9es, tout en rendant notre environnement accessible et inclusif. L&rsquo;objectif est de s&rsquo;assurer que les politiques, proc\u00e9dures et pratiques de Givex sont conformes aux Normes d&rsquo;accessibilit\u00e9 pour le service \u00e0 la client\u00e8le, R\u00e8glement 429\/07 (\u00ab ASCS \u00bb) pris en vertu de la Loi de 2005 sur l&rsquo;accessibilit\u00e9 pour les personnes handicap\u00e9es de l&rsquo;Ontario. Des copies des documents de Givex \u00e9labor\u00e9s conform\u00e9ment \u00e0 l&rsquo;ASCS sont disponibles sur demande.<\/p>\n\n\n\n<p><strong>Faites-nous part de vos commentaires<\/strong><\/p>\n\n\n\n<p>Vos commentaires sont les bienvenus. Si vous souhaitez demander des copies de nos documents sur l&rsquo;accessibilit\u00e9 ou nous faire part de vos commentaires concernant la mani\u00e8re dont Givex fournit des produits et services aux personnes handicap\u00e9es, veuillez nous contacter:<\/p>\n\n\n\n<p><strong>\u00c0 l&rsquo;attention de: Ressources humaines<\/strong><br>Bureau 1400<br>134, rue Pierre<br>Toronto, ON<br>M5V 2H2<\/p>\n\n\n\n<p>T\u00e9l\u00e9phoner: <a href=\"tel:18774787733\" target=\"_blank\" rel=\"noreferrer noopener\">1-877-478-7733<\/a><br>E-mail: <a href=\"mailto:accessibility@givex.com\" target=\"_blank\" rel=\"noreferrer noopener\">accessibility@givex.com<\/a><\/p>\n","protected":false},"excerpt":{"rendered":"<p>PDF\u2019s End User License Agreement Multi-Year Accessibility Plan Accessibilit\u00e9 Notre engagement chez Givex Givex se consacre \u00e0 notre \u00ab Exp\u00e9rience. Excellence.\u00a0\u00bb promettre. En remplissant sa promesse, Givex s&rsquo;efforce de fournir ses produits et services d&rsquo;une mani\u00e8re qui respecte la dignit\u00e9 et l&rsquo;ind\u00e9pendance des personnes handicap\u00e9es, tout en rendant notre environnement accessible et inclusif. L&rsquo;objectif est [&hellip;]<\/p>\n","protected":false},"author":35,"featured_media":0,"parent":0,"menu_order":0,"comment_status":"closed","ping_status":"closed","template":"","meta":{"_acf_changed":false,"content-type":"","inline_featured_image":false,"footnotes":""},"class_list":["post-12679","page","type-page","status-publish","hentry"],"acf":[],"yoast_head":"<!-- This site is optimized with the Yoast SEO plugin v27.3 - https:\/\/yoast.com\/product\/yoast-seo-wordpress\/ -->\n<title>Shift4 | Strat\u00e9gies<\/title>\n<meta name=\"description\" content=\"Les politiques, proc\u00e9dures et pratiques de Givex sont conformes aux Normes d&#039;accessibilit\u00e9 pour le service \u00e0 la client\u00e8le, R\u00e8glement 429\/07 (\u00ab ASCS \u00bb) pris en vertu de la LAPHO 2005\" \/>\n<meta name=\"robots\" content=\"index, follow, max-snippet:-1, max-image-preview:large, max-video-preview:-1\" \/>\n<link rel=\"canonical\" href=\"https:\/\/web.givex.com\/fr\/strategies\/\" \/>\n<meta property=\"og:locale\" content=\"fr_FR\" \/>\n<meta property=\"og:type\" content=\"article\" \/>\n<meta property=\"og:title\" content=\"Shift4 | Strat\u00e9gies\" \/>\n<meta property=\"og:description\" content=\"Les politiques, proc\u00e9dures et pratiques de Givex sont conformes aux Normes d&#039;accessibilit\u00e9 pour le service \u00e0 la client\u00e8le, R\u00e8glement 429\/07 (\u00ab ASCS \u00bb) pris en vertu de la LAPHO 2005\" \/>\n<meta property=\"og:url\" content=\"https:\/\/web.givex.com\/fr\/strategies\/\" \/>\n<meta property=\"og:site_name\" content=\"Shift4\" \/>\n<meta property=\"article:modified_time\" content=\"2024-11-08T18:33:04+00:00\" \/>\n<meta name=\"twitter:card\" content=\"summary_large_image\" \/>\n<meta name=\"twitter:site\" content=\"@GivexCorp\" \/>\n<script type=\"application\/ld+json\" class=\"yoast-schema-graph\">{\"@context\":\"https:\\\/\\\/schema.org\",\"@graph\":[{\"@type\":\"WebPage\",\"@id\":\"https:\\\/\\\/web.givex.com\\\/fr\\\/strategies\\\/\",\"url\":\"https:\\\/\\\/web.givex.com\\\/fr\\\/strategies\\\/\",\"name\":\"Shift4 | Strat\u00e9gies\",\"isPartOf\":{\"@id\":\"https:\\\/\\\/web.givex.com\\\/fr\\\/#website\"},\"datePublished\":\"2023-12-21T17:25:53+00:00\",\"dateModified\":\"2024-11-08T18:33:04+00:00\",\"description\":\"Les politiques, proc\u00e9dures et pratiques de Givex sont conformes aux Normes d'accessibilit\u00e9 pour le service \u00e0 la client\u00e8le, R\u00e8glement 429\\\/07 (\u00ab ASCS \u00bb) pris en vertu de la LAPHO 2005\",\"inLanguage\":\"fr-FR\",\"potentialAction\":[{\"@type\":\"ReadAction\",\"target\":[\"https:\\\/\\\/web.givex.com\\\/fr\\\/strategies\\\/\"]}]},{\"@type\":\"WebSite\",\"@id\":\"https:\\\/\\\/web.givex.com\\\/fr\\\/#website\",\"url\":\"https:\\\/\\\/web.givex.com\\\/fr\\\/\",\"name\":\"Givex\",\"description\":\"Integrate Payments and Commerce Technology\",\"publisher\":{\"@id\":\"https:\\\/\\\/web.givex.com\\\/fr\\\/#organization\"},\"potentialAction\":[{\"@type\":\"SearchAction\",\"target\":{\"@type\":\"EntryPoint\",\"urlTemplate\":\"https:\\\/\\\/web.givex.com\\\/fr\\\/?s={search_term_string}\"},\"query-input\":{\"@type\":\"PropertyValueSpecification\",\"valueRequired\":true,\"valueName\":\"search_term_string\"}}],\"inLanguage\":\"fr-FR\"},{\"@type\":\"Organization\",\"@id\":\"https:\\\/\\\/web.givex.com\\\/fr\\\/#organization\",\"name\":\"Givex\",\"url\":\"https:\\\/\\\/web.givex.com\\\/fr\\\/\",\"logo\":{\"@type\":\"ImageObject\",\"inLanguage\":\"fr-FR\",\"@id\":\"https:\\\/\\\/web.givex.com\\\/fr\\\/#\\\/schema\\\/logo\\\/image\\\/\",\"url\":\"https:\\\/\\\/web.givex.com\\\/wp-content\\\/uploads\\\/2024\\\/03\\\/givex-blue-bg.png\",\"contentUrl\":\"https:\\\/\\\/web.givex.com\\\/wp-content\\\/uploads\\\/2024\\\/03\\\/givex-blue-bg.png\",\"width\":1200,\"height\":1200,\"caption\":\"Givex\"},\"image\":{\"@id\":\"https:\\\/\\\/web.givex.com\\\/fr\\\/#\\\/schema\\\/logo\\\/image\\\/\"},\"sameAs\":[\"https:\\\/\\\/x.com\\\/GivexCorp\",\"https:\\\/\\\/www.linkedin.com\\\/company\\\/givex\\\/\",\"https:\\\/\\\/www.youtube.com\\\/@givexcorp6643\"]}]}<\/script>\n<!-- \/ Yoast SEO plugin. -->","yoast_head_json":{"title":"Shift4 | Strat\u00e9gies","description":"Les politiques, proc\u00e9dures et pratiques de Givex sont conformes aux Normes d'accessibilit\u00e9 pour le service \u00e0 la client\u00e8le, R\u00e8glement 429\/07 (\u00ab ASCS \u00bb) pris en vertu de la LAPHO 2005","robots":{"index":"index","follow":"follow","max-snippet":"max-snippet:-1","max-image-preview":"max-image-preview:large","max-video-preview":"max-video-preview:-1"},"canonical":"https:\/\/web.givex.com\/fr\/strategies\/","og_locale":"fr_FR","og_type":"article","og_title":"Shift4 | Strat\u00e9gies","og_description":"Les politiques, proc\u00e9dures et pratiques de Givex sont conformes aux Normes d'accessibilit\u00e9 pour le service \u00e0 la client\u00e8le, R\u00e8glement 429\/07 (\u00ab ASCS \u00bb) pris en vertu de la LAPHO 2005","og_url":"https:\/\/web.givex.com\/fr\/strategies\/","og_site_name":"Shift4","article_modified_time":"2024-11-08T18:33:04+00:00","twitter_card":"summary_large_image","twitter_site":"@GivexCorp","schema":{"@context":"https:\/\/schema.org","@graph":[{"@type":"WebPage","@id":"https:\/\/web.givex.com\/fr\/strategies\/","url":"https:\/\/web.givex.com\/fr\/strategies\/","name":"Shift4 | Strat\u00e9gies","isPartOf":{"@id":"https:\/\/web.givex.com\/fr\/#website"},"datePublished":"2023-12-21T17:25:53+00:00","dateModified":"2024-11-08T18:33:04+00:00","description":"Les politiques, proc\u00e9dures et pratiques de Givex sont conformes aux Normes d'accessibilit\u00e9 pour le service \u00e0 la client\u00e8le, R\u00e8glement 429\/07 (\u00ab ASCS \u00bb) pris en vertu de la LAPHO 2005","inLanguage":"fr-FR","potentialAction":[{"@type":"ReadAction","target":["https:\/\/web.givex.com\/fr\/strategies\/"]}]},{"@type":"WebSite","@id":"https:\/\/web.givex.com\/fr\/#website","url":"https:\/\/web.givex.com\/fr\/","name":"Givex","description":"Integrate Payments and Commerce Technology","publisher":{"@id":"https:\/\/web.givex.com\/fr\/#organization"},"potentialAction":[{"@type":"SearchAction","target":{"@type":"EntryPoint","urlTemplate":"https:\/\/web.givex.com\/fr\/?s={search_term_string}"},"query-input":{"@type":"PropertyValueSpecification","valueRequired":true,"valueName":"search_term_string"}}],"inLanguage":"fr-FR"},{"@type":"Organization","@id":"https:\/\/web.givex.com\/fr\/#organization","name":"Givex","url":"https:\/\/web.givex.com\/fr\/","logo":{"@type":"ImageObject","inLanguage":"fr-FR","@id":"https:\/\/web.givex.com\/fr\/#\/schema\/logo\/image\/","url":"https:\/\/web.givex.com\/wp-content\/uploads\/2024\/03\/givex-blue-bg.png","contentUrl":"https:\/\/web.givex.com\/wp-content\/uploads\/2024\/03\/givex-blue-bg.png","width":1200,"height":1200,"caption":"Givex"},"image":{"@id":"https:\/\/web.givex.com\/fr\/#\/schema\/logo\/image\/"},"sameAs":["https:\/\/x.com\/GivexCorp","https:\/\/www.linkedin.com\/company\/givex\/","https:\/\/www.youtube.com\/@givexcorp6643"]}]}},"_links":{"self":[{"href":"https:\/\/web.givex.com\/fr\/wp-json\/wp\/v2\/pages\/12679","targetHints":{"allow":["GET"]}}],"collection":[{"href":"https:\/\/web.givex.com\/fr\/wp-json\/wp\/v2\/pages"}],"about":[{"href":"https:\/\/web.givex.com\/fr\/wp-json\/wp\/v2\/types\/page"}],"author":[{"embeddable":true,"href":"https:\/\/web.givex.com\/fr\/wp-json\/wp\/v2\/users\/35"}],"replies":[{"embeddable":true,"href":"https:\/\/web.givex.com\/fr\/wp-json\/wp\/v2\/comments?post=12679"}],"version-history":[{"count":10,"href":"https:\/\/web.givex.com\/fr\/wp-json\/wp\/v2\/pages\/12679\/revisions"}],"predecessor-version":[{"id":31581,"href":"https:\/\/web.givex.com\/fr\/wp-json\/wp\/v2\/pages\/12679\/revisions\/31581"}],"wp:attachment":[{"href":"https:\/\/web.givex.com\/fr\/wp-json\/wp\/v2\/media?parent=12679"}],"curies":[{"name":"wp","href":"https:\/\/api.w.org\/{rel}","templated":true}]}}