{"id":12545,"date":"2023-12-21T12:25:58","date_gmt":"2023-12-21T17:25:58","guid":{"rendered":"https:\/\/web.givex.com\/soutien\/"},"modified":"2023-04-20T21:16:52","modified_gmt":"2023-04-20T21:16:52","slug":"soutien","status":"publish","type":"page","link":"https:\/\/web.givex.com\/fr\/soutien\/","title":{"rendered":"Soutien"},"content":{"rendered":"<div id=\"block_dbdfb080b6d4b3775b45002cad3f1be8\" class=\"hero-featured acf-block alignfull\">\n\n\t\t\t<svg class=\"hero-featured__mask\" width=\"1920\" height=\"960\" viewBox=\"0 0 1920 960\" fill=\"none\" xmlns=\"http:\/\/www.w3.org\/2000\/svg\">\n\t\t<clipPath id=\"shape\">\n\t\t\t<path\n\t\t\t\td=\"M1952 1014.04L1675.01 1043.95C1657.53 1052.05 1629.3 1054.6 1600.11 1054.07H1600.21C1492.9 1052.47 1436.94 998.016 1277.13 696.044C1266.7 676.336 1255.83 655.573 1244.47 633.703L1178.07 511.42L1645.86 -31.0057H1902.61L2255.5 539.514V659C2255.5 924.297 1891 1014.04 1952 1014.04ZM1952 1014.04C1988.54 1044.28 1810 1053.43 1853.05 1054.07H1852.95C1878.1 1054.53 1910.54 1050.69 1928 1044.99L1964 896.494L1952 1014.04Z\"\n\t\t\t\tstroke-linejoin=\"round\" \/>\n\t\t<\/clipPath>\n\t\t<image clip-path=\"url(#shape)\" xlink:href=\"https:\/\/web.givex.com\/wp-content\/uploads\/2022\/11\/support-mask.jpg\">\n\t\t\t<desc><\/desc>\n\t\t<\/image>\n\t\t<path\n\t\td=\"M1433.43 515.215L1389.32 433.998C1387.53 430.699 1385.74 427.418 1383.97 424.153C1366.28 391.607 1349.54 360.787 1333.31 331.815L1178.07 512.417L1245.47 634.7C1256.83 656.571 1267.7 677.333 1278.13 697.041L1433.43 515.215Z\"\n\t\tstroke=\"#C2D500\" stroke-width=\"3\" stroke-linejoin=\"round\" \/>\n\t\t<path\n\t\t\td=\"M1738.66 1014.04L1675.01 1043.95C1657.53 1052.05 1629.3 1054.6 1600.11 1054.07H1600.21C1492.9 1052.47 1436.94 998.016 1277.13 696.044C1266.7 676.336 1255.83 655.573 1244.47 633.703L1178.07 511.42L1645.86 -31.0057H1902.61L1432.43 514.217L1497.31 633.703C1612.87 856.224 1678.17 964.005 1738.66 1014.04ZM1738.66 1014.04C1775.2 1044.28 1810 1053.43 1853.05 1054.07H1852.95C1878.1 1054.53 1910.54 1050.69 1928 1044.99L1964 896.494L1738.66 1014.04Z\"\n\t\t\tstroke=\"#C2D500\" stroke-width=\"3\" stroke-linejoin=\"round\" \/>\n\t\t<path\n\t\t\td=\"M855.533 63.2412L-20 474.293V355.49L623.709 53.3661C658.035 37.2374 702.54 33.2705 720.502 33.3032C772.69 33.4417 816.66 43.7268 855.533 63.2412ZM855.533 63.2412C964.185 117.786 1033.01 244.436 1130.13 423.157C1131.9 426.421 1133.69 429.703 1135.48 433.002L1178.07 511.421M855.533 63.2412L876.549 53.3661C910.875 37.2374 955.38 33.2705 973.342 33.3032C1144.84 33.7583 1228.59 144.782 1333.31 331.818L1178.07 511.421M1178.07 511.421L668.751 1105.49H925.5L1277.13 696.045C1266.7 676.337 1255.83 655.575 1244.47 633.704L1178.07 511.421Z\"\n\t\t\tstroke=\"url(#paint0_linear_489_150804)\" stroke-width=\"3\" stroke-linejoin=\"round\" \/>\n\t\t<defs>\n\t\t\t<linearGradient id=\"paint0_linear_489_150804\" x1=\"-20.2869\" y1=\"498.79\" x2=\"183.27\" y2=\"456.454\"\n\t\t\t\tgradientUnits=\"userSpaceOnUse\">\n\t\t\t\t<stop offset=\"1\" stop-color=\"#C2D500\" stop-opacity=\"0\" \/>\n\t\t\t\t<stop offset=\"1\" stop-color=\"#C2D500\" \/>\n\t\t\t<\/linearGradient>\n\t\t<\/defs>\n\t<\/svg>\n\t\n\t<svg class=\"hero-featured__x hero-featured__x--mobile\" viewBox=\"0 0 375 545\" fill=\"none\"\n\txmlns=\"http:\/\/www.w3.org\/2000\/svg\" role=\"img\">\n\t<path\n\t\td=\"M-38.3954 161.722L149.366 73.4978C156.594 70.1018 165.964 69.2666 169.746 69.2735C212.01 69.3856 228.677 101.102 257.122 153.432L268.596 174.561L280.07 195.69C319.103 270.854 330.903 283.841 354.973 284.2H354.95C361.097 284.312 367.042 283.774 370.721 282.069L559.224 193.496\"\n\t\tstroke=\"url(#paint0_linear_208_482063)\" stroke-width=\"1.5\" \/>\n\t<path\n\t\td=\"M-91.6298 161.722L96.1319 73.4978C103.359 70.1018 112.73 69.2666 116.512 69.2735C158.775 69.3856 175.443 101.102 203.887 153.432L215.362 174.561L226.836 195.69C265.869 270.854 277.668 283.841 301.739 284.2H301.716C307.863 284.312 313.807 283.774 317.486 282.069L505.99 193.496\"\n\t\tstroke=\"url(#paint1_linear_208_482063)\" stroke-width=\"1.5\" \/>\n\t<path d=\"M-91.9954 543.99L481.093 -127.01\" stroke=\"#136EF6\" stroke-width=\"1.5\" \/>\n\t<path d=\"M-34.1985 543.99L538.89 -127.01\" stroke=\"#136EF6\" stroke-width=\"1.5\" \/>\n\t<defs>\n\t\t<linearGradient id=\"paint0_linear_208_482063\" x1=\"-38.5222\" y1=\"162.589\" x2=\"38.9872\" y2=\"127.078\"\n\t\t\tgradientUnits=\"userSpaceOnUse\">\n\t\t\t<stop offset=\"1\" stop-color=\"#136EF6\" stop-opacity=\"0\" \/>\n\t\t\t<stop offset=\"1\" stop-color=\"#136EF6\" \/>\n\t\t<\/linearGradient>\n\t\t<linearGradient id=\"paint1_linear_208_482063\" x1=\"-91.7565\" y1=\"162.589\" x2=\"-14.2472\" y2=\"127.078\"\n\t\t\tgradientUnits=\"userSpaceOnUse\">\n\t\t\t<stop offset=\"1\" stop-color=\"#136EF6\" stop-opacity=\"0\" \/>\n\t\t\t<stop offset=\"1\" stop-color=\"#136EF6\" \/>\n\t\t<\/linearGradient>\n\t<\/defs>\n<\/svg>\n\n\t<div class=\"hero-featured__container\">\n\n\t\t<div class=\"hero-featured__content\">\n\t\t\t\t\t\t\t<h1 class=\"hero-featured__title\">Assistance 24\/7\/365<\/h1>\n\t\t\t\n\t\t\t\t\t\t\t<div class=\"hero-featured__body\"><p>Connectez-vous avec nous en ligne ou parlez avec un agent en direct. Nous sommes l\u00e0 pour vous aider 24 heures sur 24, 7 jours sur 7 et 365 jours par an, parce que votre r\u00e9ussite est notre objectif.<\/p>\n<\/div>\n\t\t\t\n\t\t\t\t\t\t<div class=\"hero-featured__buttons\">\n\t\t\t\t\t\t\t\t\t\t\t\t\t<a class=\"button\" href=\"https:\/\/givex.odoo.com\/webform-french-support\" target=\"_self\" >Ouvrir un ticket d&#039;assistance<\/a>\n\t\t\t\t\t\t\t<\/div>\n\t\t\t\t\t<\/div>\n\n\t<\/div>\n\n<\/div>\n\n\n\n<section id=\"block_ae4798338ae94cbdd1c9e83d830c477f\" class=\"background background--ebony acf-block alignfull\">\n\t<div class=\"background__container\">\n\t\t<div class=\"wp-content\">\n\t\t\t\n\n<h2 class=\"wp-block-heading\">Appelez notre service d&rsquo;assistance o\u00f9 que vous soyez<\/h2>\n\n\n\n<p>Notre service d&rsquo;assistance aux clients est disponible 24 heures sur 24, 7 jours sur 7 et 365 jours par an.<\/p>\n\n\n\n<figure class=\"wp-block-embed is-type-wp-embed is-provider-wistia-inc wp-block-embed-wistia-inc\"><div class=\"wp-block-embed__wrapper\">\n<iframe loading=\"lazy\" class=\"wp-embedded-content\" sandbox=\"allow-scripts\" security=\"restricted\" title=\"Givex - Customer Support Video\" src=\"https:\/\/fast.wistia.net\/embed\/iframe\/s06s86axx0?dnt=1#?secret=mIdhxE32qx\" data-secret=\"mIdhxE32qx\" frameborder=\"0\" scrolling=\"no\" width=\"500\" height=\"281\"><\/iframe>\n<\/div><\/figure>\n\n\n\t\t<\/div>\n\t<\/div>\n<\/section>\n\n\n<div id=\"block_4fc34800a2968d2c03cdfdf63a3a9b62\" class=\"cta acf-block alignwide\">\n\n<div class=\"cta__wrapper\">\n\n\t<div class=\"cta__container\">\n\n\t\t<div class=\"cta__content\">\n\n\t\t\t\t\t\t<h2 class=\"cta__title\">Nous sommes l\u00e0 pour vous aider<\/h2>\n\t\t\t\n\t\t\t\t\t\t<div class=\"cta__body\"><p class=\"p1\">Ouvrez un nouveau <strong>ticket d&rsquo;assistance<\/strong> pour votre probl\u00e8me.<\/p>\n<\/div>\n\t\t\t\n\n\t\t\t\t\t\t<a class=\"button cta__link\" href=\"https:\/\/givex.odoo.com\/webform-french-support\" target=\"_blank\"  aria-label=\" (opens in a new tab)\" >Ouvrir un ticket d&#039;assistance<\/a>\n\t\t\t\n\t\t<\/div>\n\n\t<\/div>\n\n\t<\/div>\n<\/div>\n\n\n\n<figure class=\"wp-block-table\"><table><thead><tr><th class=\"has-text-align-left\" data-align=\"left\">Pays\/R\u00e9gion<\/th><th class=\"has-text-align-left\" data-align=\"left\">Num\u00e9ro de t\u00e9l\u00e9phone<\/th><\/tr><\/thead><tbody><tr><td class=\"has-text-align-left\" data-align=\"left\">Australia<\/td><td class=\"has-text-align-left\" data-align=\"left\"><a href=\"tel:1300116425\" target=\"_blank\" rel=\"noreferrer noopener\">1300 116 425<\/a><\/td><\/tr><tr><td class=\"has-text-align-left\" data-align=\"left\">Brazil<\/td><td class=\"has-text-align-left\" data-align=\"left\"><a href=\"tel:08008920281\" target=\"_blank\" rel=\"noreferrer noopener\">0800 892 0281<\/a><\/td><\/tr><tr><td class=\"has-text-align-left\" data-align=\"left\">China<\/td><td class=\"has-text-align-left\" data-align=\"left\"><a href=\"tel:+864006785003\" target=\"_blank\" rel=\"noreferrer noopener\">+86 400 678 5003<\/a><\/td><\/tr><tr><td class=\"has-text-align-left\" data-align=\"left\">Europe<\/td><td class=\"has-text-align-left\" data-align=\"left\"><a href=\"tel:+4402045402116\" target=\"_blank\" rel=\"noreferrer noopener\">+44 (0)20 4540 2116<\/a><\/td><\/tr><tr><td class=\"has-text-align-left\" data-align=\"left\">Hong Kong<\/td><td class=\"has-text-align-left\" data-align=\"left\"><a href=\"tel:+85229056903\" target=\"_blank\" rel=\"noreferrer noopener\">+852 2905 6903<\/a><\/td><\/tr><tr><td class=\"has-text-align-left\" data-align=\"left\">Malaysia<\/td><td class=\"has-text-align-left\" data-align=\"left\"><a href=\"tel:1800817725\" target=\"_blank\" rel=\"noreferrer noopener\">1 800 817 725<\/a><\/td><\/tr><tr><td class=\"has-text-align-left\" data-align=\"left\">Mexico<\/td><td class=\"has-text-align-left\" data-align=\"left\"><a href=\"tel:8002981919\" target=\"_blank\" rel=\"noreferrer noopener\">800 298 1919<\/a><\/td><\/tr><tr><td class=\"has-text-align-left\" data-align=\"left\">New Zealand<\/td><td class=\"has-text-align-left\" data-align=\"left\"><a href=\"tel:0800523699\" target=\"_blank\" rel=\"noreferrer noopener\">0800 523 699<\/a><\/td><\/tr><tr><td class=\"has-text-align-left\" data-align=\"left\">Am\u00e9rique du Nord<\/td><td class=\"has-text-align-left\" data-align=\"left\"><a href=\"tel:18009624935\" target=\"_blank\" rel=\"noreferrer noopener\">1 800 962 4935<\/a><\/td><\/tr><tr><td class=\"has-text-align-left\" data-align=\"left\">Singapore<\/td><td class=\"has-text-align-left\" data-align=\"left\"><a href=\"tel:+8008523138\" target=\"_blank\" rel=\"noreferrer noopener\">+800 852 3138<\/a><\/td><\/tr><\/tbody><\/table><\/figure>\n","protected":false},"excerpt":{"rendered":"<p>Pays\/R\u00e9gion Num\u00e9ro de t\u00e9l\u00e9phone Australia 1300 116 425 Brazil 0800 892 0281 China +86 400 678 5003 Europe +44 (0)20 4540 2116 Hong Kong +852 2905 6903 Malaysia 1 800 817 725 Mexico 800 298 1919 New Zealand 0800 523 699 Am\u00e9rique du Nord 1 800 962 4935 Singapore +800 852 3138<\/p>\n","protected":false},"author":35,"featured_media":0,"parent":0,"menu_order":0,"comment_status":"closed","ping_status":"closed","template":"","meta":{"_acf_changed":false,"content-type":"","inline_featured_image":false,"footnotes":""},"class_list":["post-12545","page","type-page","status-publish","hentry"],"acf":[],"yoast_head":"<!-- This site is optimized with the Yoast SEO plugin v27.1.1 - https:\/\/yoast.com\/product\/yoast-seo-wordpress\/ -->\n<title>Shift4 | Assistance gratuite 24\/7 | Contactez-nous<\/title>\n<meta name=\"description\" content=\"Connectez-vous avec nous en ligne ou parlez avec un agent en direct. Appelez notre service d&#039;assistance o\u00f9 que vous soyez. Givex est l\u00e0 pour vous aider 24 heures sur 24, 7 jours sur 7 et 365 jours par an, car notre objectif est votre r\u00e9ussite.\" \/>\n<meta name=\"robots\" content=\"index, follow, max-snippet:-1, max-image-preview:large, max-video-preview:-1\" \/>\n<link rel=\"canonical\" href=\"https:\/\/web.givex.com\/fr\/soutien\/\" \/>\n<meta property=\"og:locale\" content=\"fr_FR\" \/>\n<meta property=\"og:type\" content=\"article\" \/>\n<meta property=\"og:title\" content=\"Shift4 | Assistance gratuite 24\/7 | Contactez-nous\" \/>\n<meta property=\"og:description\" content=\"Connectez-vous avec nous en ligne ou parlez avec un agent en direct. Appelez notre service d&#039;assistance o\u00f9 que vous soyez. Givex est l\u00e0 pour vous aider 24 heures sur 24, 7 jours sur 7 et 365 jours par an, car notre objectif est votre r\u00e9ussite.\" \/>\n<meta property=\"og:url\" content=\"https:\/\/web.givex.com\/fr\/soutien\/\" \/>\n<meta property=\"og:site_name\" content=\"Shift4\" \/>\n<meta name=\"twitter:card\" content=\"summary_large_image\" \/>\n<meta name=\"twitter:site\" content=\"@GivexCorp\" \/>\n<script type=\"application\/ld+json\" class=\"yoast-schema-graph\">{\"@context\":\"https:\/\/schema.org\",\"@graph\":[{\"@type\":\"WebPage\",\"@id\":\"https:\/\/web.givex.com\/fr\/soutien\/\",\"url\":\"https:\/\/web.givex.com\/fr\/soutien\/\",\"name\":\"Shift4 | Assistance gratuite 24\/7 | Contactez-nous\",\"isPartOf\":{\"@id\":\"https:\/\/web.givex.com\/fr\/#website\"},\"datePublished\":\"2023-12-21T17:25:58+00:00\",\"description\":\"Connectez-vous avec nous en ligne ou parlez avec un agent en direct. Appelez notre service d'assistance o\u00f9 que vous soyez. Givex est l\u00e0 pour vous aider 24 heures sur 24, 7 jours sur 7 et 365 jours par an, car notre objectif est votre r\u00e9ussite.\",\"inLanguage\":\"fr-FR\",\"potentialAction\":[{\"@type\":\"ReadAction\",\"target\":[\"https:\/\/web.givex.com\/fr\/soutien\/\"]}]},{\"@type\":\"WebSite\",\"@id\":\"https:\/\/web.givex.com\/fr\/#website\",\"url\":\"https:\/\/web.givex.com\/fr\/\",\"name\":\"Givex\",\"description\":\"Integrate Payments and Commerce Technology\",\"publisher\":{\"@id\":\"https:\/\/web.givex.com\/fr\/#organization\"},\"potentialAction\":[{\"@type\":\"SearchAction\",\"target\":{\"@type\":\"EntryPoint\",\"urlTemplate\":\"https:\/\/web.givex.com\/fr\/?s={search_term_string}\"},\"query-input\":{\"@type\":\"PropertyValueSpecification\",\"valueRequired\":true,\"valueName\":\"search_term_string\"}}],\"inLanguage\":\"fr-FR\"},{\"@type\":\"Organization\",\"@id\":\"https:\/\/web.givex.com\/fr\/#organization\",\"name\":\"Givex\",\"url\":\"https:\/\/web.givex.com\/fr\/\",\"logo\":{\"@type\":\"ImageObject\",\"inLanguage\":\"fr-FR\",\"@id\":\"https:\/\/web.givex.com\/fr\/#\/schema\/logo\/image\/\",\"url\":\"https:\/\/web.givex.com\/wp-content\/uploads\/2024\/03\/givex-blue-bg.png\",\"contentUrl\":\"https:\/\/web.givex.com\/wp-content\/uploads\/2024\/03\/givex-blue-bg.png\",\"width\":1200,\"height\":1200,\"caption\":\"Givex\"},\"image\":{\"@id\":\"https:\/\/web.givex.com\/fr\/#\/schema\/logo\/image\/\"},\"sameAs\":[\"https:\/\/x.com\/GivexCorp\",\"https:\/\/www.linkedin.com\/company\/givex\/\",\"https:\/\/www.youtube.com\/@givexcorp6643\"]}]}<\/script>\n<!-- \/ Yoast SEO plugin. -->","yoast_head_json":{"title":"Shift4 | Assistance gratuite 24\/7 | Contactez-nous","description":"Connectez-vous avec nous en ligne ou parlez avec un agent en direct. Appelez notre service d'assistance o\u00f9 que vous soyez. Givex est l\u00e0 pour vous aider 24 heures sur 24, 7 jours sur 7 et 365 jours par an, car notre objectif est votre r\u00e9ussite.","robots":{"index":"index","follow":"follow","max-snippet":"max-snippet:-1","max-image-preview":"max-image-preview:large","max-video-preview":"max-video-preview:-1"},"canonical":"https:\/\/web.givex.com\/fr\/soutien\/","og_locale":"fr_FR","og_type":"article","og_title":"Shift4 | Assistance gratuite 24\/7 | Contactez-nous","og_description":"Connectez-vous avec nous en ligne ou parlez avec un agent en direct. Appelez notre service d'assistance o\u00f9 que vous soyez. Givex est l\u00e0 pour vous aider 24 heures sur 24, 7 jours sur 7 et 365 jours par an, car notre objectif est votre r\u00e9ussite.","og_url":"https:\/\/web.givex.com\/fr\/soutien\/","og_site_name":"Shift4","twitter_card":"summary_large_image","twitter_site":"@GivexCorp","schema":{"@context":"https:\/\/schema.org","@graph":[{"@type":"WebPage","@id":"https:\/\/web.givex.com\/fr\/soutien\/","url":"https:\/\/web.givex.com\/fr\/soutien\/","name":"Shift4 | Assistance gratuite 24\/7 | Contactez-nous","isPartOf":{"@id":"https:\/\/web.givex.com\/fr\/#website"},"datePublished":"2023-12-21T17:25:58+00:00","description":"Connectez-vous avec nous en ligne ou parlez avec un agent en direct. Appelez notre service d'assistance o\u00f9 que vous soyez. Givex est l\u00e0 pour vous aider 24 heures sur 24, 7 jours sur 7 et 365 jours par an, car notre objectif est votre r\u00e9ussite.","inLanguage":"fr-FR","potentialAction":[{"@type":"ReadAction","target":["https:\/\/web.givex.com\/fr\/soutien\/"]}]},{"@type":"WebSite","@id":"https:\/\/web.givex.com\/fr\/#website","url":"https:\/\/web.givex.com\/fr\/","name":"Givex","description":"Integrate Payments and Commerce Technology","publisher":{"@id":"https:\/\/web.givex.com\/fr\/#organization"},"potentialAction":[{"@type":"SearchAction","target":{"@type":"EntryPoint","urlTemplate":"https:\/\/web.givex.com\/fr\/?s={search_term_string}"},"query-input":{"@type":"PropertyValueSpecification","valueRequired":true,"valueName":"search_term_string"}}],"inLanguage":"fr-FR"},{"@type":"Organization","@id":"https:\/\/web.givex.com\/fr\/#organization","name":"Givex","url":"https:\/\/web.givex.com\/fr\/","logo":{"@type":"ImageObject","inLanguage":"fr-FR","@id":"https:\/\/web.givex.com\/fr\/#\/schema\/logo\/image\/","url":"https:\/\/web.givex.com\/wp-content\/uploads\/2024\/03\/givex-blue-bg.png","contentUrl":"https:\/\/web.givex.com\/wp-content\/uploads\/2024\/03\/givex-blue-bg.png","width":1200,"height":1200,"caption":"Givex"},"image":{"@id":"https:\/\/web.givex.com\/fr\/#\/schema\/logo\/image\/"},"sameAs":["https:\/\/x.com\/GivexCorp","https:\/\/www.linkedin.com\/company\/givex\/","https:\/\/www.youtube.com\/@givexcorp6643"]}]}},"_links":{"self":[{"href":"https:\/\/web.givex.com\/fr\/wp-json\/wp\/v2\/pages\/12545","targetHints":{"allow":["GET"]}}],"collection":[{"href":"https:\/\/web.givex.com\/fr\/wp-json\/wp\/v2\/pages"}],"about":[{"href":"https:\/\/web.givex.com\/fr\/wp-json\/wp\/v2\/types\/page"}],"author":[{"embeddable":true,"href":"https:\/\/web.givex.com\/fr\/wp-json\/wp\/v2\/users\/35"}],"replies":[{"embeddable":true,"href":"https:\/\/web.givex.com\/fr\/wp-json\/wp\/v2\/comments?post=12545"}],"version-history":[{"count":15,"href":"https:\/\/web.givex.com\/fr\/wp-json\/wp\/v2\/pages\/12545\/revisions"}],"predecessor-version":[{"id":18458,"href":"https:\/\/web.givex.com\/fr\/wp-json\/wp\/v2\/pages\/12545\/revisions\/18458"}],"wp:attachment":[{"href":"https:\/\/web.givex.com\/fr\/wp-json\/wp\/v2\/media?parent=12545"}],"curies":[{"name":"wp","href":"https:\/\/api.w.org\/{rel}","templated":true}]}}