{"id":785,"date":"2023-12-21T12:25:53","date_gmt":"2023-12-21T17:25:53","guid":{"rendered":"https:\/\/web.givex.com\/terminos-y-condiciones\/"},"modified":"2025-08-07T13:26:14","modified_gmt":"2025-08-07T17:26:14","slug":"terminos-y-condiciones","status":"publish","type":"page","link":"https:\/\/web.givex.com\/es\/terminos-y-condiciones\/","title":{"rendered":"T\u00e9rminos y condiciones para socios"},"content":{"rendered":"<div id=\"block_95a14b733313ca78cf8ee5a9e009b0cd\" class=\"hero acf-block alignfull\">\n\n\t\t<figure class=\"hero__figure hero__figure--center\" data-background-mode=\"transparent\" role=\"none\">\n\t\t\t<img loading=\"lazy\" decoding=\"async\" width=\"1920\" height=\"660\" src=\"https:\/\/web.givex.com\/wp-content\/uploads\/2022\/08\/How-it-Works.jpg\" class=\"attachment-full size-full\" alt=\"\" srcset=\"https:\/\/web.givex.com\/wp-content\/uploads\/2022\/08\/How-it-Works.jpg 1920w, https:\/\/web.givex.com\/wp-content\/uploads\/2022\/08\/How-it-Works-300x103.jpg 300w, https:\/\/web.givex.com\/wp-content\/uploads\/2022\/08\/How-it-Works-1024x352.jpg 1024w, https:\/\/web.givex.com\/wp-content\/uploads\/2022\/08\/How-it-Works-768x264.jpg 768w, https:\/\/web.givex.com\/wp-content\/uploads\/2022\/08\/How-it-Works-1536x528.jpg 1536w\" sizes=\"auto, (max-width: 1920px) 100vw, 1920px\" \/>\t\t<\/figure>\n\n\t<div class=\"hero__container\">\n\n\t\t<div class=\"hero__content\" data-background-mode=\"transparent\">\n\n\t\t\n\t\t\t\t\t\t\t<h1 class=\"hero__title\">T\u00e9rminos y condiciones para socios<\/h1>\n\t\t\t\n\t\t\t\n\t\t\t\n\t\t\t\t\t<\/div>\n\n\t\t\n\t<\/div>\n\n<\/div>\n\n<h2 class=\"wp-block-heading\">Solo socios de referencia<\/h2>\n\n<p>El personal de ventas de Givex vender\u00e1 directamente al cliente potencial. El personal de ventas de Givex vender\u00e1 directamente al cliente potencial. El socio de referencia de Givex es elegible para convertirse en revendedor\/distribuidor de Givex en cualquier momento. Comun\u00edquese con Givex para obtener m\u00e1s detalles sobre nuestro programa de revendedor\/distribuidor. Usted, el socio de referencia de Givex, tiene derecho al 5 % de la tarifa de servicio y la tarifa de instalaci\u00f3n una vez que se hayan completado y recibido los siguientes elementos en la oficina central de Givex: Formulario de pedido firmado Acuerdo comercial firmado Pago total El derecho se pagar\u00e1 el mes siguiente despu\u00e9s de recibo de todos los elementos requeridos enumerados anteriormente.<\/p>\n\n<h2 class=\"wp-block-heading\">Disputas por referencias<\/h2>\n\n<p>Dado que puede haber m\u00e1s de un socio de referencia en un \u00e1rea geogr\u00e1fica, ya sea que represente un sistema de punto de venta (PDV) \u00fanico o que ofrezca alg\u00fan otro tipo de servicios de procesamiento de pagos mediante terminales, es importante resolver las posibles disputas, ya que Givex pagar\u00e1 una tarifa de referencia a una \u00fanica parte. En el caso de que (a) dos partes hayan registrado el mismo cliente en el sitio web de Givex y las partes ofrezcan la misma soluci\u00f3n, la parte que registre la referencia del Comerciante primero recibir\u00e1 la tarifa de referencia; (b) dos o m\u00e1s partes han registrado el mismo comerciante en el sitio web de Givex y utilizan diferentes soluciones, entonces, la tarifa de referencia la recibir\u00e1 la parte cuya soluci\u00f3n general se elija, siempre que Givex sea parte de esa soluci\u00f3n; (c) dos o m\u00e1s partes han registrado el mismo comerciante en el sitio web de Givex y el comerciante elige una variedad de soluciones y no usa una soluci\u00f3n unificada en todas las ubicaciones, entonces, la tarifa de referencia se asignar\u00e1 seg\u00fan el porcentaje de ubicaciones suministradas por el socio de referencia del total de ubicaciones habilitadas para ejecutar el sistema Givex; (d) un socio de referencia no vende hardware ni software ni ning\u00fan servicio de procesamiento de pagos que Givex pueda necesitar para integrar o estar al lado de una terminal para proporcionar los servicios de Givex al Comerciante, entonces, el socio de referencia solo recibir\u00e1 una comisi\u00f3n si el proveedor de la parte de procesamiento, de ISO o de PDV que Givex debe integrar en nuestro stand al lado no es un revendedor registrado de Givex o un socio de referencia ni ha firmado un Acuerdo de recomendaci\u00f3n de Givex. Givex har\u00e1 todo lo posible para resolver los conflictos entre las partes en un asunto equitativo, pero no est\u00e1 obligado a pagar las tarifas de referencia duplicadas y solo est\u00e1 obligado a pagar una tarifa de referencia. En caso de que haya conflicto, Givex determinar\u00e1 de la manera m\u00e1s equitativa, en funci\u00f3n de los criterios establecidos en el p\u00e1rrafo anterior, qui\u00e9n recibir\u00e1 las tarifas de referencia y las partes acuerdan que la decisi\u00f3n de Givex es vinculante para todas las partes en el conflicto que hayan firmado un Acuerdo de referencia de Givex.       <\/p>\n\n<div style=\"height:70px\" aria-hidden=\"true\" class=\"wp-block-spacer\"><\/div>\n","protected":false},"excerpt":{"rendered":"<p>Solo socios de referencia El personal de ventas de Givex vender\u00e1 directamente al cliente potencial. El personal de ventas de Givex vender\u00e1 directamente al cliente potencial. El socio de referencia de Givex es elegible para convertirse en revendedor\/distribuidor de Givex en cualquier momento. Comun\u00edquese con Givex para obtener m\u00e1s detalles sobre nuestro programa de revendedor\/distribuidor. [&hellip;]<\/p>\n","protected":false},"author":35,"featured_media":0,"parent":0,"menu_order":0,"comment_status":"closed","ping_status":"closed","template":"","meta":{"_acf_changed":false,"content-type":"","inline_featured_image":false,"footnotes":""},"class_list":["post-785","page","type-page","status-publish","hentry"],"acf":[],"yoast_head":"<!-- This site is optimized with the Yoast SEO plugin v27.3 - https:\/\/yoast.com\/product\/yoast-seo-wordpress\/ -->\n<title>Shift4 | T\u00e9rminos y condiciones para socios<\/title>\n<meta name=\"description\" content=\"El socio de referencia de Givex es elegible para convertirse en revendedor\/distribuidor de Givex en cualquier momento. Comun\u00edquese con Givex para obtener m\u00e1s detalles sobre nuestro programa de revendedor\/distribuidor.\" \/>\n<meta name=\"robots\" content=\"index, follow, max-snippet:-1, max-image-preview:large, max-video-preview:-1\" \/>\n<link rel=\"canonical\" href=\"https:\/\/web.givex.com\/es\/terminos-y-condiciones\/\" \/>\n<meta property=\"og:locale\" content=\"es_ES\" \/>\n<meta property=\"og:type\" content=\"article\" \/>\n<meta property=\"og:title\" content=\"Shift4 | T\u00e9rminos y condiciones para socios\" \/>\n<meta property=\"og:description\" content=\"El socio de referencia de Givex es elegible para convertirse en revendedor\/distribuidor de Givex en cualquier momento. Comun\u00edquese con Givex para obtener m\u00e1s detalles sobre nuestro programa de revendedor\/distribuidor.\" \/>\n<meta property=\"og:url\" content=\"https:\/\/web.givex.com\/es\/terminos-y-condiciones\/\" \/>\n<meta property=\"og:site_name\" content=\"Shift4\" \/>\n<meta property=\"article:modified_time\" content=\"2025-08-07T17:26:14+00:00\" \/>\n<meta name=\"twitter:card\" content=\"summary_large_image\" \/>\n<meta name=\"twitter:site\" content=\"@GivexCorp\" \/>\n<script type=\"application\/ld+json\" class=\"yoast-schema-graph\">{\"@context\":\"https:\\\/\\\/schema.org\",\"@graph\":[{\"@type\":\"WebPage\",\"@id\":\"https:\\\/\\\/web.givex.com\\\/es\\\/terminos-y-condiciones\\\/\",\"url\":\"https:\\\/\\\/web.givex.com\\\/es\\\/terminos-y-condiciones\\\/\",\"name\":\"Shift4 | T\u00e9rminos y condiciones para socios\",\"isPartOf\":{\"@id\":\"https:\\\/\\\/web.givex.com\\\/es\\\/#website\"},\"datePublished\":\"2023-12-21T17:25:53+00:00\",\"dateModified\":\"2025-08-07T17:26:14+00:00\",\"description\":\"El socio de referencia de Givex es elegible para convertirse en revendedor\\\/distribuidor de Givex en cualquier momento. Comun\u00edquese con Givex para obtener m\u00e1s detalles sobre nuestro programa de revendedor\\\/distribuidor.\",\"inLanguage\":\"es\",\"potentialAction\":[{\"@type\":\"ReadAction\",\"target\":[\"https:\\\/\\\/web.givex.com\\\/es\\\/terminos-y-condiciones\\\/\"]}]},{\"@type\":\"WebSite\",\"@id\":\"https:\\\/\\\/web.givex.com\\\/es\\\/#website\",\"url\":\"https:\\\/\\\/web.givex.com\\\/es\\\/\",\"name\":\"Givex\",\"description\":\"Integrate Payments and Commerce Technology\",\"publisher\":{\"@id\":\"https:\\\/\\\/web.givex.com\\\/es\\\/#organization\"},\"potentialAction\":[{\"@type\":\"SearchAction\",\"target\":{\"@type\":\"EntryPoint\",\"urlTemplate\":\"https:\\\/\\\/web.givex.com\\\/es\\\/?s={search_term_string}\"},\"query-input\":{\"@type\":\"PropertyValueSpecification\",\"valueRequired\":true,\"valueName\":\"search_term_string\"}}],\"inLanguage\":\"es\"},{\"@type\":\"Organization\",\"@id\":\"https:\\\/\\\/web.givex.com\\\/es\\\/#organization\",\"name\":\"Givex\",\"url\":\"https:\\\/\\\/web.givex.com\\\/es\\\/\",\"logo\":{\"@type\":\"ImageObject\",\"inLanguage\":\"es\",\"@id\":\"https:\\\/\\\/web.givex.com\\\/es\\\/#\\\/schema\\\/logo\\\/image\\\/\",\"url\":\"https:\\\/\\\/web.givex.com\\\/wp-content\\\/uploads\\\/2024\\\/03\\\/givex-blue-bg.png\",\"contentUrl\":\"https:\\\/\\\/web.givex.com\\\/wp-content\\\/uploads\\\/2024\\\/03\\\/givex-blue-bg.png\",\"width\":1200,\"height\":1200,\"caption\":\"Givex\"},\"image\":{\"@id\":\"https:\\\/\\\/web.givex.com\\\/es\\\/#\\\/schema\\\/logo\\\/image\\\/\"},\"sameAs\":[\"https:\\\/\\\/x.com\\\/GivexCorp\",\"https:\\\/\\\/www.linkedin.com\\\/company\\\/givex\\\/\",\"https:\\\/\\\/www.youtube.com\\\/@givexcorp6643\"]}]}<\/script>\n<!-- \/ Yoast SEO plugin. -->","yoast_head_json":{"title":"Shift4 | T\u00e9rminos y condiciones para socios","description":"El socio de referencia de Givex es elegible para convertirse en revendedor\/distribuidor de Givex en cualquier momento. Comun\u00edquese con Givex para obtener m\u00e1s detalles sobre nuestro programa de revendedor\/distribuidor.","robots":{"index":"index","follow":"follow","max-snippet":"max-snippet:-1","max-image-preview":"max-image-preview:large","max-video-preview":"max-video-preview:-1"},"canonical":"https:\/\/web.givex.com\/es\/terminos-y-condiciones\/","og_locale":"es_ES","og_type":"article","og_title":"Shift4 | T\u00e9rminos y condiciones para socios","og_description":"El socio de referencia de Givex es elegible para convertirse en revendedor\/distribuidor de Givex en cualquier momento. Comun\u00edquese con Givex para obtener m\u00e1s detalles sobre nuestro programa de revendedor\/distribuidor.","og_url":"https:\/\/web.givex.com\/es\/terminos-y-condiciones\/","og_site_name":"Shift4","article_modified_time":"2025-08-07T17:26:14+00:00","twitter_card":"summary_large_image","twitter_site":"@GivexCorp","schema":{"@context":"https:\/\/schema.org","@graph":[{"@type":"WebPage","@id":"https:\/\/web.givex.com\/es\/terminos-y-condiciones\/","url":"https:\/\/web.givex.com\/es\/terminos-y-condiciones\/","name":"Shift4 | T\u00e9rminos y condiciones para socios","isPartOf":{"@id":"https:\/\/web.givex.com\/es\/#website"},"datePublished":"2023-12-21T17:25:53+00:00","dateModified":"2025-08-07T17:26:14+00:00","description":"El socio de referencia de Givex es elegible para convertirse en revendedor\/distribuidor de Givex en cualquier momento. Comun\u00edquese con Givex para obtener m\u00e1s detalles sobre nuestro programa de revendedor\/distribuidor.","inLanguage":"es","potentialAction":[{"@type":"ReadAction","target":["https:\/\/web.givex.com\/es\/terminos-y-condiciones\/"]}]},{"@type":"WebSite","@id":"https:\/\/web.givex.com\/es\/#website","url":"https:\/\/web.givex.com\/es\/","name":"Givex","description":"Integrate Payments and Commerce Technology","publisher":{"@id":"https:\/\/web.givex.com\/es\/#organization"},"potentialAction":[{"@type":"SearchAction","target":{"@type":"EntryPoint","urlTemplate":"https:\/\/web.givex.com\/es\/?s={search_term_string}"},"query-input":{"@type":"PropertyValueSpecification","valueRequired":true,"valueName":"search_term_string"}}],"inLanguage":"es"},{"@type":"Organization","@id":"https:\/\/web.givex.com\/es\/#organization","name":"Givex","url":"https:\/\/web.givex.com\/es\/","logo":{"@type":"ImageObject","inLanguage":"es","@id":"https:\/\/web.givex.com\/es\/#\/schema\/logo\/image\/","url":"https:\/\/web.givex.com\/wp-content\/uploads\/2024\/03\/givex-blue-bg.png","contentUrl":"https:\/\/web.givex.com\/wp-content\/uploads\/2024\/03\/givex-blue-bg.png","width":1200,"height":1200,"caption":"Givex"},"image":{"@id":"https:\/\/web.givex.com\/es\/#\/schema\/logo\/image\/"},"sameAs":["https:\/\/x.com\/GivexCorp","https:\/\/www.linkedin.com\/company\/givex\/","https:\/\/www.youtube.com\/@givexcorp6643"]}]}},"_links":{"self":[{"href":"https:\/\/web.givex.com\/es\/wp-json\/wp\/v2\/pages\/785","targetHints":{"allow":["GET"]}}],"collection":[{"href":"https:\/\/web.givex.com\/es\/wp-json\/wp\/v2\/pages"}],"about":[{"href":"https:\/\/web.givex.com\/es\/wp-json\/wp\/v2\/types\/page"}],"author":[{"embeddable":true,"href":"https:\/\/web.givex.com\/es\/wp-json\/wp\/v2\/users\/35"}],"replies":[{"embeddable":true,"href":"https:\/\/web.givex.com\/es\/wp-json\/wp\/v2\/comments?post=785"}],"version-history":[{"count":6,"href":"https:\/\/web.givex.com\/es\/wp-json\/wp\/v2\/pages\/785\/revisions"}],"predecessor-version":[{"id":13706,"href":"https:\/\/web.givex.com\/es\/wp-json\/wp\/v2\/pages\/785\/revisions\/13706"}],"wp:attachment":[{"href":"https:\/\/web.givex.com\/es\/wp-json\/wp\/v2\/media?parent=785"}],"curies":[{"name":"wp","href":"https:\/\/api.w.org\/{rel}","templated":true}]}}