{"id":731,"date":"2023-12-21T12:25:52","date_gmt":"2023-12-21T17:25:52","guid":{"rendered":"https:\/\/web.givex.com\/soporte-de-terceros-para-pos\/"},"modified":"2023-04-20T15:23:52","modified_gmt":"2023-04-20T15:23:52","slug":"soporte-de-terceros-para-pos","status":"publish","type":"page","link":"https:\/\/web.givex.com\/es\/programa-de-socios-givex\/soporte-de-terceros-para-pos\/","title":{"rendered":"Soporte de terceros para POS"},"content":{"rendered":"<div id=\"block_63a3ff3855a0de7d5a5bfc4067c9091b\" class=\"hero acf-block alignfull\">\n\n\t\t<figure class=\"hero__figure hero__figure--center\" data-background-mode=\"transparent\" role=\"none\">\n\t\t\t<img loading=\"lazy\" decoding=\"async\" width=\"2048\" height=\"1366\" src=\"https:\/\/web.givex.com\/wp-content\/uploads\/2022\/09\/partner-program-third-party-00001.jpg\" class=\"attachment-full size-full\" alt=\"\" srcset=\"https:\/\/web.givex.com\/wp-content\/uploads\/2022\/09\/partner-program-third-party-00001.jpg 2048w, https:\/\/web.givex.com\/wp-content\/uploads\/2022\/09\/partner-program-third-party-00001-300x200.jpg 300w, https:\/\/web.givex.com\/wp-content\/uploads\/2022\/09\/partner-program-third-party-00001-1024x683.jpg 1024w, https:\/\/web.givex.com\/wp-content\/uploads\/2022\/09\/partner-program-third-party-00001-768x512.jpg 768w, https:\/\/web.givex.com\/wp-content\/uploads\/2022\/09\/partner-program-third-party-00001-1536x1025.jpg 1536w\" sizes=\"auto, (max-width: 2048px) 100vw, 2048px\" \/>\t\t<\/figure>\n\n\t<div class=\"hero__container\">\n\n\t\t<div class=\"hero__content\" data-background-mode=\"transparent\">\n\n\t\t\t\t\t<p class=\"breadcrumbs hero__breadcrumbs\"><\/p>\t\t\n\t\t\t\t\t\t\t<h1 class=\"hero__title\">Productos de terceros<\/h1>\n\t\t\t\n\t\t\t\n\t\t\t\n\t\t\t\t\t<\/div>\n\n\t\t\n\t<\/div>\n\n<\/div>\n\n<div class=\"geot-ajax geot-filter\" data-action=\"country_filter\" data-filter=\"\" data-region=\"africa, europe\" data-ex_filter=\"\" data-ex_region=\"\"><section id=\"block_4d6ad8277025c9c42da2f8eb6c1c66aa\"\n  class=\"logo-text acf-block alignwide\">\n  <div class=\"logo-text__container\">\n        <div class=\"logo-text__logo\">\n      <figure class=\"logo-text__figure\" role=\"none\">\n        <img loading=\"lazy\" decoding=\"async\" width=\"1108\" height=\"624\" src=\"https:\/\/web.givex.com\/wp-content\/uploads\/2022\/09\/optimized-Jazz.png\" class=\"attachment-full size-full\" alt=\"\" srcset=\"https:\/\/web.givex.com\/wp-content\/uploads\/2022\/09\/optimized-Jazz.png 1108w, https:\/\/web.givex.com\/wp-content\/uploads\/2022\/09\/optimized-Jazz-300x169.png 300w, https:\/\/web.givex.com\/wp-content\/uploads\/2022\/09\/optimized-Jazz-1024x577.png 1024w, https:\/\/web.givex.com\/wp-content\/uploads\/2022\/09\/optimized-Jazz-768x433.png 768w\" sizes=\"auto, (max-width: 1108px) 100vw, 1108px\" \/>      <\/figure>\n    <\/div>\n    \n    <div class=\"logo-text__content\">\n            <h2 class=\"logo-text__title h4\">Hardware Jazz POS<\/h2>\n      <div class=\"logo-text__body medium\">\n        <p>Jazz ofrece diversas configuraciones que se adaptan a cualquier entorno. Puede ser adaptado para servir como terminal EPOS cl\u00e1sico, PDV en poste o quiosco de autoservicio. <\/p>\n      <\/div>\n          <\/div>\n  <\/div>\n<\/section>\n<\/div>\n\n<div class=\"geot-ajax geot-filter\" data-action=\"country_filter\" data-filter=\"\" data-region=\"africa, europe\" data-ex_filter=\"\" data-ex_region=\"\"><section id=\"block_66425207f9803962c59bf1677bd4560a\"\n  class=\"logo-text acf-block alignwide\">\n  <div class=\"logo-text__container\">\n        <div class=\"logo-text__logo\">\n      <figure class=\"logo-text__figure\" role=\"none\">\n        <img loading=\"lazy\" decoding=\"async\" width=\"600\" height=\"519\" src=\"https:\/\/web.givex.com\/wp-content\/uploads\/2022\/09\/optimized-Twist.png\" class=\"attachment-full size-full\" alt=\"\" srcset=\"https:\/\/web.givex.com\/wp-content\/uploads\/2022\/09\/optimized-Twist.png 600w, https:\/\/web.givex.com\/wp-content\/uploads\/2022\/09\/optimized-Twist-300x260.png 300w\" sizes=\"auto, (max-width: 600px) 100vw, 600px\" \/>      <\/figure>\n    <\/div>\n    \n    <div class=\"logo-text__content\">\n            <h2 class=\"logo-text__title h4\">Hardware Twist POS<\/h2>\n      <div class=\"logo-text__body medium\">\n        <p>Twist es un terminal PDV ultracompacto que ofrece todos los recursos de PDV y ocupa poco espacio.<\/p>\n      <\/div>\n          <\/div>\n  <\/div>\n<\/section>\n<\/div>\n\n<div class=\"geot-ajax geot-filter\" data-action=\"country_filter\" data-filter=\"\" data-region=\"africa, europe\" data-ex_filter=\"\" data-ex_region=\"\"><section id=\"block_e32b3493cb7c388a9cbada215e30cd84\"\n  class=\"logo-text acf-block alignwide\">\n  <div class=\"logo-text__container\">\n        <div class=\"logo-text__logo\">\n      <figure class=\"logo-text__figure\" role=\"none\">\n        <img loading=\"lazy\" decoding=\"async\" width=\"600\" height=\"615\" src=\"https:\/\/web.givex.com\/wp-content\/uploads\/2022\/09\/optimized-Sango.png\" class=\"attachment-full size-full\" alt=\"\" srcset=\"https:\/\/web.givex.com\/wp-content\/uploads\/2022\/09\/optimized-Sango.png 600w, https:\/\/web.givex.com\/wp-content\/uploads\/2022\/09\/optimized-Sango-293x300.png 293w\" sizes=\"auto, (max-width: 600px) 100vw, 600px\" \/>      <\/figure>\n    <\/div>\n    \n    <div class=\"logo-text__content\">\n            <h2 class=\"logo-text__title h4\">Hardware Sango POS<\/h2>\n      <div class=\"logo-text__body medium\">\n        <p>Sango es un sistema de administraci\u00f3n de registradoras todo-en-uno, sin base ni soporte, que deja espacio libre debajo de la pantalla t\u00e1ctil de su terminal.<\/p>\n      <\/div>\n          <\/div>\n  <\/div>\n<\/section>\n<\/div>\n\n<div class=\"geot-ajax geot-filter\" data-action=\"country_filter\" data-filter=\"\" data-region=\"africa, europe\" data-ex_filter=\"\" data-ex_region=\"\"><section id=\"block_ebc38f6762f823ca5c8e69a5396c1501\"\n  class=\"logo-text acf-block alignwide\">\n  <div class=\"logo-text__container\">\n        <div class=\"logo-text__logo\">\n      <figure class=\"logo-text__figure\" role=\"none\">\n        <img loading=\"lazy\" decoding=\"async\" width=\"600\" height=\"568\" src=\"https:\/\/web.givex.com\/wp-content\/uploads\/2022\/09\/optimized-Yuno.png\" class=\"attachment-full size-full\" alt=\"\" srcset=\"https:\/\/web.givex.com\/wp-content\/uploads\/2022\/09\/optimized-Yuno.png 600w, https:\/\/web.givex.com\/wp-content\/uploads\/2022\/09\/optimized-Yuno-300x284.png 300w\" sizes=\"auto, (max-width: 600px) 100vw, 600px\" \/>      <\/figure>\n    <\/div>\n    \n    <div class=\"logo-text__content\">\n            <h2 class=\"logo-text__title h4\">Hardware Yuno POS<\/h2>\n      <div class=\"logo-text__body medium\">\n        <p>Yuno es un terminal robusto y elegante, dise\u00f1ado para adaptarse a diversos verticales. Yuno es muy flexible y resistente a la suciedad, salpicaduras y entornos dif\u00edciles en cocinas y restaurantes. <\/p>\n      <\/div>\n          <\/div>\n  <\/div>\n<\/section>\n<\/div>\n\n<div class=\"geot-ajax geot-filter\" data-action=\"country_filter\" data-filter=\"\" data-region=\"africa, europe\" data-ex_filter=\"\" data-ex_region=\"\"><section id=\"block_3ab8b479d150808098f2c2927866e786\"\n  class=\"logo-text acf-block alignwide\">\n  <div class=\"logo-text__container\">\n        <div class=\"logo-text__logo\">\n      <figure class=\"logo-text__figure\" role=\"none\">\n        <img loading=\"lazy\" decoding=\"async\" width=\"600\" height=\"466\" src=\"https:\/\/web.givex.com\/wp-content\/uploads\/2022\/09\/optimized-Nino-2.png\" class=\"attachment-full size-full\" alt=\"\" srcset=\"https:\/\/web.givex.com\/wp-content\/uploads\/2022\/09\/optimized-Nino-2.png 600w, https:\/\/web.givex.com\/wp-content\/uploads\/2022\/09\/optimized-Nino-2-300x233.png 300w\" sizes=\"auto, (max-width: 600px) 100vw, 600px\" \/>      <\/figure>\n    <\/div>\n    \n    <div class=\"logo-text__content\">\n            <h2 class=\"logo-text__title h4\">Hardware Nino 2 POS<\/h2>\n      <div class=\"logo-text__body medium\">\n        <p>Nino 2 es ultracompacto y puede plegarse para quedar plano. El brazo articulado de Nino 2 es totalmente flexible y tambi\u00e9n permite ajustar la posici\u00f3n para cualquier \u00e1ngulo de visi\u00f3n. <\/p>\n      <\/div>\n          <\/div>\n  <\/div>\n<\/section>\n<\/div>\n\n<div class=\"geot-ajax geot-filter\" data-action=\"country_filter\" data-filter=\"\" data-region=\"africa, europe\" data-ex_filter=\"\" data-ex_region=\"\"><section id=\"block_554c1216d1683888a2322b239ea292ce\"\n  class=\"logo-text acf-block alignwide\">\n  <div class=\"logo-text__container\">\n        <div class=\"logo-text__logo\">\n      <figure class=\"logo-text__figure\" role=\"none\">\n        <img loading=\"lazy\" decoding=\"async\" width=\"960\" height=\"960\" src=\"https:\/\/web.givex.com\/wp-content\/uploads\/2022\/09\/optimized-Samsung-online-ordering.jpg\" class=\"attachment-full size-full\" alt=\"\" srcset=\"https:\/\/web.givex.com\/wp-content\/uploads\/2022\/09\/optimized-Samsung-online-ordering.jpg 960w, https:\/\/web.givex.com\/wp-content\/uploads\/2022\/09\/optimized-Samsung-online-ordering-300x300.jpg 300w, https:\/\/web.givex.com\/wp-content\/uploads\/2022\/09\/optimized-Samsung-online-ordering-150x150.jpg 150w, https:\/\/web.givex.com\/wp-content\/uploads\/2022\/09\/optimized-Samsung-online-ordering-768x768.jpg 768w, https:\/\/web.givex.com\/wp-content\/uploads\/2022\/09\/optimized-Samsung-online-ordering-600x600.jpg 600w\" sizes=\"auto, (max-width: 960px) 100vw, 960px\" \/>      <\/figure>\n    <\/div>\n    \n    <div class=\"logo-text__content\">\n            <h2 class=\"logo-text__title h4\">Dispositivos Samsung<\/h2>\n      <div class=\"logo-text__body medium\">\n        <p>Con Samsung S7 o Samsung Tab Tablet, su personal puede tomar pedidos desde cualquier lugar. Los pedidos se env\u00edan directamente a la registradora y a las \u00e1reas de producci\u00f3n. La interfaz es f\u00e1cil de usar y permite a los usuarios empezar a usarla inmediatamente.   <\/p>\n      <\/div>\n          <\/div>\n  <\/div>\n<\/section>\n<\/div>\n\n<div class=\"geot-ajax geot-filter\" data-action=\"country_filter\" data-filter=\"\" data-region=\"africa, europe\" data-ex_filter=\"\" data-ex_region=\"\"><section id=\"block_93544a9d3adf2f34f768e2a4736fa2fd\"\n  class=\"logo-text acf-block alignwide\">\n  <div class=\"logo-text__container\">\n    \n    <div class=\"logo-text__content\">\n            <h2 class=\"logo-text__title h4\">Pago autom\u00e1tico<\/h2>\n      <div class=\"logo-text__body medium\">\n        <p>Los consumidores ahorran tiempo al momento de pagar y los clientes no necesitan preocuparse con el manejo de efectivo. Los tres modelos de registradoras autom\u00e1ticas aceptan pagos, dan el cambio y detectan dinero falso con soluciones automatizadas que mejoran los niveles de servicio y reducen los costos. <\/p>\n      <\/div>\n          <\/div>\n  <\/div>\n<\/section>\n<\/div>\n\n<div class=\"geot-ajax geot-filter\" data-action=\"country_filter\" data-filter=\"\" data-region=\"africa, europe\" data-ex_filter=\"\" data-ex_region=\"\"><section id=\"block_d6a6a49e4685ce63765490ed147d49ee\"\n  class=\"logo-text acf-block alignwide\">\n  <div class=\"logo-text__container\">\n    \n    <div class=\"logo-text__content\">\n            <h2 class=\"logo-text__title h4\">Carga de badges<\/h2>\n      <div class=\"logo-text__body medium\">\n        <p>Estos terminales permiten que los usuarios recarguen ellos mismos sus badges o boletos usando efectivo o tarjeta de cr\u00e9dito. De esta forma, se reduce el tiempo de espera y el riesgo que conlleva el manejo de efectivo.  <\/p>\n      <\/div>\n          <\/div>\n  <\/div>\n<\/section>\n<\/div>\n\n<div class=\"geot-ajax geot-filter\" data-action=\"country_filter\" data-filter=\"\" data-region=\"africa, europe\" data-ex_filter=\"\" data-ex_region=\"\"><section id=\"block_0ffef91734a8533c241834fba98c134c\"\n  class=\"logo-text acf-block alignwide\">\n  <div class=\"logo-text__container\">\n    \n    <div class=\"logo-text__content\">\n            <h2 class=\"logo-text__title h4\">InfoPlus<\/h2>\n      <div class=\"logo-text__body medium\">\n        <p>InfoPlus permite que administre sus tiendas de modo remoto desde su escritorio. Administre elementos de men\u00fa, cuentas de usuario, programaci\u00f3n de empleados, informes, inventarios, etc. Integrado con Cresus, Sage y Winbiz.  <\/p>\n      <\/div>\n          <\/div>\n  <\/div>\n<\/section>\n<\/div>\n\n<div class=\"geot-ajax geot-filter\" data-action=\"country_filter\" data-filter=\"\" data-region=\"south-america\" data-ex_filter=\"\" data-ex_region=\"\"><section id=\"block_f80ecb5e6947df60febe618fc352ef13\"\n  class=\"logo-text acf-block alignwide\">\n  <div class=\"logo-text__container\">\n    \n    <div class=\"logo-text__content\">\n            <h2 class=\"logo-text__title h4\">Nubeis<\/h2>\n      <div class=\"logo-text__body medium\">\n        <p>La facturaci\u00f3n autom\u00e1tica de impuestos Nubeis es el sistema de facturaci\u00f3n electr\u00f3nica de nube m\u00e1s confiable y f\u00e1cil de usar para generar archivos CFDI en formatos PDF y XML autom\u00e1ticamente. Es f\u00e1cil, r\u00e1pido, m\u00f3vil y seguro. <\/p>\n      <\/div>\n          <\/div>\n  <\/div>\n<\/section>\n<\/div>\n<div id=\"block_69819704c98c1a5fff13e1c9f5f9075c\"\n  class=\"text-image text-image--left text-image--contained text-image--shadow text-image--graphic acf-block alignwide\">\n  <div class=\"text-image__container\">\n\n    <div class=\"text-image__content\">\n\n            <h2 class=\"text-image__title\">P\u00f3ngase en contacto con nuestro equipo de soporte<\/h2>\n      \n      \n            <a class=\"button button--arrow\" href=\"https:\/\/web.givex.com\/es\/soporte\/\"\n        target=\"_self\" >Obtenga soporte<\/a>\n      \n    <\/div>\n\n    <figure class=\"text-image__figure text-image__figure--\" role=\"none\">\n      <img loading=\"lazy\" decoding=\"async\" width=\"2048\" height=\"1410\" src=\"https:\/\/web.givex.com\/wp-content\/uploads\/2022\/09\/site-Businesswoman-wearing-headset-while-using-computer-1141989891_7245x4989-e1662585191625.jpg\" class=\"attachment-full size-full\" alt=\"\" \/>    <\/figure>\n\n  <\/div>\n\n<\/div>\n<div id=\"block_5de2f22db7463e1badafeb3f0e1f7877\" class=\"cta acf-block alignwide\">\n\n<div class=\"cta__wrapper\">\n\n\t<div class=\"cta__container\">\n\n\t\t<div class=\"cta__content\">\n\n\t\t\t\t\t\t<h2 class=\"cta__title\">M\u00e1s informaci\u00f3n sobre GivexPOS<\/h2>\n\t\t\t\n\t\t\t\t\t\t<div class=\"cta__body\"><p>Givex ofrece soluciones de PDV f\u00e1ciles de usar, tarjetas de regalo, lealtad y valor almacenado para impulsar las ventas de nuestros clientes, ayudarlos a comprender, recompensar y atraer consumidores, y a tomar mejores decisiones empresariales.<\/p>\n<\/div>\n\t\t\t\n\n\t\t\t\t\t\t<a class=\"button cta__link\" href=\"https:\/\/web.givex.com\/es\/pdv\/\" target=\"_self\" >Conozca m\u00e1s<\/a>\n\t\t\t\n\t\t<\/div>\n\n\t<\/div>\n\n\t<\/div>\n<\/div>\n","protected":false},"excerpt":{"rendered":"","protected":false},"author":35,"featured_media":0,"parent":709,"menu_order":0,"comment_status":"closed","ping_status":"closed","template":"","meta":{"_acf_changed":false,"content-type":"","inline_featured_image":false,"footnotes":""},"class_list":["post-731","page","type-page","status-publish","hentry"],"acf":[],"yoast_head":"<!-- This site is optimized with the Yoast SEO plugin v27.3 - https:\/\/yoast.com\/product\/yoast-seo-wordpress\/ -->\n<title>Shift4 | Soporte y soluciones de terceros para POS<\/title>\n<meta name=\"description\" content=\"Givex ofrece soluciones POS intuitivas, tarjetas de regalo, lealtad y emisi\u00f3n de boletos de valor almacenado que impulsan las ventas para nuestros clientes, ayud\u00e1ndolos a recompensar a sus clientes.\" \/>\n<meta name=\"robots\" content=\"index, follow, max-snippet:-1, max-image-preview:large, max-video-preview:-1\" \/>\n<link rel=\"canonical\" href=\"https:\/\/web.givex.com\/es\/programa-de-socios-givex\/soporte-de-terceros-para-pos\/\" \/>\n<meta property=\"og:locale\" content=\"es_ES\" \/>\n<meta property=\"og:type\" content=\"article\" \/>\n<meta property=\"og:title\" content=\"Shift4 | Soporte y soluciones de terceros para POS\" \/>\n<meta property=\"og:description\" content=\"Givex ofrece soluciones POS intuitivas, tarjetas de regalo, lealtad y emisi\u00f3n de boletos de valor almacenado que impulsan las ventas para nuestros clientes, ayud\u00e1ndolos a recompensar a sus clientes.\" \/>\n<meta property=\"og:url\" content=\"https:\/\/web.givex.com\/es\/programa-de-socios-givex\/soporte-de-terceros-para-pos\/\" \/>\n<meta property=\"og:site_name\" content=\"Shift4\" \/>\n<meta name=\"twitter:card\" content=\"summary_large_image\" \/>\n<meta name=\"twitter:site\" content=\"@GivexCorp\" \/>\n<script type=\"application\/ld+json\" class=\"yoast-schema-graph\">{\"@context\":\"https:\\\/\\\/schema.org\",\"@graph\":[{\"@type\":\"WebPage\",\"@id\":\"https:\\\/\\\/web.givex.com\\\/es\\\/programa-de-socios-givex\\\/soporte-de-terceros-para-pos\\\/\",\"url\":\"https:\\\/\\\/web.givex.com\\\/es\\\/programa-de-socios-givex\\\/soporte-de-terceros-para-pos\\\/\",\"name\":\"Shift4 | Soporte y soluciones de terceros para POS\",\"isPartOf\":{\"@id\":\"https:\\\/\\\/web.givex.com\\\/es\\\/#website\"},\"datePublished\":\"2023-12-21T17:25:52+00:00\",\"description\":\"Givex ofrece soluciones POS intuitivas, tarjetas de regalo, lealtad y emisi\u00f3n de boletos de valor almacenado que impulsan las ventas para nuestros clientes, ayud\u00e1ndolos a recompensar a sus clientes.\",\"breadcrumb\":{\"@id\":\"https:\\\/\\\/web.givex.com\\\/es\\\/programa-de-socios-givex\\\/soporte-de-terceros-para-pos\\\/#breadcrumb\"},\"inLanguage\":\"es\",\"potentialAction\":[{\"@type\":\"ReadAction\",\"target\":[\"https:\\\/\\\/web.givex.com\\\/es\\\/programa-de-socios-givex\\\/soporte-de-terceros-para-pos\\\/\"]}]},{\"@type\":\"BreadcrumbList\",\"@id\":\"https:\\\/\\\/web.givex.com\\\/es\\\/programa-de-socios-givex\\\/soporte-de-terceros-para-pos\\\/#breadcrumb\",\"itemListElement\":[{\"@type\":\"ListItem\",\"position\":1,\"name\":\"Programa de socios Givex\",\"item\":\"https:\\\/\\\/web.givex.com\\\/es\\\/programa-de-socios-givex\\\/\"},{\"@type\":\"ListItem\",\"position\":2,\"name\":\"Soporte de terceros para POS\"}]},{\"@type\":\"WebSite\",\"@id\":\"https:\\\/\\\/web.givex.com\\\/es\\\/#website\",\"url\":\"https:\\\/\\\/web.givex.com\\\/es\\\/\",\"name\":\"Givex\",\"description\":\"Integrate Payments and Commerce Technology\",\"publisher\":{\"@id\":\"https:\\\/\\\/web.givex.com\\\/es\\\/#organization\"},\"potentialAction\":[{\"@type\":\"SearchAction\",\"target\":{\"@type\":\"EntryPoint\",\"urlTemplate\":\"https:\\\/\\\/web.givex.com\\\/es\\\/?s={search_term_string}\"},\"query-input\":{\"@type\":\"PropertyValueSpecification\",\"valueRequired\":true,\"valueName\":\"search_term_string\"}}],\"inLanguage\":\"es\"},{\"@type\":\"Organization\",\"@id\":\"https:\\\/\\\/web.givex.com\\\/es\\\/#organization\",\"name\":\"Givex\",\"url\":\"https:\\\/\\\/web.givex.com\\\/es\\\/\",\"logo\":{\"@type\":\"ImageObject\",\"inLanguage\":\"es\",\"@id\":\"https:\\\/\\\/web.givex.com\\\/es\\\/#\\\/schema\\\/logo\\\/image\\\/\",\"url\":\"https:\\\/\\\/web.givex.com\\\/wp-content\\\/uploads\\\/2024\\\/03\\\/givex-blue-bg.png\",\"contentUrl\":\"https:\\\/\\\/web.givex.com\\\/wp-content\\\/uploads\\\/2024\\\/03\\\/givex-blue-bg.png\",\"width\":1200,\"height\":1200,\"caption\":\"Givex\"},\"image\":{\"@id\":\"https:\\\/\\\/web.givex.com\\\/es\\\/#\\\/schema\\\/logo\\\/image\\\/\"},\"sameAs\":[\"https:\\\/\\\/x.com\\\/GivexCorp\",\"https:\\\/\\\/www.linkedin.com\\\/company\\\/givex\\\/\",\"https:\\\/\\\/www.youtube.com\\\/@givexcorp6643\"]}]}<\/script>\n<!-- \/ Yoast SEO plugin. -->","yoast_head_json":{"title":"Shift4 | Soporte y soluciones de terceros para POS","description":"Givex ofrece soluciones POS intuitivas, tarjetas de regalo, lealtad y emisi\u00f3n de boletos de valor almacenado que impulsan las ventas para nuestros clientes, ayud\u00e1ndolos a recompensar a sus clientes.","robots":{"index":"index","follow":"follow","max-snippet":"max-snippet:-1","max-image-preview":"max-image-preview:large","max-video-preview":"max-video-preview:-1"},"canonical":"https:\/\/web.givex.com\/es\/programa-de-socios-givex\/soporte-de-terceros-para-pos\/","og_locale":"es_ES","og_type":"article","og_title":"Shift4 | Soporte y soluciones de terceros para POS","og_description":"Givex ofrece soluciones POS intuitivas, tarjetas de regalo, lealtad y emisi\u00f3n de boletos de valor almacenado que impulsan las ventas para nuestros clientes, ayud\u00e1ndolos a recompensar a sus clientes.","og_url":"https:\/\/web.givex.com\/es\/programa-de-socios-givex\/soporte-de-terceros-para-pos\/","og_site_name":"Shift4","twitter_card":"summary_large_image","twitter_site":"@GivexCorp","schema":{"@context":"https:\/\/schema.org","@graph":[{"@type":"WebPage","@id":"https:\/\/web.givex.com\/es\/programa-de-socios-givex\/soporte-de-terceros-para-pos\/","url":"https:\/\/web.givex.com\/es\/programa-de-socios-givex\/soporte-de-terceros-para-pos\/","name":"Shift4 | Soporte y soluciones de terceros para POS","isPartOf":{"@id":"https:\/\/web.givex.com\/es\/#website"},"datePublished":"2023-12-21T17:25:52+00:00","description":"Givex ofrece soluciones POS intuitivas, tarjetas de regalo, lealtad y emisi\u00f3n de boletos de valor almacenado que impulsan las ventas para nuestros clientes, ayud\u00e1ndolos a recompensar a sus clientes.","breadcrumb":{"@id":"https:\/\/web.givex.com\/es\/programa-de-socios-givex\/soporte-de-terceros-para-pos\/#breadcrumb"},"inLanguage":"es","potentialAction":[{"@type":"ReadAction","target":["https:\/\/web.givex.com\/es\/programa-de-socios-givex\/soporte-de-terceros-para-pos\/"]}]},{"@type":"BreadcrumbList","@id":"https:\/\/web.givex.com\/es\/programa-de-socios-givex\/soporte-de-terceros-para-pos\/#breadcrumb","itemListElement":[{"@type":"ListItem","position":1,"name":"Programa de socios Givex","item":"https:\/\/web.givex.com\/es\/programa-de-socios-givex\/"},{"@type":"ListItem","position":2,"name":"Soporte de terceros para POS"}]},{"@type":"WebSite","@id":"https:\/\/web.givex.com\/es\/#website","url":"https:\/\/web.givex.com\/es\/","name":"Givex","description":"Integrate Payments and Commerce Technology","publisher":{"@id":"https:\/\/web.givex.com\/es\/#organization"},"potentialAction":[{"@type":"SearchAction","target":{"@type":"EntryPoint","urlTemplate":"https:\/\/web.givex.com\/es\/?s={search_term_string}"},"query-input":{"@type":"PropertyValueSpecification","valueRequired":true,"valueName":"search_term_string"}}],"inLanguage":"es"},{"@type":"Organization","@id":"https:\/\/web.givex.com\/es\/#organization","name":"Givex","url":"https:\/\/web.givex.com\/es\/","logo":{"@type":"ImageObject","inLanguage":"es","@id":"https:\/\/web.givex.com\/es\/#\/schema\/logo\/image\/","url":"https:\/\/web.givex.com\/wp-content\/uploads\/2024\/03\/givex-blue-bg.png","contentUrl":"https:\/\/web.givex.com\/wp-content\/uploads\/2024\/03\/givex-blue-bg.png","width":1200,"height":1200,"caption":"Givex"},"image":{"@id":"https:\/\/web.givex.com\/es\/#\/schema\/logo\/image\/"},"sameAs":["https:\/\/x.com\/GivexCorp","https:\/\/www.linkedin.com\/company\/givex\/","https:\/\/www.youtube.com\/@givexcorp6643"]}]}},"_links":{"self":[{"href":"https:\/\/web.givex.com\/es\/wp-json\/wp\/v2\/pages\/731","targetHints":{"allow":["GET"]}}],"collection":[{"href":"https:\/\/web.givex.com\/es\/wp-json\/wp\/v2\/pages"}],"about":[{"href":"https:\/\/web.givex.com\/es\/wp-json\/wp\/v2\/types\/page"}],"author":[{"embeddable":true,"href":"https:\/\/web.givex.com\/es\/wp-json\/wp\/v2\/users\/35"}],"replies":[{"embeddable":true,"href":"https:\/\/web.givex.com\/es\/wp-json\/wp\/v2\/comments?post=731"}],"version-history":[{"count":12,"href":"https:\/\/web.givex.com\/es\/wp-json\/wp\/v2\/pages\/731\/revisions"}],"predecessor-version":[{"id":13786,"href":"https:\/\/web.givex.com\/es\/wp-json\/wp\/v2\/pages\/731\/revisions\/13786"}],"up":[{"embeddable":true,"href":"https:\/\/web.givex.com\/es\/wp-json\/wp\/v2\/pages\/709"}],"wp:attachment":[{"href":"https:\/\/web.givex.com\/es\/wp-json\/wp\/v2\/media?parent=731"}],"curies":[{"name":"wp","href":"https:\/\/api.w.org\/{rel}","templated":true}]}}