{"id":697,"date":"2023-12-21T12:25:32","date_gmt":"2023-12-21T17:25:32","guid":{"rendered":"https:\/\/web.givex.com\/como-funciona\/"},"modified":"2024-11-08T14:01:16","modified_gmt":"2024-11-08T19:01:16","slug":"como-funciona","status":"publish","type":"page","link":"https:\/\/web.givex.com\/es\/como-funciona\/","title":{"rendered":"C\u00f3mo funciona"},"content":{"rendered":"<div id=\"block_0ad91c70ffd4ebc9c147bd50e2a234db\" class=\"hero acf-block alignfull\">\n\n\t\t<figure class=\"hero__figure hero__figure--top\" data-background-mode=\"transparent\" role=\"none\">\n\t\t\t<img loading=\"lazy\" decoding=\"async\" width=\"1376\" height=\"489\" src=\"https:\/\/web.givex.com\/wp-content\/uploads\/2022\/10\/how-it-works-hero-givex.jpg\" class=\"attachment-full size-full\" alt=\"\" srcset=\"https:\/\/web.givex.com\/wp-content\/uploads\/2022\/10\/how-it-works-hero-givex.jpg 1376w, https:\/\/web.givex.com\/wp-content\/uploads\/2022\/10\/how-it-works-hero-givex-300x107.jpg 300w, https:\/\/web.givex.com\/wp-content\/uploads\/2022\/10\/how-it-works-hero-givex-1024x364.jpg 1024w, https:\/\/web.givex.com\/wp-content\/uploads\/2022\/10\/how-it-works-hero-givex-768x273.jpg 768w\" sizes=\"auto, (max-width: 1376px) 100vw, 1376px\" \/>\t\t<\/figure>\n\n\t<div class=\"hero__container\">\n\n\t\t<div class=\"hero__content\" data-background-mode=\"transparent\">\n\n\t\t\t\t\t<p class=\"hero__eyebrow\">Nuestra plataforma<\/p>\n\t\t\n\t\t\t\t\t\t\t<h1 class=\"hero__title\">C\u00f3mo funciona<\/h1>\n\t\t\t\n\t\t\t\t\t\t\t<div class=\"hero__body\"><p>Givex ofrece soluciones de PDV omnicanal, tarjetas de regalo, lealtad y boletos de valor almacenado para impulsar ventas y ayudar a los clientes a tomar mejores decisiones de negocios.<\/p>\n<\/div>\n\t\t\t\n\t\t\t\n\t\t\t\t\t<\/div>\n\n\t\t\n\t<\/div>\n\n<\/div>\n\n\n\n<section id=\"block_7bda481e0d0c87e9ccd4e73dc9d27969\" class=\"stats acf-block alignfull\">\n\n\t<div class=\"stats__container\">\n\n\t\t<ul class=\"stats__list\" data-grid-columns=\"full\">\n\t\t\t\t<li class=\"stats__list-item\">\n\t\t\t<h3 class=\"stats__score h1\">\n\t\t\t\t15\t\t\t\t<span class=\"stats__title h6\">\n\t\t\t\t\tCentros de datos\t\t\t\t<\/span>\n\t\t\t<\/h3>\n\t\t\t<p class=\"stats__body\">Nuestra tecnolog\u00eda patentada replica datos en dos ubicaciones diferentes para asegurar la disponibilidad del procesamiento de las transacciones.<\/p>\n\t\t<\/li>\n\t\t\t\t<li class=\"stats__list-item\">\n\t\t\t<h3 class=\"stats__score h1\">\n\t\t\t\t99%\t\t\t\t<span class=\"stats__title h6\">\n\t\t\t\t\tde tiempo de actividad\t\t\t\t<\/span>\n\t\t\t<\/h3>\n\t\t\t<p class=\"stats__body\">Nuestra tecnolog\u00eda patentada brinda a nuestros clientes en todo el mundo un tiempo de actividad del 99,9 % con este sistema de conmutaci\u00f3n por error.<\/p>\n\t\t<\/li>\n\t\t\t\t<li class=\"stats__list-item\">\n\t\t\t<h3 class=\"stats__score h1\">\n\t\t\t\t&lt;20\t\t\t\t<span class=\"stats__title h6\">\n\t\t\t\t\tsegundos de espera\t\t\t\t<\/span>\n\t\t\t<\/h3>\n\t\t\t<p class=\"stats__body\">Nos enorgullece la capacidad de nuestro equipo de soporte de responder solicitudes en un tiempo promedio menor que 20 segundos.<\/p>\n\t\t<\/li>\n\t\t\t\t<li class=\"stats__list-item\">\n\t\t\t<h3 class=\"stats__score h1\">\n\t\t\t\t1100+\t\t\t\t<span class=\"stats__title h6\">\n\t\t\t\t\tintegraciones\t\t\t\t<\/span>\n\t\t\t<\/h3>\n\t\t\t<p class=\"stats__body\">A diferencia de otras plataformas, Givex ofrece la libertad de usar nuestras soluciones o integrar soluciones de terceros con perfecci\u00f3n.<\/p>\n\t\t<\/li>\n\t\t\t<\/ul>\n\t\n\t<\/div>\n\n<\/section>\n\n\n<div id=\"block_04acc4854fa959369a50b0303821bdc5\"\n  class=\"text-image text-image--right text-image--contained text-image--shadow acf-block alignwide\">\n  <div class=\"text-image__container\">\n\n    <div class=\"text-image__content\">\n\n            <h2 class=\"text-image__title\">Plataforma tecnol\u00f3gica todo en uno<\/h2>\n      \n            <div class=\"text-image__body\"><p>Givex es una plataforma completa con participaci\u00f3n del cliente basada en la nube global con mayor comprensi\u00f3n de los negocios.<\/p>\n<\/div>\n      \n      \n    <\/div>\n\n    <figure class=\"text-image__figure text-image__figure--center\" role=\"none\">\n      <img loading=\"lazy\" decoding=\"async\" width=\"1553\" height=\"1553\" src=\"https:\/\/web.givex.com\/wp-content\/uploads\/2022\/11\/GVX_EcosystemGraphic-Final-r.jpg\" class=\"attachment-full size-full\" alt=\"\" srcset=\"https:\/\/web.givex.com\/wp-content\/uploads\/2022\/11\/GVX_EcosystemGraphic-Final-r.jpg 1553w, https:\/\/web.givex.com\/wp-content\/uploads\/2022\/11\/GVX_EcosystemGraphic-Final-r-300x300.jpg 300w, https:\/\/web.givex.com\/wp-content\/uploads\/2022\/11\/GVX_EcosystemGraphic-Final-r-1024x1024.jpg 1024w, https:\/\/web.givex.com\/wp-content\/uploads\/2022\/11\/GVX_EcosystemGraphic-Final-r-150x150.jpg 150w, https:\/\/web.givex.com\/wp-content\/uploads\/2022\/11\/GVX_EcosystemGraphic-Final-r-768x768.jpg 768w, https:\/\/web.givex.com\/wp-content\/uploads\/2022\/11\/GVX_EcosystemGraphic-Final-r-1536x1536.jpg 1536w, https:\/\/web.givex.com\/wp-content\/uploads\/2022\/11\/GVX_EcosystemGraphic-Final-r-600x600.jpg 600w\" sizes=\"auto, (max-width: 1553px) 100vw, 1553px\" \/>    <\/figure>\n\n  <\/div>\n\n<\/div>\n\n\n\n<section id=\"block_a2e2c8080bbf66bcb0d20bf435ae34ac\" class=\"background background--ebony acf-block alignfull\">\n\t<div class=\"background__container\">\n\t\t<div class=\"wp-content\">\n\t\t\t\n\n<p class=\"has-text-align-center\">Mire este video para conocer m\u00e1s sobre los productos Givex y c\u00f3mo funcionan juntos para ayudar a nuestros clientes de los sectores minorista, hoteler\u00eda y restaurantes a administrar los negocios con eficiencia.<\/p>\n\n\n\n<figure class=\"wp-block-embed is-type-wp-embed is-provider-wistia-inc wp-block-embed-wistia-inc\"><div class=\"wp-block-embed__wrapper\">\n<iframe loading=\"lazy\" class=\"wp-embedded-content\" sandbox=\"allow-scripts\" security=\"restricted\" title=\"Givex - Explainer (EN) Video\" src=\"https:\/\/fast.wistia.net\/embed\/iframe\/2ib1htej4x?dnt=1#?secret=uvXiv5sMr4\" data-secret=\"uvXiv5sMr4\" frameborder=\"0\" scrolling=\"no\" width=\"500\" height=\"281\"><\/iframe>\n<\/div><\/figure>\n\n\n\t\t<\/div>\n\t<\/div>\n<\/section>\n\n\n<div id=\"block_d99f7029f23c5e62a7cfdded7a2dc9a2\"\n  class=\"text-image text-image--right text-image--contained text-image--shadow text-image--graphic acf-block alignwide\">\n  <div class=\"text-image__container\">\n\n    <div class=\"text-image__content\">\n\n            <h2 class=\"text-image__title\">Seguridad incorporada<\/h2>\n      \n            <div class=\"text-image__body\"><p>Givex proporciona cumplimiento de seguridad sin complicaciones.<\/p>\n<ul>\n<li>Certificaci\u00f3n PCI de nivel 1<\/li>\n<li>Respaldo y replicaci\u00f3n de datos diarios<\/li>\n<li>Supervisi\u00f3n de sistemas las 24 horas del d\u00eda, los 7 d\u00edas de la semana<\/li>\n<\/ul>\n<\/div>\n      \n      \n    <\/div>\n\n    <figure class=\"text-image__figure text-image__figure--\" role=\"none\">\n      <img loading=\"lazy\" decoding=\"async\" width=\"2048\" height=\"1365\" src=\"https:\/\/web.givex.com\/wp-content\/uploads\/2022\/09\/how-it-works-security-00001.jpg\" class=\"attachment-full size-full\" alt=\"\" srcset=\"https:\/\/web.givex.com\/wp-content\/uploads\/2022\/09\/how-it-works-security-00001.jpg 2048w, https:\/\/web.givex.com\/wp-content\/uploads\/2022\/09\/how-it-works-security-00001-300x200.jpg 300w, https:\/\/web.givex.com\/wp-content\/uploads\/2022\/09\/how-it-works-security-00001-1024x683.jpg 1024w, https:\/\/web.givex.com\/wp-content\/uploads\/2022\/09\/how-it-works-security-00001-768x512.jpg 768w, https:\/\/web.givex.com\/wp-content\/uploads\/2022\/09\/how-it-works-security-00001-1536x1024.jpg 1536w\" sizes=\"auto, (max-width: 2048px) 100vw, 2048px\" \/>    <\/figure>\n\n  <\/div>\n\n<\/div>\n\n\n<div id=\"block_33cabdfa1cc8e97e85faffd35767e6f0\"\n  class=\"text-image text-image--left text-image--contained text-image--shadow acf-block alignwide\">\n  <div class=\"text-image__container\">\n\n    <div class=\"text-image__content\">\n\n            <h2 class=\"text-image__title\">Asistencia 24 horas al d\u00eda, 7 d\u00edas a la semana<\/h2>\n      \n            <div class=\"text-image__body\"><p>Nuestro equipo de atenci\u00f3n al cliente est\u00e1 disponible las 24 horas del d\u00eda, los 7 d\u00edas de la semana, por tel\u00e9fono, chat en vivo o portal de clientes.<\/p>\n<\/div>\n      \n            <a class=\"button button--arrow\" href=\"https:\/\/web.givex.com\/es\/soporte\/\"\n        target=\"_self\" >Aprende m\u00e1s<\/a>\n      \n    <\/div>\n\n    <figure class=\"text-image__figure text-image__figure--center\" role=\"none\">\n      <img loading=\"lazy\" decoding=\"async\" width=\"2048\" height=\"1410\" src=\"https:\/\/web.givex.com\/wp-content\/uploads\/2022\/09\/site-Businesswoman-wearing-headset-while-using-computer-1141989891_7245x4989-e1662585191625.jpg\" class=\"attachment-full size-full\" alt=\"\" \/>    <\/figure>\n\n  <\/div>\n\n<\/div>\n\n\n<div id=\"block_90029c061c9d5925bbc7a78d8ec319cf\"\n  class=\"text-image text-image--right text-image--contained text-image--shadow text-image--graphic acf-block alignwide\">\n  <div class=\"text-image__container\">\n\n    <div class=\"text-image__content\">\n\n            <h2 class=\"text-image__title\">An\u00e1lisis robusto<\/h2>\n      \n            <div class=\"text-image__body\"><p>Los an\u00e1lisis en tiempo real ofrecen informaci\u00f3n \u00fanica para guiar decisiones comerciales eficientes.<\/p>\n<\/div>\n      \n      \n    <\/div>\n\n    <figure class=\"text-image__figure text-image__figure--\" role=\"none\">\n      <img loading=\"lazy\" decoding=\"async\" width=\"2048\" height=\"1365\" src=\"https:\/\/web.givex.com\/wp-content\/uploads\/2022\/09\/how-it-works-analytics-00002.jpg\" class=\"attachment-full size-full\" alt=\"\" srcset=\"https:\/\/web.givex.com\/wp-content\/uploads\/2022\/09\/how-it-works-analytics-00002.jpg 2048w, https:\/\/web.givex.com\/wp-content\/uploads\/2022\/09\/how-it-works-analytics-00002-300x200.jpg 300w, https:\/\/web.givex.com\/wp-content\/uploads\/2022\/09\/how-it-works-analytics-00002-1024x683.jpg 1024w, https:\/\/web.givex.com\/wp-content\/uploads\/2022\/09\/how-it-works-analytics-00002-768x512.jpg 768w, https:\/\/web.givex.com\/wp-content\/uploads\/2022\/09\/how-it-works-analytics-00002-1536x1024.jpg 1536w\" sizes=\"auto, (max-width: 2048px) 100vw, 2048px\" \/>    <\/figure>\n\n  <\/div>\n\n<\/div>\n\n\n<div id=\"block_cdbc0d84810180f8b1642e151f1076a3\" class=\"cta acf-block alignwide\">\n\n<div class=\"cta__wrapper\">\n\n\t<div class=\"cta__container\">\n\n\t\t<div class=\"cta__content\">\n\n\t\t\t\t\t\t<h2 class=\"cta__title\">\u00bfListo para empezar?<\/h2>\n\t\t\t\n\t\t\t\t\t\t<div class=\"cta__body\"><p>Reserve una demostraci\u00f3n gratuita y sin compromiso con uno de nuestros expertos y compruebe si Givex es lo que necesita.<\/p>\n<\/div>\n\t\t\t\n\n\t\t\t\t\t\t<a class=\"button cta__link\" href=\"https:\/\/web.givex.com\/es\/reserve-una-demo\/\" target=\"_self\" >Reserve una demo<\/a>\n\t\t\t\n\t\t<\/div>\n\n\t<\/div>\n\n\t<\/div>\n<\/div>\n\n\n\n<section id=\"block_9aeb25223ca3537ea9735f9e5dd63439\" class=\"background background--lavender-x acf-block alignfull\">\n\t<div class=\"background__container\">\n\t\t<div class=\"wp-content\">\n\t\t\t\n<div id=\"block_f47a5b0c702f7293e07c2485e08f0f1c\"\n  class=\"ecosystem acf-block alignwide\">\n  <div class=\"ecosystem__container\">\n        <h2 class=\"ecosystem__title\">Our Comprehensive Tech Ecosystem<\/h2>\n                    <ul class=\"ecosystem__list\">\n            <li class=\"ecosystem__item\">\n                <figure class=\"ecosystem__figure\" role=\"none\">\n          <img loading=\"lazy\" decoding=\"async\" width=\"1\" height=\"1\" src=\"https:\/\/web.givex.com\/wp-content\/uploads\/2022\/09\/pos-nofill-96-1.svg\" class=\"attachment-full size-full\" alt=\"\" \/>        <\/figure>\n        \n        <div class=\"ecosystem__card-content\">\n                    <h3 class=\"ecosystem__card-title\">GivexPOS<\/h3>\n          \n                    <div class=\"ecosystem__card-body\">\n            <p>Manage your business from end to end with inventory control, ordering, payments, engagement tools and more.<\/p>\n          <\/div>\n          \n                    <a class=\"ecosystem__link arrow-link\" href=\"https:\/\/web.givex.com\/givexpos\/\"\n            target=\"_self\" >Learn More<\/a>\n                  <\/div>\n      <\/li>\n            <li class=\"ecosystem__item\">\n                <figure class=\"ecosystem__figure\" role=\"none\">\n          <img loading=\"lazy\" decoding=\"async\" width=\"1\" height=\"1\" src=\"https:\/\/web.givex.com\/wp-content\/uploads\/2022\/09\/gift-cards-nofill-96-1.svg\" class=\"attachment-full size-full\" alt=\"\" \/>        <\/figure>\n        \n        <div class=\"ecosystem__card-content\">\n                    <h3 class=\"ecosystem__card-title\">Gift Cards<\/h3>\n          \n                    <div class=\"ecosystem__card-body\">\n            <p>Increase sales, acquire new customers or create your own branded mobile wallet for convenient payments.<\/p>\n          <\/div>\n          \n                    <a class=\"ecosystem__link arrow-link\" href=\"https:\/\/web.givex.com\/gift-card\/\"\n            target=\"_self\" >Learn More<\/a>\n                  <\/div>\n      <\/li>\n            <li class=\"ecosystem__item\">\n                <figure class=\"ecosystem__figure\" role=\"none\">\n          <img loading=\"lazy\" decoding=\"async\" width=\"1\" height=\"1\" src=\"https:\/\/web.givex.com\/wp-content\/uploads\/2022\/09\/loyalty-nofill-96-1.svg\" class=\"attachment-full size-full\" alt=\"\" \/>        <\/figure>\n        \n        <div class=\"ecosystem__card-content\">\n                    <h3 class=\"ecosystem__card-title\">Loyalty Programs<\/h3>\n          \n                    <div class=\"ecosystem__card-body\">\n            <p>Engage with customers wherever they are with a custom loyalty program with robust features and seamless integration.<\/p>\n          <\/div>\n          \n                    <a class=\"ecosystem__link arrow-link\" href=\"https:\/\/web.givex.com\/loyalty-programs\/\"\n            target=\"_self\" >Learn More<\/a>\n                  <\/div>\n      <\/li>\n            <li class=\"ecosystem__item\">\n                <figure class=\"ecosystem__figure\" role=\"none\">\n          <img loading=\"lazy\" decoding=\"async\" width=\"1\" height=\"1\" src=\"https:\/\/web.givex.com\/wp-content\/uploads\/2022\/09\/ticket-nofill-96.svg\" class=\"attachment-full size-full\" alt=\"\" \/>        <\/figure>\n        \n        <div class=\"ecosystem__card-content\">\n                    <h3 class=\"ecosystem__card-title\">Uptix\u2122 Ticketing<\/h3>\n          \n                    <div class=\"ecosystem__card-body\">\n            <p>Harness powerful analytics to drive revenue and enhance fan experience with cashless concessions and in-game promotions.<\/p>\n          <\/div>\n          \n                    <a class=\"ecosystem__link arrow-link\" href=\"https:\/\/web.givex.com\/uptix-ticketing\/\"\n            target=\"_self\" >Learn More<\/a>\n                  <\/div>\n      <\/li>\n          <\/ul>\n      <\/div>\n<\/div>\n\n\n\t\t<\/div>\n\t<\/div>\n<\/section>\n","protected":false},"excerpt":{"rendered":"","protected":false},"author":25,"featured_media":0,"parent":0,"menu_order":0,"comment_status":"closed","ping_status":"closed","template":"","meta":{"_acf_changed":false,"content-type":"","inline_featured_image":false,"footnotes":""},"class_list":["post-697","page","type-page","status-publish","hentry"],"acf":[],"yoast_head":"<!-- This site is optimized with the Yoast SEO plugin v27.4 - https:\/\/yoast.com\/product\/yoast-seo-wordpress\/ -->\n<title>Shift4 | C\u00f3mo funciona | Soluciones de venta de entradas que impulsan las ventas<\/title>\n<meta name=\"description\" content=\"Givex ofrece POS omnicanal, tarjetas de regalo, lealtad y soluciones de emisi\u00f3n de boletos de valor almacenado para impulsar las ventas y ayudar a nuestros clientes a tomar decisiones comerciales informadas.\" \/>\n<meta name=\"robots\" content=\"index, follow, max-snippet:-1, max-image-preview:large, max-video-preview:-1\" \/>\n<link rel=\"canonical\" href=\"https:\/\/web.givex.com\/es\/como-funciona\/\" \/>\n<meta property=\"og:locale\" content=\"es_ES\" \/>\n<meta property=\"og:type\" content=\"article\" \/>\n<meta property=\"og:title\" content=\"Shift4 | C\u00f3mo funciona | Soluciones de venta de entradas que impulsan las ventas\" \/>\n<meta property=\"og:description\" content=\"Givex ofrece POS omnicanal, tarjetas de regalo, lealtad y soluciones de emisi\u00f3n de boletos de valor almacenado para impulsar las ventas y ayudar a nuestros clientes a tomar decisiones comerciales informadas.\" \/>\n<meta property=\"og:url\" content=\"https:\/\/web.givex.com\/es\/como-funciona\/\" \/>\n<meta property=\"og:site_name\" content=\"Shift4\" \/>\n<meta property=\"article:modified_time\" content=\"2024-11-08T19:01:16+00:00\" \/>\n<meta name=\"twitter:card\" content=\"summary_large_image\" \/>\n<meta name=\"twitter:site\" content=\"@GivexCorp\" \/>\n<script type=\"application\/ld+json\" class=\"yoast-schema-graph\">{\"@context\":\"https:\\\/\\\/schema.org\",\"@graph\":[{\"@type\":\"WebPage\",\"@id\":\"https:\\\/\\\/web.givex.com\\\/es\\\/como-funciona\\\/\",\"url\":\"https:\\\/\\\/web.givex.com\\\/es\\\/como-funciona\\\/\",\"name\":\"Shift4 | C\u00f3mo funciona | Soluciones de venta de entradas que impulsan las ventas\",\"isPartOf\":{\"@id\":\"https:\\\/\\\/web.givex.com\\\/es\\\/#website\"},\"datePublished\":\"2023-12-21T17:25:32+00:00\",\"dateModified\":\"2024-11-08T19:01:16+00:00\",\"description\":\"Givex ofrece POS omnicanal, tarjetas de regalo, lealtad y soluciones de emisi\u00f3n de boletos de valor almacenado para impulsar las ventas y ayudar a nuestros clientes a tomar decisiones comerciales informadas.\",\"inLanguage\":\"es\",\"potentialAction\":[{\"@type\":\"ReadAction\",\"target\":[\"https:\\\/\\\/web.givex.com\\\/es\\\/como-funciona\\\/\"]}]},{\"@type\":\"WebSite\",\"@id\":\"https:\\\/\\\/web.givex.com\\\/es\\\/#website\",\"url\":\"https:\\\/\\\/web.givex.com\\\/es\\\/\",\"name\":\"Givex\",\"description\":\"Integrate Payments and Commerce Technology\",\"publisher\":{\"@id\":\"https:\\\/\\\/web.givex.com\\\/es\\\/#organization\"},\"potentialAction\":[{\"@type\":\"SearchAction\",\"target\":{\"@type\":\"EntryPoint\",\"urlTemplate\":\"https:\\\/\\\/web.givex.com\\\/es\\\/?s={search_term_string}\"},\"query-input\":{\"@type\":\"PropertyValueSpecification\",\"valueRequired\":true,\"valueName\":\"search_term_string\"}}],\"inLanguage\":\"es\"},{\"@type\":\"Organization\",\"@id\":\"https:\\\/\\\/web.givex.com\\\/es\\\/#organization\",\"name\":\"Givex\",\"url\":\"https:\\\/\\\/web.givex.com\\\/es\\\/\",\"logo\":{\"@type\":\"ImageObject\",\"inLanguage\":\"es\",\"@id\":\"https:\\\/\\\/web.givex.com\\\/es\\\/#\\\/schema\\\/logo\\\/image\\\/\",\"url\":\"https:\\\/\\\/web.givex.com\\\/wp-content\\\/uploads\\\/2024\\\/03\\\/givex-blue-bg.png\",\"contentUrl\":\"https:\\\/\\\/web.givex.com\\\/wp-content\\\/uploads\\\/2024\\\/03\\\/givex-blue-bg.png\",\"width\":1200,\"height\":1200,\"caption\":\"Givex\"},\"image\":{\"@id\":\"https:\\\/\\\/web.givex.com\\\/es\\\/#\\\/schema\\\/logo\\\/image\\\/\"},\"sameAs\":[\"https:\\\/\\\/x.com\\\/GivexCorp\",\"https:\\\/\\\/www.linkedin.com\\\/company\\\/givex\\\/\",\"https:\\\/\\\/www.youtube.com\\\/@givexcorp6643\"]}]}<\/script>\n<!-- \/ Yoast SEO plugin. -->","yoast_head_json":{"title":"Shift4 | C\u00f3mo funciona | Soluciones de venta de entradas que impulsan las ventas","description":"Givex ofrece POS omnicanal, tarjetas de regalo, lealtad y soluciones de emisi\u00f3n de boletos de valor almacenado para impulsar las ventas y ayudar a nuestros clientes a tomar decisiones comerciales informadas.","robots":{"index":"index","follow":"follow","max-snippet":"max-snippet:-1","max-image-preview":"max-image-preview:large","max-video-preview":"max-video-preview:-1"},"canonical":"https:\/\/web.givex.com\/es\/como-funciona\/","og_locale":"es_ES","og_type":"article","og_title":"Shift4 | C\u00f3mo funciona | Soluciones de venta de entradas que impulsan las ventas","og_description":"Givex ofrece POS omnicanal, tarjetas de regalo, lealtad y soluciones de emisi\u00f3n de boletos de valor almacenado para impulsar las ventas y ayudar a nuestros clientes a tomar decisiones comerciales informadas.","og_url":"https:\/\/web.givex.com\/es\/como-funciona\/","og_site_name":"Shift4","article_modified_time":"2024-11-08T19:01:16+00:00","twitter_card":"summary_large_image","twitter_site":"@GivexCorp","schema":{"@context":"https:\/\/schema.org","@graph":[{"@type":"WebPage","@id":"https:\/\/web.givex.com\/es\/como-funciona\/","url":"https:\/\/web.givex.com\/es\/como-funciona\/","name":"Shift4 | C\u00f3mo funciona | Soluciones de venta de entradas que impulsan las ventas","isPartOf":{"@id":"https:\/\/web.givex.com\/es\/#website"},"datePublished":"2023-12-21T17:25:32+00:00","dateModified":"2024-11-08T19:01:16+00:00","description":"Givex ofrece POS omnicanal, tarjetas de regalo, lealtad y soluciones de emisi\u00f3n de boletos de valor almacenado para impulsar las ventas y ayudar a nuestros clientes a tomar decisiones comerciales informadas.","inLanguage":"es","potentialAction":[{"@type":"ReadAction","target":["https:\/\/web.givex.com\/es\/como-funciona\/"]}]},{"@type":"WebSite","@id":"https:\/\/web.givex.com\/es\/#website","url":"https:\/\/web.givex.com\/es\/","name":"Givex","description":"Integrate Payments and Commerce Technology","publisher":{"@id":"https:\/\/web.givex.com\/es\/#organization"},"potentialAction":[{"@type":"SearchAction","target":{"@type":"EntryPoint","urlTemplate":"https:\/\/web.givex.com\/es\/?s={search_term_string}"},"query-input":{"@type":"PropertyValueSpecification","valueRequired":true,"valueName":"search_term_string"}}],"inLanguage":"es"},{"@type":"Organization","@id":"https:\/\/web.givex.com\/es\/#organization","name":"Givex","url":"https:\/\/web.givex.com\/es\/","logo":{"@type":"ImageObject","inLanguage":"es","@id":"https:\/\/web.givex.com\/es\/#\/schema\/logo\/image\/","url":"https:\/\/web.givex.com\/wp-content\/uploads\/2024\/03\/givex-blue-bg.png","contentUrl":"https:\/\/web.givex.com\/wp-content\/uploads\/2024\/03\/givex-blue-bg.png","width":1200,"height":1200,"caption":"Givex"},"image":{"@id":"https:\/\/web.givex.com\/es\/#\/schema\/logo\/image\/"},"sameAs":["https:\/\/x.com\/GivexCorp","https:\/\/www.linkedin.com\/company\/givex\/","https:\/\/www.youtube.com\/@givexcorp6643"]}]}},"_links":{"self":[{"href":"https:\/\/web.givex.com\/es\/wp-json\/wp\/v2\/pages\/697","targetHints":{"allow":["GET"]}}],"collection":[{"href":"https:\/\/web.givex.com\/es\/wp-json\/wp\/v2\/pages"}],"about":[{"href":"https:\/\/web.givex.com\/es\/wp-json\/wp\/v2\/types\/page"}],"author":[{"embeddable":true,"href":"https:\/\/web.givex.com\/es\/wp-json\/wp\/v2\/users\/25"}],"replies":[{"embeddable":true,"href":"https:\/\/web.givex.com\/es\/wp-json\/wp\/v2\/comments?post=697"}],"version-history":[{"count":19,"href":"https:\/\/web.givex.com\/es\/wp-json\/wp\/v2\/pages\/697\/revisions"}],"predecessor-version":[{"id":31591,"href":"https:\/\/web.givex.com\/es\/wp-json\/wp\/v2\/pages\/697\/revisions\/31591"}],"wp:attachment":[{"href":"https:\/\/web.givex.com\/es\/wp-json\/wp\/v2\/media?parent=697"}],"curies":[{"name":"wp","href":"https:\/\/api.w.org\/{rel}","templated":true}]}}