{"id":12726,"date":"2023-12-21T12:25:59","date_gmt":"2023-12-21T17:25:59","guid":{"rendered":"https:\/\/web.givex.com\/inicio-de-sesion-de-soporte\/"},"modified":"2023-04-20T15:22:04","modified_gmt":"2023-04-20T15:22:04","slug":"inicio-de-sesion-de-soporte","status":"publish","type":"page","link":"https:\/\/web.givex.com\/es\/inicio-de-sesion-de-soporte\/","title":{"rendered":"Inicio de sesi\u00f3n de soporte"},"content":{"rendered":"<div id=\"block_0c5fa530bbafa15d59266963d544a4b1\" class=\"hero acf-block alignfull\">\n\n\t\t<figure class=\"hero__figure hero__figure--center\" data-background-mode=\"transparent\" role=\"none\">\n\t\t\t<img loading=\"lazy\" decoding=\"async\" width=\"2048\" height=\"1410\" src=\"https:\/\/web.givex.com\/wp-content\/uploads\/2022\/09\/loyalty-programs-top-features-00002.jpg\" class=\"attachment-full size-full\" alt=\"\" srcset=\"https:\/\/web.givex.com\/wp-content\/uploads\/2022\/09\/loyalty-programs-top-features-00002.jpg 2048w, https:\/\/web.givex.com\/wp-content\/uploads\/2022\/09\/loyalty-programs-top-features-00002-300x207.jpg 300w, https:\/\/web.givex.com\/wp-content\/uploads\/2022\/09\/loyalty-programs-top-features-00002-1024x705.jpg 1024w, https:\/\/web.givex.com\/wp-content\/uploads\/2022\/09\/loyalty-programs-top-features-00002-768x529.jpg 768w, https:\/\/web.givex.com\/wp-content\/uploads\/2022\/09\/loyalty-programs-top-features-00002-1536x1058.jpg 1536w\" sizes=\"auto, (max-width: 2048px) 100vw, 2048px\" \/>\t\t<\/figure>\n\n\t<div class=\"hero__container\">\n\n\t\t<div class=\"hero__content\" data-background-mode=\"transparent\">\n\n\t\t\t\t\t<p class=\"hero__eyebrow\">Asistencia 24 horas al d\u00eda, 7 d\u00edas a la semana<\/p>\n\t\t\n\t\t\t\t\t\t\t<h1 class=\"hero__title\">Portal de soporte remoto en l\u00ednea<\/h1>\n\t\t\t\n\t\t\t\t\t\t\t<div class=\"hero__body\"><p>Lo que un usuario obtendr\u00e1 de una demostraci\u00f3n y una expectativa de cu\u00e1ndo recibir\u00e1 una respuesta. Separados viven en Bookmarks justo en la costa. Separados viven en Bookmarks justo en la costa.<\/p>\n<\/div>\n\t\t\t\n\t\t\t\n\t\t\t\t\t<\/div>\n\n\t\t\n\t<\/div>\n\n<\/div>\n\n<div class=\"wp-block-group\"><div class=\"wp-block-group__inner-container is-layout-flow wp-block-group-is-layout-flow\">\n<iframe src=\"https:\/\/givex.screenconnect.com\/\" style=\"width: 100%; height: 500px; border-width:0px;\"><\/iframe>\n<\/div><\/div>\n","protected":false},"excerpt":{"rendered":"","protected":false},"author":25,"featured_media":0,"parent":0,"menu_order":0,"comment_status":"closed","ping_status":"closed","template":"","meta":{"_acf_changed":false,"content-type":"","inline_featured_image":false,"footnotes":""},"class_list":["post-12726","page","type-page","status-publish","hentry"],"acf":[],"yoast_head":"<!-- This site is optimized with the Yoast SEO plugin v27.3 - https:\/\/yoast.com\/product\/yoast-seo-wordpress\/ -->\n<title>Shift4 | Acceso | Inicio de sesi\u00f3n en el sitio administrativo<\/title>\n<meta name=\"description\" content=\"Bienvenido al sitio web administrativo de Givex. Haga clic aqu\u00ed para obtener acceso a los informes de Givex, procesar transacciones y administrar elementos de su programa de tarjetas.\" \/>\n<meta name=\"robots\" content=\"index, follow, max-snippet:-1, max-image-preview:large, max-video-preview:-1\" \/>\n<link rel=\"canonical\" href=\"https:\/\/web.givex.com\/es\/inicio-de-sesion-de-soporte\/\" \/>\n<meta property=\"og:locale\" content=\"es_ES\" \/>\n<meta property=\"og:type\" content=\"article\" \/>\n<meta property=\"og:title\" content=\"Shift4 | Acceso | Inicio de sesi\u00f3n en el sitio administrativo\" \/>\n<meta property=\"og:description\" content=\"Bienvenido al sitio web administrativo de Givex. Haga clic aqu\u00ed para obtener acceso a los informes de Givex, procesar transacciones y administrar elementos de su programa de tarjetas.\" \/>\n<meta property=\"og:url\" content=\"https:\/\/web.givex.com\/es\/inicio-de-sesion-de-soporte\/\" \/>\n<meta property=\"og:site_name\" content=\"Shift4\" \/>\n<meta name=\"twitter:card\" content=\"summary_large_image\" \/>\n<meta name=\"twitter:site\" content=\"@GivexCorp\" \/>\n<script type=\"application\/ld+json\" class=\"yoast-schema-graph\">{\"@context\":\"https:\\\/\\\/schema.org\",\"@graph\":[{\"@type\":\"WebPage\",\"@id\":\"https:\\\/\\\/web.givex.com\\\/es\\\/inicio-de-sesion-de-soporte\\\/\",\"url\":\"https:\\\/\\\/web.givex.com\\\/es\\\/inicio-de-sesion-de-soporte\\\/\",\"name\":\"Shift4 | Acceso | Inicio de sesi\u00f3n en el sitio administrativo\",\"isPartOf\":{\"@id\":\"https:\\\/\\\/web.givex.com\\\/es\\\/#website\"},\"datePublished\":\"2023-12-21T17:25:59+00:00\",\"description\":\"Bienvenido al sitio web administrativo de Givex. Haga clic aqu\u00ed para obtener acceso a los informes de Givex, procesar transacciones y administrar elementos de su programa de tarjetas.\",\"inLanguage\":\"es\",\"potentialAction\":[{\"@type\":\"ReadAction\",\"target\":[\"https:\\\/\\\/web.givex.com\\\/es\\\/inicio-de-sesion-de-soporte\\\/\"]}]},{\"@type\":\"WebSite\",\"@id\":\"https:\\\/\\\/web.givex.com\\\/es\\\/#website\",\"url\":\"https:\\\/\\\/web.givex.com\\\/es\\\/\",\"name\":\"Givex\",\"description\":\"Integrate Payments and Commerce Technology\",\"publisher\":{\"@id\":\"https:\\\/\\\/web.givex.com\\\/es\\\/#organization\"},\"potentialAction\":[{\"@type\":\"SearchAction\",\"target\":{\"@type\":\"EntryPoint\",\"urlTemplate\":\"https:\\\/\\\/web.givex.com\\\/es\\\/?s={search_term_string}\"},\"query-input\":{\"@type\":\"PropertyValueSpecification\",\"valueRequired\":true,\"valueName\":\"search_term_string\"}}],\"inLanguage\":\"es\"},{\"@type\":\"Organization\",\"@id\":\"https:\\\/\\\/web.givex.com\\\/es\\\/#organization\",\"name\":\"Givex\",\"url\":\"https:\\\/\\\/web.givex.com\\\/es\\\/\",\"logo\":{\"@type\":\"ImageObject\",\"inLanguage\":\"es\",\"@id\":\"https:\\\/\\\/web.givex.com\\\/es\\\/#\\\/schema\\\/logo\\\/image\\\/\",\"url\":\"https:\\\/\\\/web.givex.com\\\/wp-content\\\/uploads\\\/2024\\\/03\\\/givex-blue-bg.png\",\"contentUrl\":\"https:\\\/\\\/web.givex.com\\\/wp-content\\\/uploads\\\/2024\\\/03\\\/givex-blue-bg.png\",\"width\":1200,\"height\":1200,\"caption\":\"Givex\"},\"image\":{\"@id\":\"https:\\\/\\\/web.givex.com\\\/es\\\/#\\\/schema\\\/logo\\\/image\\\/\"},\"sameAs\":[\"https:\\\/\\\/x.com\\\/GivexCorp\",\"https:\\\/\\\/www.linkedin.com\\\/company\\\/givex\\\/\",\"https:\\\/\\\/www.youtube.com\\\/@givexcorp6643\"]}]}<\/script>\n<!-- \/ Yoast SEO plugin. -->","yoast_head_json":{"title":"Shift4 | Acceso | Inicio de sesi\u00f3n en el sitio administrativo","description":"Bienvenido al sitio web administrativo de Givex. Haga clic aqu\u00ed para obtener acceso a los informes de Givex, procesar transacciones y administrar elementos de su programa de tarjetas.","robots":{"index":"index","follow":"follow","max-snippet":"max-snippet:-1","max-image-preview":"max-image-preview:large","max-video-preview":"max-video-preview:-1"},"canonical":"https:\/\/web.givex.com\/es\/inicio-de-sesion-de-soporte\/","og_locale":"es_ES","og_type":"article","og_title":"Shift4 | Acceso | Inicio de sesi\u00f3n en el sitio administrativo","og_description":"Bienvenido al sitio web administrativo de Givex. Haga clic aqu\u00ed para obtener acceso a los informes de Givex, procesar transacciones y administrar elementos de su programa de tarjetas.","og_url":"https:\/\/web.givex.com\/es\/inicio-de-sesion-de-soporte\/","og_site_name":"Shift4","twitter_card":"summary_large_image","twitter_site":"@GivexCorp","schema":{"@context":"https:\/\/schema.org","@graph":[{"@type":"WebPage","@id":"https:\/\/web.givex.com\/es\/inicio-de-sesion-de-soporte\/","url":"https:\/\/web.givex.com\/es\/inicio-de-sesion-de-soporte\/","name":"Shift4 | Acceso | Inicio de sesi\u00f3n en el sitio administrativo","isPartOf":{"@id":"https:\/\/web.givex.com\/es\/#website"},"datePublished":"2023-12-21T17:25:59+00:00","description":"Bienvenido al sitio web administrativo de Givex. Haga clic aqu\u00ed para obtener acceso a los informes de Givex, procesar transacciones y administrar elementos de su programa de tarjetas.","inLanguage":"es","potentialAction":[{"@type":"ReadAction","target":["https:\/\/web.givex.com\/es\/inicio-de-sesion-de-soporte\/"]}]},{"@type":"WebSite","@id":"https:\/\/web.givex.com\/es\/#website","url":"https:\/\/web.givex.com\/es\/","name":"Givex","description":"Integrate Payments and Commerce Technology","publisher":{"@id":"https:\/\/web.givex.com\/es\/#organization"},"potentialAction":[{"@type":"SearchAction","target":{"@type":"EntryPoint","urlTemplate":"https:\/\/web.givex.com\/es\/?s={search_term_string}"},"query-input":{"@type":"PropertyValueSpecification","valueRequired":true,"valueName":"search_term_string"}}],"inLanguage":"es"},{"@type":"Organization","@id":"https:\/\/web.givex.com\/es\/#organization","name":"Givex","url":"https:\/\/web.givex.com\/es\/","logo":{"@type":"ImageObject","inLanguage":"es","@id":"https:\/\/web.givex.com\/es\/#\/schema\/logo\/image\/","url":"https:\/\/web.givex.com\/wp-content\/uploads\/2024\/03\/givex-blue-bg.png","contentUrl":"https:\/\/web.givex.com\/wp-content\/uploads\/2024\/03\/givex-blue-bg.png","width":1200,"height":1200,"caption":"Givex"},"image":{"@id":"https:\/\/web.givex.com\/es\/#\/schema\/logo\/image\/"},"sameAs":["https:\/\/x.com\/GivexCorp","https:\/\/www.linkedin.com\/company\/givex\/","https:\/\/www.youtube.com\/@givexcorp6643"]}]}},"_links":{"self":[{"href":"https:\/\/web.givex.com\/es\/wp-json\/wp\/v2\/pages\/12726","targetHints":{"allow":["GET"]}}],"collection":[{"href":"https:\/\/web.givex.com\/es\/wp-json\/wp\/v2\/pages"}],"about":[{"href":"https:\/\/web.givex.com\/es\/wp-json\/wp\/v2\/types\/page"}],"author":[{"embeddable":true,"href":"https:\/\/web.givex.com\/es\/wp-json\/wp\/v2\/users\/25"}],"replies":[{"embeddable":true,"href":"https:\/\/web.givex.com\/es\/wp-json\/wp\/v2\/comments?post=12726"}],"version-history":[{"count":6,"href":"https:\/\/web.givex.com\/es\/wp-json\/wp\/v2\/pages\/12726\/revisions"}],"predecessor-version":[{"id":13680,"href":"https:\/\/web.givex.com\/es\/wp-json\/wp\/v2\/pages\/12726\/revisions\/13680"}],"wp:attachment":[{"href":"https:\/\/web.givex.com\/es\/wp-json\/wp\/v2\/media?parent=12726"}],"curies":[{"name":"wp","href":"https:\/\/api.w.org\/{rel}","templated":true}]}}