{"id":18351,"date":"2023-12-21T12:25:54","date_gmt":"2023-12-21T17:25:54","guid":{"rendered":"https:\/\/web.givex.com\/politica-de-privacidad\/"},"modified":"2023-05-30T15:17:26","modified_gmt":"2023-05-30T15:17:26","slug":"politica-de-privacidad","status":"publish","type":"page","link":"https:\/\/web.givex.com\/es-mx\/politica-de-privacidad\/","title":{"rendered":"Pol\u00edtica de privacidad"},"content":{"rendered":"<div id=\"block_9e0262ae301b66e1e06764f57aa04a34\" class=\"hero acf-block alignfull\">\n\n\t\t<figure class=\"hero__figure hero__figure--center\" data-background-mode=\"transparent\" role=\"none\">\n\t\t\t<img loading=\"lazy\" decoding=\"async\" width=\"2048\" height=\"1380\" src=\"https:\/\/web.givex.com\/wp-content\/uploads\/2022\/09\/home-featured-announcement-00003.jpg\" class=\"attachment-full size-full\" alt=\"\" srcset=\"https:\/\/web.givex.com\/wp-content\/uploads\/2022\/09\/home-featured-announcement-00003.jpg 2048w, https:\/\/web.givex.com\/wp-content\/uploads\/2022\/09\/home-featured-announcement-00003-300x202.jpg 300w, https:\/\/web.givex.com\/wp-content\/uploads\/2022\/09\/home-featured-announcement-00003-1024x690.jpg 1024w, https:\/\/web.givex.com\/wp-content\/uploads\/2022\/09\/home-featured-announcement-00003-768x518.jpg 768w, https:\/\/web.givex.com\/wp-content\/uploads\/2022\/09\/home-featured-announcement-00003-1536x1035.jpg 1536w\" sizes=\"auto, (max-width: 2048px) 100vw, 2048px\" \/>\t\t<\/figure>\n\n\t<div class=\"hero__container\">\n\n\t\t<div class=\"hero__content\" data-background-mode=\"transparent\">\n\n\t\t\n\t\t\t\t\t\t\t<h1 class=\"hero__title\">Pol\u00edtica de privacidad<\/h1>\n\t\t\t\n\t\t\t\n\t\t\t\n\t\t\t\t\t<\/div>\n\n\t\t\n\t<\/div>\n\n<\/div>\n\n\n\n<h2 class=\"wp-block-heading\">Su consentimiento a esta pol\u00edtica de privacidad<\/h2>\n\n\n\n<p>Al usar nuestro sitio web, significa que est\u00e1 de acuerdo con los t\u00e9rminos de nuestra Pol\u00edtica de privacidad actual tal como se publica en esta \u00e1rea del sitio. Si no est\u00e1 de acuerdo con alg\u00fan t\u00e9rmino de esta Pol\u00edtica, no utilice el sitio.<\/p>\n\n\n\n<h3 class=\"wp-block-heading\">Recopilaci\u00f3n de informaci\u00f3n personal<\/h3>\n\n\n\n<p>Tal como se usa en esta Pol\u00edtica de privacidad, &#8220;Informaci\u00f3n personal&#8221; significa informaci\u00f3n de identificaci\u00f3n personal que incluye, entre otros, su nombre, direcci\u00f3n, n\u00famero de tel\u00e9fono, nombre de pantalla y direcci\u00f3n de correo electr\u00f3nico.<\/p>\n\n\n\n<p>A lo largo de este sitio, es posible que se le solicite informaci\u00f3n personal para que pueda registrarse en un servicio, enviar certificados de regalo electr\u00f3nicos, solicitar informaci\u00f3n o correos, comprarnos un producto o servicio, completar una encuesta o por una variedad de otras razones. Tenga la seguridad de que Givex no recopilar\u00e1 ninguna informaci\u00f3n personal de este sitio a menos y hasta que nos proporcione esta informaci\u00f3n voluntariamente.<\/p>\n\n\n\n<p>Este sitio tambi\u00e9n puede recopilar informaci\u00f3n personal de usted acerca de un tercero (por ejemplo, cuando env\u00eda un certificado de regalo electr\u00f3nico a una persona, necesitaremos que proporcione el nombre y el correo electr\u00f3nico o la direcci\u00f3n postal del destinatario). Tenga en cuenta que utilizamos dicha informaci\u00f3n solo para el prop\u00f3sito especificado (p. ej., para enviar el certificado de regalo electr\u00f3nico) y no nos pondremos en contacto con el tercero nuevamente por correo electr\u00f3nico a menos y hasta que el tercero se comunique con nosotros.<\/p>\n\n\n\n<p>Si no desea que tengamos acceso a su informaci\u00f3n personal, no la proporcione mientras utiliza nuestro sitio. Cuando nos proporciona Informaci\u00f3n personal, nos autoriza a usar esa informaci\u00f3n de acuerdo con los t\u00e9rminos de esta Pol\u00edtica de privacidad, incluido su derecho a limitar nuestro uso de la Informaci\u00f3n personal (consulte &#8220;A qui\u00e9n contactar&#8221; a continuaci\u00f3n).<\/p>\n\n\n\n<h3 class=\"wp-block-heading\">C\u00f3mo usamos su informaci\u00f3n<\/h3>\n\n\n\n<p>Cuando proporcione informaci\u00f3n personal en este sitio web, Givex la utilizar\u00e1 para el prop\u00f3sito expreso para el que se recopil\u00f3 (p. ej., para participar en un concurso o para enviarle informaci\u00f3n).<\/p>\n\n\n\n<h3 class=\"wp-block-heading\">Otra informaci\u00f3n que podemos recopilar<\/h3>\n\n\n\n<p>Givex puede recopilar otra informaci\u00f3n sobre usted durante su visita a nuestro sitio, pero esta informaci\u00f3n no se vincular\u00e1 con su informaci\u00f3n personal (es decir, se recopila solo en conjunto en relaci\u00f3n con todos los usuarios de nuestro sitio y no ser\u00e1 vinculado a usted personalmente). Dicha informaci\u00f3n puede incluir:<\/p>\n\n\n\n<ul class=\"wp-block-list\">\n<li>informaci\u00f3n sobre su computadora, como su direcci\u00f3n IP (un n\u00famero asignado a su computadora cada vez que usa Internet), el tipo de navegador de Internet que est\u00e1 usando, el tipo de sistema operativo de la computadora que est\u00e1 usando y el nombre de dominio de la web sitio desde el que se vincul\u00f3 a nuestro sitio;<\/li>\n\n\n\n<li>informaci\u00f3n sobre las \u00e1reas que visita en nuestro sitio web;<\/li>\n\n\n\n<li>informaci\u00f3n sobre los productos o servicios que compra a trav\u00e9s de nuestro sitio web.<\/li>\n<\/ul>\n\n\n\n<h3 class=\"wp-block-heading\">Cookies<\/h3>\n\n\n\n<p>Las cookies son archivos o piezas de informaci\u00f3n que pueden almacenarse en el disco duro de su computadora cuando visita un sitio web.e. Givex puede usar cookies para mostrar c\u00f3mo y cu\u00e1ndo un usuario visita \u00e1reas dentro de nuestro sitio para que podamos ver qu\u00e9 \u00e1reas son populares y cu\u00e1les pueden necesitar mejoras. Tambi\u00e9n usamos cookies para ayudar a acelerar sus futuras actividades en nuestro sitio porque la computadora recordar\u00e1 que usted ya nos ha proporcionado informaci\u00f3n personal. Givex no comparte la informaci\u00f3n personal obtenida a trav\u00e9s de las cookies con terceros.<\/p>\n\n\n\n<p>La mayor\u00eda de los navegadores est\u00e1n configurados para aceptar cookies. Si lo prefiere, puede configurar el suyo para que rechace las cookies o le avise cuando se env\u00eden cookies.<\/p>\n\n\n\n<h2 class=\"wp-block-heading\">C\u00f3mo usamos tu informaci\u00f3n personal<\/h2>\n\n\n\n<h3 class=\"wp-block-heading\">No compartimos con terceros<\/h3>\n\n\n\n<p>Givex no comparte ninguna Informaci\u00f3n personal con terceros, excepto seg\u00fan lo dispuesto en esta Pol\u00edtica.<\/p>\n\n\n\n<p>En ocasiones, podemos contratar a terceros para que act\u00faen como nuestros agentes para analizar los datos que recopilamos en nuestros sitios web, incluida la informaci\u00f3n personal, \u00fanicamente para ayudarnos a mejorar nuestros productos y nuestros sitios web (por ejemplo, si solicita una muestra, una empresa de investigaci\u00f3n de mercado contratada por nosotros, puede comunicarse con usted en relaci\u00f3n con su experiencia con el producto). Adem\u00e1s, si nos solicita un producto o servicio, podemos compartir informaci\u00f3n personal con proveedores y otros terceros para permitir la entrega de dicho producto o servicio. Estos proveedores y otros terceros no est\u00e1n autorizados por nosotros para usar su informaci\u00f3n personal de ninguna otra manera.<\/p>\n\n\n\n<p>Finalmente, tenga en cuenta que divulgaremos informaci\u00f3n personal si, en nuestra opini\u00f3n, estamos obligados o autorizados a hacerlo por ley o de conformidad con ella, o por una orden de allanamiento, citaci\u00f3n, orden judicial u otro proceso legal..<\/p>\n\n\n\n<h3 class=\"wp-block-heading\">Mailings y otros contactos<\/h3>\n\n\n\n<p>Givex no utilizar\u00e1 su informaci\u00f3n personal para enviarle correos o contactarlo de otro modo a menos que nos haya autorizado expresamente a hacerlo. Adem\u00e1s, en cualquier momento puede informarnos que desea interrumpir dichos env\u00edos o contactos (consulte &#8220;A qui\u00e9n contactar&#8221; a continuaci\u00f3n).<\/p>\n\n\n\n<h3 class=\"wp-block-heading\">Ni\u00f1os<\/h3>\n\n\n\n<p>Givex se compromete a proteger la privacidad en l\u00ednea de los ni\u00f1os, incluidos los adolescentes, y a hacer que Internet sea seguro para nuestros usuarios. Con ese fin, los ni\u00f1os menores de 18 a\u00f1os no deben enviar ni publicar informaci\u00f3n en este sitio sin el permiso de sus padres o tutores. Adem\u00e1s, si un usuario menor de 18 a\u00f1os desea enviarnos informaci\u00f3n personal, primero debe darnos la direcci\u00f3n de correo electr\u00f3nico de sus padres o tutores para que podamos obtener su permiso. No se aceptar\u00e1 a sabiendas informaci\u00f3n personal de un ni\u00f1o menor de 18 a\u00f1os antes de obtener este permiso.<\/p>\n\n\n\n<p>Si su hijo ya nos ha proporcionado informaci\u00f3n personal, puede solicitar ver esta informaci\u00f3n con el fin de corregirla, o pedirnos que eliminemos esta informaci\u00f3n de nuestros registros por completo (consulte &#8220;A qui\u00e9n contactar&#8221; a continuaci\u00f3n)&#8221;.<\/p>\n\n\n\n<h3 class=\"wp-block-heading\">Informacion de seguridad<\/h3>\n\n\n\n<p>Utilizamos tecnolog\u00eda de punta para mantener su informaci\u00f3n personal lo m\u00e1s segura posible. El acceso a su informaci\u00f3n personal est\u00e1 permitido entre nuestros empleados solo cuando sea necesario, y cualquier contratista externo con acceso a dicha informaci\u00f3n debe firmar primero un acuerdo de confidencialidad con nosotros.<\/p>\n\n\n\n<h3 class=\"wp-block-heading\">Cambios en nuestra pol\u00edtica<\/h3>\n\n\n\n<p>Givex se reserva el derecho de cambiar o eliminar esta Pol\u00edtica de privacidad a nuestra discreci\u00f3n. Cada vez que hagamos alguna modificaci\u00f3n a esta Pol\u00edtica de privacidad, publicaremos los cambios aqu\u00ed. Le recomendamos que visite esta \u00e1rea con frecuencia para mantenerse informado.<\/p>\n\n\n\n<h3 class=\"wp-block-heading\">A qui\u00e9n contactar<\/h3>\n\n\n\n<p>Por favor, escr\u00edbanos a <a href=\"mailto:privacy-officer@givex.com\" target=\"_blank\" rel=\"noreferrer noopener\">privacy-officer@givex.com<\/a> o a la atenci\u00f3n de Privacy Officer, Givex, 1400-134 Peter St., Toronto, Ontario, M5V 2H2 si tiene alg\u00fan comentario o pregunta sobre esta Pol\u00edtica de Privacidad, o para realizar alguna de las siguientes acciones:<\/p>\n\n\n\n<ul class=\"wp-block-list\">\n<li>para ver la informaci\u00f3n personal que ya nos ha enviado para que pueda corregirla o actualizarla;<\/li>\n\n\n\n<li>solicitar que eliminemos su informaci\u00f3n personal de nuestros registros;<\/li>\n\n\n\n<li>para corregir o actualizar la Informaci\u00f3n personal que su hijo menor de 18 a\u00f1os nos ha enviado;<\/li>\n\n\n\n<li>solicitar que eliminemos de nuestros registros la informaci\u00f3n personal que su hijo menor de 13 a\u00f1os nos haya enviado;<\/li>\n\n\n\n<li>para solicitar que no le enviemos correos ni nos comuniquemos con usted;<\/li>\n\n\n\n<li>para reportar cualquier violaci\u00f3n de la Pol\u00edtica de Privacidad.<\/li>\n<\/ul>\n\n\n\n<p>Una vez m\u00e1s, Givex se compromete a proteger su privacidad en relaci\u00f3n con este sitio web. No dude en ponerse en contacto con nosotros si tiene alguna pregunta, comentario o inquietud sobre esta Pol\u00edtica de privacidad.<\/p>\n\n\n\n<div style=\"height:5px\" aria-hidden=\"true\" class=\"wp-block-spacer\"><\/div>\n","protected":false},"excerpt":{"rendered":"<p>Su consentimiento a esta pol\u00edtica de privacidad Al usar nuestro sitio web, significa que est\u00e1 de acuerdo con los t\u00e9rminos de nuestra Pol\u00edtica de privacidad actual tal como se publica en esta \u00e1rea del sitio. Si no est\u00e1 de acuerdo con alg\u00fan t\u00e9rmino de esta Pol\u00edtica, no utilice el sitio. Recopilaci\u00f3n de informaci\u00f3n personal Tal [&hellip;]<\/p>\n","protected":false},"author":25,"featured_media":0,"parent":0,"menu_order":0,"comment_status":"closed","ping_status":"closed","template":"","meta":{"_acf_changed":false,"content-type":"","inline_featured_image":false,"footnotes":""},"class_list":["post-18351","page","type-page","status-publish","hentry"],"acf":[],"yoast_head":"<!-- This site is optimized with the Yoast SEO plugin v27.3 - https:\/\/yoast.com\/product\/yoast-seo-wordpress\/ -->\n<title>Shift4 | Pol\u00edtica de privacidad<\/title>\n<meta name=\"description\" content=\"Al utilizar este sitio web, acepta la recopilaci\u00f3n y el uso de informaci\u00f3n de acuerdo con nuestra Pol\u00edtica de privacidad.\" \/>\n<meta name=\"robots\" content=\"index, follow, max-snippet:-1, max-image-preview:large, max-video-preview:-1\" \/>\n<link rel=\"canonical\" href=\"https:\/\/web.givex.com\/es-mx\/politica-de-privacidad\/\" \/>\n<meta property=\"og:locale\" content=\"es_MX\" \/>\n<meta property=\"og:type\" content=\"article\" \/>\n<meta property=\"og:title\" content=\"Shift4 | Pol\u00edtica de privacidad\" \/>\n<meta property=\"og:description\" content=\"Al utilizar este sitio web, acepta la recopilaci\u00f3n y el uso de informaci\u00f3n de acuerdo con nuestra Pol\u00edtica de privacidad.\" \/>\n<meta property=\"og:url\" content=\"https:\/\/web.givex.com\/es-mx\/politica-de-privacidad\/\" \/>\n<meta property=\"og:site_name\" content=\"Shift4\" \/>\n<meta name=\"twitter:card\" content=\"summary_large_image\" \/>\n<meta name=\"twitter:site\" content=\"@GivexCorp\" \/>\n<script type=\"application\/ld+json\" class=\"yoast-schema-graph\">{\"@context\":\"https:\\\/\\\/schema.org\",\"@graph\":[{\"@type\":\"WebPage\",\"@id\":\"https:\\\/\\\/web.givex.com\\\/es-mx\\\/politica-de-privacidad\\\/\",\"url\":\"https:\\\/\\\/web.givex.com\\\/es-mx\\\/politica-de-privacidad\\\/\",\"name\":\"Shift4 | Pol\u00edtica de privacidad\",\"isPartOf\":{\"@id\":\"https:\\\/\\\/web.givex.com\\\/es-mx\\\/#website\"},\"datePublished\":\"2023-12-21T17:25:54+00:00\",\"description\":\"Al utilizar este sitio web, acepta la recopilaci\u00f3n y el uso de informaci\u00f3n de acuerdo con nuestra Pol\u00edtica de privacidad.\",\"inLanguage\":\"es\",\"potentialAction\":[{\"@type\":\"ReadAction\",\"target\":[\"https:\\\/\\\/web.givex.com\\\/es-mx\\\/politica-de-privacidad\\\/\"]}]},{\"@type\":\"WebSite\",\"@id\":\"https:\\\/\\\/web.givex.com\\\/es-mx\\\/#website\",\"url\":\"https:\\\/\\\/web.givex.com\\\/es-mx\\\/\",\"name\":\"Givex\",\"description\":\"Integrate Payments and Commerce Technology\",\"publisher\":{\"@id\":\"https:\\\/\\\/web.givex.com\\\/es-mx\\\/#organization\"},\"potentialAction\":[{\"@type\":\"SearchAction\",\"target\":{\"@type\":\"EntryPoint\",\"urlTemplate\":\"https:\\\/\\\/web.givex.com\\\/es-mx\\\/?s={search_term_string}\"},\"query-input\":{\"@type\":\"PropertyValueSpecification\",\"valueRequired\":true,\"valueName\":\"search_term_string\"}}],\"inLanguage\":\"es\"},{\"@type\":\"Organization\",\"@id\":\"https:\\\/\\\/web.givex.com\\\/es-mx\\\/#organization\",\"name\":\"Givex\",\"url\":\"https:\\\/\\\/web.givex.com\\\/es-mx\\\/\",\"logo\":{\"@type\":\"ImageObject\",\"inLanguage\":\"es\",\"@id\":\"https:\\\/\\\/web.givex.com\\\/es-mx\\\/#\\\/schema\\\/logo\\\/image\\\/\",\"url\":\"https:\\\/\\\/web.givex.com\\\/wp-content\\\/uploads\\\/2024\\\/03\\\/givex-blue-bg.png\",\"contentUrl\":\"https:\\\/\\\/web.givex.com\\\/wp-content\\\/uploads\\\/2024\\\/03\\\/givex-blue-bg.png\",\"width\":1200,\"height\":1200,\"caption\":\"Givex\"},\"image\":{\"@id\":\"https:\\\/\\\/web.givex.com\\\/es-mx\\\/#\\\/schema\\\/logo\\\/image\\\/\"},\"sameAs\":[\"https:\\\/\\\/x.com\\\/GivexCorp\",\"https:\\\/\\\/www.linkedin.com\\\/company\\\/givex\\\/\",\"https:\\\/\\\/www.youtube.com\\\/@givexcorp6643\"]}]}<\/script>\n<!-- \/ Yoast SEO plugin. -->","yoast_head_json":{"title":"Shift4 | Pol\u00edtica de privacidad","description":"Al utilizar este sitio web, acepta la recopilaci\u00f3n y el uso de informaci\u00f3n de acuerdo con nuestra Pol\u00edtica de privacidad.","robots":{"index":"index","follow":"follow","max-snippet":"max-snippet:-1","max-image-preview":"max-image-preview:large","max-video-preview":"max-video-preview:-1"},"canonical":"https:\/\/web.givex.com\/es-mx\/politica-de-privacidad\/","og_locale":"es_MX","og_type":"article","og_title":"Shift4 | Pol\u00edtica de privacidad","og_description":"Al utilizar este sitio web, acepta la recopilaci\u00f3n y el uso de informaci\u00f3n de acuerdo con nuestra Pol\u00edtica de privacidad.","og_url":"https:\/\/web.givex.com\/es-mx\/politica-de-privacidad\/","og_site_name":"Shift4","twitter_card":"summary_large_image","twitter_site":"@GivexCorp","schema":{"@context":"https:\/\/schema.org","@graph":[{"@type":"WebPage","@id":"https:\/\/web.givex.com\/es-mx\/politica-de-privacidad\/","url":"https:\/\/web.givex.com\/es-mx\/politica-de-privacidad\/","name":"Shift4 | Pol\u00edtica de privacidad","isPartOf":{"@id":"https:\/\/web.givex.com\/es-mx\/#website"},"datePublished":"2023-12-21T17:25:54+00:00","description":"Al utilizar este sitio web, acepta la recopilaci\u00f3n y el uso de informaci\u00f3n de acuerdo con nuestra Pol\u00edtica de privacidad.","inLanguage":"es","potentialAction":[{"@type":"ReadAction","target":["https:\/\/web.givex.com\/es-mx\/politica-de-privacidad\/"]}]},{"@type":"WebSite","@id":"https:\/\/web.givex.com\/es-mx\/#website","url":"https:\/\/web.givex.com\/es-mx\/","name":"Givex","description":"Integrate Payments and Commerce Technology","publisher":{"@id":"https:\/\/web.givex.com\/es-mx\/#organization"},"potentialAction":[{"@type":"SearchAction","target":{"@type":"EntryPoint","urlTemplate":"https:\/\/web.givex.com\/es-mx\/?s={search_term_string}"},"query-input":{"@type":"PropertyValueSpecification","valueRequired":true,"valueName":"search_term_string"}}],"inLanguage":"es"},{"@type":"Organization","@id":"https:\/\/web.givex.com\/es-mx\/#organization","name":"Givex","url":"https:\/\/web.givex.com\/es-mx\/","logo":{"@type":"ImageObject","inLanguage":"es","@id":"https:\/\/web.givex.com\/es-mx\/#\/schema\/logo\/image\/","url":"https:\/\/web.givex.com\/wp-content\/uploads\/2024\/03\/givex-blue-bg.png","contentUrl":"https:\/\/web.givex.com\/wp-content\/uploads\/2024\/03\/givex-blue-bg.png","width":1200,"height":1200,"caption":"Givex"},"image":{"@id":"https:\/\/web.givex.com\/es-mx\/#\/schema\/logo\/image\/"},"sameAs":["https:\/\/x.com\/GivexCorp","https:\/\/www.linkedin.com\/company\/givex\/","https:\/\/www.youtube.com\/@givexcorp6643"]}]}},"_links":{"self":[{"href":"https:\/\/web.givex.com\/es-mx\/wp-json\/wp\/v2\/pages\/18351","targetHints":{"allow":["GET"]}}],"collection":[{"href":"https:\/\/web.givex.com\/es-mx\/wp-json\/wp\/v2\/pages"}],"about":[{"href":"https:\/\/web.givex.com\/es-mx\/wp-json\/wp\/v2\/types\/page"}],"author":[{"embeddable":true,"href":"https:\/\/web.givex.com\/es-mx\/wp-json\/wp\/v2\/users\/25"}],"replies":[{"embeddable":true,"href":"https:\/\/web.givex.com\/es-mx\/wp-json\/wp\/v2\/comments?post=18351"}],"version-history":[{"count":2,"href":"https:\/\/web.givex.com\/es-mx\/wp-json\/wp\/v2\/pages\/18351\/revisions"}],"predecessor-version":[{"id":19273,"href":"https:\/\/web.givex.com\/es-mx\/wp-json\/wp\/v2\/pages\/18351\/revisions\/19273"}],"wp:attachment":[{"href":"https:\/\/web.givex.com\/es-mx\/wp-json\/wp\/v2\/media?parent=18351"}],"curies":[{"name":"wp","href":"https:\/\/api.w.org\/{rel}","templated":true}]}}