{"id":18350,"date":"2023-12-21T12:25:53","date_gmt":"2023-12-21T17:25:53","guid":{"rendered":"https:\/\/web.givex.com\/politicas\/"},"modified":"2024-11-08T13:49:38","modified_gmt":"2024-11-08T18:49:38","slug":"politicas","status":"publish","type":"page","link":"https:\/\/web.givex.com\/es-mx\/politicas\/","title":{"rendered":"Pol\u00edticas"},"content":{"rendered":"<div id=\"block_b2c9e82d584e486c955b7608fb5cc1fe\" class=\"hero acf-block alignfull\">\n\n\t\t<figure class=\"hero__figure hero__figure--center\" data-background-mode=\"transparent\" role=\"none\">\n\t\t\t<img loading=\"lazy\" decoding=\"async\" width=\"1900\" height=\"770\" src=\"https:\/\/web.givex.com\/wp-content\/uploads\/2020\/08\/Corporate-business-team-and-manager-in-a-meeting-close-up-639467826_5184x3456.png\" class=\"attachment-full size-full\" alt=\"\" srcset=\"https:\/\/web.givex.com\/wp-content\/uploads\/2020\/08\/Corporate-business-team-and-manager-in-a-meeting-close-up-639467826_5184x3456.png 1900w, https:\/\/web.givex.com\/wp-content\/uploads\/2020\/08\/Corporate-business-team-and-manager-in-a-meeting-close-up-639467826_5184x3456-300x122.png 300w, https:\/\/web.givex.com\/wp-content\/uploads\/2020\/08\/Corporate-business-team-and-manager-in-a-meeting-close-up-639467826_5184x3456-1024x415.png 1024w, https:\/\/web.givex.com\/wp-content\/uploads\/2020\/08\/Corporate-business-team-and-manager-in-a-meeting-close-up-639467826_5184x3456-768x311.png 768w, https:\/\/web.givex.com\/wp-content\/uploads\/2020\/08\/Corporate-business-team-and-manager-in-a-meeting-close-up-639467826_5184x3456-1536x622.png 1536w\" sizes=\"auto, (max-width: 1900px) 100vw, 1900px\" \/>\t\t<\/figure>\n\n\t<div class=\"hero__container\">\n\n\t\t<div class=\"hero__content\" data-background-mode=\"transparent\">\n\n\t\t\n\t\t\t\t\t\t\t<h1 class=\"hero__title\">Pol\u00edticas<\/h1>\n\t\t\t\n\t\t\t\n\t\t\t\n\t\t\t\t\t<\/div>\n\n\t\t\n\t<\/div>\n\n<\/div>\n\n\n\n<section id=\"block_0f1eac1178fd6cf2c854e35ca3abc175\" class=\"background background--ebony acf-block alignfull\">\n\t<div class=\"background__container\">\n\t\t<div class=\"wp-content\">\n\t\t\t\n\n<h2 class=\"wp-block-heading\" id=\"h-legal\">Legal<\/h2>\n\n\n\t\t<\/div>\n\t<\/div>\n<\/section>\n\n\n\n<figure class=\"wp-block-table\"><table><thead><tr><th class=\"has-text-align-left\" data-align=\"left\">PDF\u2019s<\/th><\/tr><\/thead><tbody><tr><td class=\"has-text-align-left\" data-align=\"left\"><a href=\"https:\/\/web.givex.com\/wp-content\/uploads\/2022\/08\/Givex-End-User-License-Agreement-Canada.pdf\" target=\"_blank\" rel=\"noreferrer noopener\">End User License Agreement<\/a><\/td><\/tr><tr><td class=\"has-text-align-left\" data-align=\"left\"><a href=\"https:\/\/web.givex.com\/wp-content\/uploads\/2022\/08\/Givex-Multi-Year-Accessibility-Plan.pdf\" target=\"_blank\" rel=\"noreferrer noopener\">Multi-Year Accessibility Plan<\/a><\/td><\/tr><\/tbody><\/table><\/figure>\n\n\n\n<h2 class=\"wp-block-heading\" id=\"h-accesibilidad\">Accesibilidad<\/h2>\n\n\n\n<p><strong>Nuestro compromiso en Givex<\/strong><\/p>\n\n\n\n<p>Givex est\u00e1 dedicado a nuestra \u201cExperiencia. Excelencia.&#8221; promesa. Para cumplir con nuestra promesa, Givex se esfuerza por brindar nuestros productos y servicios de una manera que respete la dignidad y la independencia de las personas con discapacidades, al mismo tiempo que hace que nuestro entorno sea accesible e inclusivo. El objetivo es garantizar que las pol\u00edticas, los procedimientos y las pr\u00e1cticas de Givex cumplan con los Est\u00e1ndares de accesibilidad para el servicio al cliente, Reglamento 429\/07 (&#8220;ASCS&#8221;) elaborado en virtud de la Ley de accesibilidad para ciudadanos de Ontario con discapacidades, 2005. Las copias de los documentos de Givex desarrollados de conformidad con el ASCS est\u00e1n disponibles a pedido.<\/p>\n\n\n\n<p><strong>Env\u00edenos sus comentarios<\/strong><\/p>\n\n\n\n<p>Damos la bienvenida a sus comentarios. Si desea solicitar copias de nuestros documentos de accesibilidad o enviarnos sus comentarios sobre la forma en que Givex brinda productos y servicios a personas con discapacidades, comun\u00edquese con nosotros:<\/p>\n\n\n\n<p><strong>Atenci\u00f3n: Recursos Humanos<\/strong><br>Suite 1400<br>Calle Peter, 134<br>Toronto, ON<br>M5V 2H2<\/p>\n\n\n\n<p>Tel\u00e9fono: <a href=\"tel:18774787733\" target=\"_blank\" rel=\"noreferrer noopener\">1-877-478-7733<\/a><br>E-mail: <a href=\"mailto:accessibility@givex.com\" target=\"_blank\" rel=\"noreferrer noopener\">accessibility@givex.com<\/a><\/p>\n","protected":false},"excerpt":{"rendered":"<p>PDF\u2019s End User License Agreement Multi-Year Accessibility Plan Accesibilidad Nuestro compromiso en Givex Givex est\u00e1 dedicado a nuestra \u201cExperiencia. Excelencia.&#8221; promesa. Para cumplir con nuestra promesa, Givex se esfuerza por brindar nuestros productos y servicios de una manera que respete la dignidad y la independencia de las personas con discapacidades, al mismo tiempo que hace [&hellip;]<\/p>\n","protected":false},"author":25,"featured_media":0,"parent":0,"menu_order":0,"comment_status":"closed","ping_status":"closed","template":"","meta":{"_acf_changed":false,"content-type":"","inline_featured_image":false,"footnotes":""},"class_list":["post-18350","page","type-page","status-publish","hentry"],"acf":[],"yoast_head":"<!-- This site is optimized with the Yoast SEO plugin v27.3 - https:\/\/yoast.com\/product\/yoast-seo-wordpress\/ -->\n<title>Shift4 | Pol\u00edticas<\/title>\n<meta name=\"description\" content=\"Las pol\u00edticas, los procedimientos y las pr\u00e1cticas de Givex cumplen con los Est\u00e1ndares de Accesibilidad para el Servicio al Cliente, Reglamento 429\/07 (&quot;ASCS&quot;) elaborado bajo AODA 2005\" \/>\n<meta name=\"robots\" content=\"index, follow, max-snippet:-1, max-image-preview:large, max-video-preview:-1\" \/>\n<link rel=\"canonical\" href=\"https:\/\/web.givex.com\/es-mx\/politicas\/\" \/>\n<meta property=\"og:locale\" content=\"es_MX\" \/>\n<meta property=\"og:type\" content=\"article\" \/>\n<meta property=\"og:title\" content=\"Shift4 | Pol\u00edticas\" \/>\n<meta property=\"og:description\" content=\"Las pol\u00edticas, los procedimientos y las pr\u00e1cticas de Givex cumplen con los Est\u00e1ndares de Accesibilidad para el Servicio al Cliente, Reglamento 429\/07 (&quot;ASCS&quot;) elaborado bajo AODA 2005\" \/>\n<meta property=\"og:url\" content=\"https:\/\/web.givex.com\/es-mx\/politicas\/\" \/>\n<meta property=\"og:site_name\" content=\"Shift4\" \/>\n<meta property=\"article:modified_time\" content=\"2024-11-08T18:49:38+00:00\" \/>\n<meta name=\"twitter:card\" content=\"summary_large_image\" \/>\n<meta name=\"twitter:site\" content=\"@GivexCorp\" \/>\n<script type=\"application\/ld+json\" class=\"yoast-schema-graph\">{\"@context\":\"https:\\\/\\\/schema.org\",\"@graph\":[{\"@type\":\"WebPage\",\"@id\":\"https:\\\/\\\/web.givex.com\\\/es-mx\\\/politicas\\\/\",\"url\":\"https:\\\/\\\/web.givex.com\\\/es-mx\\\/politicas\\\/\",\"name\":\"Shift4 | Pol\u00edticas\",\"isPartOf\":{\"@id\":\"https:\\\/\\\/web.givex.com\\\/es-mx\\\/#website\"},\"datePublished\":\"2023-12-21T17:25:53+00:00\",\"dateModified\":\"2024-11-08T18:49:38+00:00\",\"description\":\"Las pol\u00edticas, los procedimientos y las pr\u00e1cticas de Givex cumplen con los Est\u00e1ndares de Accesibilidad para el Servicio al Cliente, Reglamento 429\\\/07 (\\\"ASCS\\\") elaborado bajo AODA 2005\",\"inLanguage\":\"es\",\"potentialAction\":[{\"@type\":\"ReadAction\",\"target\":[\"https:\\\/\\\/web.givex.com\\\/es-mx\\\/politicas\\\/\"]}]},{\"@type\":\"WebSite\",\"@id\":\"https:\\\/\\\/web.givex.com\\\/es-mx\\\/#website\",\"url\":\"https:\\\/\\\/web.givex.com\\\/es-mx\\\/\",\"name\":\"Givex\",\"description\":\"Integrate Payments and Commerce Technology\",\"publisher\":{\"@id\":\"https:\\\/\\\/web.givex.com\\\/es-mx\\\/#organization\"},\"potentialAction\":[{\"@type\":\"SearchAction\",\"target\":{\"@type\":\"EntryPoint\",\"urlTemplate\":\"https:\\\/\\\/web.givex.com\\\/es-mx\\\/?s={search_term_string}\"},\"query-input\":{\"@type\":\"PropertyValueSpecification\",\"valueRequired\":true,\"valueName\":\"search_term_string\"}}],\"inLanguage\":\"es\"},{\"@type\":\"Organization\",\"@id\":\"https:\\\/\\\/web.givex.com\\\/es-mx\\\/#organization\",\"name\":\"Givex\",\"url\":\"https:\\\/\\\/web.givex.com\\\/es-mx\\\/\",\"logo\":{\"@type\":\"ImageObject\",\"inLanguage\":\"es\",\"@id\":\"https:\\\/\\\/web.givex.com\\\/es-mx\\\/#\\\/schema\\\/logo\\\/image\\\/\",\"url\":\"https:\\\/\\\/web.givex.com\\\/wp-content\\\/uploads\\\/2024\\\/03\\\/givex-blue-bg.png\",\"contentUrl\":\"https:\\\/\\\/web.givex.com\\\/wp-content\\\/uploads\\\/2024\\\/03\\\/givex-blue-bg.png\",\"width\":1200,\"height\":1200,\"caption\":\"Givex\"},\"image\":{\"@id\":\"https:\\\/\\\/web.givex.com\\\/es-mx\\\/#\\\/schema\\\/logo\\\/image\\\/\"},\"sameAs\":[\"https:\\\/\\\/x.com\\\/GivexCorp\",\"https:\\\/\\\/www.linkedin.com\\\/company\\\/givex\\\/\",\"https:\\\/\\\/www.youtube.com\\\/@givexcorp6643\"]}]}<\/script>\n<!-- \/ Yoast SEO plugin. -->","yoast_head_json":{"title":"Shift4 | Pol\u00edticas","description":"Las pol\u00edticas, los procedimientos y las pr\u00e1cticas de Givex cumplen con los Est\u00e1ndares de Accesibilidad para el Servicio al Cliente, Reglamento 429\/07 (\"ASCS\") elaborado bajo AODA 2005","robots":{"index":"index","follow":"follow","max-snippet":"max-snippet:-1","max-image-preview":"max-image-preview:large","max-video-preview":"max-video-preview:-1"},"canonical":"https:\/\/web.givex.com\/es-mx\/politicas\/","og_locale":"es_MX","og_type":"article","og_title":"Shift4 | Pol\u00edticas","og_description":"Las pol\u00edticas, los procedimientos y las pr\u00e1cticas de Givex cumplen con los Est\u00e1ndares de Accesibilidad para el Servicio al Cliente, Reglamento 429\/07 (\"ASCS\") elaborado bajo AODA 2005","og_url":"https:\/\/web.givex.com\/es-mx\/politicas\/","og_site_name":"Shift4","article_modified_time":"2024-11-08T18:49:38+00:00","twitter_card":"summary_large_image","twitter_site":"@GivexCorp","schema":{"@context":"https:\/\/schema.org","@graph":[{"@type":"WebPage","@id":"https:\/\/web.givex.com\/es-mx\/politicas\/","url":"https:\/\/web.givex.com\/es-mx\/politicas\/","name":"Shift4 | Pol\u00edticas","isPartOf":{"@id":"https:\/\/web.givex.com\/es-mx\/#website"},"datePublished":"2023-12-21T17:25:53+00:00","dateModified":"2024-11-08T18:49:38+00:00","description":"Las pol\u00edticas, los procedimientos y las pr\u00e1cticas de Givex cumplen con los Est\u00e1ndares de Accesibilidad para el Servicio al Cliente, Reglamento 429\/07 (\"ASCS\") elaborado bajo AODA 2005","inLanguage":"es","potentialAction":[{"@type":"ReadAction","target":["https:\/\/web.givex.com\/es-mx\/politicas\/"]}]},{"@type":"WebSite","@id":"https:\/\/web.givex.com\/es-mx\/#website","url":"https:\/\/web.givex.com\/es-mx\/","name":"Givex","description":"Integrate Payments and Commerce Technology","publisher":{"@id":"https:\/\/web.givex.com\/es-mx\/#organization"},"potentialAction":[{"@type":"SearchAction","target":{"@type":"EntryPoint","urlTemplate":"https:\/\/web.givex.com\/es-mx\/?s={search_term_string}"},"query-input":{"@type":"PropertyValueSpecification","valueRequired":true,"valueName":"search_term_string"}}],"inLanguage":"es"},{"@type":"Organization","@id":"https:\/\/web.givex.com\/es-mx\/#organization","name":"Givex","url":"https:\/\/web.givex.com\/es-mx\/","logo":{"@type":"ImageObject","inLanguage":"es","@id":"https:\/\/web.givex.com\/es-mx\/#\/schema\/logo\/image\/","url":"https:\/\/web.givex.com\/wp-content\/uploads\/2024\/03\/givex-blue-bg.png","contentUrl":"https:\/\/web.givex.com\/wp-content\/uploads\/2024\/03\/givex-blue-bg.png","width":1200,"height":1200,"caption":"Givex"},"image":{"@id":"https:\/\/web.givex.com\/es-mx\/#\/schema\/logo\/image\/"},"sameAs":["https:\/\/x.com\/GivexCorp","https:\/\/www.linkedin.com\/company\/givex\/","https:\/\/www.youtube.com\/@givexcorp6643"]}]}},"_links":{"self":[{"href":"https:\/\/web.givex.com\/es-mx\/wp-json\/wp\/v2\/pages\/18350","targetHints":{"allow":["GET"]}}],"collection":[{"href":"https:\/\/web.givex.com\/es-mx\/wp-json\/wp\/v2\/pages"}],"about":[{"href":"https:\/\/web.givex.com\/es-mx\/wp-json\/wp\/v2\/types\/page"}],"author":[{"embeddable":true,"href":"https:\/\/web.givex.com\/es-mx\/wp-json\/wp\/v2\/users\/25"}],"replies":[{"embeddable":true,"href":"https:\/\/web.givex.com\/es-mx\/wp-json\/wp\/v2\/comments?post=18350"}],"version-history":[{"count":3,"href":"https:\/\/web.givex.com\/es-mx\/wp-json\/wp\/v2\/pages\/18350\/revisions"}],"predecessor-version":[{"id":31582,"href":"https:\/\/web.givex.com\/es-mx\/wp-json\/wp\/v2\/pages\/18350\/revisions\/31582"}],"wp:attachment":[{"href":"https:\/\/web.givex.com\/es-mx\/wp-json\/wp\/v2\/media?parent=18350"}],"curies":[{"name":"wp","href":"https:\/\/api.w.org\/{rel}","templated":true}]}}