{"id":18313,"date":"2023-12-21T12:25:50","date_gmt":"2023-12-21T17:25:50","guid":{"rendered":"https:\/\/web.givex.com\/programa-de-socios-givex\/"},"modified":"2025-08-07T13:26:10","modified_gmt":"2025-08-07T17:26:10","slug":"programa-de-socios-givex","status":"publish","type":"page","link":"https:\/\/web.givex.com\/es-mx\/programa-de-socios-givex\/","title":{"rendered":"Programa de socios Givex"},"content":{"rendered":"<div id=\"block_2ff06b9769c3bc959743671236e72bc8\" class=\"hero acf-block alignfull\">\n\n\t\t<figure class=\"hero__figure hero__figure--top\" data-background-mode=\"transparent\" role=\"none\">\n\t\t\t<img loading=\"lazy\" decoding=\"async\" width=\"1920\" height=\"1131\" src=\"https:\/\/web.givex.com\/wp-content\/uploads\/2022\/11\/partner-program-00001-1.jpeg\" class=\"attachment-full size-full\" alt=\"\" srcset=\"https:\/\/web.givex.com\/wp-content\/uploads\/2022\/11\/partner-program-00001-1.jpeg 1920w, https:\/\/web.givex.com\/wp-content\/uploads\/2022\/11\/partner-program-00001-1-300x177.jpeg 300w, https:\/\/web.givex.com\/wp-content\/uploads\/2022\/11\/partner-program-00001-1-1024x603.jpeg 1024w, https:\/\/web.givex.com\/wp-content\/uploads\/2022\/11\/partner-program-00001-1-768x452.jpeg 768w, https:\/\/web.givex.com\/wp-content\/uploads\/2022\/11\/partner-program-00001-1-1536x905.jpeg 1536w\" sizes=\"auto, (max-width: 1920px) 100vw, 1920px\" \/>\t\t<\/figure>\n\n\t<div class=\"hero__container\">\n\n\t\t<div class=\"hero__content\" data-background-mode=\"transparent\">\n\n\t\t\t\t\t<p class=\"hero__eyebrow\">Nuestra plataforma<\/p>\n\t\t\n\t\t\t\t\t\t\t<h1 class=\"hero__title\">Programa de socios Givex<\/h1>\n\t\t\t\n\t\t\t\n\t\t\t\n\t\t\t\t\t<\/div>\n\n\t\t\n\t<\/div>\n\n<\/div>\n<div id=\"block_92ce6bbc0770695de8dda5bffbba195d\"\n  class=\"text-image text-image--left text-image--fullwidth text-image--shadow acf-block alignwide\">\n  <div class=\"text-image__container\">\n\n    <div class=\"text-image__content\">\n\n            <h2 class=\"text-image__title\">Socio revendedor certificado<\/h2>\n      \n            <div class=\"text-image__body\"><p>Rico y escalable, GivexPOS proporciona la funcionalidad que sus clientes necesitan para gestionar cada faceta de su negocio.<\/p>\n<ul>\n<li>Actualizaciones regulares de software y hardware sin costo adicional<\/li>\n<li>Los revendedores reciben ingresos residuales sobre la tarifa mensual y el hardware<\/li>\n<li>Givex proporciona soporte de primera las 24 horas del d\u00eda, los 7 d\u00edas de la semana, los 365 d\u00edas del a\u00f1o<\/li>\n<li>Modelo de compra o arrendamiento<\/li>\n<\/ul>\n<\/div>\n      \n            <a class=\"button button--arrow\" href=\"https:\/\/web.givex.com\/es\/programa-de-socios-givex\/sea-un-revendedor\/\"\n        target=\"_self\" >Convi\u00e9rtase en un revendedor<\/a>\n      \n    <\/div>\n\n    <figure class=\"text-image__figure text-image__figure--\" role=\"none\">\n      <img loading=\"lazy\" decoding=\"async\" width=\"2048\" height=\"1365\" src=\"https:\/\/web.givex.com\/wp-content\/uploads\/2022\/09\/partner-program-cert-reseller-00001.jpg\" class=\"attachment-full size-full\" alt=\"\" srcset=\"https:\/\/web.givex.com\/wp-content\/uploads\/2022\/09\/partner-program-cert-reseller-00001.jpg 2048w, https:\/\/web.givex.com\/wp-content\/uploads\/2022\/09\/partner-program-cert-reseller-00001-300x200.jpg 300w, https:\/\/web.givex.com\/wp-content\/uploads\/2022\/09\/partner-program-cert-reseller-00001-1024x683.jpg 1024w, https:\/\/web.givex.com\/wp-content\/uploads\/2022\/09\/partner-program-cert-reseller-00001-768x512.jpg 768w, https:\/\/web.givex.com\/wp-content\/uploads\/2022\/09\/partner-program-cert-reseller-00001-1536x1024.jpg 1536w\" sizes=\"auto, (max-width: 2048px) 100vw, 2048px\" \/>    <\/figure>\n\n  <\/div>\n\n<\/div>\n\n<section id=\"block_510e9808731be6418019da09ddf3e081\" class=\"background background--white acf-block alignfull\">\n\t<div class=\"background__container\">\n\t\t<div class=\"wp-content\">\n\t\t\t\n<div id=\"block_e47f74f2c75b20eafb5aecbe637adead\"\n  class=\"text-image text-image--right text-image--contained text-image--shadow text-image--graphic acf-block alignwide\">\n  <div class=\"text-image__container\">\n\n    <div class=\"text-image__content\">\n\n            <h2 class=\"text-image__title\">Socios de referencia<\/h2>\n      \n            <div class=\"text-image__body\"><p>Si conoce una empresa o cliente que puede beneficiarse de los productos y servicios Givex, rellene y env\u00ede un formulario de referencia para ganar comisiones por cada indicaci\u00f3n que genere negocios.<\/p>\n<\/div>\n      \n            <a class=\"button button--arrow\" href=\"https:\/\/web.givex.com\/es\/programa-de-socios-givex\/recomiende-a-un-cliente\/\"\n        target=\"_self\" >Recomiende a un cliente<\/a>\n      \n    <\/div>\n\n    <figure class=\"text-image__figure text-image__figure--\" role=\"none\">\n      <img loading=\"lazy\" decoding=\"async\" width=\"2048\" height=\"1365\" src=\"https:\/\/web.givex.com\/wp-content\/uploads\/2022\/09\/partner-program-refer-00001.jpg\" class=\"attachment-full size-full\" alt=\"\" srcset=\"https:\/\/web.givex.com\/wp-content\/uploads\/2022\/09\/partner-program-refer-00001.jpg 2048w, https:\/\/web.givex.com\/wp-content\/uploads\/2022\/09\/partner-program-refer-00001-300x200.jpg 300w, https:\/\/web.givex.com\/wp-content\/uploads\/2022\/09\/partner-program-refer-00001-1024x683.jpg 1024w, https:\/\/web.givex.com\/wp-content\/uploads\/2022\/09\/partner-program-refer-00001-768x512.jpg 768w, https:\/\/web.givex.com\/wp-content\/uploads\/2022\/09\/partner-program-refer-00001-1536x1024.jpg 1536w\" sizes=\"auto, (max-width: 2048px) 100vw, 2048px\" \/>    <\/figure>\n\n  <\/div>\n\n<\/div>\n\n\n\t\t<\/div>\n\t<\/div>\n<\/section>\n<div id=\"block_9d2fa79b7fa27c51f88fc367348faf55\" class=\"cta acf-block alignwide\">\n\n<div class=\"cta__wrapper\">\n\n\t<div class=\"cta__container\">\n\n\t\t<div class=\"cta__content\">\n\n\t\t\t\t\t\t<h2 class=\"cta__title\">\u00bfA\u00fan no es cliente de Givex?<\/h2>\n\t\t\t\n\t\t\t\t\t\t<div class=\"cta__body\"><div class=\"cta__body\">\n<p>Reserve una demostraci\u00f3n gratuita y sin compromiso con uno de nuestros expertos y compruebe si Givex es lo que necesita.<\/p>\n<\/div>\n<\/div>\n\t\t\t\n\n\t\t\t\t\t\t<a class=\"button cta__link\" href=\"https:\/\/web.givex.com\/es\/reserve-una-demo\/\" target=\"_self\" >RESERVAR UNA DEMO<\/a>\n\t\t\t\n\t\t<\/div>\n\n\t<\/div>\n\n\t<\/div>\n<\/div>\n","protected":false},"excerpt":{"rendered":"","protected":false},"author":25,"featured_media":0,"parent":0,"menu_order":0,"comment_status":"closed","ping_status":"closed","template":"","meta":{"_acf_changed":false,"content-type":"","inline_featured_image":false,"footnotes":""},"class_list":["post-18313","page","type-page","status-publish","hentry"],"acf":[],"yoast_head":"<!-- This site is optimized with the Yoast SEO plugin v27.3 - https:\/\/yoast.com\/product\/yoast-seo-wordpress\/ -->\n<title>Programa de Socios de Givex | Revendedores Certificados y Referidos<\/title>\n<meta name=\"description\" content=\"\u00bfConoce a alguien a quien le vendr\u00edan bien las tarjetas regalo, los GivexPOS o un programa de fidelizaci\u00f3n? Recomi\u00e9ndeles a Givex y le recompensaremos cuando cerremos el trato. Haga clic aqu\u00ed para solicitarlo.\" \/>\n<meta name=\"robots\" content=\"index, follow, max-snippet:-1, max-image-preview:large, max-video-preview:-1\" \/>\n<link rel=\"canonical\" href=\"https:\/\/web.givex.com\/es-mx\/programa-de-socios-givex\/\" \/>\n<meta property=\"og:locale\" content=\"es_MX\" \/>\n<meta property=\"og:type\" content=\"article\" \/>\n<meta property=\"og:title\" content=\"Programa de Socios de Givex | Revendedores Certificados y Referidos\" \/>\n<meta property=\"og:description\" content=\"\u00bfConoce a alguien a quien le vendr\u00edan bien las tarjetas regalo, los GivexPOS o un programa de fidelizaci\u00f3n? Recomi\u00e9ndeles a Givex y le recompensaremos cuando cerremos el trato. Haga clic aqu\u00ed para solicitarlo.\" \/>\n<meta property=\"og:url\" content=\"https:\/\/web.givex.com\/es-mx\/programa-de-socios-givex\/\" \/>\n<meta property=\"og:site_name\" content=\"Shift4\" \/>\n<meta property=\"article:modified_time\" content=\"2025-08-07T17:26:10+00:00\" \/>\n<meta name=\"twitter:card\" content=\"summary_large_image\" \/>\n<meta name=\"twitter:site\" content=\"@GivexCorp\" \/>\n<script type=\"application\/ld+json\" class=\"yoast-schema-graph\">{\"@context\":\"https:\\\/\\\/schema.org\",\"@graph\":[{\"@type\":\"WebPage\",\"@id\":\"https:\\\/\\\/web.givex.com\\\/es-mx\\\/programa-de-socios-givex\\\/\",\"url\":\"https:\\\/\\\/web.givex.com\\\/es-mx\\\/programa-de-socios-givex\\\/\",\"name\":\"Programa de Socios de Givex | Revendedores Certificados y Referidos\",\"isPartOf\":{\"@id\":\"https:\\\/\\\/web.givex.com\\\/es-mx\\\/#website\"},\"datePublished\":\"2023-12-21T17:25:50+00:00\",\"dateModified\":\"2025-08-07T17:26:10+00:00\",\"description\":\"\u00bfConoce a alguien a quien le vendr\u00edan bien las tarjetas regalo, los GivexPOS o un programa de fidelizaci\u00f3n? Recomi\u00e9ndeles a Givex y le recompensaremos cuando cerremos el trato. Haga clic aqu\u00ed para solicitarlo.\",\"inLanguage\":\"es\",\"potentialAction\":[{\"@type\":\"ReadAction\",\"target\":[\"https:\\\/\\\/web.givex.com\\\/es-mx\\\/programa-de-socios-givex\\\/\"]}]},{\"@type\":\"WebSite\",\"@id\":\"https:\\\/\\\/web.givex.com\\\/es-mx\\\/#website\",\"url\":\"https:\\\/\\\/web.givex.com\\\/es-mx\\\/\",\"name\":\"Givex\",\"description\":\"Integrate Payments and Commerce Technology\",\"publisher\":{\"@id\":\"https:\\\/\\\/web.givex.com\\\/es-mx\\\/#organization\"},\"potentialAction\":[{\"@type\":\"SearchAction\",\"target\":{\"@type\":\"EntryPoint\",\"urlTemplate\":\"https:\\\/\\\/web.givex.com\\\/es-mx\\\/?s={search_term_string}\"},\"query-input\":{\"@type\":\"PropertyValueSpecification\",\"valueRequired\":true,\"valueName\":\"search_term_string\"}}],\"inLanguage\":\"es\"},{\"@type\":\"Organization\",\"@id\":\"https:\\\/\\\/web.givex.com\\\/es-mx\\\/#organization\",\"name\":\"Givex\",\"url\":\"https:\\\/\\\/web.givex.com\\\/es-mx\\\/\",\"logo\":{\"@type\":\"ImageObject\",\"inLanguage\":\"es\",\"@id\":\"https:\\\/\\\/web.givex.com\\\/es-mx\\\/#\\\/schema\\\/logo\\\/image\\\/\",\"url\":\"https:\\\/\\\/web.givex.com\\\/wp-content\\\/uploads\\\/2024\\\/03\\\/givex-blue-bg.png\",\"contentUrl\":\"https:\\\/\\\/web.givex.com\\\/wp-content\\\/uploads\\\/2024\\\/03\\\/givex-blue-bg.png\",\"width\":1200,\"height\":1200,\"caption\":\"Givex\"},\"image\":{\"@id\":\"https:\\\/\\\/web.givex.com\\\/es-mx\\\/#\\\/schema\\\/logo\\\/image\\\/\"},\"sameAs\":[\"https:\\\/\\\/x.com\\\/GivexCorp\",\"https:\\\/\\\/www.linkedin.com\\\/company\\\/givex\\\/\",\"https:\\\/\\\/www.youtube.com\\\/@givexcorp6643\"]}]}<\/script>\n<!-- \/ Yoast SEO plugin. -->","yoast_head_json":{"title":"Programa de Socios de Givex | Revendedores Certificados y Referidos","description":"\u00bfConoce a alguien a quien le vendr\u00edan bien las tarjetas regalo, los GivexPOS o un programa de fidelizaci\u00f3n? Recomi\u00e9ndeles a Givex y le recompensaremos cuando cerremos el trato. Haga clic aqu\u00ed para solicitarlo.","robots":{"index":"index","follow":"follow","max-snippet":"max-snippet:-1","max-image-preview":"max-image-preview:large","max-video-preview":"max-video-preview:-1"},"canonical":"https:\/\/web.givex.com\/es-mx\/programa-de-socios-givex\/","og_locale":"es_MX","og_type":"article","og_title":"Programa de Socios de Givex | Revendedores Certificados y Referidos","og_description":"\u00bfConoce a alguien a quien le vendr\u00edan bien las tarjetas regalo, los GivexPOS o un programa de fidelizaci\u00f3n? Recomi\u00e9ndeles a Givex y le recompensaremos cuando cerremos el trato. Haga clic aqu\u00ed para solicitarlo.","og_url":"https:\/\/web.givex.com\/es-mx\/programa-de-socios-givex\/","og_site_name":"Shift4","article_modified_time":"2025-08-07T17:26:10+00:00","twitter_card":"summary_large_image","twitter_site":"@GivexCorp","schema":{"@context":"https:\/\/schema.org","@graph":[{"@type":"WebPage","@id":"https:\/\/web.givex.com\/es-mx\/programa-de-socios-givex\/","url":"https:\/\/web.givex.com\/es-mx\/programa-de-socios-givex\/","name":"Programa de Socios de Givex | Revendedores Certificados y Referidos","isPartOf":{"@id":"https:\/\/web.givex.com\/es-mx\/#website"},"datePublished":"2023-12-21T17:25:50+00:00","dateModified":"2025-08-07T17:26:10+00:00","description":"\u00bfConoce a alguien a quien le vendr\u00edan bien las tarjetas regalo, los GivexPOS o un programa de fidelizaci\u00f3n? Recomi\u00e9ndeles a Givex y le recompensaremos cuando cerremos el trato. Haga clic aqu\u00ed para solicitarlo.","inLanguage":"es","potentialAction":[{"@type":"ReadAction","target":["https:\/\/web.givex.com\/es-mx\/programa-de-socios-givex\/"]}]},{"@type":"WebSite","@id":"https:\/\/web.givex.com\/es-mx\/#website","url":"https:\/\/web.givex.com\/es-mx\/","name":"Givex","description":"Integrate Payments and Commerce Technology","publisher":{"@id":"https:\/\/web.givex.com\/es-mx\/#organization"},"potentialAction":[{"@type":"SearchAction","target":{"@type":"EntryPoint","urlTemplate":"https:\/\/web.givex.com\/es-mx\/?s={search_term_string}"},"query-input":{"@type":"PropertyValueSpecification","valueRequired":true,"valueName":"search_term_string"}}],"inLanguage":"es"},{"@type":"Organization","@id":"https:\/\/web.givex.com\/es-mx\/#organization","name":"Givex","url":"https:\/\/web.givex.com\/es-mx\/","logo":{"@type":"ImageObject","inLanguage":"es","@id":"https:\/\/web.givex.com\/es-mx\/#\/schema\/logo\/image\/","url":"https:\/\/web.givex.com\/wp-content\/uploads\/2024\/03\/givex-blue-bg.png","contentUrl":"https:\/\/web.givex.com\/wp-content\/uploads\/2024\/03\/givex-blue-bg.png","width":1200,"height":1200,"caption":"Givex"},"image":{"@id":"https:\/\/web.givex.com\/es-mx\/#\/schema\/logo\/image\/"},"sameAs":["https:\/\/x.com\/GivexCorp","https:\/\/www.linkedin.com\/company\/givex\/","https:\/\/www.youtube.com\/@givexcorp6643"]}]}},"_links":{"self":[{"href":"https:\/\/web.givex.com\/es-mx\/wp-json\/wp\/v2\/pages\/18313","targetHints":{"allow":["GET"]}}],"collection":[{"href":"https:\/\/web.givex.com\/es-mx\/wp-json\/wp\/v2\/pages"}],"about":[{"href":"https:\/\/web.givex.com\/es-mx\/wp-json\/wp\/v2\/types\/page"}],"author":[{"embeddable":true,"href":"https:\/\/web.givex.com\/es-mx\/wp-json\/wp\/v2\/users\/25"}],"replies":[{"embeddable":true,"href":"https:\/\/web.givex.com\/es-mx\/wp-json\/wp\/v2\/comments?post=18313"}],"version-history":[{"count":16,"href":"https:\/\/web.givex.com\/es-mx\/wp-json\/wp\/v2\/pages\/18313\/revisions"}],"predecessor-version":[{"id":33553,"href":"https:\/\/web.givex.com\/es-mx\/wp-json\/wp\/v2\/pages\/18313\/revisions\/33553"}],"wp:attachment":[{"href":"https:\/\/web.givex.com\/es-mx\/wp-json\/wp\/v2\/media?parent=18313"}],"curies":[{"name":"wp","href":"https:\/\/api.w.org\/{rel}","templated":true}]}}