{"id":18307,"date":"2023-12-21T12:25:06","date_gmt":"2023-12-21T17:25:06","guid":{"rendered":"https:\/\/web.givex.com\/sobre-nosotros\/"},"modified":"2024-12-30T21:53:47","modified_gmt":"2024-12-31T02:53:47","slug":"sobre-nosotros","status":"publish","type":"page","link":"https:\/\/web.givex.com\/es-mx\/sobre-nosotros\/","title":{"rendered":"Sobre nosotros"},"content":{"rendered":"<div id=\"block_90283dc6a4faab470bd30658d73d905c\" class=\"hero acf-block alignfull\">\n\n\t\t<figure class=\"hero__figure hero__figure--center\" data-background-mode=\"transparent\" role=\"none\">\n\t\t\t<img loading=\"lazy\" decoding=\"async\" width=\"1280\" height=\"853\" src=\"https:\/\/web.givex.com\/wp-content\/uploads\/2023\/05\/iStock-1413484273-Large.jpeg\" class=\"attachment-full size-full\" alt=\"\" srcset=\"https:\/\/web.givex.com\/wp-content\/uploads\/2023\/05\/iStock-1413484273-Large.jpeg 1280w, https:\/\/web.givex.com\/wp-content\/uploads\/2023\/05\/iStock-1413484273-Large-300x200.jpeg 300w, https:\/\/web.givex.com\/wp-content\/uploads\/2023\/05\/iStock-1413484273-Large-1024x682.jpeg 1024w, https:\/\/web.givex.com\/wp-content\/uploads\/2023\/05\/iStock-1413484273-Large-768x512.jpeg 768w\" sizes=\"auto, (max-width: 1280px) 100vw, 1280px\" \/>\t\t<\/figure>\n\n\t<div class=\"hero__container\">\n\n\t\t<div class=\"hero__content\" data-background-mode=\"transparent\">\n\n\t\t\t\t\t<p class=\"hero__eyebrow\">Sobre nosotros<\/p>\n\t\t\n\t\t\t\t\t\t\t<h1 class=\"hero__title\">Nuestra plataforma. Nuestra historia. Nuestra gente.<\/h1>\n\t\t\t\n\t\t\t\t\t\t\t<div class=\"hero__body\"><p>Cumplimos nuestras promesas, pase lo que pase. Nuestros clientes saben que si alguna vez nos quedamos cortos, tambi\u00e9n asumiremos la responsabilidad.<\/p>\n<\/div>\n\t\t\t\n\t\t\t\n\t\t\t\t\t<\/div>\n\n\t\t\n\t<\/div>\n\n<\/div>\n\n\n<div id=\"block_583868f8f418adcde69f5be4e9ec3238\"\n  class=\"text-image text-image--left text-image--fullwidth text-image--shadow acf-block alignwide\">\n  <div class=\"text-image__container\">\n\n    <div class=\"text-image__content\">\n\n            <h2 class=\"text-image__title\">Nuestra tecnolog\u00eda<\/h2>\n      \n            <div class=\"text-image__body\"><p>Todos los productos y servicios de Givex tienen certificaci\u00f3n de PCI de nivel 1 y cuentan con nuestra plataforma basada en la nube para procesamiento en tiempo real y an\u00e1lisis integral de datos. Nuestra tecnolog\u00eda es la base de todo y es la fuente de la estabilidad y confiabilidad que caracterizan a Givex. <\/p>\n<\/div>\n      \n            <a class=\"button button--arrow\" href=\"https:\/\/web.givex.com\/es-mx\/como-funciona\/\"\n        target=\"_self\" >Conozca m\u00e1s sobre nuestra plataforma<\/a>\n      \n    <\/div>\n\n    <figure class=\"text-image__figure text-image__figure--center\" role=\"none\">\n      <img loading=\"lazy\" decoding=\"async\" width=\"2048\" height=\"1512\" src=\"https:\/\/web.givex.com\/wp-content\/uploads\/2022\/09\/gift-cards-platforms-00001.jpg\" class=\"attachment-full size-full\" alt=\"\" srcset=\"https:\/\/web.givex.com\/wp-content\/uploads\/2022\/09\/gift-cards-platforms-00001.jpg 2048w, https:\/\/web.givex.com\/wp-content\/uploads\/2022\/09\/gift-cards-platforms-00001-300x221.jpg 300w, https:\/\/web.givex.com\/wp-content\/uploads\/2022\/09\/gift-cards-platforms-00001-1024x756.jpg 1024w, https:\/\/web.givex.com\/wp-content\/uploads\/2022\/09\/gift-cards-platforms-00001-768x567.jpg 768w, https:\/\/web.givex.com\/wp-content\/uploads\/2022\/09\/gift-cards-platforms-00001-1536x1134.jpg 1536w\" sizes=\"auto, (max-width: 2048px) 100vw, 2048px\" \/>    <\/figure>\n\n  <\/div>\n\n<\/div>\n\n\n\n<section id=\"block_b7a8b2c18bcc8b9ae26758b64c495c71\" class=\"background background--grid acf-block alignfull\">\n\t<div class=\"background__container\">\n\t\t<div class=\"wp-content\">\n\t\t\t\n<div id=\"block_37c51ea494a6849c0b31b0ac4c8ace2c\" class=\"card-grid acf-block alignwide\">\n  <div class=\"card-grid__container\">\n        <h2 class=\"card-grid__title\">Nuestros valores<\/h2>\n                    <ul class=\"card-grid__list\">\n            <li class=\"card-grid__item\">\n                <figure class=\"card-grid__figure\" role=\"none\">\n          <img loading=\"lazy\" decoding=\"async\" width=\"160\" height=\"160\" src=\"https:\/\/web.givex.com\/wp-content\/uploads\/2024\/12\/Check-Circle-Open.png\" class=\"attachment-full size-full\" alt=\"\" srcset=\"https:\/\/web.givex.com\/wp-content\/uploads\/2024\/12\/Check-Circle-Open.png 160w, https:\/\/web.givex.com\/wp-content\/uploads\/2024\/12\/Check-Circle-Open-150x150.png 150w\" sizes=\"auto, (max-width: 160px) 100vw, 160px\" \/>        <\/figure>\n        \n                <h3 class=\"card-grid__card-title\">Soluciones<\/h3>\n        \n                <div class=\"card-grid__card-body\">\n          <p>Givex brinda a los comerciantes datos importantes y soluciones en 3 \u00e1reas fundamentales: participaci\u00f3n del cliente, PDV y pago<\/p>\n        <\/div>\n        \n              <\/li>\n            <li class=\"card-grid__item\">\n                <figure class=\"card-grid__figure\" role=\"none\">\n          <img loading=\"lazy\" decoding=\"async\" width=\"160\" height=\"160\" src=\"https:\/\/web.givex.com\/wp-content\/uploads\/2024\/12\/Reporting-and-Analytics.png\" class=\"attachment-full size-full\" alt=\"\" srcset=\"https:\/\/web.givex.com\/wp-content\/uploads\/2024\/12\/Reporting-and-Analytics.png 160w, https:\/\/web.givex.com\/wp-content\/uploads\/2024\/12\/Reporting-and-Analytics-150x150.png 150w\" sizes=\"auto, (max-width: 160px) 100vw, 160px\" \/>        <\/figure>\n        \n                <h3 class=\"card-grid__card-title\">Crecimiento<\/h3>\n        \n                <div class=\"card-grid__card-body\">\n          <p>Givex ofrece una rara combinaci\u00f3n de s\u00f3lido crecimiento futuro con ganancias actuales<\/p>\n        <\/div>\n        \n              <\/li>\n            <li class=\"card-grid__item\">\n                <figure class=\"card-grid__figure\" role=\"none\">\n          <img loading=\"lazy\" decoding=\"async\" width=\"160\" height=\"160\" src=\"https:\/\/web.givex.com\/wp-content\/uploads\/2024\/12\/INDUSTRY_Non-Profit.png\" class=\"attachment-full size-full\" alt=\"\" srcset=\"https:\/\/web.givex.com\/wp-content\/uploads\/2024\/12\/INDUSTRY_Non-Profit.png 160w, https:\/\/web.givex.com\/wp-content\/uploads\/2024\/12\/INDUSTRY_Non-Profit-150x150.png 150w\" sizes=\"auto, (max-width: 160px) 100vw, 160px\" \/>        <\/figure>\n        \n                <h3 class=\"card-grid__card-title\">Sustentabilidad<\/h3>\n        \n                <div class=\"card-grid__card-body\">\n          <p>Nos enorgullece ofrecer a los clientes opciones de productos que respetan el medioambiente y contribuyen para cambios positivos en la manufactura<\/p>\n        <\/div>\n        \n              <\/li>\n          <\/ul>\n      <\/div>\n<\/div>\n\n\n\t\t<\/div>\n\t<\/div>\n<\/section>\n\n\n\n<h2 class=\"wp-block-heading has-text-align-center\" id=\"h-filiales-operativas\"><strong>Filiales operativas<\/strong><\/h2>\n\n\n\n<div class=\"geot-ajax geot-filter\" data-action=\"country_filter\" data-filter=\"\" data-region=\"africa, antarctica, asia, europe, north-america, oceania, south-america\" data-ex_filter=\"\" data-ex_region=\"\"><section id=\"block_7c6025c2bcc8084ed2ef932dc850e782\"\n  class=\"logo-text acf-block alignwide\">\n  <div class=\"logo-text__container\">\n    \n    <div class=\"logo-text__content\">\n            <h2 class=\"logo-text__title h4\">Kalex<\/h2>\n      <div class=\"logo-text__body medium\">\n        <p>Kalex es una empresa de consultor\u00eda y servicios de TI especializada en habilitar comercio minorista f\u00edsico o digital. Tiene m\u00e1s de 15 000 ubicaciones de clientes en cada sector de Canad\u00e1, incluyendo marcas renombradas como Burger King, KFC, Pizza Hut, Rexall y Taco Bell.  <\/p>\n      <\/div>\n          <\/div>\n  <\/div>\n<\/section>\n<\/div>\n\n\n\n<div class=\"geot-ajax geot-filter\" data-action=\"country_filter\" data-filter=\"\" data-region=\"africa, antarctica, asia, europe, north-america, oceania, south-america\" data-ex_filter=\"\" data-ex_region=\"\"><section id=\"block_8fb069c4c6dc2c00b3386cf2a7225b89\"\n  class=\"logo-text acf-block alignwide\">\n  <div class=\"logo-text__container\">\n    \n    <div class=\"logo-text__content\">\n            <h2 class=\"logo-text__title h4\">Loyalty Lane<\/h2>\n      <div class=\"logo-text__body medium\">\n        <p>Loyalty Lane es una empresa de tecnolog\u00eda de marketing que hace 15 a\u00f1os proporciona una soluci\u00f3n CRM robusta. Loyalty Lane sirve a m\u00e1s de 2000 tiendas de comestibles, lo que representa 14 000 registradoras y bombas de combustible, adem\u00e1s de 6 millones de consumidores registrados. <\/p>\n      <\/div>\n          <\/div>\n  <\/div>\n<\/section>\n<\/div>\n\n\n\n<div class=\"geot-ajax geot-filter\" data-action=\"country_filter\" data-filter=\"\" data-region=\"africa, antarctica, asia, europe, north-america, oceania, south-america\" data-ex_filter=\"\" data-ex_region=\"\"><section id=\"block_6751cfe46225a88b7e6725aed48d4a14\"\n  class=\"logo-text acf-block alignwide\">\n  <div class=\"logo-text__container\">\n    \n    <div class=\"logo-text__content\">\n            <h2 class=\"logo-text__title h4\">Owen Business Systems<\/h2>\n      <div class=\"logo-text__body medium\">\n        <p>Durante m\u00e1s de 50 a\u00f1os, Owen Business Systems se ha especializado en las industrias de hoteler\u00eda y comercio minorista, proporcionando soluciones PDV a restaurantes, tiendas de comestibles, hoteles y tiendas de vestimentas.<\/p>\n      <\/div>\n          <\/div>\n  <\/div>\n<\/section>\n<\/div>\n\n\n\n<div class=\"geot-ajax geot-filter\" data-action=\"country_filter\" data-filter=\"\" data-region=\"africa, antarctica, asia, europe, north-america, oceania, south-america\" data-ex_filter=\"\" data-ex_region=\"\"><section id=\"block_beffc14d7086930ee02d526eb9383097\"\n  class=\"logo-text acf-block alignwide\">\n  <div class=\"logo-text__container\">\n    \n    <div class=\"logo-text__content\">\n            <h2 class=\"logo-text__title h4\">Pi Cash Systeme<\/h2>\n      <div class=\"logo-text__body medium\">\n        <p>Pi Cash Systeme es un proveedor l\u00edder de sistemas de PDV, m\u00e1quinas de cambio con monedas y terminales de carga de badges. Ha ofrecido soluciones de pago seguras y f\u00e1ciles de usar a hoteles, restaurantes y minoristas desde hace m\u00e1s de 20 a\u00f1os.. <\/p>\n      <\/div>\n          <\/div>\n  <\/div>\n<\/section>\n<\/div>\n\n\n\n<div class=\"geot-ajax geot-filter\" data-action=\"country_filter\" data-filter=\"\" data-region=\"africa, antarctica, asia, europe, north-america, oceania, south-america\" data-ex_filter=\"\" data-ex_region=\"\"><section id=\"block_127c42f460e80a62f9498746293aa547\"\n  class=\"logo-text acf-block alignwide\">\n  <div class=\"logo-text__container\">\n    \n    <div class=\"logo-text__content\">\n            <h2 class=\"logo-text__title h4\">Easy Information Solutions<\/h2>\n      <div class=\"logo-text__body medium\">\n        <p>Easy Information Solutions es un distribuidor y revendedor de sistemas PDV, contables y administrativos para marcas de hoteles y restaurantes en M\u00e9xico hace m\u00e1s de 20 a\u00f1os. Es conocido por su experiencia representando marcas de tecnolog\u00eda internacional en el mercado mexicano. <\/p>\n      <\/div>\n          <\/div>\n  <\/div>\n<\/section>\n<\/div>\n\n\n\n<div class=\"geot-ajax geot-filter\" data-action=\"country_filter\" data-filter=\"\" data-region=\"africa, antarctica, asia, europe, north-america, oceania, south-america\" data-ex_filter=\"\" data-ex_region=\"\"><section id=\"block_7fbb96282473fcb7d0ffe568db95d6e1\"\n  class=\"logo-text acf-block alignwide\">\n  <div class=\"logo-text__container\">\n    \n    <div class=\"logo-text__content\">\n            <h2 class=\"logo-text__title h4\">ValuAccess<\/h2>\n      <div class=\"logo-text__body medium\">\n        <p>ValuAccess Hong Kong Limited es un proveedor de servicio completo de tarjetas de regalo y programas de lealtad en la regi\u00f3n Asia-Pac\u00edfico. Fue fundada en Hong Kong en 2005. Opera programas de tarjetas de regalo en Malasia, Singapur, China y Hong Kong.  <\/p>\n      <\/div>\n          <\/div>\n  <\/div>\n<\/section>\n<\/div>\n\n\n\n<div class=\"geot-ajax geot-filter\" data-action=\"country_filter\" data-filter=\"\" data-region=\"africa, antarctica, asia, europe, north-america, oceania, south-america\" data-ex_filter=\"\" data-ex_region=\"\"><section id=\"block_13111aff0e01026dc20b24844c506f94\"\n  class=\"logo-text acf-block alignwide\">\n  <div class=\"logo-text__container\">\n    \n    <div class=\"logo-text__content\">\n            <h2 class=\"logo-text__title h4\">Counter Solutions<\/h2>\n      <div class=\"logo-text__body medium\">\n        <p>Nuestra plataforma de venta desatendida WAY2PAY ofrece quioscos de autopedido, refrigeraci\u00f3n inteligente y otras soluciones de autocomprobaci\u00f3n que ayudan a las marcas a mejorar la experiencia de los clientes y a aumentar la productividad.<\/p>\n      <\/div>\n          <\/div>\n  <\/div>\n<\/section>\n<\/div>\n\n\n\n<div class=\"geot-ajax geot-filter\" data-action=\"country_filter\" data-filter=\"\" data-region=\"asia\" data-ex_filter=\"\" data-ex_region=\"\"><section id=\"block_a8f602761a3fea2574949166332eb86c\"\n  class=\"logo-text acf-block alignwide\">\n  <div class=\"logo-text__container\">\n    \n    <div class=\"logo-text__content\">\n            <h2 class=\"logo-text__title h4\">Netrix Solutions<\/h2>\n      <div class=\"logo-text__body medium\">\n        <p>Netrix Solutions is a one-stop-solution provider focusing on quality customer service for IT hardware installation and support in Hong Kong and mainland China. We provide a highly flexible service for our client&#8217;s custom requirements and leverage our strategic partnerships with hardware vendors and service providers. We specialize in China\/HK cross border communication solutions, telephone systems, networking equipment, networking services, structured cabling, Email systems, CCTV equipment\/software, and more.<\/p>\n      <\/div>\n          <\/div>\n  <\/div>\n<\/section>\n<\/div>\n","protected":false},"excerpt":{"rendered":"<p>Filiales operativas<\/p>\n","protected":false},"author":25,"featured_media":0,"parent":0,"menu_order":0,"comment_status":"closed","ping_status":"closed","template":"","meta":{"_acf_changed":false,"content-type":"","inline_featured_image":false,"footnotes":""},"class_list":["post-18307","page","type-page","status-publish","hentry"],"acf":[],"yoast_head":"<!-- This site is optimized with the Yoast SEO plugin v27.3 - https:\/\/yoast.com\/product\/yoast-seo-wordpress\/ -->\n<title>Shift4 | Sobre nosotros | Compromiso con el cliente, TPV y pago<\/title>\n<meta name=\"description\" content=\"En Givex, nuestra tecnolog\u00eda est\u00e1 en el centro de todo lo que hacemos y es la fuente de la estabilidad y fiabilidad por la que Givex es conocido. Descubra la diferencia de Givex.\" \/>\n<meta name=\"robots\" content=\"index, follow, max-snippet:-1, max-image-preview:large, max-video-preview:-1\" \/>\n<link rel=\"canonical\" href=\"https:\/\/web.givex.com\/es-mx\/sobre-nosotros\/\" \/>\n<meta property=\"og:locale\" content=\"es_MX\" \/>\n<meta property=\"og:type\" content=\"article\" \/>\n<meta property=\"og:title\" content=\"Shift4 | Sobre nosotros | Compromiso con el cliente, TPV y pago\" \/>\n<meta property=\"og:description\" content=\"En Givex, nuestra tecnolog\u00eda est\u00e1 en el centro de todo lo que hacemos y es la fuente de la estabilidad y fiabilidad por la que Givex es conocido. Descubra la diferencia de Givex.\" \/>\n<meta property=\"og:url\" content=\"https:\/\/web.givex.com\/es-mx\/sobre-nosotros\/\" \/>\n<meta property=\"og:site_name\" content=\"Shift4\" \/>\n<meta property=\"article:modified_time\" content=\"2024-12-31T02:53:47+00:00\" \/>\n<meta name=\"twitter:card\" content=\"summary_large_image\" \/>\n<meta name=\"twitter:site\" content=\"@GivexCorp\" \/>\n<script type=\"application\/ld+json\" class=\"yoast-schema-graph\">{\"@context\":\"https:\\\/\\\/schema.org\",\"@graph\":[{\"@type\":\"WebPage\",\"@id\":\"https:\\\/\\\/web.givex.com\\\/es-mx\\\/sobre-nosotros\\\/\",\"url\":\"https:\\\/\\\/web.givex.com\\\/es-mx\\\/sobre-nosotros\\\/\",\"name\":\"Shift4 | Sobre nosotros | Compromiso con el cliente, TPV y pago\",\"isPartOf\":{\"@id\":\"https:\\\/\\\/web.givex.com\\\/es-mx\\\/#website\"},\"datePublished\":\"2023-12-21T17:25:06+00:00\",\"dateModified\":\"2024-12-31T02:53:47+00:00\",\"description\":\"En Givex, nuestra tecnolog\u00eda est\u00e1 en el centro de todo lo que hacemos y es la fuente de la estabilidad y fiabilidad por la que Givex es conocido. Descubra la diferencia de Givex.\",\"inLanguage\":\"es\",\"potentialAction\":[{\"@type\":\"ReadAction\",\"target\":[\"https:\\\/\\\/web.givex.com\\\/es-mx\\\/sobre-nosotros\\\/\"]}]},{\"@type\":\"WebSite\",\"@id\":\"https:\\\/\\\/web.givex.com\\\/es-mx\\\/#website\",\"url\":\"https:\\\/\\\/web.givex.com\\\/es-mx\\\/\",\"name\":\"Givex\",\"description\":\"Integrate Payments and Commerce Technology\",\"publisher\":{\"@id\":\"https:\\\/\\\/web.givex.com\\\/es-mx\\\/#organization\"},\"potentialAction\":[{\"@type\":\"SearchAction\",\"target\":{\"@type\":\"EntryPoint\",\"urlTemplate\":\"https:\\\/\\\/web.givex.com\\\/es-mx\\\/?s={search_term_string}\"},\"query-input\":{\"@type\":\"PropertyValueSpecification\",\"valueRequired\":true,\"valueName\":\"search_term_string\"}}],\"inLanguage\":\"es\"},{\"@type\":\"Organization\",\"@id\":\"https:\\\/\\\/web.givex.com\\\/es-mx\\\/#organization\",\"name\":\"Givex\",\"url\":\"https:\\\/\\\/web.givex.com\\\/es-mx\\\/\",\"logo\":{\"@type\":\"ImageObject\",\"inLanguage\":\"es\",\"@id\":\"https:\\\/\\\/web.givex.com\\\/es-mx\\\/#\\\/schema\\\/logo\\\/image\\\/\",\"url\":\"https:\\\/\\\/web.givex.com\\\/wp-content\\\/uploads\\\/2024\\\/03\\\/givex-blue-bg.png\",\"contentUrl\":\"https:\\\/\\\/web.givex.com\\\/wp-content\\\/uploads\\\/2024\\\/03\\\/givex-blue-bg.png\",\"width\":1200,\"height\":1200,\"caption\":\"Givex\"},\"image\":{\"@id\":\"https:\\\/\\\/web.givex.com\\\/es-mx\\\/#\\\/schema\\\/logo\\\/image\\\/\"},\"sameAs\":[\"https:\\\/\\\/x.com\\\/GivexCorp\",\"https:\\\/\\\/www.linkedin.com\\\/company\\\/givex\\\/\",\"https:\\\/\\\/www.youtube.com\\\/@givexcorp6643\"]}]}<\/script>\n<!-- \/ Yoast SEO plugin. -->","yoast_head_json":{"title":"Shift4 | Sobre nosotros | Compromiso con el cliente, TPV y pago","description":"En Givex, nuestra tecnolog\u00eda est\u00e1 en el centro de todo lo que hacemos y es la fuente de la estabilidad y fiabilidad por la que Givex es conocido. Descubra la diferencia de Givex.","robots":{"index":"index","follow":"follow","max-snippet":"max-snippet:-1","max-image-preview":"max-image-preview:large","max-video-preview":"max-video-preview:-1"},"canonical":"https:\/\/web.givex.com\/es-mx\/sobre-nosotros\/","og_locale":"es_MX","og_type":"article","og_title":"Shift4 | Sobre nosotros | Compromiso con el cliente, TPV y pago","og_description":"En Givex, nuestra tecnolog\u00eda est\u00e1 en el centro de todo lo que hacemos y es la fuente de la estabilidad y fiabilidad por la que Givex es conocido. Descubra la diferencia de Givex.","og_url":"https:\/\/web.givex.com\/es-mx\/sobre-nosotros\/","og_site_name":"Shift4","article_modified_time":"2024-12-31T02:53:47+00:00","twitter_card":"summary_large_image","twitter_site":"@GivexCorp","schema":{"@context":"https:\/\/schema.org","@graph":[{"@type":"WebPage","@id":"https:\/\/web.givex.com\/es-mx\/sobre-nosotros\/","url":"https:\/\/web.givex.com\/es-mx\/sobre-nosotros\/","name":"Shift4 | Sobre nosotros | Compromiso con el cliente, TPV y pago","isPartOf":{"@id":"https:\/\/web.givex.com\/es-mx\/#website"},"datePublished":"2023-12-21T17:25:06+00:00","dateModified":"2024-12-31T02:53:47+00:00","description":"En Givex, nuestra tecnolog\u00eda est\u00e1 en el centro de todo lo que hacemos y es la fuente de la estabilidad y fiabilidad por la que Givex es conocido. Descubra la diferencia de Givex.","inLanguage":"es","potentialAction":[{"@type":"ReadAction","target":["https:\/\/web.givex.com\/es-mx\/sobre-nosotros\/"]}]},{"@type":"WebSite","@id":"https:\/\/web.givex.com\/es-mx\/#website","url":"https:\/\/web.givex.com\/es-mx\/","name":"Givex","description":"Integrate Payments and Commerce Technology","publisher":{"@id":"https:\/\/web.givex.com\/es-mx\/#organization"},"potentialAction":[{"@type":"SearchAction","target":{"@type":"EntryPoint","urlTemplate":"https:\/\/web.givex.com\/es-mx\/?s={search_term_string}"},"query-input":{"@type":"PropertyValueSpecification","valueRequired":true,"valueName":"search_term_string"}}],"inLanguage":"es"},{"@type":"Organization","@id":"https:\/\/web.givex.com\/es-mx\/#organization","name":"Givex","url":"https:\/\/web.givex.com\/es-mx\/","logo":{"@type":"ImageObject","inLanguage":"es","@id":"https:\/\/web.givex.com\/es-mx\/#\/schema\/logo\/image\/","url":"https:\/\/web.givex.com\/wp-content\/uploads\/2024\/03\/givex-blue-bg.png","contentUrl":"https:\/\/web.givex.com\/wp-content\/uploads\/2024\/03\/givex-blue-bg.png","width":1200,"height":1200,"caption":"Givex"},"image":{"@id":"https:\/\/web.givex.com\/es-mx\/#\/schema\/logo\/image\/"},"sameAs":["https:\/\/x.com\/GivexCorp","https:\/\/www.linkedin.com\/company\/givex\/","https:\/\/www.youtube.com\/@givexcorp6643"]}]}},"_links":{"self":[{"href":"https:\/\/web.givex.com\/es-mx\/wp-json\/wp\/v2\/pages\/18307","targetHints":{"allow":["GET"]}}],"collection":[{"href":"https:\/\/web.givex.com\/es-mx\/wp-json\/wp\/v2\/pages"}],"about":[{"href":"https:\/\/web.givex.com\/es-mx\/wp-json\/wp\/v2\/types\/page"}],"author":[{"embeddable":true,"href":"https:\/\/web.givex.com\/es-mx\/wp-json\/wp\/v2\/users\/25"}],"replies":[{"embeddable":true,"href":"https:\/\/web.givex.com\/es-mx\/wp-json\/wp\/v2\/comments?post=18307"}],"version-history":[{"count":29,"href":"https:\/\/web.givex.com\/es-mx\/wp-json\/wp\/v2\/pages\/18307\/revisions"}],"predecessor-version":[{"id":32945,"href":"https:\/\/web.givex.com\/es-mx\/wp-json\/wp\/v2\/pages\/18307\/revisions\/32945"}],"wp:attachment":[{"href":"https:\/\/web.givex.com\/es-mx\/wp-json\/wp\/v2\/media?parent=18307"}],"curies":[{"name":"wp","href":"https:\/\/api.w.org\/{rel}","templated":true}]}}